{"id":8514,"date":"2016-10-25T09:00:21","date_gmt":"2016-10-25T09:00:21","guid":{"rendered":"http:\/\/www.erickson.international\/pt-br\/?page_id=8514"},"modified":"2021-05-14T09:36:34","modified_gmt":"2021-05-14T09:36:34","slug":"classicos-faceis","status":"publish","type":"page","link":"https:\/\/www.erickson.international\/pt-br\/classicos-faceis\/","title":{"rendered":"Cl\u00e1ssicos F\u00e1ceis"},"content":{"rendered":"<div class=\"col-lg-12 col-md-12 col-sm-12 listalibri landingpage\">\n<p><!-- Bollino --><\/p>\n<div class=\"col-lg-12\"><img src=\"http:\/\/www.erickson.international\/wp-content\/uploads\/2016\/05\/The_Series_BOLLO.png\" alt=\"\"><\/div>\n<p><!-- Bollino END --><\/p>\n<p><!-- Titolo --><\/p>\n<div class=\"col-lg-12\">\n<h1 class=\"maggio23\">Cl\u00e1ssicos ao meu Alcance<\/h1>\n<p>&nbsp;<\/p>\n<\/div>\n<p><!-- Titolo END --><\/p>\n<p><!-- Highlights --><\/p>\n<div class=\"col-lg-12 linea-landingpage\">\n<hr>\n<p><!-- START ROW --><\/p>\n<div class=\"row\">\n<div class=\"col-lg-12 col-md-12 col-sm-12 col-xs-12\">\n<p class=\"maggio23\">Os livros da cole\u00e7\u00e3o \u201cCl\u00e1ssicos ao meu Alcance\u201d contados por Carlo Scataglini reprop\u00f5em cl\u00e1ssicos da literatura infantil com crit\u00e9rios de simplifica\u00e7\u00e3o que ajudam na leitura e compreens\u00e3o aut\u00f3noma dos contos. Este s\u00e3o facilitados visualmente, lexicamente e sint\u00e1ticamente.<\/p>\n<\/div>\n<\/div>\n<p><!-- END ROW --><\/p>\n<p><!-- START ROW --><\/p>\n<div class=\"row\" style=\"background-color:#F2F3F7\">\n<div class=\"col-lg-4 col-md-8 col-sm-12 col-xs-12\" style=\"background-color:#F2F3F7\"><a href=\"https:\/\/www.youtube.com\/watch?v=oHTew1bnYiQ\" target=\"_blank\">&nbsp;<br \/>\n<img src=\"http:\/\/www.erickson.international\/wp-content\/uploads\/2019\/04\/VideoScataglini.png\" alt=\"\" border=\"0\"><\/a><br \/>\n&nbsp;<\/div>\n<div class=\"col-lg-8 col-md-12 col-sm-12 col-xs-12\" style=\"background-color:#F2F3F7\">\n<p class=\"maggio23\">&nbsp;<br \/>\n<em>\u00abEntre os cl\u00e1ssicos da literatura infantil e juvenil, destacam-se obras-primas que apaixonaram e uniram gera\u00e7\u00f5es de grandes e pequenos. S\u00e3o hist\u00f3rias maravilhosas, sem idade e sem tempo, e por isso mesmo atuais, que pertencem a todos. Ocorreu-me que facilitar e simplificar as hist\u00f3rias mais c\u00e9lebres talvez pudesse tornar a leitura o mais aut\u00f3noma poss\u00edvel\u00bb.<\/em><\/p>\n<p class=\"maggio23\">\nCarlo Scataglini<\/p>\n<\/div>\n<\/div>\n<p><!-- END ROW --><\/p>\n<p><!-- START ROW                     NASCOSTA                       --><\/p>\n<div class=\"row\" style=\"display:none\">\n<div class=\"col-lg-12 col-md-12 col-sm-12 col-xs-12\">\n<p class=\"maggio23\">&nbsp;<\/p>\n<p align=\"center\" class=\"nome-cognome-autore\">OS LIVROS DA S\u00c9RIE<\/p>\n<p class=\"maggio23\">&nbsp;<\/p>\n<\/div>\n<div align=\"center\" class=\"col-lg-1 col-md-1 col-sm-0 col-xs-0\"><\/div>\n<div align=\"center\" class=\"col-lg-2 col-md-2 col-sm-6 col-xs-6\">\n\t\t<img src=\"http:\/\/www.erickson.international\/wp-content\/uploads\/2021\/04\/COP-Peter-pan.jpg\" alt=\"\" border=\"0\"><\/p>\n<p style=\"color:#d68a00;font-style:italic;\"><strong>Peter Pan<\/strong><\/p>\n<\/div>\n<div align=\"center\" class=\"col-lg-2 col-md-2 col-sm-6 col-xs-6\">\n\t\t<a href=\"https:\/\/www.erickson.international\/pt-br\/catalogue\/pais-e-filhos\/narrativa-genitori-e-figli-it\/alice-no-pais-das-maravilhas\/\"><img src=\"http:\/\/www.erickson.international\/wp-content\/uploads\/2021\/04\/COP_Alice-nel-paese-delle-meraviglie_590-1533-8.jpg\" alt=\"\" border=\"0\"><\/a><\/p>\n<p style=\"color:#8C166C;font-style:italic;\"><strong>Alice no Pa\u00eds das Maravilhas<\/strong><\/p>\n<\/div>\n<div align=\"center\" class=\"col-lg-2 col-md-2 col-sm-6 col-xs-6\"><a href=\"https:\/\/www.erickson.international\/pt-br\/catalogue\/pais-e-filhos\/pais-e-filhos\/feiticeiro-de-oz\/\">\t\t<img src=\"http:\/\/www.erickson.international\/wp-content\/uploads\/2021\/04\/COP_Il-mago-di-oz.jpg\" alt=\"\" border=\"0\"><\/a><\/p>\n<p style=\"color:#008001;font-style:italic;\"><strong>O M\u00e1gico de Oz<\/strong><\/p>\n<\/div>\n<div align=\"center\" class=\"col-lg-2 col-md-2 col-sm-6 col-xs-6\"><a href=\"https:\/\/www.erickson.international\/pt-br\/catalogue\/pais-e-filhos\/pais-e-filhos\/o-pequeno-principe\/\">\t\t<img src=\"http:\/\/www.erickson.international\/wp-content\/uploads\/2021\/04\/COP-Piccolo-principe.jpg\" alt=\"\" border=\"0\"><\/a><\/p>\n<p style=\"color:rgb(1, 80, 136);font-style:italic;\"><strong>O Pequeno Pr\u00edncipe<\/strong><\/p>\n<\/div>\n<div align=\"center\" class=\"col-lg-2 col-md-2 col-sm-6 col-xs-6\"><a href=\"https:\/\/www.erickson.international\/pt-br\/catalogue\/pais-e-filhos\/pais-e-filhos\/pinoquio\/\">\t\t<img src=\"http:\/\/www.erickson.international\/wp-content\/uploads\/2021\/04\/COP-Pinocchio.jpg\" alt=\"\" border=\"0\"><\/a><\/p>\n<p style=\"color:rgb(190, 18, 6);font-style:italic;\"><strong>Pin\u00f3quio<\/strong><\/p>\n<\/div>\n<div align=\"center\" class=\"col-lg-1 col-md-1 col-sm-0 col-xs-0\"><\/div>\n<\/div>\n<p><!-- END ROW --><\/p>\n<p><!-- START ROW --><\/p>\n<div class=\"row\">\n<div class=\"col-lg-12 col-md-12 col-sm-12 col-xs-12\">\n<p class=\"maggio23\">&nbsp;<\/p>\n<p align=\"center\" class=\"nome-cognome-autore\">OS LIVROS DA S\u00c9RIE<\/p>\n<p class=\"maggio23\">&nbsp;<\/p>\n<\/div>\n<div align=\"center\" class=\"col-lg-2 col-md-2 col-sm-0 col-xs-0\"><\/div>\n<div align=\"center\" class=\"col-lg-4 col-md-4 col-sm-6 col-xs-6\">\n\t\t  <a href=\"https:\/\/compre.ftd.com.br\/index.php?r=livros\/open-livros&amp;title=Peter-Pan_\" target=\"_blank\"><img src=\"http:\/\/www.erickson.international\/wp-content\/uploads\/2021\/04\/COP-Peter-pan.jpg\" alt=\"\" border=\"0\"><\/a><\/p>\n<p style=\"color:#d68a00;font-style:italic;\"><strong>Peter Pan<\/strong><\/p>\n<\/div>\n<div align=\"center\" class=\"col-lg-4 col-md-4 col-sm-6 col-xs-6\">\n\t\t<a href=\"https:\/\/compre.ftd.com.br\/index.php?r=livros\/open-livros&amp;title=Alice-no-pais-das-maravilhas_\" target=\"_blank\"><img src=\"http:\/\/www.erickson.international\/wp-content\/uploads\/2021\/04\/COP_Alice-nel-paese-delle-meraviglie_590-1533-8.jpg\" alt=\"\" border=\"0\"><\/a><\/p>\n<p style=\"color:#8C166C;font-style:italic;\"><strong>Alice no Pa\u00eds das Maravilhas<\/strong><\/p>\n<\/div>\n<div align=\"center\" class=\"col-lg-2 col-md-2 col-sm-0 col-xs-0\"><\/div>\n<div align=\"center\" class=\"col-lg-4 col-md-4 col-sm-6 col-xs-6\"><a href=\"https:\/\/compre.ftd.com.br\/index.php?r=livros\/open-livros&amp;title=O-magico-de-Oz_\" target=\"_blank\">\t\t<img src=\"http:\/\/www.erickson.international\/wp-content\/uploads\/2021\/04\/COP_Il-mago-di-oz.jpg\" alt=\"\" border=\"0\"><\/a><\/p>\n<p style=\"color:#008001;font-style:italic;\"><strong>O M\u00e1gico de Oz<\/strong><\/p>\n<\/div>\n<div align=\"center\" class=\"col-lg-4 col-md-4 col-sm-6 col-xs-6\"><a href=\"https:\/\/compre.ftd.com.br\/index.php?r=livros\/open-livros&amp;title=O-pequeno-principe_\" target=\"_blank\">\t\t<img src=\"http:\/\/www.erickson.international\/wp-content\/uploads\/2021\/04\/COP-Piccolo-principe.jpg\" alt=\"\" border=\"0\"><\/a><\/p>\n<p style=\"color:rgb(1, 80, 136);font-style:italic;\"><strong>O Pequeno Pr\u00edncipe<\/strong><\/p>\n<\/div>\n<div align=\"center\" class=\"col-lg-4 col-md-4 col-sm-6 col-xs-6\"><a href=\"https:\/\/compre.ftd.com.br\/index.php?r=livros\/open-livros&amp;title=-Pinoquio\" target=\"_blank\">\t\t<img src=\"http:\/\/www.erickson.international\/wp-content\/uploads\/2021\/04\/COP-Pinocchio.jpg\" alt=\"\" border=\"0\"><\/a><\/p>\n<p style=\"color:rgb(190, 18, 6);font-style:italic;\"><strong>Pin\u00f3quio<\/strong><\/p>\n<\/div>\n<\/div>\n<p><!-- END ROW --><\/p>\n<p><!-- START ROW --><\/p>\n<div class=\"row\">\n<div class=\"col-lg-12 col-md-12 col-sm-12 col-xs-12\">\n<p class=\"maggio23\">&nbsp;<\/p>\n<p align=\"center\" class=\"nome-cognome-autore\">PARA AL\u00c9M DA HIST\u00d3RIAS, TODOS OS VOLUMES CONT\u00caM&#8230;<\/p>\n<p class=\"maggio23\">&nbsp;<\/p>\n<\/div>\n<div align=\"center\" class=\"col-lg-6 col-md-6 col-sm-6 col-xs-6\">\n<p class=\"maggio23\"><strong>\u00cdndice ilustrado dos cap\u00edtulos<\/strong><\/p>\n<p>\t\t<img src=\"http:\/\/www.erickson.international\/wp-content\/uploads\/2021\/04\/p1.jpg\" alt=\"\" border=\"0\"><\/p>\n<\/div>\n<div align=\"center\" class=\"col-lg-6 col-md-6 col-sm-6 col-xs-6\">\n<p class=\"maggio23\"><strong>Apresenta\u00e7\u00e3o das personagens da hist\u00f3ria<\/strong><\/p>\n<p>\t\t<img src=\"http:\/\/www.erickson.international\/wp-content\/uploads\/2021\/04\/p2.jpg\" alt=\"\" border=\"0\"><\/p>\n<\/div>\n<div align=\"center\" class=\"col-lg-6 col-md-6 col-sm-6 col-xs-6\">\n<p class=\"maggio23\"><strong>Resumo do cap\u00edtulo anterior<\/strong><\/p>\n<p>\t\t<img src=\"http:\/\/www.erickson.international\/wp-content\/uploads\/2021\/04\/p3.jpg\" alt=\"\" border=\"0\"><\/p>\n<\/div>\n<div align=\"center\" class=\"col-lg-6 col-md-6 col-sm-6 col-xs-6\">\n<p class=\"maggio23\"><strong>Apresenta\u00e7\u00e3o do cap\u00edtulo seguinte<\/strong><\/p>\n<p>\t\t<img src=\"http:\/\/www.erickson.international\/wp-content\/uploads\/2021\/04\/p4.jpg\" alt=\"\" border=\"0\"><\/p>\n<\/div>\n<\/div>\n<p><!-- END ROW --><\/p>\n<p><!-- START ROW --><\/p>\n<div class=\"row\">\n<div align=\"center\" class=\"col-lg-6 col-md-6 col-sm-6 col-xs-6\">\n<p class=\"maggio23\"><strong>Defini\u00e7\u00f5es das palavras mais dif\u00edceis, assinaladas a azul<\/strong><\/p>\n<p>\t\t<img src=\"http:\/\/www.erickson.international\/wp-content\/uploads\/2021\/04\/p5.jpg\" alt=\"\" border=\"0\"><\/p>\n<\/div>\n<div align=\"center\" class=\"col-lg-6 col-md-6 col-sm-6 col-xs-6\">\n<p class=\"maggio23\"><strong>Explica\u00e7\u00e3o de express\u00f5es idiom\u00e1ticas, assinaladas a castanho<\/strong><\/p>\n<p>\t\t<img src=\"http:\/\/www.erickson.international\/wp-content\/uploads\/2021\/04\/p6-1.jpg\" alt=\"\" border=\"0\"><\/p>\n<\/div>\n<div align=\"center\" class=\"col-lg-6 col-md-6 col-sm-6 col-xs-6\">\n<p class=\"maggio23\"><strong>Ficheiros \u00e1udio para baixar e ouvir a hist\u00f3ria<\/strong><\/p>\n<p>\t\t<img src=\"http:\/\/www.erickson.international\/wp-content\/uploads\/2021\/04\/p7.jpg\" alt=\"\" border=\"0\"><\/p>\n<\/div>\n<div align=\"center\" class=\"col-lg-6 col-md-6 col-sm-6 col-xs-6\">\n<p class=\"maggio23\"><strong>Jogos e atividades divertidas<\/strong><\/p>\n<p>\t\t<img src=\"http:\/\/www.erickson.international\/wp-content\/uploads\/2021\/04\/p8.jpg\" alt=\"\" border=\"0\"><\/p>\n<\/div>\n<\/div>\n<p><!-- END ROW --><\/p>\n<p><!-- START ROW --><\/p>\n<div class=\"row\">\n<div class=\"col-lg-12 col-md-12 col-sm-12 col-xs-12\">\n<p class=\"nome-cognome-autore\">OS CRIT\u00c9RIOS DE SIMPLIFICA\u00c7\u00c3O<\/p>\n<\/div>\n<div class=\"col-lg-12 col-md-12 col-sm-12 col-xs-12\">\n<p class=\"maggio23\"><strong>Visual: <\/strong> o texto cont\u00e9m ajudas visuais, como imagens no in\u00edcio de cada cap\u00edtulo que remetem para o \u00edndice ilustrado, ilustra\u00e7\u00f5es das personagens e elementos visuais no pr\u00f3prio texto que sublinham o aparecimento de novas personagens.<\/p>\n<p class=\"maggio23\"><strong>Lexicais: <\/strong> \u00e9 utilizado um vocabul\u00e1rio b\u00e1sico e s\u00e3o identificadas com cores diferentes as palavras dif\u00edceis e os idiomas\/prov\u00e9rbios, cuja explica\u00e7\u00e3o se encontra no final de cada cap\u00edtulo.<\/p>\n<p class=\"maggio23\"><strong>Sint\u00e1ticos: <\/strong> o texto \u00e9 composto por frases breves, com coordena\u00e7\u00f5es e subordina\u00e7\u00f5es simples. S\u00e3o utilizadas predominantemente formas verbais ativas e afirmativas e o modo indicativo.<\/p>\n<p class=\"maggio23\"><strong>Organiza\u00e7\u00e3o dos conte\u00fados: <\/strong> no in\u00edcio do livro encontra-se um \u00edndice ilustrado dos cap\u00edtulos e no in\u00edcio de cada cap\u00edtulo existe um resumo do cap\u00edtulo anterior e uma apresenta\u00e7\u00e3o do pr\u00f3ximo.<\/p>\n<p class=\"maggio23\"><strong>Auditivos: <\/strong> o leitor pode ouvir (e acompanhar) o texto da hist\u00f3ria narrado em voz alta, atrav\u00e9s do QR-Code que se encontra no in\u00edcio de cada cap\u00edtulo ou na p\u00e1gina de Recursos Online no site da Erickson, inserindo um c\u00f3digo de acesso inclu\u00eddo nas \u00faltimas p\u00e1ginas do livro.<\/p>\n<\/div>\n<\/div>\n<p><!-- END ROW --><\/p>\n<p><!-- START ROW --><\/p>\n<div class=\"row\" style=\"background-color:#F2F3F7\">\n<div class=\"col-lg-12 col-md-12 col-sm-12 col-xs-12\" style=\"background-color:#F2F3F7\">\n<p align=\"center\" class=\"maggio23\">&nbsp;<\/p>\n<p align=\"center\" class=\"maggio23\"><strong>Os livros podem ser comprados no site de nosso  parceiro FTD Educa\u00e7\u00e3o <\/strong><br \/>\n<a href=\"https:\/\/compre.ftd.com.br\/index.php?r=site\/classicosaomeualcance\" target=\"_blank\">ftd.com.br<\/a><\/p>\n<p align=\"center\" class=\"maggio23\"><strong>Veja o v\u00eddeo de apresenta\u00e7\u00e3o da s\u00e9rie<\/strong><br \/>\n<a href=\"https:\/\/www.youtube.com\/watch?v=in6S0ZB1YVQ\" target=\"_blank\">youtube.com<\/a><\/p>\n<p align=\"center\" class=\"maggio23\">&nbsp;<\/p>\n<\/div>\n<\/div>\n<p><!-- END ROW --><\/p>\n<\/div>\n<\/div>\n","protected":false},"excerpt":{"rendered":"<p>Cl\u00e1ssicos ao meu Alcance &nbsp; Os livros da cole\u00e7\u00e3o \u201cCl\u00e1ssicos ao meu Alcance\u201d contados por Carlo Scataglini reprop\u00f5em cl\u00e1ssicos da literatura infantil com crit\u00e9rios de simplifica\u00e7\u00e3o que ajudam na leitura e compreens\u00e3o aut\u00f3noma dos contos. Este s\u00e3o facilitados visualmente, lexicamente e sint\u00e1ticamente. &nbsp; &nbsp; &nbsp; \u00abEntre os cl\u00e1ssicos da literatura infantil e juvenil, destacam-se obras-primas [&hellip;]<\/p>\n","protected":false},"author":4,"featured_media":18902,"parent":0,"menu_order":0,"comment_status":"closed","ping_status":"closed","template":"page-templates\/page-landing2colonne.php","meta":[],"acf":[],"yoast_head":"<!-- This site is optimized with the Yoast SEO plugin v19.6 - https:\/\/yoast.com\/wordpress\/plugins\/seo\/ -->\n<title>Cl\u00e1ssicos F\u00e1ceis - Erickson International<\/title>\n<meta name=\"robots\" content=\"index, follow, max-snippet:-1, max-image-preview:large, max-video-preview:-1\" \/>\n<link rel=\"canonical\" href=\"https:\/\/www.erickson.international\/pt-br\/classicos-faceis\/\" \/>\n<meta name=\"twitter:label1\" content=\"Est. reading time\" \/>\n\t<meta name=\"twitter:data1\" content=\"2 minutes\" \/>\n<script type=\"application\/ld+json\" class=\"yoast-schema-graph\">{\"@context\":\"https:\/\/schema.org\",\"@graph\":[{\"@type\":\"WebPage\",\"@id\":\"https:\/\/www.erickson.international\/pt-br\/classicos-faceis\/\",\"url\":\"https:\/\/www.erickson.international\/pt-br\/classicos-faceis\/\",\"name\":\"Cl\u00e1ssicos F\u00e1ceis - Erickson International\",\"isPartOf\":{\"@id\":\"https:\/\/www.erickson.international\/pt-br\/#website\"},\"datePublished\":\"2016-10-25T09:00:21+00:00\",\"dateModified\":\"2021-05-14T09:36:34+00:00\",\"breadcrumb\":{\"@id\":\"https:\/\/www.erickson.international\/pt-br\/classicos-faceis\/#breadcrumb\"},\"inLanguage\":\"pt-BR\",\"potentialAction\":[{\"@type\":\"ReadAction\",\"target\":[\"https:\/\/www.erickson.international\/pt-br\/classicos-faceis\/\"]}]},{\"@type\":\"BreadcrumbList\",\"@id\":\"https:\/\/www.erickson.international\/pt-br\/classicos-faceis\/#breadcrumb\",\"itemListElement\":[{\"@type\":\"ListItem\",\"position\":1,\"name\":\"Home\",\"item\":\"https:\/\/www.erickson.international\/pt-br\/\"},{\"@type\":\"ListItem\",\"position\":2,\"name\":\"Cl\u00e1ssicos F\u00e1ceis\"}]},{\"@type\":\"WebSite\",\"@id\":\"https:\/\/www.erickson.international\/pt-br\/#website\",\"url\":\"https:\/\/www.erickson.international\/pt-br\/\",\"name\":\"Erickson International\",\"description\":\"Ideas that help\",\"potentialAction\":[{\"@type\":\"SearchAction\",\"target\":{\"@type\":\"EntryPoint\",\"urlTemplate\":\"https:\/\/www.erickson.international\/pt-br\/?s={search_term_string}\"},\"query-input\":\"required name=search_term_string\"}],\"inLanguage\":\"pt-BR\"}]}<\/script>\n<!-- \/ Yoast SEO plugin. -->","yoast_head_json":{"title":"Cl\u00e1ssicos F\u00e1ceis - Erickson International","robots":{"index":"index","follow":"follow","max-snippet":"max-snippet:-1","max-image-preview":"max-image-preview:large","max-video-preview":"max-video-preview:-1"},"canonical":"https:\/\/www.erickson.international\/pt-br\/classicos-faceis\/","twitter_misc":{"Est. reading time":"2 minutes"},"schema":{"@context":"https:\/\/schema.org","@graph":[{"@type":"WebPage","@id":"https:\/\/www.erickson.international\/pt-br\/classicos-faceis\/","url":"https:\/\/www.erickson.international\/pt-br\/classicos-faceis\/","name":"Cl\u00e1ssicos F\u00e1ceis - Erickson International","isPartOf":{"@id":"https:\/\/www.erickson.international\/pt-br\/#website"},"datePublished":"2016-10-25T09:00:21+00:00","dateModified":"2021-05-14T09:36:34+00:00","breadcrumb":{"@id":"https:\/\/www.erickson.international\/pt-br\/classicos-faceis\/#breadcrumb"},"inLanguage":"pt-BR","potentialAction":[{"@type":"ReadAction","target":["https:\/\/www.erickson.international\/pt-br\/classicos-faceis\/"]}]},{"@type":"BreadcrumbList","@id":"https:\/\/www.erickson.international\/pt-br\/classicos-faceis\/#breadcrumb","itemListElement":[{"@type":"ListItem","position":1,"name":"Home","item":"https:\/\/www.erickson.international\/pt-br\/"},{"@type":"ListItem","position":2,"name":"Cl\u00e1ssicos F\u00e1ceis"}]},{"@type":"WebSite","@id":"https:\/\/www.erickson.international\/pt-br\/#website","url":"https:\/\/www.erickson.international\/pt-br\/","name":"Erickson International","description":"Ideas that help","potentialAction":[{"@type":"SearchAction","target":{"@type":"EntryPoint","urlTemplate":"https:\/\/www.erickson.international\/pt-br\/?s={search_term_string}"},"query-input":"required name=search_term_string"}],"inLanguage":"pt-BR"}]}},"_links":{"self":[{"href":"https:\/\/www.erickson.international\/pt-br\/wp-json\/wp\/v2\/pages\/8514"}],"collection":[{"href":"https:\/\/www.erickson.international\/pt-br\/wp-json\/wp\/v2\/pages"}],"about":[{"href":"https:\/\/www.erickson.international\/pt-br\/wp-json\/wp\/v2\/types\/page"}],"author":[{"embeddable":true,"href":"https:\/\/www.erickson.international\/pt-br\/wp-json\/wp\/v2\/users\/4"}],"replies":[{"embeddable":true,"href":"https:\/\/www.erickson.international\/pt-br\/wp-json\/wp\/v2\/comments?post=8514"}],"version-history":[{"count":17,"href":"https:\/\/www.erickson.international\/pt-br\/wp-json\/wp\/v2\/pages\/8514\/revisions"}],"predecessor-version":[{"id":18910,"href":"https:\/\/www.erickson.international\/pt-br\/wp-json\/wp\/v2\/pages\/8514\/revisions\/18910"}],"wp:featuredmedia":[{"embeddable":true,"href":"https:\/\/www.erickson.international\/pt-br\/wp-json\/wp\/v2\/media\/18902"}],"wp:attachment":[{"href":"https:\/\/www.erickson.international\/pt-br\/wp-json\/wp\/v2\/media?parent=8514"}],"curies":[{"name":"wp","href":"https:\/\/api.w.org\/{rel}","templated":true}]}}