{"id":8412,"date":"2016-09-27T12:36:19","date_gmt":"2016-09-27T12:36:19","guid":{"rendered":"http:\/\/www.erickson.international\/pt-br\/?page_id=8412"},"modified":"2016-11-30T15:00:25","modified_gmt":"2016-11-30T15:00:25","slug":"meu-primeiro-lapbook","status":"publish","type":"page","link":"https:\/\/www.erickson.international\/pt-br\/meu-primeiro-lapbook\/","title":{"rendered":"O meu primeiro lapbook"},"content":{"rendered":"<div class=\"col-lg-12 col-md-12 col-sm-12 listalibri landingpage\">\n<p><!-- Bollino --><\/p>\n<div class=\"col-lg-12\"><img src=\"http:\/\/www.erickson.international\/wp-content\/uploads\/2016\/03\/Focus_on_BOLLO.jpg\" alt=\"\" \/><\/div>\n<p><!-- Bollino END --><\/p>\n<p><!-- Titolo --><\/p>\n<div class=\"col-lg-12\">\n<h1 class=\"maggio23\">Como aprender a estudar melhor com o lapbook<\/h1>\n<\/div>\n<p><!-- Titolo END --><\/p>\n<p><!-- Highlights --><\/p>\n<div class=\"col-lg-12 linea-landingpage\">\n<hr \/>\n<p><!-- START ROW --><\/p>\n<div class=\"row\">\n<div class=\"col-lg-12 col-md-12 col-sm-12 col-xs-12\">\n<p class=\"nome-cognome-autore\">O que \u00e9 um lapbook?<\/p>\n<p class=\"maggio23\"><strong>O lapbook \u00e9 um conjunto din\u00e2mico e criativo de conte\u00fados.<\/strong> Apresenta-se em forma de pastinha que pode ser de v\u00e1rias dimens\u00f5es, em base ao uso e \u00e0 necessidade. Dentro dela, em diversos minibooks ou templates, cont\u00e9m informa\u00e7\u00f5es esseciais e espec\u00edficas em rela\u00e7\u00e3o a um assunto selecionado. <\/p>\n<p class=\"maggio23\">O objetivo final \u00e9 realizar um <strong>mapa tridimensional e interativo<\/strong> do que se estudou e aprendeu, atrav\u00e9s de um trabalho concreto e personalizado.<\/p>\n<\/p><\/div>\n<div class=\"col-lg-12 col-md-12 col-sm-12 col-xs-12\"><img src=\"http:\/\/www.erickson.international\/wp-content\/uploads\/2016\/05\/LapBook_merge-1.jpg\" alt=\"\" \/><\/div>\n<\/div>\n<p><!-- END ROW --><\/p>\n<p><!-- START ROW --><\/p>\n<div class=\"row\">\n<div class=\"col-lg-12 col-md-12 col-sm-12 col-xs-12\">\n<p class=\"nome-cognome-autore\">O meu primeiro lapbook<\/p>\n<\/div>\n<div class=\"col-lg-3 col-md-5 col-sm-8 col-xs-8\"><a href=\"https:\/\/www.erickson.international\/pt-br\/catalogue\/educacao-e-didatica-metodos-e-teorias\/metodologias-instrumentos-e-aplicacoes\/meu-primeiro-lapbook\/\"><img src=\"https:\/\/static.erickson.it\/Products\/LIBRO_978-88-590-1055-5_X544_Il-mio-primo-lapbook\/CopertinaWeb\/COP_Il-mio-primo-lapbook_590-1055-5.jpg\" alt=\"\" border=\"0\" \/><\/a><\/div>\n<div class=\"col-lg-9 col-md-7 col-sm-12 col-xs-12\">\n<p class=\"maggio23\">Este livro n&atilde;o apresenta os lapbooks j&aacute; prontos, mas cont&eacute;m <strong>todos os instrumentos necess&aacute;rios para pensar, projetar e criar infinitos lapbooks originais e pessoais<\/strong>.<\/p>\n<\/p><\/div>\n<\/div>\n<p><!-- END ROW --><\/p>\n<p><!-- START ROW --><\/p>\n<div class=\"row\">\n<div class=\"col-lg-12 col-md-12 col-sm-12 col-xs-12\">\n<p class=\"maggio23\">O lapbook \u00e9 um instrumento din\u00e2mico e envolvente, que pode ser pensado como <strong>um mapa conceitual tridimensional da constru\u00e7\u00e3o em percurso, \u00e0 medida que se enfrenta um assunto<\/strong> durante as aulas ou como instrumentos de s\u00edntese para usar depois de tratar sobre o tema.<\/p>\n<p class=\"maggio23\">O<strong> lapbook torna-se ao mesmo tempo caderno<\/strong> (onde se escrevem as anota\u00e7\u00f5es),<strong> livro de texto<\/strong> (para aprofundamento ou para encontrar informa\u00e7\u00f5es) <strong>e instrumento de avalia\u00e7\u00e3o<\/strong> com o qual se pode avaliar uma vasta gama de habilidades: de pesquisa, de projeta\u00e7\u00e3o, de s\u00edntese, gr\u00e1ficas, etc.  <\/p>\n<p class=\"maggio23\">\u00c9 importante que o professor ensine a construir os lapbooks e n\u00e3o se limite a fornec\u00ea-los j\u00e1 projetados e prontos para cortar e colar: dar ao aluno o instrumento j\u00e1 pronto diminiu muito seu valor.\t  <\/p>\n<p class=\"maggio23\">O percurso de introdu\u00e7\u00e3o ao uso deve ser amplo e prever, ap\u00f3s uma primeira fase de aproxima\u00e7\u00e3o, uma fase na qual os alunos aprendam a analisar o que conhecem e aquilo que devem aprofundar, projetar, escolher os templates, sintetizar os conte\u00fados de maneira aut\u00f4noma e pessoal, a escolher as imagens,  as cores e as fontes.\n\t  <\/p>\n<\/p><\/div>\n<\/div>\n<p><!-- END ROW --><\/p>\n<p><!-- START ROW --><\/p>\n<div class=\"row\">\n<div class=\"col-lg-12 col-md-12 col-sm-12 col-xs-12\">\n<p class=\"nome-cognome-autore\">Fichas de projeta\u00e7\u00e3o<\/p>\n<p class=\"maggio23\">In order to create a lapbook we have provided a <strong>design worksheet<\/strong>, which helps the person involved in this phase (the teacher, student or parent) to follow the steps in the right order. <\/p>\n<p class=\"maggio23\">Para criar um lapbook preparamos uma<strong> ficha de projeta\u00e7\u00e3o<\/strong> que auxilia a pessoa envolvida nesta fase (professor, estudante, pais) a percorrer os passos na ordem correta.<\/p>\n<p class=\"maggio23\">A ficha de projeta\u00e7\u00e3o <strong>permitir\u00e1 planejar a atividade<\/strong> sem pular fases, ajudando a focalizar a aten\u00e7\u00e3o nas partes fundamentais do projeto.\t  <\/p>\n<p class=\"maggio23\">Vejamos em detalhes <strong>como \u00e9 estruturada<\/strong> e como utilizar as fichas de projeta\u00e7\u00e3o.\t  <\/p>\n<p class=\"maggio23\">A <strong>ficha A<\/strong> apresenta na parte  superior um espa&ccedil;o para escrever o t&iacute;tulo, o assunto e o autor do lapbook, e na  parte inferior, em uma tabela,&nbsp; o espa&ccedil;o  para marcar o tipo de pastinha escolhida para coletar as informa&ccedil;&otilde;es para  aprofundamento dos tr&ecirc;s primeiros minibooks. Na coluna &agrave; direita &eacute; poss&iacute;vel  colar como lembrete a imagem da tipologia de template que se deseja fazer  (recortando a figura da ficha C) e indicar a refer&ecirc;ncia das mesas de onde  copiar ou fotocopiar a base do template escolhido.<\/p>\n<\/p><\/div>\n<div class=\"col-lg-6 col-md-6 col-sm-12 col-xs-12\"><img src=\"https:\/\/static.erickson.it\/ei\/SiteAssets\/Pagine\/Come-imparare-e-studiare-meglio-con-i-lapbook\/Schede-di-progettazione-A.jpg\" alt=\"\" \/><\/div>\n<\/div>\n<p><!-- END ROW --><\/p>\n<p><!-- START ROW --><\/p>\n<div class=\"row\">\n<div class=\"col-lg-12 col-md-12 col-sm-12 col-xs-12\">\n<p class=\"maggio23\">A&nbsp;<strong>ficha B<\/strong>&nbsp;tem um espa&ccedil;o na parte superior para  colocar o t&iacute;tulo do lapbook e o nome do autor e quatro espa&ccedil;os para indicar os  assuntos e as mesas dos outros minibooks a fazer. Caso hajam mais templates,  basta imprimir mais c&oacute;pias desta ficha.<\/p>\n<\/p><\/div>\n<div class=\"col-lg-6 col-md-6 col-sm-12 col-xs-12\"><img src=\"https:\/\/static.erickson.it\/ei\/SiteAssets\/Pagine\/Come-imparare-e-studiare-meglio-con-i-lapbook\/Schede-di-progettazione-B.jpg\" alt=\"\" \/><\/div>\n<\/div>\n<p><!-- END ROW --><\/p>\n<p><!-- START ROW --><\/p>\n<div class=\"row\">\n<div class=\"col-lg-12 col-md-12 col-sm-12 col-xs-12\">\n<p class=\"maggio23\">A&nbsp;<strong>ficha C<\/strong>&nbsp;cont&eacute;m mais c&oacute;pias dos &iacute;cones dos  templates presentes no livro. Ser&aacute; necess&aacute;rio fotocopiar esta p&aacute;gina para poder  recortar os &iacute;cones para colar na terceira coluna das fichas A e B, para obter  um lembrete gr&aacute;fico do que se pretende fazer.<\/p>\n<\/p><\/div>\n<div class=\"col-lg-6 col-md-6 col-sm-12 col-xs-12\"><img src=\"https:\/\/static.erickson.it\/ei\/SiteAssets\/Pagine\/Come-imparare-e-studiare-meglio-con-i-lapbook\/Schede-di-progettazione-C.jpg\" alt=\"\" \/><\/div>\n<\/div>\n<p><!-- END ROW --><\/p>\n<p><!-- START ROW --><\/p>\n<div class=\"row\">\n<div class=\"col-lg-12 col-md-12 col-sm-12 col-xs-12\">\n<p class=\"nome-cognome-autore\">Por que fazer lapbooks na escola?<\/p>\n<p  class=\"maggio23\">Fazer lapbook nas salas de aula aprsenta v&aacute;rias  vantagens, que podem ser colocadas em tr&ecirc;s principais n&iacute;veis: <\/p>\n<ul type=\"disc\">\n<li>Motiva&ccedil;&atilde;o e aspectos emocional-afetivos: os<strong>&nbsp;alunos<\/strong>&nbsp;se       sentem&nbsp;<strong>maiormente motivados <\/strong>a estudar <strong>quando s&atilde;o envolvidos       no processo de aprendizagem<\/strong><\/li>\n<li>Aprendizagem escolar e desenvolvimento das habilidades de estudo: o       aluno guiado no uso cr&iacute;tico do instrumento lapbook &eacute; um&nbsp;<strong>aluno que       aprende a construir o pr&oacute;prio m&eacute;todo de estudo<\/strong><\/li>\n<li>Coopera&ccedil;&atilde;o e inclus&atilde;o: O lapbook e mostra excelente para a <strong>did&aacute;tica       em grupos cooperativos<\/strong>, porque atrav&eacute;s do confronto entre iguais o       aluno desenvolve mais facilmente as capacidades cr&iacute;ticas de realiz&aacute;-lo.<\/li>\n<\/ul><\/div>\n<\/p><\/div>\n<p><!-- END ROW --><\/p>\n<\/div>\n<\/div>\n","protected":false},"excerpt":{"rendered":"<p>Como aprender a estudar melhor com o lapbook O que \u00e9 um lapbook? O lapbook \u00e9 um conjunto din\u00e2mico e criativo de conte\u00fados. Apresenta-se em forma de pastinha que pode ser de v\u00e1rias dimens\u00f5es, em base ao uso e \u00e0 necessidade. Dentro dela, em diversos minibooks ou templates, cont\u00e9m informa\u00e7\u00f5es esseciais e espec\u00edficas em rela\u00e7\u00e3o [&hellip;]<\/p>\n","protected":false},"author":4,"featured_media":0,"parent":0,"menu_order":0,"comment_status":"closed","ping_status":"closed","template":"","meta":[],"acf":[],"yoast_head":"<!-- This site is optimized with the Yoast SEO plugin v19.6 - https:\/\/yoast.com\/wordpress\/plugins\/seo\/ -->\n<title>O meu primeiro lapbook - Erickson International<\/title>\n<meta name=\"robots\" content=\"index, follow, max-snippet:-1, max-image-preview:large, max-video-preview:-1\" \/>\n<link rel=\"canonical\" href=\"https:\/\/www.erickson.international\/pt-br\/meu-primeiro-lapbook\/\" \/>\n<meta name=\"twitter:label1\" content=\"Est. reading time\" \/>\n\t<meta name=\"twitter:data1\" content=\"4 minutes\" \/>\n<script type=\"application\/ld+json\" class=\"yoast-schema-graph\">{\"@context\":\"https:\/\/schema.org\",\"@graph\":[{\"@type\":\"WebPage\",\"@id\":\"https:\/\/www.erickson.international\/pt-br\/meu-primeiro-lapbook\/\",\"url\":\"https:\/\/www.erickson.international\/pt-br\/meu-primeiro-lapbook\/\",\"name\":\"O meu primeiro lapbook - Erickson International\",\"isPartOf\":{\"@id\":\"https:\/\/www.erickson.international\/pt-br\/#website\"},\"datePublished\":\"2016-09-27T12:36:19+00:00\",\"dateModified\":\"2016-11-30T15:00:25+00:00\",\"breadcrumb\":{\"@id\":\"https:\/\/www.erickson.international\/pt-br\/meu-primeiro-lapbook\/#breadcrumb\"},\"inLanguage\":\"pt-BR\",\"potentialAction\":[{\"@type\":\"ReadAction\",\"target\":[\"https:\/\/www.erickson.international\/pt-br\/meu-primeiro-lapbook\/\"]}]},{\"@type\":\"BreadcrumbList\",\"@id\":\"https:\/\/www.erickson.international\/pt-br\/meu-primeiro-lapbook\/#breadcrumb\",\"itemListElement\":[{\"@type\":\"ListItem\",\"position\":1,\"name\":\"Home\",\"item\":\"https:\/\/www.erickson.international\/pt-br\/\"},{\"@type\":\"ListItem\",\"position\":2,\"name\":\"O meu primeiro lapbook\"}]},{\"@type\":\"WebSite\",\"@id\":\"https:\/\/www.erickson.international\/pt-br\/#website\",\"url\":\"https:\/\/www.erickson.international\/pt-br\/\",\"name\":\"Erickson International\",\"description\":\"Ideas that help\",\"potentialAction\":[{\"@type\":\"SearchAction\",\"target\":{\"@type\":\"EntryPoint\",\"urlTemplate\":\"https:\/\/www.erickson.international\/pt-br\/?s={search_term_string}\"},\"query-input\":\"required name=search_term_string\"}],\"inLanguage\":\"pt-BR\"}]}<\/script>\n<!-- \/ Yoast SEO plugin. -->","yoast_head_json":{"title":"O meu primeiro lapbook - Erickson International","robots":{"index":"index","follow":"follow","max-snippet":"max-snippet:-1","max-image-preview":"max-image-preview:large","max-video-preview":"max-video-preview:-1"},"canonical":"https:\/\/www.erickson.international\/pt-br\/meu-primeiro-lapbook\/","twitter_misc":{"Est. reading time":"4 minutes"},"schema":{"@context":"https:\/\/schema.org","@graph":[{"@type":"WebPage","@id":"https:\/\/www.erickson.international\/pt-br\/meu-primeiro-lapbook\/","url":"https:\/\/www.erickson.international\/pt-br\/meu-primeiro-lapbook\/","name":"O meu primeiro lapbook - Erickson International","isPartOf":{"@id":"https:\/\/www.erickson.international\/pt-br\/#website"},"datePublished":"2016-09-27T12:36:19+00:00","dateModified":"2016-11-30T15:00:25+00:00","breadcrumb":{"@id":"https:\/\/www.erickson.international\/pt-br\/meu-primeiro-lapbook\/#breadcrumb"},"inLanguage":"pt-BR","potentialAction":[{"@type":"ReadAction","target":["https:\/\/www.erickson.international\/pt-br\/meu-primeiro-lapbook\/"]}]},{"@type":"BreadcrumbList","@id":"https:\/\/www.erickson.international\/pt-br\/meu-primeiro-lapbook\/#breadcrumb","itemListElement":[{"@type":"ListItem","position":1,"name":"Home","item":"https:\/\/www.erickson.international\/pt-br\/"},{"@type":"ListItem","position":2,"name":"O meu primeiro lapbook"}]},{"@type":"WebSite","@id":"https:\/\/www.erickson.international\/pt-br\/#website","url":"https:\/\/www.erickson.international\/pt-br\/","name":"Erickson International","description":"Ideas that help","potentialAction":[{"@type":"SearchAction","target":{"@type":"EntryPoint","urlTemplate":"https:\/\/www.erickson.international\/pt-br\/?s={search_term_string}"},"query-input":"required name=search_term_string"}],"inLanguage":"pt-BR"}]}},"_links":{"self":[{"href":"https:\/\/www.erickson.international\/pt-br\/wp-json\/wp\/v2\/pages\/8412"}],"collection":[{"href":"https:\/\/www.erickson.international\/pt-br\/wp-json\/wp\/v2\/pages"}],"about":[{"href":"https:\/\/www.erickson.international\/pt-br\/wp-json\/wp\/v2\/types\/page"}],"author":[{"embeddable":true,"href":"https:\/\/www.erickson.international\/pt-br\/wp-json\/wp\/v2\/users\/4"}],"replies":[{"embeddable":true,"href":"https:\/\/www.erickson.international\/pt-br\/wp-json\/wp\/v2\/comments?post=8412"}],"version-history":[{"count":2,"href":"https:\/\/www.erickson.international\/pt-br\/wp-json\/wp\/v2\/pages\/8412\/revisions"}],"predecessor-version":[{"id":8744,"href":"https:\/\/www.erickson.international\/pt-br\/wp-json\/wp\/v2\/pages\/8412\/revisions\/8744"}],"wp:attachment":[{"href":"https:\/\/www.erickson.international\/pt-br\/wp-json\/wp\/v2\/media?parent=8412"}],"curies":[{"name":"wp","href":"https:\/\/api.w.org\/{rel}","templated":true}]}}