{"id":3518,"date":"2015-10-14T14:13:38","date_gmt":"2015-10-14T14:13:38","guid":{"rendered":"http:\/\/www.erickson.international\/pt-br\/?page_id=3518"},"modified":"2024-04-15T20:09:15","modified_gmt":"2024-04-15T20:09:15","slug":"privacy-policy","status":"publish","type":"page","link":"https:\/\/www.erickson.international\/pt-br\/privacy-policy\/","title":{"rendered":"Privacy Policy"},"content":{"rendered":"<p><strong>POL\u00cdTICA DE PRIVACIDADE PARA O TRATAMENTO DE DADOS PESSOAIS de acordo com o Regulamento Europeu 2016\/679\/UE (GDPR)<\/strong><\/p>\n<p>Os dados pessoais sobre voc\u00ea e fornecidos por voc\u00ea ao preencher o formul\u00e1rio de contato ser\u00e3o processados por nossa empresa, de acordo com as leis aplic\u00e1veis e as obriga\u00e7\u00f5es de confidencialidade \u00e0s quais sempre aderimos, conforme descrito na pol\u00edtica subsequente.<\/p>\n<p><strong>Identidade do controlador de dados e detalhes de contato<\/strong><\/p>\n<p>O controlador de dados \u00e9 a empresa Edizioni Centro Studi Erickson spa, com sede em Trento, Via del Pioppeto n.24. Eles podem ser contatados a qualquer momento para qualquer necessidade ou quest\u00e3o relacionada ao processamento dos seus dados, enviando um e-mail para <a target=\"_new\" rel=\"noopener\">privacy@erickson.it<\/a><\/p>\n<p><strong>Tipo de dados processados, finalidade do tratamento de dados e enquadramento legal<\/strong><\/p>\n<p>Ao preencher o formul\u00e1rio de contato, coletaremos e processaremos seus dados pessoais para examinar e atender sua solicita\u00e7\u00e3o.<\/p>\n<p>Nos casos mencionados, o processamento \u00e9 leg\u00edtimo na medida em que \u00e9 necess\u00e1rio para cumprir um pedido pr\u00e9-contratual feito pelo titular dos dados.<\/p>\n<p><strong>Destinat\u00e1rios ou categorias de destinat\u00e1rios dos dados pessoais<\/strong><\/p>\n<p>Os dados pessoais mencionados ser\u00e3o processados pelo Controlador de Dados usando pessoas autorizadas a processar os dados (ou seja, empregados pertencentes \u00e0 organiza\u00e7\u00e3o) e, se necess\u00e1rio, por terceiros designados pelo Controlador de Dados para desempenhar suas fun\u00e7\u00f5es, devidamente designados como processadores de dados.<\/p>\n<p>De qualquer forma, n\u00e3o est\u00e1 prevista a divulga\u00e7\u00e3o dos seus dados pessoais.<\/p>\n<p><strong>Per\u00edodo de reten\u00e7\u00e3o de dados pessoais<\/strong><\/p>\n<p>Em conformidade com os princ\u00edpios estabelecidos pelo GDPR, seus dados ser\u00e3o mantidos pelo tempo necess\u00e1rio para os fins pelos quais os dados s\u00e3o coletados e processados.<\/p>\n<p><strong>Seus direitos em rela\u00e7\u00e3o aos seus dados pessoais<\/strong><\/p>\n<p>Lembre-se de que, de acordo com a pol\u00edtica espec\u00edfica, a qualquer momento:<\/p>\n<ul>\n<li>Voc\u00ea tem o direito de solicitar acesso aos seus dados pessoais, sua retifica\u00e7\u00e3o ou exclus\u00e3o, ou solicitar a restri\u00e7\u00e3o do processamento ou se opor ao processamento, bem como o direito \u00e0 portabilidade dos dados;<\/li>\n<li>Voc\u00ea tem o direito de retirar o consentimento para o processamento e o direito de apresentar uma reclama\u00e7\u00e3o a uma autoridade supervisora (Supervisor de Prote\u00e7\u00e3o de Dados).<\/li>\n<\/ul>\n<p><strong>Fornecimento opcional ou obrigat\u00f3rio de dados (por lei ou contrato ou para celebrar um contrato) e as consequ\u00eancias da n\u00e3o fornecimento desses dados<\/strong><\/p>\n<p>O fornecimento dos seus dados pessoais \u00e9 opcional, no entanto, se voc\u00ea n\u00e3o fornecer os dados solicitados no formul\u00e1rio de contato, voc\u00ea n\u00e3o ser\u00e1 capaz de enviar sua solicita\u00e7\u00e3o e, portanto, receber as informa\u00e7\u00f5es de que precisa.<\/p>\n","protected":false},"excerpt":{"rendered":"<p>POL\u00cdTICA DE PRIVACIDADE PARA O TRATAMENTO DE DADOS PESSOAIS de acordo com o Regulamento Europeu 2016\/679\/UE (GDPR) Os dados pessoais sobre voc\u00ea e fornecidos por voc\u00ea ao preencher o formul\u00e1rio de contato ser\u00e3o processados por nossa empresa, de acordo com as leis aplic\u00e1veis e as obriga\u00e7\u00f5es de confidencialidade \u00e0s quais sempre aderimos, conforme descrito na [&hellip;]<\/p>\n","protected":false},"author":1,"featured_media":0,"parent":0,"menu_order":0,"comment_status":"closed","ping_status":"closed","template":"page-templates\/page-istituzionale.php","meta":[],"acf":[],"yoast_head":"<!-- This site is optimized with the Yoast SEO plugin v19.6 - https:\/\/yoast.com\/wordpress\/plugins\/seo\/ -->\n<title>Privacy Policy - Erickson International<\/title>\n<meta name=\"robots\" content=\"index, follow, max-snippet:-1, max-image-preview:large, max-video-preview:-1\" \/>\n<link rel=\"canonical\" href=\"https:\/\/www.erickson.international\/pt-br\/privacy-policy\/\" \/>\n<meta name=\"twitter:label1\" content=\"Est. reading time\" \/>\n\t<meta name=\"twitter:data1\" content=\"3 minutes\" \/>\n<script type=\"application\/ld+json\" class=\"yoast-schema-graph\">{\"@context\":\"https:\/\/schema.org\",\"@graph\":[{\"@type\":\"WebPage\",\"@id\":\"https:\/\/www.erickson.international\/pt-br\/privacy-policy\/\",\"url\":\"https:\/\/www.erickson.international\/pt-br\/privacy-policy\/\",\"name\":\"Privacy Policy - Erickson International\",\"isPartOf\":{\"@id\":\"https:\/\/www.erickson.international\/pt-br\/#website\"},\"datePublished\":\"2015-10-14T14:13:38+00:00\",\"dateModified\":\"2024-04-15T20:09:15+00:00\",\"breadcrumb\":{\"@id\":\"https:\/\/www.erickson.international\/pt-br\/privacy-policy\/#breadcrumb\"},\"inLanguage\":\"pt-BR\",\"potentialAction\":[{\"@type\":\"ReadAction\",\"target\":[\"https:\/\/www.erickson.international\/pt-br\/privacy-policy\/\"]}]},{\"@type\":\"BreadcrumbList\",\"@id\":\"https:\/\/www.erickson.international\/pt-br\/privacy-policy\/#breadcrumb\",\"itemListElement\":[{\"@type\":\"ListItem\",\"position\":1,\"name\":\"Home\",\"item\":\"https:\/\/www.erickson.international\/pt-br\/\"},{\"@type\":\"ListItem\",\"position\":2,\"name\":\"Privacy Policy\"}]},{\"@type\":\"WebSite\",\"@id\":\"https:\/\/www.erickson.international\/pt-br\/#website\",\"url\":\"https:\/\/www.erickson.international\/pt-br\/\",\"name\":\"Erickson International\",\"description\":\"Ideas that help\",\"potentialAction\":[{\"@type\":\"SearchAction\",\"target\":{\"@type\":\"EntryPoint\",\"urlTemplate\":\"https:\/\/www.erickson.international\/pt-br\/?s={search_term_string}\"},\"query-input\":\"required name=search_term_string\"}],\"inLanguage\":\"pt-BR\"}]}<\/script>\n<!-- \/ Yoast SEO plugin. -->","yoast_head_json":{"title":"Privacy Policy - Erickson International","robots":{"index":"index","follow":"follow","max-snippet":"max-snippet:-1","max-image-preview":"max-image-preview:large","max-video-preview":"max-video-preview:-1"},"canonical":"https:\/\/www.erickson.international\/pt-br\/privacy-policy\/","twitter_misc":{"Est. reading time":"3 minutes"},"schema":{"@context":"https:\/\/schema.org","@graph":[{"@type":"WebPage","@id":"https:\/\/www.erickson.international\/pt-br\/privacy-policy\/","url":"https:\/\/www.erickson.international\/pt-br\/privacy-policy\/","name":"Privacy Policy - Erickson International","isPartOf":{"@id":"https:\/\/www.erickson.international\/pt-br\/#website"},"datePublished":"2015-10-14T14:13:38+00:00","dateModified":"2024-04-15T20:09:15+00:00","breadcrumb":{"@id":"https:\/\/www.erickson.international\/pt-br\/privacy-policy\/#breadcrumb"},"inLanguage":"pt-BR","potentialAction":[{"@type":"ReadAction","target":["https:\/\/www.erickson.international\/pt-br\/privacy-policy\/"]}]},{"@type":"BreadcrumbList","@id":"https:\/\/www.erickson.international\/pt-br\/privacy-policy\/#breadcrumb","itemListElement":[{"@type":"ListItem","position":1,"name":"Home","item":"https:\/\/www.erickson.international\/pt-br\/"},{"@type":"ListItem","position":2,"name":"Privacy Policy"}]},{"@type":"WebSite","@id":"https:\/\/www.erickson.international\/pt-br\/#website","url":"https:\/\/www.erickson.international\/pt-br\/","name":"Erickson International","description":"Ideas that help","potentialAction":[{"@type":"SearchAction","target":{"@type":"EntryPoint","urlTemplate":"https:\/\/www.erickson.international\/pt-br\/?s={search_term_string}"},"query-input":"required name=search_term_string"}],"inLanguage":"pt-BR"}]}},"_links":{"self":[{"href":"https:\/\/www.erickson.international\/pt-br\/wp-json\/wp\/v2\/pages\/3518"}],"collection":[{"href":"https:\/\/www.erickson.international\/pt-br\/wp-json\/wp\/v2\/pages"}],"about":[{"href":"https:\/\/www.erickson.international\/pt-br\/wp-json\/wp\/v2\/types\/page"}],"author":[{"embeddable":true,"href":"https:\/\/www.erickson.international\/pt-br\/wp-json\/wp\/v2\/users\/1"}],"replies":[{"embeddable":true,"href":"https:\/\/www.erickson.international\/pt-br\/wp-json\/wp\/v2\/comments?post=3518"}],"version-history":[{"count":2,"href":"https:\/\/www.erickson.international\/pt-br\/wp-json\/wp\/v2\/pages\/3518\/revisions"}],"predecessor-version":[{"id":26536,"href":"https:\/\/www.erickson.international\/pt-br\/wp-json\/wp\/v2\/pages\/3518\/revisions\/26536"}],"wp:attachment":[{"href":"https:\/\/www.erickson.international\/pt-br\/wp-json\/wp\/v2\/media?parent=3518"}],"curies":[{"name":"wp","href":"https:\/\/api.w.org\/{rel}","templated":true}]}}