{"id":3489,"date":"2015-10-13T13:31:27","date_gmt":"2015-10-13T13:31:27","guid":{"rendered":"http:\/\/www.erickson.international\/pt-br\/?page_id=3489"},"modified":"2015-11-10T10:09:22","modified_gmt":"2015-11-10T10:09:22","slug":"request-info","status":"publish","type":"page","link":"https:\/\/www.erickson.international\/pt-br\/request-info\/","title":{"rendered":"Request info"},"content":{"rendered":"<div role=\"form\" class=\"wpcf7\" id=\"wpcf7-f3491-o1\" lang=\"it-IT\" dir=\"ltr\">\n<div class=\"screen-reader-response\"><p role=\"status\" aria-live=\"polite\" aria-atomic=\"true\"><\/p> <ul><\/ul><\/div>\n<form action=\"\/pt-br\/wp-json\/wp\/v2\/pages\/3489#wpcf7-f3491-o1\" method=\"post\" class=\"wpcf7-form init\" novalidate=\"novalidate\" data-status=\"init\">\n<div style=\"display: none;\">\n<input type=\"hidden\" name=\"_wpcf7\" value=\"3491\" \/>\n<input type=\"hidden\" name=\"_wpcf7_version\" value=\"5.6.2\" \/>\n<input type=\"hidden\" name=\"_wpcf7_locale\" value=\"it_IT\" \/>\n<input type=\"hidden\" name=\"_wpcf7_unit_tag\" value=\"wpcf7-f3491-o1\" \/>\n<input type=\"hidden\" name=\"_wpcf7_container_post\" value=\"0\" \/>\n<input type=\"hidden\" name=\"_wpcf7_posted_data_hash\" value=\"\" \/>\n<\/div>\n<p style=\"font-size:11px; line-height:12px;\">Informa\u00e7\u00f5es nos termos do Regulamento Europeu 2016\/679\/UE (GDPR). Os dados fornecidos pelo preenchimento do presente formul\u00e1rio est\u00e3o sujeitos a tratamento, armazenamento e divulga\u00e7\u00e3o. Seus dados ser\u00e3o utilizados exclusivamente para poder atender seu pedido. O fornecimento de dados e o consentimento ao tratamento dos mesmos \u00e9 obrigat\u00f3rio, e sua aus\u00eancia ocasionar\u00e1 na impossibilidade de dar execu\u00e7\u00e3o ao servi\u00e7o. Os dados fornecidos poder\u00e3o ser utilizados para o envio de material de informa\u00e7\u00e3o e de publicidade ou para comunica\u00e7\u00f5es comerciais relativas a novos produtos ou atualiza\u00e7\u00f5es e novidades sobre produtos j\u00e1 existentes. O fornecimento dos dados para tal finalidade e\/ou o consentimento ao tratamento \u00e9 opcional e sua aus\u00eancia n\u00e3o poder\u00e1 impossibilitar a execu\u00e7\u00e3o de um servi\u00e7o solicitado. A titular do tratamento dos dados \u00e9 Edizioni Centro Studi Erickson SpA, \u00e0 qual pode-se contatar para o exerc\u00edcio dos direitos relacionados ao Regulamento Europeu 2016\/679\/UE (GDPR). Para a visualiza\u00e7\u00e3o completa das informa\u00e7\u00f5es, <a href=\"http:\/\/www.erickson.international\/pt-br\/privacy-policy\/\">visite este link<\/a>.<\/p>\n<p>Empresa *<br \/>\n<span class=\"wpcf7-form-control-wrap\" data-name=\"company-erk\"><input type=\"text\" name=\"company-erk\" value=\"\" size=\"40\" class=\"wpcf7-form-control wpcf7-text wpcf7-validates-as-required\" aria-required=\"true\" aria-invalid=\"false\" \/><\/span> <\/p>\n<p><span id=\"wpcf7-69e44f3a82d14-wrapper\" class=\"wpcf7-form-control-wrap mails-wrap\" style=\"display:none !important; visibility:hidden !important;\"><label for=\"wpcf7-69e44f3a82d14-field\" class=\"hp-message\">Please leave this field empty.<\/label><input id=\"wpcf7-69e44f3a82d14-field\"  class=\"wpcf7-form-control wpcf7-text\" type=\"text\" name=\"mails\" value=\"\" size=\"40\" tabindex=\"-1\" autocomplete=\"new-password\" \/><\/span><\/p>\n<p>Nome *<br \/>\n<span class=\"wpcf7-form-control-wrap\" data-name=\"name-erk\"><input type=\"text\" name=\"name-erk\" value=\"\" size=\"40\" class=\"wpcf7-form-control wpcf7-text wpcf7-validates-as-required\" aria-required=\"true\" aria-invalid=\"false\" \/><\/span> <\/p>\n<p>Fun\u00e7\u00e3o *<br \/>\n<span class=\"wpcf7-form-control-wrap\" data-name=\"role\"><select name=\"role\" class=\"wpcf7-form-control wpcf7-select wpcf7-validates-as-required\" aria-required=\"true\" aria-invalid=\"false\"><option value=\"Autor\">Autor<\/option><option value=\"Editor\">Editor<\/option><option value=\"Pesquisador\">Pesquisador<\/option><\/select><\/span> <\/p>\n<p>Assunto *<br \/>\n<span class=\"wpcf7-form-control-wrap\" data-name=\"object\"><select name=\"object\" class=\"wpcf7-form-control wpcf7-select wpcf7-validates-as-required\" aria-required=\"true\" aria-invalid=\"false\"><option value=\"Pedido de informa\u00e7\u00f5es\">Pedido de informa\u00e7\u00f5es<\/option><option value=\"Solicita\u00e7\u00e3o de amostras\">Solicita\u00e7\u00e3o de amostras<\/option><option value=\"Direitos de tradu\u00e7\u00e3o, negocia\u00e7\u00f5es e contratos\">Direitos de tradu\u00e7\u00e3o, negocia\u00e7\u00f5es e contratos<\/option><option value=\"Propostas editoriais\">Propostas editoriais<\/option><\/select><\/span><\/p>\n<p><br><\/p>\n<p><b>Seus dados ser\u00e3o utilizados exclusivamente por Edizioni Centro Studi Erickson e n\u00e3o ser\u00e3o cedidos a terceiros.<\/b><\/p>\n<p>E-mail *<br \/>\n<span class=\"wpcf7-form-control-wrap\" data-name=\"email\"><input type=\"email\" name=\"email\" value=\"\" size=\"40\" class=\"wpcf7-form-control wpcf7-text wpcf7-email wpcf7-validates-as-required wpcf7-validates-as-email\" aria-required=\"true\" aria-invalid=\"false\" \/><\/span><\/p>\n<p>Telefone <br \/>\n<span class=\"wpcf7-form-control-wrap\" data-name=\"tel\"><input type=\"tel\" name=\"tel\" value=\"\" size=\"40\" class=\"wpcf7-form-control wpcf7-text wpcf7-tel wpcf7-validates-as-tel\" aria-invalid=\"false\" \/><\/span><\/p>\n<p>Mensagem *<br \/>\n<span class=\"wpcf7-form-control-wrap\" data-name=\"request\"><textarea name=\"request\" cols=\"40\" rows=\"10\" class=\"wpcf7-form-control wpcf7-textarea\" aria-invalid=\"false\"><\/textarea><\/span><\/p>\n<p><span id=\"wpcf7-69e44f3a82e7e-wrapper\" class=\"wpcf7-form-control-wrap first_name-wrap\" style=\"display:none !important; visibility:hidden !important;\"><label for=\"wpcf7-69e44f3a82e7e-field\" class=\"hp-message\">Please leave this field empty.<\/label><input id=\"wpcf7-69e44f3a82e7e-field\"  class=\"wpcf7-form-control wpcf7-text\" type=\"text\" name=\"first_name\" value=\"\" size=\"40\" tabindex=\"-1\" autocomplete=\"new-password\" \/><\/span><\/p>\n<p style=\"font-size:11px; line-height:13px;\">\nDeclaro ter lido e entendido as informa\u00e7\u00f5es do Regulamento Europeu 2016\/679\/UE (GDPR) e autorizo o tratamento de minhas Informa\u00e7\u00f5es Pessoais (Consent required)<br>\n<\/p>\n<p><span class=\"wpcf7-form-control-wrap\" data-name=\"privacy\"><span class=\"wpcf7-form-control wpcf7-acceptance\"><span class=\"wpcf7-list-item\"><input type=\"checkbox\" name=\"privacy\" value=\"1\" aria-invalid=\"false\" \/><\/span><\/span><\/span> Aceito<\/p>\n<p style=\"font-size:11px; line-height:13px;\">\nDeclaro tamb\u00e9m ter lido com aten\u00e7\u00e3o as informa\u00e7\u00f5es e autorizo o tratamento dos meus dados pessoais para fins de marketing (ponto 3 da pol\u00edtica de privacidade, consentimento opcional).<br><br \/>\n<span class=\"wpcf7-form-control-wrap\" data-name=\"marketing\"><span class=\"wpcf7-form-control wpcf7-checkbox wpcf7-validates-as-required wpcf7-exclusive-checkbox\"><span class=\"wpcf7-list-item first\"><input type=\"checkbox\" name=\"marketing\" value=\"Aceito\" \/><span class=\"wpcf7-list-item-label\">Aceito<\/span><\/span><span class=\"wpcf7-list-item last\"><input type=\"checkbox\" name=\"marketing\" value=\"N\u00e3o aceito\" \/><span class=\"wpcf7-list-item-label\">N\u00e3o aceito<\/span><\/span><\/span><\/span>\n<\/p>\n<p><br><\/p>\n<p><input type=\"submit\" value=\"Send\" class=\"wpcf7-form-control has-spinner wpcf7-submit\" \/><\/p>\n<div class=\"wpcf7-response-output\" aria-hidden=\"true\"><\/div><\/form><\/div>\n","protected":false},"excerpt":{"rendered":"","protected":false},"author":1,"featured_media":0,"parent":0,"menu_order":0,"comment_status":"closed","ping_status":"closed","template":"page-templates\/page-istituzionale.php","meta":[],"acf":[],"yoast_head":"<!-- This site is optimized with the Yoast SEO plugin v19.6 - https:\/\/yoast.com\/wordpress\/plugins\/seo\/ -->\n<title>Request info - Erickson International<\/title>\n<meta name=\"robots\" content=\"index, follow, max-snippet:-1, max-image-preview:large, max-video-preview:-1\" \/>\n<link rel=\"canonical\" href=\"https:\/\/www.erickson.international\/pt-br\/request-info\/\" \/>\n<script type=\"application\/ld+json\" class=\"yoast-schema-graph\">{\"@context\":\"https:\/\/schema.org\",\"@graph\":[{\"@type\":\"WebPage\",\"@id\":\"https:\/\/www.erickson.international\/pt-br\/request-info\/\",\"url\":\"https:\/\/www.erickson.international\/pt-br\/request-info\/\",\"name\":\"Request info - Erickson International\",\"isPartOf\":{\"@id\":\"https:\/\/www.erickson.international\/pt-br\/#website\"},\"datePublished\":\"2015-10-13T13:31:27+00:00\",\"dateModified\":\"2015-11-10T10:09:22+00:00\",\"breadcrumb\":{\"@id\":\"https:\/\/www.erickson.international\/pt-br\/request-info\/#breadcrumb\"},\"inLanguage\":\"pt-BR\",\"potentialAction\":[{\"@type\":\"ReadAction\",\"target\":[\"https:\/\/www.erickson.international\/pt-br\/request-info\/\"]}]},{\"@type\":\"BreadcrumbList\",\"@id\":\"https:\/\/www.erickson.international\/pt-br\/request-info\/#breadcrumb\",\"itemListElement\":[{\"@type\":\"ListItem\",\"position\":1,\"name\":\"Home\",\"item\":\"https:\/\/www.erickson.international\/pt-br\/\"},{\"@type\":\"ListItem\",\"position\":2,\"name\":\"Request info\"}]},{\"@type\":\"WebSite\",\"@id\":\"https:\/\/www.erickson.international\/pt-br\/#website\",\"url\":\"https:\/\/www.erickson.international\/pt-br\/\",\"name\":\"Erickson International\",\"description\":\"Ideas that help\",\"potentialAction\":[{\"@type\":\"SearchAction\",\"target\":{\"@type\":\"EntryPoint\",\"urlTemplate\":\"https:\/\/www.erickson.international\/pt-br\/?s={search_term_string}\"},\"query-input\":\"required name=search_term_string\"}],\"inLanguage\":\"pt-BR\"}]}<\/script>\n<!-- \/ Yoast SEO plugin. -->","yoast_head_json":{"title":"Request info - Erickson International","robots":{"index":"index","follow":"follow","max-snippet":"max-snippet:-1","max-image-preview":"max-image-preview:large","max-video-preview":"max-video-preview:-1"},"canonical":"https:\/\/www.erickson.international\/pt-br\/request-info\/","schema":{"@context":"https:\/\/schema.org","@graph":[{"@type":"WebPage","@id":"https:\/\/www.erickson.international\/pt-br\/request-info\/","url":"https:\/\/www.erickson.international\/pt-br\/request-info\/","name":"Request info - Erickson International","isPartOf":{"@id":"https:\/\/www.erickson.international\/pt-br\/#website"},"datePublished":"2015-10-13T13:31:27+00:00","dateModified":"2015-11-10T10:09:22+00:00","breadcrumb":{"@id":"https:\/\/www.erickson.international\/pt-br\/request-info\/#breadcrumb"},"inLanguage":"pt-BR","potentialAction":[{"@type":"ReadAction","target":["https:\/\/www.erickson.international\/pt-br\/request-info\/"]}]},{"@type":"BreadcrumbList","@id":"https:\/\/www.erickson.international\/pt-br\/request-info\/#breadcrumb","itemListElement":[{"@type":"ListItem","position":1,"name":"Home","item":"https:\/\/www.erickson.international\/pt-br\/"},{"@type":"ListItem","position":2,"name":"Request info"}]},{"@type":"WebSite","@id":"https:\/\/www.erickson.international\/pt-br\/#website","url":"https:\/\/www.erickson.international\/pt-br\/","name":"Erickson International","description":"Ideas that help","potentialAction":[{"@type":"SearchAction","target":{"@type":"EntryPoint","urlTemplate":"https:\/\/www.erickson.international\/pt-br\/?s={search_term_string}"},"query-input":"required name=search_term_string"}],"inLanguage":"pt-BR"}]}},"_links":{"self":[{"href":"https:\/\/www.erickson.international\/pt-br\/wp-json\/wp\/v2\/pages\/3489"}],"collection":[{"href":"https:\/\/www.erickson.international\/pt-br\/wp-json\/wp\/v2\/pages"}],"about":[{"href":"https:\/\/www.erickson.international\/pt-br\/wp-json\/wp\/v2\/types\/page"}],"author":[{"embeddable":true,"href":"https:\/\/www.erickson.international\/pt-br\/wp-json\/wp\/v2\/users\/1"}],"replies":[{"embeddable":true,"href":"https:\/\/www.erickson.international\/pt-br\/wp-json\/wp\/v2\/comments?post=3489"}],"version-history":[{"count":2,"href":"https:\/\/www.erickson.international\/pt-br\/wp-json\/wp\/v2\/pages\/3489\/revisions"}],"predecessor-version":[{"id":3495,"href":"https:\/\/www.erickson.international\/pt-br\/wp-json\/wp\/v2\/pages\/3489\/revisions\/3495"}],"wp:attachment":[{"href":"https:\/\/www.erickson.international\/pt-br\/wp-json\/wp\/v2\/media?parent=3489"}],"curies":[{"name":"wp","href":"https:\/\/api.w.org\/{rel}","templated":true}]}}