{"id":3450,"date":"2015-10-06T08:53:36","date_gmt":"2015-10-06T08:53:36","guid":{"rendered":"http:\/\/www.erickson.international\/pt-br\/?page_id=3450"},"modified":"2016-02-25T10:14:39","modified_gmt":"2016-02-25T10:14:39","slug":"pesquisa-e-desenvolvimento","status":"publish","type":"page","link":"https:\/\/www.erickson.international\/pt-br\/pesquisa-e-desenvolvimento\/","title":{"rendered":"PESQUISA E DESENVOLVIMENTO"},"content":{"rendered":"<p>Erickson,\u00a0<strong>o ponto de refer\u00eancia na It\u00e1lia <\/strong>para quem trabalha com integra\u00e7\u00e3o de pessoas com necessidades especiais,\u00a0 apoio para as necessidades educacionais especiais e dificuldades de aprendizagem, psicologia e trabalho social.<\/p>\n<p>Gra\u00e7as sobretudo \u00e0 compet\u00eancia e profissionalismo do setor de Pesquisa e Desenvolvimento, cujas atividades s\u00e3o fortemente ligadas \u00e0 colabora\u00e7\u00e3o com as melhores universidades italianas, as mais importantes secretarias escolares, as v\u00e1rias associa\u00e7\u00f5es nacionais e as melhores realidades assistenciais, sociais e de sa\u00fade.<\/p>\n<p>Um compromisso que se concretiza dentro de 2 grandes \u00e1reas tem\u00e1ticas:<\/p>\n<p>&nbsp;<\/p>\n<h3>Educa\u00e7\u00e3o e Did\u00e1tica<\/h3>\n<ul>\n<li>Necessidades Educacionais Especiais<\/li>\n<li>dificuldade de aprendizagem<\/li>\n<li>necessidades especiais<\/li>\n<li>dist\u00farbios do espectro autista<\/li>\n<li>did\u00e1tica inclusiva<\/li>\n<li>did\u00e1tica curricular<\/li>\n<li>did\u00e1tica com a Lousa Interativa Multim\u00eddia<\/li>\n<li>educa\u00e7\u00e3o emocional e s\u00f3cioafetiva<\/li>\n<li>metodologias did\u00e1ticas<\/li>\n<li>organiza\u00e7\u00e3o escolar<\/li>\n<li>aprendizagem cooperativa<\/li>\n<li>orienta\u00e7\u00e3o<\/li>\n<li>metodologias educacionais<\/li>\n<li>pedagogia<\/li>\n<li>psicologia escolar e educacional<\/li>\n<\/ul>\n<h3>Psicologia, Trabalho Social e Sa\u00fade<\/h3>\n<ul>\n<li>fonoaudiologia<\/li>\n<li>dificuldade de linguagem<\/li>\n<li>Dist\u00farbios Espec\u00edficos de Aprendizagem<\/li>\n<li>ADHD\/DDAH<\/li>\n<li>dificuldade de aprendizagem<\/li>\n<li>interven\u00e7\u00e3o psicol\u00f3gica<\/li>\n<li>psicoterapia<\/li>\n<li>psiquiatria<\/li>\n<li>diagn\u00f3stico psicol\u00f3gico<\/li>\n<li>avalia\u00e7\u00e3o educacional<\/li>\n<li>psicomotricidade<\/li>\n<li>necessidades especiais<\/li>\n<li>dist\u00farbios do espectro autista<\/li>\n<li>trabalho social<\/li>\n<li>rela\u00e7\u00f5es de aux\u00edlio<\/li>\n<li>servi\u00e7o \u00e0 pessoa<\/li>\n<\/ul>\n","protected":false},"excerpt":{"rendered":"<p>Erickson,\u00a0o ponto de refer\u00eancia na It\u00e1lia para quem trabalha com integra\u00e7\u00e3o de pessoas com necessidades especiais,\u00a0 apoio para as necessidades educacionais especiais e dificuldades de aprendizagem, psicologia e trabalho social. Gra\u00e7as sobretudo \u00e0 compet\u00eancia e profissionalismo do setor de Pesquisa e Desenvolvimento, cujas atividades s\u00e3o fortemente ligadas \u00e0 colabora\u00e7\u00e3o com as melhores universidades italianas, as [&hellip;]<\/p>\n","protected":false},"author":1,"featured_media":0,"parent":0,"menu_order":0,"comment_status":"closed","ping_status":"closed","template":"page-templates\/page-istituzionale.php","meta":[],"acf":[],"yoast_head":"<!-- This site is optimized with the Yoast SEO plugin v19.6 - https:\/\/yoast.com\/wordpress\/plugins\/seo\/ -->\n<title>PESQUISA E DESENVOLVIMENTO - Erickson International<\/title>\n<meta name=\"robots\" content=\"index, follow, max-snippet:-1, max-image-preview:large, max-video-preview:-1\" \/>\n<link rel=\"canonical\" href=\"https:\/\/www.erickson.international\/pt-br\/pesquisa-e-desenvolvimento\/\" \/>\n<meta name=\"twitter:label1\" content=\"Est. reading time\" \/>\n\t<meta name=\"twitter:data1\" content=\"1 minute\" \/>\n<script type=\"application\/ld+json\" class=\"yoast-schema-graph\">{\"@context\":\"https:\/\/schema.org\",\"@graph\":[{\"@type\":\"WebPage\",\"@id\":\"https:\/\/www.erickson.international\/pt-br\/pesquisa-e-desenvolvimento\/\",\"url\":\"https:\/\/www.erickson.international\/pt-br\/pesquisa-e-desenvolvimento\/\",\"name\":\"PESQUISA E DESENVOLVIMENTO - Erickson International\",\"isPartOf\":{\"@id\":\"https:\/\/www.erickson.international\/pt-br\/#website\"},\"datePublished\":\"2015-10-06T08:53:36+00:00\",\"dateModified\":\"2016-02-25T10:14:39+00:00\",\"breadcrumb\":{\"@id\":\"https:\/\/www.erickson.international\/pt-br\/pesquisa-e-desenvolvimento\/#breadcrumb\"},\"inLanguage\":\"pt-BR\",\"potentialAction\":[{\"@type\":\"ReadAction\",\"target\":[\"https:\/\/www.erickson.international\/pt-br\/pesquisa-e-desenvolvimento\/\"]}]},{\"@type\":\"BreadcrumbList\",\"@id\":\"https:\/\/www.erickson.international\/pt-br\/pesquisa-e-desenvolvimento\/#breadcrumb\",\"itemListElement\":[{\"@type\":\"ListItem\",\"position\":1,\"name\":\"Home\",\"item\":\"https:\/\/www.erickson.international\/pt-br\/\"},{\"@type\":\"ListItem\",\"position\":2,\"name\":\"PESQUISA E DESENVOLVIMENTO\"}]},{\"@type\":\"WebSite\",\"@id\":\"https:\/\/www.erickson.international\/pt-br\/#website\",\"url\":\"https:\/\/www.erickson.international\/pt-br\/\",\"name\":\"Erickson International\",\"description\":\"Ideas that help\",\"potentialAction\":[{\"@type\":\"SearchAction\",\"target\":{\"@type\":\"EntryPoint\",\"urlTemplate\":\"https:\/\/www.erickson.international\/pt-br\/?s={search_term_string}\"},\"query-input\":\"required name=search_term_string\"}],\"inLanguage\":\"pt-BR\"}]}<\/script>\n<!-- \/ Yoast SEO plugin. -->","yoast_head_json":{"title":"PESQUISA E DESENVOLVIMENTO - Erickson International","robots":{"index":"index","follow":"follow","max-snippet":"max-snippet:-1","max-image-preview":"max-image-preview:large","max-video-preview":"max-video-preview:-1"},"canonical":"https:\/\/www.erickson.international\/pt-br\/pesquisa-e-desenvolvimento\/","twitter_misc":{"Est. reading time":"1 minute"},"schema":{"@context":"https:\/\/schema.org","@graph":[{"@type":"WebPage","@id":"https:\/\/www.erickson.international\/pt-br\/pesquisa-e-desenvolvimento\/","url":"https:\/\/www.erickson.international\/pt-br\/pesquisa-e-desenvolvimento\/","name":"PESQUISA E DESENVOLVIMENTO - Erickson International","isPartOf":{"@id":"https:\/\/www.erickson.international\/pt-br\/#website"},"datePublished":"2015-10-06T08:53:36+00:00","dateModified":"2016-02-25T10:14:39+00:00","breadcrumb":{"@id":"https:\/\/www.erickson.international\/pt-br\/pesquisa-e-desenvolvimento\/#breadcrumb"},"inLanguage":"pt-BR","potentialAction":[{"@type":"ReadAction","target":["https:\/\/www.erickson.international\/pt-br\/pesquisa-e-desenvolvimento\/"]}]},{"@type":"BreadcrumbList","@id":"https:\/\/www.erickson.international\/pt-br\/pesquisa-e-desenvolvimento\/#breadcrumb","itemListElement":[{"@type":"ListItem","position":1,"name":"Home","item":"https:\/\/www.erickson.international\/pt-br\/"},{"@type":"ListItem","position":2,"name":"PESQUISA E DESENVOLVIMENTO"}]},{"@type":"WebSite","@id":"https:\/\/www.erickson.international\/pt-br\/#website","url":"https:\/\/www.erickson.international\/pt-br\/","name":"Erickson International","description":"Ideas that help","potentialAction":[{"@type":"SearchAction","target":{"@type":"EntryPoint","urlTemplate":"https:\/\/www.erickson.international\/pt-br\/?s={search_term_string}"},"query-input":"required name=search_term_string"}],"inLanguage":"pt-BR"}]}},"_links":{"self":[{"href":"https:\/\/www.erickson.international\/pt-br\/wp-json\/wp\/v2\/pages\/3450"}],"collection":[{"href":"https:\/\/www.erickson.international\/pt-br\/wp-json\/wp\/v2\/pages"}],"about":[{"href":"https:\/\/www.erickson.international\/pt-br\/wp-json\/wp\/v2\/types\/page"}],"author":[{"embeddable":true,"href":"https:\/\/www.erickson.international\/pt-br\/wp-json\/wp\/v2\/users\/1"}],"replies":[{"embeddable":true,"href":"https:\/\/www.erickson.international\/pt-br\/wp-json\/wp\/v2\/comments?post=3450"}],"version-history":[{"count":2,"href":"https:\/\/www.erickson.international\/pt-br\/wp-json\/wp\/v2\/pages\/3450\/revisions"}],"predecessor-version":[{"id":4975,"href":"https:\/\/www.erickson.international\/pt-br\/wp-json\/wp\/v2\/pages\/3450\/revisions\/4975"}],"wp:attachment":[{"href":"https:\/\/www.erickson.international\/pt-br\/wp-json\/wp\/v2\/media?parent=3450"}],"curies":[{"name":"wp","href":"https:\/\/api.w.org\/{rel}","templated":true}]}}