{"id":3443,"date":"2015-10-06T08:53:02","date_gmt":"2015-10-06T08:53:02","guid":{"rendered":"http:\/\/www.erickson.international\/pt-br\/?page_id=3443"},"modified":"2016-05-19T07:24:41","modified_gmt":"2016-05-19T07:24:41","slug":"convenios","status":"publish","type":"page","link":"https:\/\/www.erickson.international\/pt-br\/convenios\/","title":{"rendered":"CONV\u00caNIOS"},"content":{"rendered":"<div class=\"gallery-I\">\n\n\t\t<style type=\"text\/css\">\n\t\t\t#gallery-1 {\n\t\t\t\tmargin: auto;\n\t\t\t}\n\t\t\t#gallery-1 .gallery-item {\n\t\t\t\tfloat: left;\n\t\t\t\tmargin-top: 10px;\n\t\t\t\ttext-align: center;\n\t\t\t\twidth: 33%;\n\t\t\t}\n\t\t\t#gallery-1 img {\n\t\t\t\tborder: 2px solid #cfcfcf;\n\t\t\t}\n\t\t\t#gallery-1 .gallery-caption {\n\t\t\t\tmargin-left: 0;\n\t\t\t}\n\t\t\t\/* see gallery_shortcode() in wp-includes\/media.php *\/\n\t\t<\/style>\n\t\t<div id='gallery-1' class='gallery galleryid-3443 gallery-columns-3 gallery-size-full'><dl class='gallery-item'>\n\t\t\t<dt class='gallery-icon landscape'>\n\t\t\t\t<a href='https:\/\/www.erickson.international\/pt-br\/convenios\/congresses006-2\/'><img width=\"510\" height=\"340\" src=\"https:\/\/www.erickson.international\/wp-content\/uploads\/2015\/10\/congresses006.jpg\" class=\"attachment-full size-full\" alt=\"\" loading=\"lazy\" srcset=\"https:\/\/www.erickson.international\/wp-content\/uploads\/2015\/10\/congresses006.jpg 510w, https:\/\/www.erickson.international\/wp-content\/uploads\/2015\/10\/congresses006-300x200.jpg 300w\" sizes=\"(max-width: 510px) 100vw, 510px\" \/><\/a>\n\t\t\t<\/dt><\/dl><dl class='gallery-item'>\n\t\t\t<dt class='gallery-icon landscape'>\n\t\t\t\t<a href='https:\/\/www.erickson.international\/pt-br\/convenios\/congresses005-2\/'><img width=\"510\" height=\"340\" src=\"https:\/\/www.erickson.international\/wp-content\/uploads\/2015\/10\/congresses005.jpg\" class=\"attachment-full size-full\" alt=\"\" loading=\"lazy\" srcset=\"https:\/\/www.erickson.international\/wp-content\/uploads\/2015\/10\/congresses005.jpg 510w, https:\/\/www.erickson.international\/wp-content\/uploads\/2015\/10\/congresses005-300x200.jpg 300w\" sizes=\"(max-width: 510px) 100vw, 510px\" \/><\/a>\n\t\t\t<\/dt><\/dl><dl class='gallery-item'>\n\t\t\t<dt class='gallery-icon landscape'>\n\t\t\t\t<a href='https:\/\/www.erickson.international\/pt-br\/convenios\/congresses004-2\/'><img width=\"510\" height=\"340\" src=\"https:\/\/www.erickson.international\/wp-content\/uploads\/2015\/10\/congresses004.jpg\" class=\"attachment-full size-full\" alt=\"\" loading=\"lazy\" aria-describedby=\"gallery-1-4399\" srcset=\"https:\/\/www.erickson.international\/wp-content\/uploads\/2015\/10\/congresses004.jpg 510w, https:\/\/www.erickson.international\/wp-content\/uploads\/2015\/10\/congresses004-300x200.jpg 300w\" sizes=\"(max-width: 510px) 100vw, 510px\" \/><\/a>\n\t\t\t<\/dt>\n\t\t\t\t<dd class='wp-caption-text gallery-caption' id='gallery-1-4399'>\n\t\t\t\t1\u00ba Congresso Enfrentar a viol\u00eancia contra as mulheres &#8211; Outubro 2015 &#8211; Trento\n\t\t\t\t<\/dd><\/dl><br style=\"clear: both\" \/><dl class='gallery-item'>\n\t\t\t<dt class='gallery-icon landscape'>\n\t\t\t\t<a href='https:\/\/www.erickson.international\/pt-br\/convenios\/congresses003-2\/'><img width=\"510\" height=\"340\" src=\"https:\/\/www.erickson.international\/wp-content\/uploads\/2015\/10\/congresses003.jpg\" class=\"attachment-full size-full\" alt=\"\" loading=\"lazy\" aria-describedby=\"gallery-1-4396\" srcset=\"https:\/\/www.erickson.international\/wp-content\/uploads\/2015\/10\/congresses003.jpg 510w, https:\/\/www.erickson.international\/wp-content\/uploads\/2015\/10\/congresses003-300x200.jpg 300w\" sizes=\"(max-width: 510px) 100vw, 510px\" \/><\/a>\n\t\t\t<\/dt>\n\t\t\t\t<dd class='wp-caption-text gallery-caption' id='gallery-1-4396'>\n\t\t\t\t1\u00ba Congresso Enfrentar a viol\u00eancia contra as mulheres &#8211; Outubro 2015 &#8211; Trento\n\t\t\t\t<\/dd><\/dl><dl class='gallery-item'>\n\t\t\t<dt class='gallery-icon landscape'>\n\t\t\t\t<a href='https:\/\/www.erickson.international\/pt-br\/convenios\/congresses002-2\/'><img width=\"510\" height=\"340\" src=\"https:\/\/www.erickson.international\/wp-content\/uploads\/2015\/10\/congresses002.jpg\" class=\"attachment-full size-full\" alt=\"\" loading=\"lazy\" aria-describedby=\"gallery-1-4392\" srcset=\"https:\/\/www.erickson.international\/wp-content\/uploads\/2015\/10\/congresses002.jpg 510w, https:\/\/www.erickson.international\/wp-content\/uploads\/2015\/10\/congresses002-300x200.jpg 300w\" sizes=\"(max-width: 510px) 100vw, 510px\" \/><\/a>\n\t\t\t<\/dt>\n\t\t\t\t<dd class='wp-caption-text gallery-caption' id='gallery-1-4392'>\n\t\t\t\t1\u00ba Congresso Enfrentar a viol\u00eancia contra as mulheres &#8211; Outubro 2015 &#8211; Trento\n\t\t\t\t<\/dd><\/dl><dl class='gallery-item'>\n\t\t\t<dt class='gallery-icon landscape'>\n\t\t\t\t<a href='https:\/\/www.erickson.international\/pt-br\/convenios\/convegno-erickson-rimini-14-novembre-2015-ph-marco-simonini-2-2\/'><img width=\"510\" height=\"340\" src=\"https:\/\/www.erickson.international\/wp-content\/uploads\/2015\/10\/congresses001.jpg\" class=\"attachment-full size-full\" alt=\"\" loading=\"lazy\" aria-describedby=\"gallery-1-4389\" srcset=\"https:\/\/www.erickson.international\/wp-content\/uploads\/2015\/10\/congresses001.jpg 510w, https:\/\/www.erickson.international\/wp-content\/uploads\/2015\/10\/congresses001-300x200.jpg 300w\" sizes=\"(max-width: 510px) 100vw, 510px\" \/><\/a>\n\t\t\t<\/dt>\n\t\t\t\t<dd class='wp-caption-text gallery-caption' id='gallery-1-4389'>\n\t\t\t\t10\u00ba Congresso A Qualidade da Escola e Inclus\u00e3o Social &#8211; Novembro 2015 &#8211; Rimini &#8211; Foto Marco Simonini\n\t\t\t\t<\/dd><\/dl><br style=\"clear: both\" \/><dl class='gallery-item'>\n\t\t\t<dt class='gallery-icon landscape'>\n\t\t\t\t<a href='https:\/\/www.erickson.international\/pt-br\/convenios\/congresses008-2\/'><img width=\"510\" height=\"340\" src=\"https:\/\/www.erickson.international\/wp-content\/uploads\/2015\/10\/congresses008.jpg\" class=\"attachment-full size-full\" alt=\"\" loading=\"lazy\" srcset=\"https:\/\/www.erickson.international\/wp-content\/uploads\/2015\/10\/congresses008.jpg 510w, https:\/\/www.erickson.international\/wp-content\/uploads\/2015\/10\/congresses008-300x200.jpg 300w\" sizes=\"(max-width: 510px) 100vw, 510px\" \/><\/a>\n\t\t\t<\/dt><\/dl><dl class='gallery-item'>\n\t\t\t<dt class='gallery-icon landscape'>\n\t\t\t\t<a href='https:\/\/www.erickson.international\/pt-br\/convenios\/congresses009-2\/'><img width=\"510\" height=\"340\" src=\"https:\/\/www.erickson.international\/wp-content\/uploads\/2015\/10\/congresses009.jpg\" class=\"attachment-full size-full\" alt=\"\" loading=\"lazy\" srcset=\"https:\/\/www.erickson.international\/wp-content\/uploads\/2015\/10\/congresses009.jpg 510w, https:\/\/www.erickson.international\/wp-content\/uploads\/2015\/10\/congresses009-300x200.jpg 300w\" sizes=\"(max-width: 510px) 100vw, 510px\" \/><\/a>\n\t\t\t<\/dt><\/dl><dl class='gallery-item'>\n\t\t\t<dt class='gallery-icon landscape'>\n\t\t\t\t<a href='https:\/\/www.erickson.international\/pt-br\/convenios\/congresses010-2\/'><img width=\"510\" height=\"340\" src=\"https:\/\/www.erickson.international\/wp-content\/uploads\/2015\/10\/congresses010.jpg\" class=\"attachment-full size-full\" alt=\"\" loading=\"lazy\" aria-describedby=\"gallery-1-4417\" srcset=\"https:\/\/www.erickson.international\/wp-content\/uploads\/2015\/10\/congresses010.jpg 510w, https:\/\/www.erickson.international\/wp-content\/uploads\/2015\/10\/congresses010-300x200.jpg 300w\" sizes=\"(max-width: 510px) 100vw, 510px\" \/><\/a>\n\t\t\t<\/dt>\n\t\t\t\t<dd class='wp-caption-text gallery-caption' id='gallery-1-4417'>\n\t\t\t\tEdgar Morin &#8211; 10\u00ba Congresso A Qualidade da Escola e Inclus\u00e3o Social &#8211; Novembro 2015 &#8211; Rimini &#8211; Foto Marco Simonini\n\t\t\t\t<\/dd><\/dl><br style=\"clear: both\" \/><dl class='gallery-item'>\n\t\t\t<dt class='gallery-icon landscape'>\n\t\t\t\t<a href='https:\/\/www.erickson.international\/pt-br\/convenios\/congresses011-2\/'><img width=\"510\" height=\"340\" src=\"https:\/\/www.erickson.international\/wp-content\/uploads\/2015\/10\/congresses011.jpg\" class=\"attachment-full size-full\" alt=\"\" loading=\"lazy\" aria-describedby=\"gallery-1-4420\" srcset=\"https:\/\/www.erickson.international\/wp-content\/uploads\/2015\/10\/congresses011.jpg 510w, https:\/\/www.erickson.international\/wp-content\/uploads\/2015\/10\/congresses011-300x200.jpg 300w\" sizes=\"(max-width: 510px) 100vw, 510px\" \/><\/a>\n\t\t\t<\/dt>\n\t\t\t\t<dd class='wp-caption-text gallery-caption' id='gallery-1-4420'>\n\t\t\t\t10\u00ba Congresso A Qualidade da Escola e Inclus\u00e3o Social &#8211; Novembro 2015 &#8211; Rimini &#8211; Foto Marco Simonini\n\t\t\t\t<\/dd><\/dl><dl class='gallery-item'>\n\t\t\t<dt class='gallery-icon landscape'>\n\t\t\t\t<a href='https:\/\/www.erickson.international\/pt-br\/convenios\/congresses012-2\/'><img width=\"510\" height=\"340\" src=\"https:\/\/www.erickson.international\/wp-content\/uploads\/2015\/10\/congresses012.jpg\" class=\"attachment-full size-full\" alt=\"\" loading=\"lazy\" aria-describedby=\"gallery-1-4423\" srcset=\"https:\/\/www.erickson.international\/wp-content\/uploads\/2015\/10\/congresses012.jpg 510w, https:\/\/www.erickson.international\/wp-content\/uploads\/2015\/10\/congresses012-300x200.jpg 300w\" sizes=\"(max-width: 510px) 100vw, 510px\" \/><\/a>\n\t\t\t<\/dt>\n\t\t\t\t<dd class='wp-caption-text gallery-caption' id='gallery-1-4423'>\n\t\t\t\tZygmunt Bauman &#8211; Sess\u00e3o de aut\u00f3grafos no 10\u00ba Congresso A Qualidade da Escola e Inclus\u00e3o Social\n\t\t\t\t<\/dd><\/dl><dl class='gallery-item'>\n\t\t\t<dt class='gallery-icon landscape'>\n\t\t\t\t<a href='https:\/\/www.erickson.international\/pt-br\/convenios\/congresses013-2\/'><img width=\"510\" height=\"340\" src=\"https:\/\/www.erickson.international\/wp-content\/uploads\/2015\/10\/congresses013.jpg\" class=\"attachment-full size-full\" alt=\"\" loading=\"lazy\" aria-describedby=\"gallery-1-4426\" srcset=\"https:\/\/www.erickson.international\/wp-content\/uploads\/2015\/10\/congresses013.jpg 510w, https:\/\/www.erickson.international\/wp-content\/uploads\/2015\/10\/congresses013-300x200.jpg 300w\" sizes=\"(max-width: 510px) 100vw, 510px\" \/><\/a>\n\t\t\t<\/dt>\n\t\t\t\t<dd class='wp-caption-text gallery-caption' id='gallery-1-4426'>\n\t\t\t\tZygmunt Bauman &#8211; Sess\u00e3o de aut\u00f3grafos no 10\u00ba Congresso A Qualidade da Escola e Inclus\u00e3o Social\n\t\t\t\t<\/dd><\/dl><br style=\"clear: both\" \/><dl class='gallery-item'>\n\t\t\t<dt class='gallery-icon landscape'>\n\t\t\t\t<a href='https:\/\/www.erickson.international\/pt-br\/convenios\/congresses014-2\/'><img width=\"510\" height=\"340\" src=\"https:\/\/www.erickson.international\/wp-content\/uploads\/2015\/10\/congresses014.jpg\" class=\"attachment-full size-full\" alt=\"\" loading=\"lazy\" aria-describedby=\"gallery-1-4429\" srcset=\"https:\/\/www.erickson.international\/wp-content\/uploads\/2015\/10\/congresses014.jpg 510w, https:\/\/www.erickson.international\/wp-content\/uploads\/2015\/10\/congresses014-300x200.jpg 300w\" sizes=\"(max-width: 510px) 100vw, 510px\" \/><\/a>\n\t\t\t<\/dt>\n\t\t\t\t<dd class='wp-caption-text gallery-caption' id='gallery-1-4429'>\n\t\t\t\t10\u00ba Congresso A Qualidade da Escola e Inclus\u00e3o Social &#8211; Novembro 2015 &#8211; Rimini &#8211; Foto Marco Simonini\n\t\t\t\t<\/dd><\/dl><dl class='gallery-item'>\n\t\t\t<dt class='gallery-icon landscape'>\n\t\t\t\t<a href='https:\/\/www.erickson.international\/pt-br\/convenios\/congresses015-2\/'><img width=\"510\" height=\"340\" src=\"https:\/\/www.erickson.international\/wp-content\/uploads\/2015\/10\/congresses015.jpg\" class=\"attachment-full size-full\" alt=\"\" loading=\"lazy\" aria-describedby=\"gallery-1-4432\" srcset=\"https:\/\/www.erickson.international\/wp-content\/uploads\/2015\/10\/congresses015.jpg 510w, https:\/\/www.erickson.international\/wp-content\/uploads\/2015\/10\/congresses015-300x200.jpg 300w\" sizes=\"(max-width: 510px) 100vw, 510px\" \/><\/a>\n\t\t\t<\/dt>\n\t\t\t\t<dd class='wp-caption-text gallery-caption' id='gallery-1-4432'>\n\t\t\t\t10\u00ba Congresso A Qualidade da Escola e Inclus\u00e3o Social &#8211; Novembro 2015 &#8211; Rimini &#8211; Foto Marco Simonini\n\t\t\t\t<\/dd><\/dl><dl class='gallery-item'>\n\t\t\t<dt class='gallery-icon landscape'>\n\t\t\t\t<a href='https:\/\/www.erickson.international\/pt-br\/convenios\/convegno-erickson-rimini-13-novembre-2015-ph-marco-simonini-3-2\/'><img width=\"510\" height=\"340\" src=\"https:\/\/www.erickson.international\/wp-content\/uploads\/2015\/10\/congresses016.jpg\" class=\"attachment-full size-full\" alt=\"\" loading=\"lazy\" aria-describedby=\"gallery-1-4435\" srcset=\"https:\/\/www.erickson.international\/wp-content\/uploads\/2015\/10\/congresses016.jpg 510w, https:\/\/www.erickson.international\/wp-content\/uploads\/2015\/10\/congresses016-300x200.jpg 300w\" sizes=\"(max-width: 510px) 100vw, 510px\" \/><\/a>\n\t\t\t<\/dt>\n\t\t\t\t<dd class='wp-caption-text gallery-caption' id='gallery-1-4435'>\n\t\t\t\t10\u00ba Congresso A Qualidade da Escola e Inclus\u00e3o Social &#8211; Novembro 2015 &#8211; Rimini &#8211; Foto Marco Simonini\n\t\t\t\t<\/dd><\/dl><br style=\"clear: both\" \/><dl class='gallery-item'>\n\t\t\t<dt class='gallery-icon landscape'>\n\t\t\t\t<a href='https:\/\/www.erickson.international\/pt-br\/convenios\/convegno-erickson-rimini-13-novembre-2015-ph-marco-simonini-4-2\/'><img width=\"510\" height=\"340\" src=\"https:\/\/www.erickson.international\/wp-content\/uploads\/2015\/10\/congresses017.jpg\" class=\"attachment-full size-full\" alt=\"\" loading=\"lazy\" aria-describedby=\"gallery-1-4438\" srcset=\"https:\/\/www.erickson.international\/wp-content\/uploads\/2015\/10\/congresses017.jpg 510w, https:\/\/www.erickson.international\/wp-content\/uploads\/2015\/10\/congresses017-300x200.jpg 300w\" sizes=\"(max-width: 510px) 100vw, 510px\" \/><\/a>\n\t\t\t<\/dt>\n\t\t\t\t<dd class='wp-caption-text gallery-caption' id='gallery-1-4438'>\n\t\t\t\t10\u00ba Congresso A Qualidade da Escola e Inclus\u00e3o Social &#8211; Novembro 2015 &#8211; Rimini &#8211; Foto Marco Simonini\n\t\t\t\t<\/dd><\/dl><dl class='gallery-item'>\n\t\t\t<dt class='gallery-icon landscape'>\n\t\t\t\t<a href='https:\/\/www.erickson.international\/pt-br\/convenios\/convegno-erickson-rimini-14-novembre-2015-ph-marco-simonini-3-2\/'><img width=\"510\" height=\"340\" src=\"https:\/\/www.erickson.international\/wp-content\/uploads\/2015\/10\/congresses018.jpg\" class=\"attachment-full size-full\" alt=\"\" loading=\"lazy\" aria-describedby=\"gallery-1-4441\" srcset=\"https:\/\/www.erickson.international\/wp-content\/uploads\/2015\/10\/congresses018.jpg 510w, https:\/\/www.erickson.international\/wp-content\/uploads\/2015\/10\/congresses018-300x200.jpg 300w\" sizes=\"(max-width: 510px) 100vw, 510px\" \/><\/a>\n\t\t\t<\/dt>\n\t\t\t\t<dd class='wp-caption-text gallery-caption' id='gallery-1-4441'>\n\t\t\t\t10\u00ba Congresso A Qualidade da Escola e Inclus\u00e3o Social &#8211; Novembro 2015 &#8211; Rimini &#8211; Foto Marco Simonini\n\t\t\t\t<\/dd><\/dl>\n\t\t\t<br style='clear: both' \/>\n\t\t<\/div>\n\n<\/div>\n<p>Palestras de especialistas nacionais e internacionais, sess\u00f5es plen\u00e1rias e workshops de aperfei\u00e7oamento organizados em todo o territ\u00f3rio nacional com a particip\u00e7\u00e3o de autoridades como: Zygmunt Bauman, Edgar Morin, Howard Gardner, Marc\u00a0Prensky, Massimo Recalcati, Piergiorgio Odifreddi, Marco Lodoli, Miguel Benasayag\u00a0e muitos outros.<br \/>\n<strong>ALGUNS N\u00daMEROS<\/strong>: mais de 4000 participantes por ano, provenientes de toda a It\u00e1lia, de diversos setores: escola, \u00e2mbito psicoeducacional, social, etc.<\/p>\n<h3>Uma sele\u00e7\u00e3o dos nossos conv\u00eanios:<\/h3>\n<ul>\n<li>A Qualidade da Integra\u00e7\u00e3o Escolar e Social<\/li>\n<li>Enfrentar a viol\u00eancia contra as mulheres<\/li>\n<li>O m\u00e9todo anal\u00f3gico de Camillo Bortolato<\/li>\n<li>Inova\u00e7\u00f5es para diretores e assistentes<\/li>\n<li>Ensinar a aprender matem\u00e1tica<\/li>\n<li>Autismo<\/li>\n<li>Super-herois fr\u00e1geis \u2013 adolescentes na escola entre problemas velhos e novos<\/li>\n<li>A tutela dos idosos<\/li>\n<li>A tutela dos menores<\/li>\n<\/ul>\n","protected":false},"excerpt":{"rendered":"<p>Palestras de especialistas nacionais e internacionais, sess\u00f5es plen\u00e1rias e workshops de aperfei\u00e7oamento organizados em todo o territ\u00f3rio nacional com a particip\u00e7\u00e3o de autoridades como: Zygmunt Bauman, Edgar Morin, Howard Gardner, Marc\u00a0Prensky, Massimo Recalcati, Piergiorgio Odifreddi, Marco Lodoli, Miguel Benasayag\u00a0e muitos outros. ALGUNS N\u00daMEROS: mais de 4000 participantes por ano, provenientes de toda a It\u00e1lia, de [&hellip;]<\/p>\n","protected":false},"author":1,"featured_media":4445,"parent":0,"menu_order":0,"comment_status":"closed","ping_status":"closed","template":"page-templates\/page-istituzionaletest.php","meta":[],"acf":[],"yoast_head":"<!-- This site is optimized with the Yoast SEO plugin v19.6 - https:\/\/yoast.com\/wordpress\/plugins\/seo\/ -->\n<title>CONV\u00caNIOS - Erickson International<\/title>\n<meta name=\"robots\" content=\"index, follow, max-snippet:-1, max-image-preview:large, max-video-preview:-1\" \/>\n<link rel=\"canonical\" href=\"https:\/\/www.erickson.international\/pt-br\/convenios\/\" \/>\n<meta name=\"twitter:label1\" content=\"Est. reading time\" \/>\n\t<meta name=\"twitter:data1\" content=\"1 minute\" \/>\n<script type=\"application\/ld+json\" class=\"yoast-schema-graph\">{\"@context\":\"https:\/\/schema.org\",\"@graph\":[{\"@type\":\"WebPage\",\"@id\":\"https:\/\/www.erickson.international\/pt-br\/convenios\/\",\"url\":\"https:\/\/www.erickson.international\/pt-br\/convenios\/\",\"name\":\"CONV\u00caNIOS - Erickson International\",\"isPartOf\":{\"@id\":\"https:\/\/www.erickson.international\/pt-br\/#website\"},\"datePublished\":\"2015-10-06T08:53:02+00:00\",\"dateModified\":\"2016-05-19T07:24:41+00:00\",\"breadcrumb\":{\"@id\":\"https:\/\/www.erickson.international\/pt-br\/convenios\/#breadcrumb\"},\"inLanguage\":\"pt-BR\",\"potentialAction\":[{\"@type\":\"ReadAction\",\"target\":[\"https:\/\/www.erickson.international\/pt-br\/convenios\/\"]}]},{\"@type\":\"BreadcrumbList\",\"@id\":\"https:\/\/www.erickson.international\/pt-br\/convenios\/#breadcrumb\",\"itemListElement\":[{\"@type\":\"ListItem\",\"position\":1,\"name\":\"Home\",\"item\":\"https:\/\/www.erickson.international\/pt-br\/\"},{\"@type\":\"ListItem\",\"position\":2,\"name\":\"CONV\u00caNIOS\"}]},{\"@type\":\"WebSite\",\"@id\":\"https:\/\/www.erickson.international\/pt-br\/#website\",\"url\":\"https:\/\/www.erickson.international\/pt-br\/\",\"name\":\"Erickson International\",\"description\":\"Ideas that help\",\"potentialAction\":[{\"@type\":\"SearchAction\",\"target\":{\"@type\":\"EntryPoint\",\"urlTemplate\":\"https:\/\/www.erickson.international\/pt-br\/?s={search_term_string}\"},\"query-input\":\"required name=search_term_string\"}],\"inLanguage\":\"pt-BR\"}]}<\/script>\n<!-- \/ Yoast SEO plugin. -->","yoast_head_json":{"title":"CONV\u00caNIOS - Erickson International","robots":{"index":"index","follow":"follow","max-snippet":"max-snippet:-1","max-image-preview":"max-image-preview:large","max-video-preview":"max-video-preview:-1"},"canonical":"https:\/\/www.erickson.international\/pt-br\/convenios\/","twitter_misc":{"Est. reading time":"1 minute"},"schema":{"@context":"https:\/\/schema.org","@graph":[{"@type":"WebPage","@id":"https:\/\/www.erickson.international\/pt-br\/convenios\/","url":"https:\/\/www.erickson.international\/pt-br\/convenios\/","name":"CONV\u00caNIOS - Erickson International","isPartOf":{"@id":"https:\/\/www.erickson.international\/pt-br\/#website"},"datePublished":"2015-10-06T08:53:02+00:00","dateModified":"2016-05-19T07:24:41+00:00","breadcrumb":{"@id":"https:\/\/www.erickson.international\/pt-br\/convenios\/#breadcrumb"},"inLanguage":"pt-BR","potentialAction":[{"@type":"ReadAction","target":["https:\/\/www.erickson.international\/pt-br\/convenios\/"]}]},{"@type":"BreadcrumbList","@id":"https:\/\/www.erickson.international\/pt-br\/convenios\/#breadcrumb","itemListElement":[{"@type":"ListItem","position":1,"name":"Home","item":"https:\/\/www.erickson.international\/pt-br\/"},{"@type":"ListItem","position":2,"name":"CONV\u00caNIOS"}]},{"@type":"WebSite","@id":"https:\/\/www.erickson.international\/pt-br\/#website","url":"https:\/\/www.erickson.international\/pt-br\/","name":"Erickson International","description":"Ideas that help","potentialAction":[{"@type":"SearchAction","target":{"@type":"EntryPoint","urlTemplate":"https:\/\/www.erickson.international\/pt-br\/?s={search_term_string}"},"query-input":"required name=search_term_string"}],"inLanguage":"pt-BR"}]}},"_links":{"self":[{"href":"https:\/\/www.erickson.international\/pt-br\/wp-json\/wp\/v2\/pages\/3443"}],"collection":[{"href":"https:\/\/www.erickson.international\/pt-br\/wp-json\/wp\/v2\/pages"}],"about":[{"href":"https:\/\/www.erickson.international\/pt-br\/wp-json\/wp\/v2\/types\/page"}],"author":[{"embeddable":true,"href":"https:\/\/www.erickson.international\/pt-br\/wp-json\/wp\/v2\/users\/1"}],"replies":[{"embeddable":true,"href":"https:\/\/www.erickson.international\/pt-br\/wp-json\/wp\/v2\/comments?post=3443"}],"version-history":[{"count":7,"href":"https:\/\/www.erickson.international\/pt-br\/wp-json\/wp\/v2\/pages\/3443\/revisions"}],"predecessor-version":[{"id":6599,"href":"https:\/\/www.erickson.international\/pt-br\/wp-json\/wp\/v2\/pages\/3443\/revisions\/6599"}],"wp:featuredmedia":[{"embeddable":true,"href":"https:\/\/www.erickson.international\/pt-br\/wp-json\/wp\/v2\/media\/4445"}],"wp:attachment":[{"href":"https:\/\/www.erickson.international\/pt-br\/wp-json\/wp\/v2\/media?parent=3443"}],"curies":[{"name":"wp","href":"https:\/\/api.w.org\/{rel}","templated":true}]}}