{"id":3441,"date":"2015-10-06T08:52:25","date_gmt":"2015-10-06T08:52:25","guid":{"rendered":"http:\/\/www.erickson.international\/pt-br\/?page_id=3441"},"modified":"2016-05-19T07:15:28","modified_gmt":"2016-05-19T07:15:28","slug":"formacao","status":"publish","type":"page","link":"https:\/\/www.erickson.international\/pt-br\/formacao\/","title":{"rendered":"FORMA\u00c7\u00c3O"},"content":{"rendered":"<div class=\"gallery-I\">\n\n\t\t<style type=\"text\/css\">\n\t\t\t#gallery-1 {\n\t\t\t\tmargin: auto;\n\t\t\t}\n\t\t\t#gallery-1 .gallery-item {\n\t\t\t\tfloat: left;\n\t\t\t\tmargin-top: 10px;\n\t\t\t\ttext-align: center;\n\t\t\t\twidth: 33%;\n\t\t\t}\n\t\t\t#gallery-1 img {\n\t\t\t\tborder: 2px solid #cfcfcf;\n\t\t\t}\n\t\t\t#gallery-1 .gallery-caption {\n\t\t\t\tmargin-left: 0;\n\t\t\t}\n\t\t\t\/* see gallery_shortcode() in wp-includes\/media.php *\/\n\t\t<\/style>\n\t\t<div id='gallery-1' class='gallery galleryid-3441 gallery-columns-3 gallery-size-full'><dl class='gallery-item'>\n\t\t\t<dt class='gallery-icon landscape'>\n\t\t\t\t<a href='https:\/\/www.erickson.international\/pt-br\/formacao\/convegno-erickson-rimini-14-novembre-2015-ph-marco-simonini-2\/'><img width=\"510\" height=\"340\" src=\"https:\/\/www.erickson.international\/wp-content\/uploads\/2015\/10\/training017.jpg\" class=\"attachment-full size-full\" alt=\"\" loading=\"lazy\" aria-describedby=\"gallery-1-4373\" srcset=\"https:\/\/www.erickson.international\/wp-content\/uploads\/2015\/10\/training017.jpg 510w, https:\/\/www.erickson.international\/wp-content\/uploads\/2015\/10\/training017-300x200.jpg 300w\" sizes=\"(max-width: 510px) 100vw, 510px\" \/><\/a>\n\t\t\t<\/dt>\n\t\t\t\t<dd class='wp-caption-text gallery-caption' id='gallery-1-4373'>\n\t\t\t\tWorkshop &#8211; 10\u00ba Congresso A Qualidade da Escola e Inclus\u00e3o Social &#8211; Novembro 2015 &#8211; Rimini &#8211; Foto Marco Simonini\n\t\t\t\t<\/dd><\/dl><dl class='gallery-item'>\n\t\t\t<dt class='gallery-icon landscape'>\n\t\t\t\t<a href='https:\/\/www.erickson.international\/pt-br\/formacao\/convegno-erickson-rimini-13-novembre-2015-ph-marco-simonini-2-2\/'><img width=\"510\" height=\"340\" src=\"https:\/\/www.erickson.international\/wp-content\/uploads\/2015\/10\/training016.jpg\" class=\"attachment-full size-full\" alt=\"\" loading=\"lazy\" srcset=\"https:\/\/www.erickson.international\/wp-content\/uploads\/2015\/10\/training016.jpg 510w, https:\/\/www.erickson.international\/wp-content\/uploads\/2015\/10\/training016-300x200.jpg 300w\" sizes=\"(max-width: 510px) 100vw, 510px\" \/><\/a>\n\t\t\t<\/dt><\/dl><dl class='gallery-item'>\n\t\t\t<dt class='gallery-icon landscape'>\n\t\t\t\t<a href='https:\/\/www.erickson.international\/pt-br\/formacao\/convegno-erickson-rimini-13-novembre-2015-ph-marco-simonini-2\/'><img width=\"510\" height=\"340\" src=\"https:\/\/www.erickson.international\/wp-content\/uploads\/2015\/10\/training015.jpg\" class=\"attachment-full size-full\" alt=\"\" loading=\"lazy\" aria-describedby=\"gallery-1-4367\" srcset=\"https:\/\/www.erickson.international\/wp-content\/uploads\/2015\/10\/training015.jpg 510w, https:\/\/www.erickson.international\/wp-content\/uploads\/2015\/10\/training015-300x200.jpg 300w\" sizes=\"(max-width: 510px) 100vw, 510px\" \/><\/a>\n\t\t\t<\/dt>\n\t\t\t\t<dd class='wp-caption-text gallery-caption' id='gallery-1-4367'>\n\t\t\t\tWorkshop &#8211; 10\u00ba Congresso A Qualidade da Escola e Inclus\u00e3o Social &#8211; Novembro 2015 &#8211; Rimini &#8211; Foto Marco Simonini\n\t\t\t\t<\/dd><\/dl><br style=\"clear: both\" \/><dl class='gallery-item'>\n\t\t\t<dt class='gallery-icon landscape'>\n\t\t\t\t<a href='https:\/\/www.erickson.international\/pt-br\/formacao\/training014-2\/'><img width=\"510\" height=\"340\" src=\"https:\/\/www.erickson.international\/wp-content\/uploads\/2015\/10\/training014.jpg\" class=\"attachment-full size-full\" alt=\"\" loading=\"lazy\" aria-describedby=\"gallery-1-4364\" srcset=\"https:\/\/www.erickson.international\/wp-content\/uploads\/2015\/10\/training014.jpg 510w, https:\/\/www.erickson.international\/wp-content\/uploads\/2015\/10\/training014-300x200.jpg 300w\" sizes=\"(max-width: 510px) 100vw, 510px\" \/><\/a>\n\t\t\t<\/dt>\n\t\t\t\t<dd class='wp-caption-text gallery-caption' id='gallery-1-4364'>\n\t\t\t\tWorkshop &#8211; 10\u00ba Congresso A Qualidade da Escola e Inclus\u00e3o Social &#8211; Novembro 2015 &#8211; Rimini &#8211; Foto Marco Simonini\n\t\t\t\t<\/dd><\/dl><dl class='gallery-item'>\n\t\t\t<dt class='gallery-icon landscape'>\n\t\t\t\t<a href='https:\/\/www.erickson.international\/pt-br\/formacao\/training013-2\/'><img width=\"510\" height=\"340\" src=\"https:\/\/www.erickson.international\/wp-content\/uploads\/2015\/10\/training013.jpg\" class=\"attachment-full size-full\" alt=\"\" loading=\"lazy\" aria-describedby=\"gallery-1-4361\" srcset=\"https:\/\/www.erickson.international\/wp-content\/uploads\/2015\/10\/training013.jpg 510w, https:\/\/www.erickson.international\/wp-content\/uploads\/2015\/10\/training013-300x200.jpg 300w\" sizes=\"(max-width: 510px) 100vw, 510px\" \/><\/a>\n\t\t\t<\/dt>\n\t\t\t\t<dd class='wp-caption-text gallery-caption' id='gallery-1-4361'>\n\t\t\t\tWorkshop de Alberto Pellai &#8211; 10\u00ba Congresso A Qualidade da Escola e Inclus\u00e3o Social &#8211; Novembro 2015 &#8211; Rimini &#8211; Foto Marco Simonini\n\t\t\t\t<\/dd><\/dl><dl class='gallery-item'>\n\t\t\t<dt class='gallery-icon portrait'>\n\t\t\t\t<a href='https:\/\/www.erickson.international\/pt-br\/formacao\/training012-2\/'><img width=\"340\" height=\"510\" src=\"https:\/\/www.erickson.international\/wp-content\/uploads\/2015\/10\/training012.jpg\" class=\"attachment-full size-full\" alt=\"\" loading=\"lazy\" srcset=\"https:\/\/www.erickson.international\/wp-content\/uploads\/2015\/10\/training012.jpg 340w, https:\/\/www.erickson.international\/wp-content\/uploads\/2015\/10\/training012-200x300.jpg 200w\" sizes=\"(max-width: 340px) 100vw, 340px\" \/><\/a>\n\t\t\t<\/dt><\/dl><br style=\"clear: both\" \/><dl class='gallery-item'>\n\t\t\t<dt class='gallery-icon portrait'>\n\t\t\t\t<a href='https:\/\/www.erickson.international\/pt-br\/formacao\/training011-2\/'><img width=\"340\" height=\"510\" src=\"https:\/\/www.erickson.international\/wp-content\/uploads\/2015\/10\/training011.jpg\" class=\"attachment-full size-full\" alt=\"\" loading=\"lazy\" srcset=\"https:\/\/www.erickson.international\/wp-content\/uploads\/2015\/10\/training011.jpg 340w, https:\/\/www.erickson.international\/wp-content\/uploads\/2015\/10\/training011-200x300.jpg 200w\" sizes=\"(max-width: 340px) 100vw, 340px\" \/><\/a>\n\t\t\t<\/dt><\/dl><dl class='gallery-item'>\n\t\t\t<dt class='gallery-icon landscape'>\n\t\t\t\t<a href='https:\/\/www.erickson.international\/pt-br\/formacao\/training010-2\/'><img width=\"510\" height=\"340\" src=\"https:\/\/www.erickson.international\/wp-content\/uploads\/2015\/10\/training010.jpg\" class=\"attachment-full size-full\" alt=\"\" loading=\"lazy\" srcset=\"https:\/\/www.erickson.international\/wp-content\/uploads\/2015\/10\/training010.jpg 510w, https:\/\/www.erickson.international\/wp-content\/uploads\/2015\/10\/training010-300x200.jpg 300w\" sizes=\"(max-width: 510px) 100vw, 510px\" \/><\/a>\n\t\t\t<\/dt><\/dl><dl class='gallery-item'>\n\t\t\t<dt class='gallery-icon landscape'>\n\t\t\t\t<a href='https:\/\/www.erickson.international\/pt-br\/formacao\/training009-2\/'><img width=\"510\" height=\"340\" src=\"https:\/\/www.erickson.international\/wp-content\/uploads\/2015\/10\/training009.jpg\" class=\"attachment-full size-full\" alt=\"\" loading=\"lazy\" aria-describedby=\"gallery-1-4349\" srcset=\"https:\/\/www.erickson.international\/wp-content\/uploads\/2015\/10\/training009.jpg 510w, https:\/\/www.erickson.international\/wp-content\/uploads\/2015\/10\/training009-300x200.jpg 300w\" sizes=\"(max-width: 510px) 100vw, 510px\" \/><\/a>\n\t\t\t<\/dt>\n\t\t\t\t<dd class='wp-caption-text gallery-caption' id='gallery-1-4349'>\n\t\t\t\tWorkshop &#8211; 10\u00ba Congresso A Qualidade da Escola e Inclus\u00e3o Social &#8211; Novembro 2015 &#8211; Rimini &#8211; Foto Marco Simonini\n\t\t\t\t<\/dd><\/dl><br style=\"clear: both\" \/><dl class='gallery-item'>\n\t\t\t<dt class='gallery-icon landscape'>\n\t\t\t\t<a href='https:\/\/www.erickson.international\/pt-br\/formacao\/training008-2\/'><img width=\"510\" height=\"340\" src=\"https:\/\/www.erickson.international\/wp-content\/uploads\/2015\/10\/training008.jpg\" class=\"attachment-full size-full\" alt=\"\" loading=\"lazy\" aria-describedby=\"gallery-1-4346\" srcset=\"https:\/\/www.erickson.international\/wp-content\/uploads\/2015\/10\/training008.jpg 510w, https:\/\/www.erickson.international\/wp-content\/uploads\/2015\/10\/training008-300x200.jpg 300w\" sizes=\"(max-width: 510px) 100vw, 510px\" \/><\/a>\n\t\t\t<\/dt>\n\t\t\t\t<dd class='wp-caption-text gallery-caption' id='gallery-1-4346'>\n\t\t\t\tWorkshop &#8211; 10\u00ba Congresso A Qualidade da Escola e Inclus\u00e3o Social &#8211; Novembro 2015 &#8211; Rimini &#8211; Foto Marco Simonini\n\t\t\t\t<\/dd><\/dl><dl class='gallery-item'>\n\t\t\t<dt class='gallery-icon landscape'>\n\t\t\t\t<a href='https:\/\/www.erickson.international\/pt-br\/formacao\/training007-2\/'><img width=\"510\" height=\"340\" src=\"https:\/\/www.erickson.international\/wp-content\/uploads\/2015\/10\/training007.jpg\" class=\"attachment-full size-full\" alt=\"\" loading=\"lazy\" srcset=\"https:\/\/www.erickson.international\/wp-content\/uploads\/2015\/10\/training007.jpg 510w, https:\/\/www.erickson.international\/wp-content\/uploads\/2015\/10\/training007-300x200.jpg 300w\" sizes=\"(max-width: 510px) 100vw, 510px\" \/><\/a>\n\t\t\t<\/dt><\/dl><dl class='gallery-item'>\n\t\t\t<dt class='gallery-icon landscape'>\n\t\t\t\t<a href='https:\/\/www.erickson.international\/pt-br\/formacao\/training006-2\/'><img width=\"510\" height=\"340\" src=\"https:\/\/www.erickson.international\/wp-content\/uploads\/2015\/10\/training006.jpg\" class=\"attachment-full size-full\" alt=\"\" loading=\"lazy\" srcset=\"https:\/\/www.erickson.international\/wp-content\/uploads\/2015\/10\/training006.jpg 510w, https:\/\/www.erickson.international\/wp-content\/uploads\/2015\/10\/training006-300x200.jpg 300w\" sizes=\"(max-width: 510px) 100vw, 510px\" \/><\/a>\n\t\t\t<\/dt><\/dl><br style=\"clear: both\" \/><dl class='gallery-item'>\n\t\t\t<dt class='gallery-icon landscape'>\n\t\t\t\t<a href='https:\/\/www.erickson.international\/pt-br\/formacao\/training005-2\/'><img width=\"510\" height=\"340\" src=\"https:\/\/www.erickson.international\/wp-content\/uploads\/2015\/10\/training005.jpg\" class=\"attachment-full size-full\" alt=\"\" loading=\"lazy\" srcset=\"https:\/\/www.erickson.international\/wp-content\/uploads\/2015\/10\/training005.jpg 510w, https:\/\/www.erickson.international\/wp-content\/uploads\/2015\/10\/training005-300x200.jpg 300w\" sizes=\"(max-width: 510px) 100vw, 510px\" \/><\/a>\n\t\t\t<\/dt><\/dl><dl class='gallery-item'>\n\t\t\t<dt class='gallery-icon landscape'>\n\t\t\t\t<a href='https:\/\/www.erickson.international\/pt-br\/formacao\/training003-2\/'><img width=\"510\" height=\"340\" src=\"https:\/\/www.erickson.international\/wp-content\/uploads\/2015\/10\/training003.jpg\" class=\"attachment-full size-full\" alt=\"\" loading=\"lazy\" srcset=\"https:\/\/www.erickson.international\/wp-content\/uploads\/2015\/10\/training003.jpg 510w, https:\/\/www.erickson.international\/wp-content\/uploads\/2015\/10\/training003-300x200.jpg 300w\" sizes=\"(max-width: 510px) 100vw, 510px\" \/><\/a>\n\t\t\t<\/dt><\/dl><dl class='gallery-item'>\n\t\t\t<dt class='gallery-icon landscape'>\n\t\t\t\t<a href='https:\/\/www.erickson.international\/pt-br\/formacao\/training002-2\/'><img width=\"510\" height=\"340\" src=\"https:\/\/www.erickson.international\/wp-content\/uploads\/2015\/10\/training002.jpg\" class=\"attachment-full size-full\" alt=\"\" loading=\"lazy\" srcset=\"https:\/\/www.erickson.international\/wp-content\/uploads\/2015\/10\/training002.jpg 510w, https:\/\/www.erickson.international\/wp-content\/uploads\/2015\/10\/training002-300x200.jpg 300w\" sizes=\"(max-width: 510px) 100vw, 510px\" \/><\/a>\n\t\t\t<\/dt><\/dl><br style=\"clear: both\" \/><dl class='gallery-item'>\n\t\t\t<dt class='gallery-icon landscape'>\n\t\t\t\t<a href='https:\/\/www.erickson.international\/pt-br\/formacao\/training001-2\/'><img width=\"510\" height=\"340\" src=\"https:\/\/www.erickson.international\/wp-content\/uploads\/2015\/10\/training001.jpg\" class=\"attachment-full size-full\" alt=\"\" loading=\"lazy\" srcset=\"https:\/\/www.erickson.international\/wp-content\/uploads\/2015\/10\/training001.jpg 510w, https:\/\/www.erickson.international\/wp-content\/uploads\/2015\/10\/training001-300x200.jpg 300w\" sizes=\"(max-width: 510px) 100vw, 510px\" \/><\/a>\n\t\t\t<\/dt><\/dl>\n\t\t\t<br style='clear: both' \/>\n\t\t<\/div>\n\n<\/div>\n<p>A Erickson trabalha h\u00e1 mais de trinta anos com a forma\u00e7\u00e3o das figuras profissionais que trabalham em contato com o mundo da escola, da educa\u00e7\u00e3o, da reabilita\u00e7\u00e3o das pessoas com necessidades especiais, do social e das pol\u00edticas de bem-estar.<\/p>\n<p>A atividade de forma\u00e7\u00e3o, gra\u00e7as ao cont\u00ednuo crescimento da equipe de formadores, foi se estendendo sempre mais, com a garantia inalterada de seriedade e profissionalismo, que desde sempre destaca o Centro de Estudos Erickson, ao qual foi reconhecido o credenciamento, pelo Minist\u00e9rio da Educa\u00e7\u00e3o, para a forma\u00e7\u00e3o do Pessoal da escola, pelo Minist\u00e9rio da Sa\u00fade\u00a0a fornecedores ECM (Educa\u00e7\u00e3o Cont\u00ednua de Medicina) e o credenciamento CnOAS para a libera\u00e7\u00e3o de cr\u00e9ditos formativos para os assistentes sociais.<\/p>\n<h3>Forma\u00e7\u00e3o \u00e0 dist\u00e2ncia<\/h3>\n<p>A forma\u00e7\u00e3o on-line oferece a possibilidade de aprender utilizando a internet, com a possibilidade de baixar manuais\u00a0de estudo, consultar v\u00eddeos did\u00e1ticos, fazer exercita\u00e7\u00f5es e participar dos f\u00f3runs sem v\u00ednculo de hor\u00e1rio. Os cursos on-line Erickson duram geralmente dois meses (s\u00e3o estimadas 50 horas, contando o estudo dos materiais e a realiza\u00e7\u00e3o dos testes de verifica\u00e7\u00e3o) e ocorrem inteiramente \u00e0 dist\u00e2ncia, e em modalidade ass\u00edncrona, ou seja, n\u00e3o necessitam de presen\u00e7a contempor\u00e2nea de tutor e participante.<\/p>\n<p><strong>ALGUNS N\u00daMEROS<\/strong>: mais de 60 cursos on-line no cat\u00e1logo, 120 tutores envolvidos, 3.000 horas de forma\u00e7\u00e3o e 1.200 cursistas.<\/p>\n<h3>Cursos presenciais<\/h3>\n<p>Cursos, semin\u00e1rios, especializa\u00e7\u00f5es e oficinas organizadas junto \u00e0 sede do Centro de Estudos Erickson em Trento e em todo territ\u00f3rio nacional. Grandes especialistas animam os momentos formativos intensivos, de um ou mais dias. Uma oportunidade para encontrar pessoas de toda a\u00a0 It\u00e1lia, compartilhar experi\u00eancias e entrar em campo. Al\u00e9m disso, se organizam percursos de forma\u00e7\u00e3o que permitem obter a qualifica\u00e7\u00e3o de Especialista Erickson em tem\u00e1ticas espec\u00edficas. A forma\u00e7\u00e3o destes novos profissionais nasce do levantamento da necessidade emergente no atual contexto social, sentida sempre mais pelas fam\u00edlias, pelas escolas, pelas institui\u00e7\u00f5es e pela sociedade em geral.<\/p>\n<p><strong>ALGUNS N\u00daMEROS<\/strong>: em m\u00e9dia, participam dos nossos cursos na sede mais de \u00a01.500 pessoas por ano e fora da sede mais de 3.000 pessoas por ano<\/p>\n<h3>Por projeto<\/h3>\n<p>Cursos de atualiza\u00e7\u00e3o\/revisita\u00e7\u00e3o, workshops e conv\u00eanios personalizados, realizados diretamente na sede da Escola ou da Institui\u00e7\u00e3o que os solicita.<br \/>\nEstes projetos, constru\u00eddos em base a uma atenta an\u00e1lise das exig\u00eancias do cliente,<br \/>\natendem \u00e0s necessidades de atualiza\u00e7\u00e3o exigidas por professores, educadores, \u00a0professores auxiliares, assistentes sociais e de sa\u00fade, na perspectiva de refor\u00e7ar o pr\u00f3prio profissionalismo e com inten\u00e7\u00e3o de enfrentar com compet\u00eancia as problem\u00e1ticas sempre mais complexas que emergem dos \u00e2mbitos educacionais, sociais e de sa\u00fade nos quais operam.<\/p>\n<p><strong>ALGUNS N\u00daMEROS<\/strong>: mais de 150 cursos personalizados, organizados em toda It\u00e1lia, com mais de 15.000 pessoas formadas.<\/p>\n","protected":false},"excerpt":{"rendered":"<p>A Erickson trabalha h\u00e1 mais de trinta anos com a forma\u00e7\u00e3o das figuras profissionais que trabalham em contato com o mundo da escola, da educa\u00e7\u00e3o, da reabilita\u00e7\u00e3o das pessoas com necessidades especiais, do social e das pol\u00edticas de bem-estar. A atividade de forma\u00e7\u00e3o, gra\u00e7as ao cont\u00ednuo crescimento da equipe de formadores, foi se estendendo sempre [&hellip;]<\/p>\n","protected":false},"author":1,"featured_media":4352,"parent":0,"menu_order":0,"comment_status":"closed","ping_status":"closed","template":"page-templates\/page-istituzionaletest.php","meta":[],"acf":[],"yoast_head":"<!-- This site is optimized with the Yoast SEO plugin v19.6 - https:\/\/yoast.com\/wordpress\/plugins\/seo\/ -->\n<title>FORMA\u00c7\u00c3O - Erickson International<\/title>\n<meta name=\"robots\" content=\"index, follow, max-snippet:-1, max-image-preview:large, max-video-preview:-1\" \/>\n<link rel=\"canonical\" href=\"https:\/\/www.erickson.international\/pt-br\/formacao\/\" \/>\n<meta name=\"twitter:label1\" content=\"Est. reading time\" \/>\n\t<meta name=\"twitter:data1\" content=\"2 minutes\" \/>\n<script type=\"application\/ld+json\" class=\"yoast-schema-graph\">{\"@context\":\"https:\/\/schema.org\",\"@graph\":[{\"@type\":\"WebPage\",\"@id\":\"https:\/\/www.erickson.international\/pt-br\/formacao\/\",\"url\":\"https:\/\/www.erickson.international\/pt-br\/formacao\/\",\"name\":\"FORMA\u00c7\u00c3O - Erickson International\",\"isPartOf\":{\"@id\":\"https:\/\/www.erickson.international\/pt-br\/#website\"},\"datePublished\":\"2015-10-06T08:52:25+00:00\",\"dateModified\":\"2016-05-19T07:15:28+00:00\",\"breadcrumb\":{\"@id\":\"https:\/\/www.erickson.international\/pt-br\/formacao\/#breadcrumb\"},\"inLanguage\":\"pt-BR\",\"potentialAction\":[{\"@type\":\"ReadAction\",\"target\":[\"https:\/\/www.erickson.international\/pt-br\/formacao\/\"]}]},{\"@type\":\"BreadcrumbList\",\"@id\":\"https:\/\/www.erickson.international\/pt-br\/formacao\/#breadcrumb\",\"itemListElement\":[{\"@type\":\"ListItem\",\"position\":1,\"name\":\"Home\",\"item\":\"https:\/\/www.erickson.international\/pt-br\/\"},{\"@type\":\"ListItem\",\"position\":2,\"name\":\"FORMA\u00c7\u00c3O\"}]},{\"@type\":\"WebSite\",\"@id\":\"https:\/\/www.erickson.international\/pt-br\/#website\",\"url\":\"https:\/\/www.erickson.international\/pt-br\/\",\"name\":\"Erickson International\",\"description\":\"Ideas that help\",\"potentialAction\":[{\"@type\":\"SearchAction\",\"target\":{\"@type\":\"EntryPoint\",\"urlTemplate\":\"https:\/\/www.erickson.international\/pt-br\/?s={search_term_string}\"},\"query-input\":\"required name=search_term_string\"}],\"inLanguage\":\"pt-BR\"}]}<\/script>\n<!-- \/ Yoast SEO plugin. -->","yoast_head_json":{"title":"FORMA\u00c7\u00c3O - Erickson International","robots":{"index":"index","follow":"follow","max-snippet":"max-snippet:-1","max-image-preview":"max-image-preview:large","max-video-preview":"max-video-preview:-1"},"canonical":"https:\/\/www.erickson.international\/pt-br\/formacao\/","twitter_misc":{"Est. reading time":"2 minutes"},"schema":{"@context":"https:\/\/schema.org","@graph":[{"@type":"WebPage","@id":"https:\/\/www.erickson.international\/pt-br\/formacao\/","url":"https:\/\/www.erickson.international\/pt-br\/formacao\/","name":"FORMA\u00c7\u00c3O - Erickson International","isPartOf":{"@id":"https:\/\/www.erickson.international\/pt-br\/#website"},"datePublished":"2015-10-06T08:52:25+00:00","dateModified":"2016-05-19T07:15:28+00:00","breadcrumb":{"@id":"https:\/\/www.erickson.international\/pt-br\/formacao\/#breadcrumb"},"inLanguage":"pt-BR","potentialAction":[{"@type":"ReadAction","target":["https:\/\/www.erickson.international\/pt-br\/formacao\/"]}]},{"@type":"BreadcrumbList","@id":"https:\/\/www.erickson.international\/pt-br\/formacao\/#breadcrumb","itemListElement":[{"@type":"ListItem","position":1,"name":"Home","item":"https:\/\/www.erickson.international\/pt-br\/"},{"@type":"ListItem","position":2,"name":"FORMA\u00c7\u00c3O"}]},{"@type":"WebSite","@id":"https:\/\/www.erickson.international\/pt-br\/#website","url":"https:\/\/www.erickson.international\/pt-br\/","name":"Erickson International","description":"Ideas that help","potentialAction":[{"@type":"SearchAction","target":{"@type":"EntryPoint","urlTemplate":"https:\/\/www.erickson.international\/pt-br\/?s={search_term_string}"},"query-input":"required name=search_term_string"}],"inLanguage":"pt-BR"}]}},"_links":{"self":[{"href":"https:\/\/www.erickson.international\/pt-br\/wp-json\/wp\/v2\/pages\/3441"}],"collection":[{"href":"https:\/\/www.erickson.international\/pt-br\/wp-json\/wp\/v2\/pages"}],"about":[{"href":"https:\/\/www.erickson.international\/pt-br\/wp-json\/wp\/v2\/types\/page"}],"author":[{"embeddable":true,"href":"https:\/\/www.erickson.international\/pt-br\/wp-json\/wp\/v2\/users\/1"}],"replies":[{"embeddable":true,"href":"https:\/\/www.erickson.international\/pt-br\/wp-json\/wp\/v2\/comments?post=3441"}],"version-history":[{"count":11,"href":"https:\/\/www.erickson.international\/pt-br\/wp-json\/wp\/v2\/pages\/3441\/revisions"}],"predecessor-version":[{"id":6598,"href":"https:\/\/www.erickson.international\/pt-br\/wp-json\/wp\/v2\/pages\/3441\/revisions\/6598"}],"wp:featuredmedia":[{"embeddable":true,"href":"https:\/\/www.erickson.international\/pt-br\/wp-json\/wp\/v2\/media\/4352"}],"wp:attachment":[{"href":"https:\/\/www.erickson.international\/pt-br\/wp-json\/wp\/v2\/media?parent=3441"}],"curies":[{"name":"wp","href":"https:\/\/api.w.org\/{rel}","templated":true}]}}