{"id":3438,"date":"2015-10-07T10:02:59","date_gmt":"2015-10-07T10:02:59","guid":{"rendered":"http:\/\/www.erickson.international\/pt-br\/?page_id=3438"},"modified":"2016-04-28T15:08:50","modified_gmt":"2016-04-28T15:08:50","slug":"digital","status":"publish","type":"page","link":"https:\/\/www.erickson.international\/pt-br\/digital\/","title":{"rendered":"DIGITAL"},"content":{"rendered":"<div class=\"gallery-I\">\n\n\t\t<style type=\"text\/css\">\n\t\t\t#gallery-1 {\n\t\t\t\tmargin: auto;\n\t\t\t}\n\t\t\t#gallery-1 .gallery-item {\n\t\t\t\tfloat: left;\n\t\t\t\tmargin-top: 10px;\n\t\t\t\ttext-align: center;\n\t\t\t\twidth: 33%;\n\t\t\t}\n\t\t\t#gallery-1 img {\n\t\t\t\tborder: 2px solid #cfcfcf;\n\t\t\t}\n\t\t\t#gallery-1 .gallery-caption {\n\t\t\t\tmargin-left: 0;\n\t\t\t}\n\t\t\t\/* see gallery_shortcode() in wp-includes\/media.php *\/\n\t\t<\/style>\n\t\t<div id='gallery-1' class='gallery galleryid-3438 gallery-columns-3 gallery-size-full'><dl class='gallery-item'>\n\t\t\t<dt class='gallery-icon landscape'>\n\t\t\t\t<a href='https:\/\/www.erickson.international\/pt-br\/digital\/digital002-2\/'><img width=\"510\" height=\"340\" src=\"https:\/\/www.erickson.international\/wp-content\/uploads\/2015\/10\/digital002.jpg\" class=\"attachment-full size-full\" alt=\"\" loading=\"lazy\" srcset=\"https:\/\/www.erickson.international\/wp-content\/uploads\/2015\/10\/digital002.jpg 510w, https:\/\/www.erickson.international\/wp-content\/uploads\/2015\/10\/digital002-300x200.jpg 300w\" sizes=\"(max-width: 510px) 100vw, 510px\" \/><\/a>\n\t\t\t<\/dt><\/dl><dl class='gallery-item'>\n\t\t\t<dt class='gallery-icon landscape'>\n\t\t\t\t<a href='https:\/\/www.erickson.international\/pt-br\/digital\/digital003-2\/'><img width=\"510\" height=\"340\" src=\"https:\/\/www.erickson.international\/wp-content\/uploads\/2015\/10\/digital003.jpg\" class=\"attachment-full size-full\" alt=\"\" loading=\"lazy\" srcset=\"https:\/\/www.erickson.international\/wp-content\/uploads\/2015\/10\/digital003.jpg 510w, https:\/\/www.erickson.international\/wp-content\/uploads\/2015\/10\/digital003-300x200.jpg 300w\" sizes=\"(max-width: 510px) 100vw, 510px\" \/><\/a>\n\t\t\t<\/dt><\/dl><dl class='gallery-item'>\n\t\t\t<dt class='gallery-icon landscape'>\n\t\t\t\t<a href='https:\/\/www.erickson.international\/pt-br\/digital\/digital004-2\/'><img width=\"510\" height=\"340\" src=\"https:\/\/www.erickson.international\/wp-content\/uploads\/2015\/10\/digital004.jpg\" class=\"attachment-full size-full\" alt=\"\" loading=\"lazy\" srcset=\"https:\/\/www.erickson.international\/wp-content\/uploads\/2015\/10\/digital004.jpg 510w, https:\/\/www.erickson.international\/wp-content\/uploads\/2015\/10\/digital004-300x200.jpg 300w\" sizes=\"(max-width: 510px) 100vw, 510px\" \/><\/a>\n\t\t\t<\/dt><\/dl><br style=\"clear: both\" \/><dl class='gallery-item'>\n\t\t\t<dt class='gallery-icon landscape'>\n\t\t\t\t<a href='https:\/\/www.erickson.international\/pt-br\/digital\/digital005-2\/'><img width=\"510\" height=\"340\" src=\"https:\/\/www.erickson.international\/wp-content\/uploads\/2015\/10\/digital005.jpg\" class=\"attachment-full size-full\" alt=\"\" loading=\"lazy\" srcset=\"https:\/\/www.erickson.international\/wp-content\/uploads\/2015\/10\/digital005.jpg 510w, https:\/\/www.erickson.international\/wp-content\/uploads\/2015\/10\/digital005-300x200.jpg 300w\" sizes=\"(max-width: 510px) 100vw, 510px\" \/><\/a>\n\t\t\t<\/dt><\/dl><dl class='gallery-item'>\n\t\t\t<dt class='gallery-icon landscape'>\n\t\t\t\t<a href='https:\/\/www.erickson.international\/pt-br\/digital\/digital006-2\/'><img width=\"510\" height=\"340\" src=\"https:\/\/www.erickson.international\/wp-content\/uploads\/2015\/10\/digital006.jpg\" class=\"attachment-full size-full\" alt=\"\" loading=\"lazy\" srcset=\"https:\/\/www.erickson.international\/wp-content\/uploads\/2015\/10\/digital006.jpg 510w, https:\/\/www.erickson.international\/wp-content\/uploads\/2015\/10\/digital006-300x200.jpg 300w\" sizes=\"(max-width: 510px) 100vw, 510px\" \/><\/a>\n\t\t\t<\/dt><\/dl><dl class='gallery-item'>\n\t\t\t<dt class='gallery-icon landscape'>\n\t\t\t\t<a href='https:\/\/www.erickson.international\/pt-br\/digital\/digital001-2\/'><img width=\"510\" height=\"340\" src=\"https:\/\/www.erickson.international\/wp-content\/uploads\/2015\/10\/digital001.jpg\" class=\"attachment-full size-full\" alt=\"\" loading=\"lazy\" srcset=\"https:\/\/www.erickson.international\/wp-content\/uploads\/2015\/10\/digital001.jpg 510w, https:\/\/www.erickson.international\/wp-content\/uploads\/2015\/10\/digital001-300x200.jpg 300w\" sizes=\"(max-width: 510px) 100vw, 510px\" \/><\/a>\n\t\t\t<\/dt><\/dl><br style=\"clear: both\" \/>\n\t\t<\/div>\n\n<\/div>\n<p>O cat\u00e1logo Erickson cont\u00e9m\u00a0<strong>v\u00e1rios softwares e instrumentos multim\u00eddia para a did\u00e1tica e a educa\u00e7\u00e3o<\/strong>. A Erickson prop\u00f5e tamb\u00e9m uma s\u00e9rie de materiais para utilizar com a LIM (Lousa Interativa Multim\u00eddia) e diversos instrumentos compensat\u00f3rios digitais \u00a0(<a href=\"http:\/\/www.erickson.international\/en\/catalogue\/sld-specific-learning-disorders\/dyslexia-dsa-disturbi-specifici-di-apprendimento-it\/alfa-reader-3-kit-book-usb-flash-drive-3-new-synthesizer-voices-vocalizer\/\">ALFa READER<\/a>\u00a0,\u00a0<a href=\"http:\/\/www.erickson.international\/en\/catalogue\/sld-specific-learning-disorders\/dyslexia-dsa-disturbi-specifici-di-apprendimento-it\/hypermaps-2-kit-guide-set-up-cd-rom\/\">hyperMAPS<\/a>), para facilitar tamb\u00e9m a aprendizagem de crian\u00e7as com DEA (Dist\u00farbios Espec\u00edficos de Aprendizagem, como a dislexia e a discalculia).<\/p>\n<p><strong>Ainda em rela\u00e7\u00e3o aos DSA, a Erickson prop\u00f5e duas plataformas multim\u00eddia para a avalia\u00e7\u00e3o, recupera\u00e7\u00e3o, potenciamento e reabilita\u00e7\u00e3o<\/strong>: GiADA, para o mundo das escolas, que oferece testes did\u00e1ticos padr\u00e3o para a identifica\u00e7\u00e3o precoce, preench\u00edveis tamb\u00e9m por computador, que permitem aos professores terem um relat\u00f3rio imediato pelo qual possam calibrar suas interven\u00e7\u00f5es did\u00e1ticas; e PRO, para o mundo dos profissionais da reabilita\u00e7\u00e3o, que oferece milhares de materiais reabilitativos para usar\u00a0no consult\u00f3rio ou em casa.<\/p>\n<p>Para aproximar tamb\u00e9m os mais pequenos a um uso respons\u00e1vel das tecnologias, o cat\u00e1logo Erickson prop\u00f5e ainda <strong>softwares criados especialmente para conciliar a dimens\u00e3o educativa e l\u00fadica<\/strong>, permitindo \u00e0s crian\u00e7as desenvolverem, jogando, as compet\u00eancias de base dos processos de aprendizagem.<\/p>\n<p>&nbsp;<\/p>\n","protected":false},"excerpt":{"rendered":"<p>O cat\u00e1logo Erickson cont\u00e9m\u00a0v\u00e1rios softwares e instrumentos multim\u00eddia para a did\u00e1tica e a educa\u00e7\u00e3o. A Erickson prop\u00f5e tamb\u00e9m uma s\u00e9rie de materiais para utilizar com a LIM (Lousa Interativa Multim\u00eddia) e diversos instrumentos compensat\u00f3rios digitais \u00a0(ALFa READER\u00a0,\u00a0hyperMAPS), para facilitar tamb\u00e9m a aprendizagem de crian\u00e7as com DEA (Dist\u00farbios Espec\u00edficos de Aprendizagem, como a dislexia e a [&hellip;]<\/p>\n","protected":false},"author":1,"featured_media":4502,"parent":0,"menu_order":0,"comment_status":"closed","ping_status":"closed","template":"page-templates\/page-istituzionaletest.php","meta":[],"acf":[],"yoast_head":"<!-- This site is optimized with the Yoast SEO plugin v19.6 - https:\/\/yoast.com\/wordpress\/plugins\/seo\/ -->\n<title>DIGITAL - Erickson International<\/title>\n<meta name=\"robots\" content=\"index, follow, max-snippet:-1, max-image-preview:large, max-video-preview:-1\" \/>\n<link rel=\"canonical\" href=\"https:\/\/www.erickson.international\/pt-br\/digital\/\" \/>\n<meta name=\"twitter:label1\" content=\"Est. reading time\" \/>\n\t<meta name=\"twitter:data1\" content=\"1 minute\" \/>\n<script type=\"application\/ld+json\" class=\"yoast-schema-graph\">{\"@context\":\"https:\/\/schema.org\",\"@graph\":[{\"@type\":\"WebPage\",\"@id\":\"https:\/\/www.erickson.international\/pt-br\/digital\/\",\"url\":\"https:\/\/www.erickson.international\/pt-br\/digital\/\",\"name\":\"DIGITAL - Erickson International\",\"isPartOf\":{\"@id\":\"https:\/\/www.erickson.international\/pt-br\/#website\"},\"datePublished\":\"2015-10-07T10:02:59+00:00\",\"dateModified\":\"2016-04-28T15:08:50+00:00\",\"breadcrumb\":{\"@id\":\"https:\/\/www.erickson.international\/pt-br\/digital\/#breadcrumb\"},\"inLanguage\":\"pt-BR\",\"potentialAction\":[{\"@type\":\"ReadAction\",\"target\":[\"https:\/\/www.erickson.international\/pt-br\/digital\/\"]}]},{\"@type\":\"BreadcrumbList\",\"@id\":\"https:\/\/www.erickson.international\/pt-br\/digital\/#breadcrumb\",\"itemListElement\":[{\"@type\":\"ListItem\",\"position\":1,\"name\":\"Home\",\"item\":\"https:\/\/www.erickson.international\/pt-br\/\"},{\"@type\":\"ListItem\",\"position\":2,\"name\":\"DIGITAL\"}]},{\"@type\":\"WebSite\",\"@id\":\"https:\/\/www.erickson.international\/pt-br\/#website\",\"url\":\"https:\/\/www.erickson.international\/pt-br\/\",\"name\":\"Erickson International\",\"description\":\"Ideas that help\",\"potentialAction\":[{\"@type\":\"SearchAction\",\"target\":{\"@type\":\"EntryPoint\",\"urlTemplate\":\"https:\/\/www.erickson.international\/pt-br\/?s={search_term_string}\"},\"query-input\":\"required name=search_term_string\"}],\"inLanguage\":\"pt-BR\"}]}<\/script>\n<!-- \/ Yoast SEO plugin. -->","yoast_head_json":{"title":"DIGITAL - Erickson International","robots":{"index":"index","follow":"follow","max-snippet":"max-snippet:-1","max-image-preview":"max-image-preview:large","max-video-preview":"max-video-preview:-1"},"canonical":"https:\/\/www.erickson.international\/pt-br\/digital\/","twitter_misc":{"Est. reading time":"1 minute"},"schema":{"@context":"https:\/\/schema.org","@graph":[{"@type":"WebPage","@id":"https:\/\/www.erickson.international\/pt-br\/digital\/","url":"https:\/\/www.erickson.international\/pt-br\/digital\/","name":"DIGITAL - Erickson International","isPartOf":{"@id":"https:\/\/www.erickson.international\/pt-br\/#website"},"datePublished":"2015-10-07T10:02:59+00:00","dateModified":"2016-04-28T15:08:50+00:00","breadcrumb":{"@id":"https:\/\/www.erickson.international\/pt-br\/digital\/#breadcrumb"},"inLanguage":"pt-BR","potentialAction":[{"@type":"ReadAction","target":["https:\/\/www.erickson.international\/pt-br\/digital\/"]}]},{"@type":"BreadcrumbList","@id":"https:\/\/www.erickson.international\/pt-br\/digital\/#breadcrumb","itemListElement":[{"@type":"ListItem","position":1,"name":"Home","item":"https:\/\/www.erickson.international\/pt-br\/"},{"@type":"ListItem","position":2,"name":"DIGITAL"}]},{"@type":"WebSite","@id":"https:\/\/www.erickson.international\/pt-br\/#website","url":"https:\/\/www.erickson.international\/pt-br\/","name":"Erickson International","description":"Ideas that help","potentialAction":[{"@type":"SearchAction","target":{"@type":"EntryPoint","urlTemplate":"https:\/\/www.erickson.international\/pt-br\/?s={search_term_string}"},"query-input":"required name=search_term_string"}],"inLanguage":"pt-BR"}]}},"_links":{"self":[{"href":"https:\/\/www.erickson.international\/pt-br\/wp-json\/wp\/v2\/pages\/3438"}],"collection":[{"href":"https:\/\/www.erickson.international\/pt-br\/wp-json\/wp\/v2\/pages"}],"about":[{"href":"https:\/\/www.erickson.international\/pt-br\/wp-json\/wp\/v2\/types\/page"}],"author":[{"embeddable":true,"href":"https:\/\/www.erickson.international\/pt-br\/wp-json\/wp\/v2\/users\/1"}],"replies":[{"embeddable":true,"href":"https:\/\/www.erickson.international\/pt-br\/wp-json\/wp\/v2\/comments?post=3438"}],"version-history":[{"count":7,"href":"https:\/\/www.erickson.international\/pt-br\/wp-json\/wp\/v2\/pages\/3438\/revisions"}],"predecessor-version":[{"id":6380,"href":"https:\/\/www.erickson.international\/pt-br\/wp-json\/wp\/v2\/pages\/3438\/revisions\/6380"}],"wp:featuredmedia":[{"embeddable":true,"href":"https:\/\/www.erickson.international\/pt-br\/wp-json\/wp\/v2\/media\/4502"}],"wp:attachment":[{"href":"https:\/\/www.erickson.international\/pt-br\/wp-json\/wp\/v2\/media?parent=3438"}],"curies":[{"name":"wp","href":"https:\/\/api.w.org\/{rel}","templated":true}]}}