{"id":3436,"date":"2015-10-06T08:51:50","date_gmt":"2015-10-06T08:51:50","guid":{"rendered":"http:\/\/www.erickson.international\/pt-br\/?page_id=3436"},"modified":"2016-05-19T07:16:40","modified_gmt":"2016-05-19T07:16:40","slug":"publishing","status":"publish","type":"page","link":"https:\/\/www.erickson.international\/pt-br\/publishing\/","title":{"rendered":"PUBLISHING"},"content":{"rendered":"<div class=\"gallery-I\">\n\n\t\t<style type=\"text\/css\">\n\t\t\t#gallery-1 {\n\t\t\t\tmargin: auto;\n\t\t\t}\n\t\t\t#gallery-1 .gallery-item {\n\t\t\t\tfloat: left;\n\t\t\t\tmargin-top: 10px;\n\t\t\t\ttext-align: center;\n\t\t\t\twidth: 33%;\n\t\t\t}\n\t\t\t#gallery-1 img {\n\t\t\t\tborder: 2px solid #cfcfcf;\n\t\t\t}\n\t\t\t#gallery-1 .gallery-caption {\n\t\t\t\tmargin-left: 0;\n\t\t\t}\n\t\t\t\/* see gallery_shortcode() in wp-includes\/media.php *\/\n\t\t<\/style>\n\t\t<div id='gallery-1' class='gallery galleryid-3436 gallery-columns-3 gallery-size-full'><dl class='gallery-item'>\n\t\t\t<dt class='gallery-icon landscape'>\n\t\t\t\t<a href='https:\/\/www.erickson.international\/pt-br\/publishing001-2\/'><img width=\"510\" height=\"340\" src=\"https:\/\/www.erickson.international\/wp-content\/uploads\/2015\/10\/publishing001.jpg\" class=\"attachment-full size-full\" alt=\"\" loading=\"lazy\" srcset=\"https:\/\/www.erickson.international\/wp-content\/uploads\/2015\/10\/publishing001.jpg 510w, https:\/\/www.erickson.international\/wp-content\/uploads\/2015\/10\/publishing001-300x200.jpg 300w\" sizes=\"(max-width: 510px) 100vw, 510px\" \/><\/a>\n\t\t\t<\/dt><\/dl><dl class='gallery-item'>\n\t\t\t<dt class='gallery-icon landscape'>\n\t\t\t\t<a href='https:\/\/www.erickson.international\/pt-br\/publishing002-2\/'><img width=\"510\" height=\"340\" src=\"https:\/\/www.erickson.international\/wp-content\/uploads\/2015\/10\/publishing002.jpg\" class=\"attachment-full size-full\" alt=\"\" loading=\"lazy\" srcset=\"https:\/\/www.erickson.international\/wp-content\/uploads\/2015\/10\/publishing002.jpg 510w, https:\/\/www.erickson.international\/wp-content\/uploads\/2015\/10\/publishing002-300x200.jpg 300w\" sizes=\"(max-width: 510px) 100vw, 510px\" \/><\/a>\n\t\t\t<\/dt><\/dl><dl class='gallery-item'>\n\t\t\t<dt class='gallery-icon landscape'>\n\t\t\t\t<a href='https:\/\/www.erickson.international\/pt-br\/publishing003-2\/'><img width=\"510\" height=\"340\" src=\"https:\/\/www.erickson.international\/wp-content\/uploads\/2015\/10\/publishing003.jpg\" class=\"attachment-full size-full\" alt=\"\" loading=\"lazy\" srcset=\"https:\/\/www.erickson.international\/wp-content\/uploads\/2015\/10\/publishing003.jpg 510w, https:\/\/www.erickson.international\/wp-content\/uploads\/2015\/10\/publishing003-300x200.jpg 300w\" sizes=\"(max-width: 510px) 100vw, 510px\" \/><\/a>\n\t\t\t<\/dt><\/dl><br style=\"clear: both\" \/><dl class='gallery-item'>\n\t\t\t<dt class='gallery-icon landscape'>\n\t\t\t\t<a href='https:\/\/www.erickson.international\/pt-br\/publishing004-2\/'><img width=\"510\" height=\"340\" src=\"https:\/\/www.erickson.international\/wp-content\/uploads\/2015\/10\/publishing004.jpg\" class=\"attachment-full size-full\" alt=\"\" loading=\"lazy\" srcset=\"https:\/\/www.erickson.international\/wp-content\/uploads\/2015\/10\/publishing004.jpg 510w, https:\/\/www.erickson.international\/wp-content\/uploads\/2015\/10\/publishing004-300x200.jpg 300w\" sizes=\"(max-width: 510px) 100vw, 510px\" \/><\/a>\n\t\t\t<\/dt><\/dl><dl class='gallery-item'>\n\t\t\t<dt class='gallery-icon landscape'>\n\t\t\t\t<a href='https:\/\/www.erickson.international\/pt-br\/publishing005-2\/'><img width=\"510\" height=\"340\" src=\"https:\/\/www.erickson.international\/wp-content\/uploads\/2015\/10\/publishing005.jpg\" class=\"attachment-full size-full\" alt=\"\" loading=\"lazy\" aria-describedby=\"gallery-1-4462\" srcset=\"https:\/\/www.erickson.international\/wp-content\/uploads\/2015\/10\/publishing005.jpg 510w, https:\/\/www.erickson.international\/wp-content\/uploads\/2015\/10\/publishing005-300x200.jpg 300w\" sizes=\"(max-width: 510px) 100vw, 510px\" \/><\/a>\n\t\t\t<\/dt>\n\t\t\t\t<dd class='wp-caption-text gallery-caption' id='gallery-1-4462'>\n\t\t\t\tLivraria Erickson &#8211; 10\u00ba Congresso A Qualidade da Escola e Inclus\u00e3o Social &#8211; Novembro 2015 &#8211; Rimini &#8211; Foto Marco Simonini\n\t\t\t\t<\/dd><\/dl><dl class='gallery-item'>\n\t\t\t<dt class='gallery-icon landscape'>\n\t\t\t\t<a href='https:\/\/www.erickson.international\/pt-br\/convegno-erickson-rimini-13-novembre-2015-ph-marco-simonini-5-2\/'><img width=\"510\" height=\"340\" src=\"https:\/\/www.erickson.international\/wp-content\/uploads\/2015\/10\/publishing006.jpg\" class=\"attachment-full size-full\" alt=\"\" loading=\"lazy\" aria-describedby=\"gallery-1-4465\" srcset=\"https:\/\/www.erickson.international\/wp-content\/uploads\/2015\/10\/publishing006.jpg 510w, https:\/\/www.erickson.international\/wp-content\/uploads\/2015\/10\/publishing006-300x200.jpg 300w\" sizes=\"(max-width: 510px) 100vw, 510px\" \/><\/a>\n\t\t\t<\/dt>\n\t\t\t\t<dd class='wp-caption-text gallery-caption' id='gallery-1-4465'>\n\t\t\t\tLivraria Erickson &#8211; 10\u00ba Congresso A Qualidade da Escola e Inclus\u00e3o Social &#8211; Novembro 2015 &#8211; Rimini &#8211; Foto Marco Simonini\n\t\t\t\t<\/dd><\/dl><br style=\"clear: both\" \/><dl class='gallery-item'>\n\t\t\t<dt class='gallery-icon landscape'>\n\t\t\t\t<a href='https:\/\/www.erickson.international\/pt-br\/convegno-erickson-rimini-14-novembre-2015-ph-marco-simonini-4-2\/'><img width=\"510\" height=\"340\" src=\"https:\/\/www.erickson.international\/wp-content\/uploads\/2015\/10\/publishing007.jpg\" class=\"attachment-full size-full\" alt=\"\" loading=\"lazy\" aria-describedby=\"gallery-1-4468\" srcset=\"https:\/\/www.erickson.international\/wp-content\/uploads\/2015\/10\/publishing007.jpg 510w, https:\/\/www.erickson.international\/wp-content\/uploads\/2015\/10\/publishing007-300x200.jpg 300w\" sizes=\"(max-width: 510px) 100vw, 510px\" \/><\/a>\n\t\t\t<\/dt>\n\t\t\t\t<dd class='wp-caption-text gallery-caption' id='gallery-1-4468'>\n\t\t\t\tLivraria Erickson &#8211; 10\u00ba Congresso A Qualidade da Escola e Inclus\u00e3o Social &#8211; Novembro 2015 &#8211; Rimini &#8211; Foto Marco Simonini\n\t\t\t\t<\/dd><\/dl><dl class='gallery-item'>\n\t\t\t<dt class='gallery-icon landscape'>\n\t\t\t\t<a href='https:\/\/www.erickson.international\/pt-br\/convegno-erickson-rimini-14-novembre-2015-ph-marco-simonini-5-2\/'><img width=\"510\" height=\"340\" src=\"https:\/\/www.erickson.international\/wp-content\/uploads\/2015\/10\/publishing008.jpg\" class=\"attachment-full size-full\" alt=\"\" loading=\"lazy\" aria-describedby=\"gallery-1-4471\" srcset=\"https:\/\/www.erickson.international\/wp-content\/uploads\/2015\/10\/publishing008.jpg 510w, https:\/\/www.erickson.international\/wp-content\/uploads\/2015\/10\/publishing008-300x200.jpg 300w\" sizes=\"(max-width: 510px) 100vw, 510px\" \/><\/a>\n\t\t\t<\/dt>\n\t\t\t\t<dd class='wp-caption-text gallery-caption' id='gallery-1-4471'>\n\t\t\t\tLivraria Erickson &#8211; 10\u00ba Congresso A Qualidade da Escola e Inclus\u00e3o Social &#8211; Novembro 2015 &#8211; Rimini &#8211; Foto Marco Simonini\n\t\t\t\t<\/dd><\/dl><dl class='gallery-item'>\n\t\t\t<dt class='gallery-icon landscape'>\n\t\t\t\t<a href='https:\/\/www.erickson.international\/pt-br\/convegno-erickson-rimini-14-novembre-2015-ph-marco-simonini-6-2\/'><img width=\"510\" height=\"340\" src=\"https:\/\/www.erickson.international\/wp-content\/uploads\/2015\/10\/publishing009.jpg\" class=\"attachment-full size-full\" alt=\"\" loading=\"lazy\" aria-describedby=\"gallery-1-4474\" srcset=\"https:\/\/www.erickson.international\/wp-content\/uploads\/2015\/10\/publishing009.jpg 510w, https:\/\/www.erickson.international\/wp-content\/uploads\/2015\/10\/publishing009-300x200.jpg 300w\" sizes=\"(max-width: 510px) 100vw, 510px\" \/><\/a>\n\t\t\t<\/dt>\n\t\t\t\t<dd class='wp-caption-text gallery-caption' id='gallery-1-4474'>\n\t\t\t\tLivraria Erickson &#8211; 10\u00ba Congresso A Qualidade da Escola e Inclus\u00e3o Social &#8211; Novembro 2015 &#8211; Rimini &#8211; Foto Marco Simonini\n\t\t\t\t<\/dd><\/dl><br style=\"clear: both\" \/>\n\t\t<\/div>\n\n<\/div>\n<h2>Livros<\/h2>\n<p>O cat\u00e1logo Erickson recolhe uma <strong>vasta sele\u00e7\u00e3o de materiais operacionais, guias metodol\u00f3gicos, ensaios, cole\u00e7\u00f5es de boas pr\u00e1ticas e estudos de caso, instrumentos de diagn\u00f3stico, manuais de autoajuda e livros de narrativa<\/strong>. Publica\u00e7\u00f5es muito conhecidas e apreciadas, porque auxiliam a apresenta\u00e7\u00e3o cientificamente rigorosa de teorias e metodologias inovadoras, e sugest\u00f5es operacionais realmente eficazes.<\/p>\n<p><strong>Uma ampla se\u00e7\u00e3o \u00e9 dedicada \u00e0 did\u00e1tica para a recupera\u00e7\u00e3o e aux\u00edlio<\/strong>, com uma aten\u00e7\u00e3o especial \u00e0s metodologias que podem ajudar os professores a efetuar uma inclus\u00e3o real em sala de aula. Um exemplo para todos, o m\u00e9todo anal\u00f3gico de Camillo Bortolato para o ensino da matem\u00e1tica: um m\u00e9todo simples e intuitivo, que permitiu a centenas de crian\u00e7as aprender a matem\u00e1tica na escola infantil e prim\u00e1ria em modo espont\u00e2neo. Para as profiss\u00f5es sociais, psicol\u00f3gicas e de sa\u00fade, a Erickson prop\u00f5e instrumentos de avalia\u00e7\u00e3o, monografias espec\u00edficas, manuais te\u00f3rico-metodol\u00f3gicos e volumes com recortes pr\u00e1ticos, indispens\u00e1veis para enfrentar de modo adequado o contexto complexo nos quais estas figuras est\u00e3o operando.<\/p>\n<p><strong>No cat\u00e1logo tamb\u00e9m encontram espa\u00e7o as propostas de leitura que s\u00e3o voltadas a um p\u00fablico mais amplo<\/strong> (e em especial aos pais), para ajud\u00e1-los a compreender e a enfrentar de modo psicologicamente correto as situa\u00e7\u00f5es pessoais e relacionais da vida do dia-a-dia: a educa\u00e7\u00e3o, as emo\u00e7\u00f5es, as dificuldades ligadas ao crescimento e \u00e0 rela\u00e7\u00e3o pais-filhos, etc.<\/p>\n<h2>Revistas<\/h2>\n<p>As revistas publicadas pela Erickson s\u00e3o publica\u00e7\u00f5es peri\u00f3dicas t\u00e9cnico-profissionais que consentem estar constantemente atualizado sobre as tem\u00e1ticas nas quais a editora \u00e9 ponto de refer\u00eancia. Os resultados das pesquisas experimentais mais importantes, interventos e coment\u00e1rios dos maiores especialistas nacionais e internacionais,\u00a0 novidades legislativas, an\u00e1lises, boas pr\u00e1ticas: a<strong>s revistas Erickson s\u00e3o instrumentos de grande valor operacional, pensados para ser realmente \u00fateis na atividade cotidiana de todas as pessoas interessadas nos temas tratados<\/strong>.<\/p>\n<p>Algumas revistas est\u00e3o dispon\u00edveis tamb\u00e9m online: no site, est\u00e3o disbonibilizados os arquivos digitais de todos os artigos publicados. Um servi\u00e7o que permite aos assinantes terem \u00e0 disposi\u00e7\u00e3o um instrumento profissional ainda mais eficaz.<\/p>\n<h2>Instrumentos did\u00e1ticos<\/h2>\n<p>Uma s\u00e9rie de instrumentos did\u00e1ticos para melhorar a aten\u00e7\u00e3o das crian\u00e7as e adolescentes e facilitar um maior envolvimento de toda a sala durante as aulas, permitindo aos professores oferecer uma did\u00e1tica realmente inclusiva.<\/p>\n","protected":false},"excerpt":{"rendered":"<p>Livros O cat\u00e1logo Erickson recolhe uma vasta sele\u00e7\u00e3o de materiais operacionais, guias metodol\u00f3gicos, ensaios, cole\u00e7\u00f5es de boas pr\u00e1ticas e estudos de caso, instrumentos de diagn\u00f3stico, manuais de autoajuda e livros de narrativa. Publica\u00e7\u00f5es muito conhecidas e apreciadas, porque auxiliam a apresenta\u00e7\u00e3o cientificamente rigorosa de teorias e metodologias inovadoras, e sugest\u00f5es operacionais realmente eficazes. Uma ampla [&hellip;]<\/p>\n","protected":false},"author":1,"featured_media":4478,"parent":0,"menu_order":0,"comment_status":"closed","ping_status":"closed","template":"page-templates\/page-istituzionaletest.php","meta":[],"acf":[],"yoast_head":"<!-- This site is optimized with the Yoast SEO plugin v19.6 - https:\/\/yoast.com\/wordpress\/plugins\/seo\/ -->\n<title>PUBLISHING - Erickson International<\/title>\n<meta name=\"robots\" content=\"index, follow, max-snippet:-1, max-image-preview:large, max-video-preview:-1\" \/>\n<link rel=\"canonical\" href=\"https:\/\/www.erickson.international\/pt-br\/publishing\/\" \/>\n<meta name=\"twitter:label1\" content=\"Est. reading time\" \/>\n\t<meta name=\"twitter:data1\" content=\"2 minutes\" \/>\n<script type=\"application\/ld+json\" class=\"yoast-schema-graph\">{\"@context\":\"https:\/\/schema.org\",\"@graph\":[{\"@type\":\"WebPage\",\"@id\":\"https:\/\/www.erickson.international\/pt-br\/publishing\/\",\"url\":\"https:\/\/www.erickson.international\/pt-br\/publishing\/\",\"name\":\"PUBLISHING - Erickson International\",\"isPartOf\":{\"@id\":\"https:\/\/www.erickson.international\/pt-br\/#website\"},\"datePublished\":\"2015-10-06T08:51:50+00:00\",\"dateModified\":\"2016-05-19T07:16:40+00:00\",\"breadcrumb\":{\"@id\":\"https:\/\/www.erickson.international\/pt-br\/publishing\/#breadcrumb\"},\"inLanguage\":\"pt-BR\",\"potentialAction\":[{\"@type\":\"ReadAction\",\"target\":[\"https:\/\/www.erickson.international\/pt-br\/publishing\/\"]}]},{\"@type\":\"BreadcrumbList\",\"@id\":\"https:\/\/www.erickson.international\/pt-br\/publishing\/#breadcrumb\",\"itemListElement\":[{\"@type\":\"ListItem\",\"position\":1,\"name\":\"Home\",\"item\":\"https:\/\/www.erickson.international\/pt-br\/\"},{\"@type\":\"ListItem\",\"position\":2,\"name\":\"PUBLISHING\"}]},{\"@type\":\"WebSite\",\"@id\":\"https:\/\/www.erickson.international\/pt-br\/#website\",\"url\":\"https:\/\/www.erickson.international\/pt-br\/\",\"name\":\"Erickson International\",\"description\":\"Ideas that help\",\"potentialAction\":[{\"@type\":\"SearchAction\",\"target\":{\"@type\":\"EntryPoint\",\"urlTemplate\":\"https:\/\/www.erickson.international\/pt-br\/?s={search_term_string}\"},\"query-input\":\"required name=search_term_string\"}],\"inLanguage\":\"pt-BR\"}]}<\/script>\n<!-- \/ Yoast SEO plugin. -->","yoast_head_json":{"title":"PUBLISHING - Erickson International","robots":{"index":"index","follow":"follow","max-snippet":"max-snippet:-1","max-image-preview":"max-image-preview:large","max-video-preview":"max-video-preview:-1"},"canonical":"https:\/\/www.erickson.international\/pt-br\/publishing\/","twitter_misc":{"Est. reading time":"2 minutes"},"schema":{"@context":"https:\/\/schema.org","@graph":[{"@type":"WebPage","@id":"https:\/\/www.erickson.international\/pt-br\/publishing\/","url":"https:\/\/www.erickson.international\/pt-br\/publishing\/","name":"PUBLISHING - Erickson International","isPartOf":{"@id":"https:\/\/www.erickson.international\/pt-br\/#website"},"datePublished":"2015-10-06T08:51:50+00:00","dateModified":"2016-05-19T07:16:40+00:00","breadcrumb":{"@id":"https:\/\/www.erickson.international\/pt-br\/publishing\/#breadcrumb"},"inLanguage":"pt-BR","potentialAction":[{"@type":"ReadAction","target":["https:\/\/www.erickson.international\/pt-br\/publishing\/"]}]},{"@type":"BreadcrumbList","@id":"https:\/\/www.erickson.international\/pt-br\/publishing\/#breadcrumb","itemListElement":[{"@type":"ListItem","position":1,"name":"Home","item":"https:\/\/www.erickson.international\/pt-br\/"},{"@type":"ListItem","position":2,"name":"PUBLISHING"}]},{"@type":"WebSite","@id":"https:\/\/www.erickson.international\/pt-br\/#website","url":"https:\/\/www.erickson.international\/pt-br\/","name":"Erickson International","description":"Ideas that help","potentialAction":[{"@type":"SearchAction","target":{"@type":"EntryPoint","urlTemplate":"https:\/\/www.erickson.international\/pt-br\/?s={search_term_string}"},"query-input":"required name=search_term_string"}],"inLanguage":"pt-BR"}]}},"_links":{"self":[{"href":"https:\/\/www.erickson.international\/pt-br\/wp-json\/wp\/v2\/pages\/3436"}],"collection":[{"href":"https:\/\/www.erickson.international\/pt-br\/wp-json\/wp\/v2\/pages"}],"about":[{"href":"https:\/\/www.erickson.international\/pt-br\/wp-json\/wp\/v2\/types\/page"}],"author":[{"embeddable":true,"href":"https:\/\/www.erickson.international\/pt-br\/wp-json\/wp\/v2\/users\/1"}],"replies":[{"embeddable":true,"href":"https:\/\/www.erickson.international\/pt-br\/wp-json\/wp\/v2\/comments?post=3436"}],"version-history":[{"count":7,"href":"https:\/\/www.erickson.international\/pt-br\/wp-json\/wp\/v2\/pages\/3436\/revisions"}],"predecessor-version":[{"id":6387,"href":"https:\/\/www.erickson.international\/pt-br\/wp-json\/wp\/v2\/pages\/3436\/revisions\/6387"}],"wp:featuredmedia":[{"embeddable":true,"href":"https:\/\/www.erickson.international\/pt-br\/wp-json\/wp\/v2\/media\/4478"}],"wp:attachment":[{"href":"https:\/\/www.erickson.international\/pt-br\/wp-json\/wp\/v2\/media?parent=3436"}],"curies":[{"name":"wp","href":"https:\/\/api.w.org\/{rel}","templated":true}]}}