{"id":3432,"date":"2015-10-06T08:51:27","date_gmt":"2015-10-06T08:51:27","guid":{"rendered":"http:\/\/www.erickson.international\/pt-br\/?page_id=3432"},"modified":"2016-02-25T10:08:14","modified_gmt":"2016-02-25T10:08:14","slug":"perfil-da-empresa","status":"publish","type":"page","link":"https:\/\/www.erickson.international\/pt-br\/perfil-da-empresa\/","title":{"rendered":"PERFIL DA EMPRESA"},"content":{"rendered":"<h2>Hist\u00f3ria<\/h2>\n<p>O Centro de Estudos Erickson foi fundado em 1984 por dois psic\u00f3logos, Dario Ianes e Fabio Folgheraiter, e era originalmente um centro para o tratamento e reabilita\u00e7\u00e3o de pessoas com defici\u00eancia mental. O Centro de Estudos tratava de pesquisas, consultoria, forma\u00e7\u00e3o de operadores e gestores de servi\u00e7os sociais e escolares. O in\u00edcio desta atividade foi logo ap\u00f3s a promulga\u00e7\u00e3o das leis nacionais italianas que previam a inclus\u00e3o de crian\u00e7as com defici\u00eancia na primeira fase do ensino fundamental e, na medida do poss\u00edvel, no mundo do trabalho. A consequ\u00eancia foi que os pedagogos, psic\u00f3logos, educadores profissionais, professores auxiliares e volunt\u00e1rios, \u00e0 \u00e9poca, n\u00e3o tinham cultura espec\u00edfica e instrumentos operacionais adequados para poder enfrentar o novo cen\u00e1rio. O Centro Erickson aceitou este desafio e deu in\u00edcio a um processo de media\u00e7\u00e3o cultural, traduzindo e publicando teorias, documenta\u00e7\u00e3o de experi\u00eancias e metodologias do mundo anglo-sax\u00e3o (Reino Unido e EUA), concentrando-se principalmente em oferecer consultoria t\u00e9cnica e forma\u00e7\u00e3o de operadores. Em ocasi\u00e3o dos primeiros cursos, semin\u00e1rios e confer\u00eancias com palestrantes estrangeiros, organizados principalmente pelo Centro de Investiga\u00e7\u00e3o, foi necess\u00e1rio traduzir artigos cient\u00edficos, ferramentas de diagn\u00f3stico, programa\u00e7\u00e3o, protocolos e manuais que encontraram ampla difus\u00e3o e hospitalidade excepcional na It\u00e1lia. Assim, nasceu uma publica\u00e7\u00e3o e forma\u00e7\u00e3o que agora, gra\u00e7as principalmente \u00e0 alta qualifica\u00e7\u00e3o t\u00e9cnica, adquiriu uma posi\u00e7\u00e3o importante no contexto nacional.<\/p>\n<h2>Nossa miss\u00e3o: Ideias Que Ajudam<\/h2>\n<p>A miss\u00e3o da Erickson \u00e9 esta: propor ideias, metodologias e instrumentos operacionais para auxiliar quem, atualmente, trabalha com integra\u00e7\u00e3o de pessoas com necessidades especiais, dificuldade de aprendizagem, recupera\u00e7\u00e3o e aux\u00edlio, problem\u00e1ticas da adolesc\u00eancia e sociais.<\/p>\n<p><img loading=\"lazy\" class=\"alignnone size-full wp-image-3949\" style=\"width: 100%; height: auto;\" src=\"http:\/\/www.erickson.international\/wp-content\/uploads\/2015\/10\/esterno-erickson.jpg\" alt=\"esterno-erickson\" width=\"649\" height=\"443\" srcset=\"https:\/\/www.erickson.international\/wp-content\/uploads\/2015\/10\/esterno-erickson.jpg 649w, https:\/\/www.erickson.international\/wp-content\/uploads\/2015\/10\/esterno-erickson-300x205.jpg 300w\" sizes=\"(max-width: 649px) 100vw, 649px\" \/><\/p>\n<h2>Erickson hoje<\/h2>\n<p>Gra\u00e7as \u00e0 qualidade e ao valor cient\u00edfico dos seus conte\u00fados, o Centro Studi Erickson tornou-se l\u00edder na It\u00e1lia na publica\u00e7\u00e3o de livros, cria\u00e7\u00e3o de software, iniciativas de forma\u00e7\u00e3o e pesquisa nas \u00e1reas de ensino, educa\u00e7\u00e3o, dificuldades de aprendizagem, necessidades educacionais especiais, escola e inclus\u00e3o social, psicologia cl\u00ednica e aplicada, trabalho social e pol\u00edticas de bem-estar. Nossas publica\u00e7\u00f5es s\u00e3o bem conhecidas e apreciadas porque associam teorias e metodologias inovadoras a conselhos conselhos operacionais, a casos de estudo e a boas pr\u00e1ticas<\/p>\n<h2>Nosso cat\u00e1logo<\/h2>\n<p>O Cat\u00e1logo Erickson cont\u00e9m atualmente uma grande variedade de<strong> livros e revistas especializadas<\/strong> que abordam, al\u00e9m da quest\u00e3o da diversidade, \u00e1reas de did\u00e1tica para recupera\u00e7\u00e3o e apoio da problem\u00e1tica adolescente e jovem, da psicologia (educacional, aplicada, cl\u00ednica) e trabalho social.<br \/>\nAl\u00e9m de t\u00edtulos espec\u00edficos para os profissionais, no cat\u00e1logo h\u00e1 tamb\u00e9m os volumes da s\u00e9rie &#8220;Entender com o cora\u00e7\u00e3o&#8221;, que s\u00e3o voltados ao p\u00fablico para ajud\u00e1-lo a compreender e enfrentar de modo \u201cpsicologicamente correto\u201d as situa\u00e7\u00f5es pessoais e relacionais da vida cotidiana: educa\u00e7\u00e3o, emo\u00e7\u00f5es, amor, as dificuldades associadas ao crescimento, as necessidades especiais.<\/p>\n<p>Para aproximar at\u00e9 os mais novos a um uso consciente das tecnologias inform\u00e1ticas, o cat\u00e1logo Erickson prop\u00f5e tamb\u00e9m v\u00e1rios <strong>softwares e instrumentos multim\u00eddia<\/strong>, todos utiliz\u00e1veis tamb\u00e9m \u200b\u200bna escola com LIM. Uma solu\u00e7\u00e3o original que permite conciliar a dimens\u00e3o educacional e l\u00fadica.<\/p>\n<h2>Fatos e n\u00fameros<\/h2>\n<p>\u2022 Mais de 2.000 livros no cat\u00e1logo<br \/>\n\u2022 500 t\u00edtulos traduzidos para\u00a0o estrangeiro<br \/>\n\u2022 450 produtos multim\u00eddia<br \/>\n\u2022 Mais de 130 novos livros publicados a cada ano<br \/>\n\u2022 100 cursos de forma\u00e7\u00e3o oferecidos a cada ano<br \/>\n\u2022 Mais de 2.000 autores<\/p>\n<h2>Porqu\u00ea \u00abErickson\u00bb?<\/h2>\n<p>Milton H. Erickson (1901-1980) foi um dos personagens mais interessantes da\u00a0psicoterapia do s\u00e9culo XX. Famoso hipnotizador, portador de poliomielite e, portanto,\u00a0for\u00e7ado ao uso de uma\u00a0cadeira de rodas, testemunhou com sua vida e suas obras que um portador de necessidades especiais pode ser precios\u00edssimo, igual e mais do que uma pessoa \u00abnormodotada\u00bb. Uma fonte de inspira\u00e7\u00e3o cont\u00ednua e um s\u00f3lido ponto de refer\u00eancia para uma editora e um centro de forma\u00e7\u00e3o que nasceram com a inten\u00e7\u00e3o de n\u00e3o apenas ajudar os portadores de necessidades especiais, mas sobretudo inclui-los nas salas de aula e na vida de todos, dando a eles igual dignidade.<\/p>\n<h2>Editores<\/h2>\n<h3><img loading=\"lazy\" class=\"alignnone size-full wp-image-3945\" src=\"http:\/\/www.erickson.international\/wp-content\/uploads\/2015\/10\/Dario-Ianes.jpg\" alt=\"Dario-Ianes\" width=\"131\" height=\"130\" \/><\/h3>\n<h3>Dario Ianes<\/h3>\n<p>Professor de Pedagogia e Did\u00e1tica Educacional Especial na Universidade de Bolzano, Licenciatura em Ci\u00eancias da Educa\u00e7\u00e3o B\u00e1sica. \u00c9 co-fundador do Centro Studi Erickson de Trento, para o qual organiza v\u00e1rias s\u00e9ries, entre as quais os Guias e os Materiais. Autor de v\u00e1rios artigos e livros e diretor da Revista &#8220;Dificuldades de Aprendizagem&#8221;.<br \/>\n<a href=\"http:\/\/www.erickson.international\/en\/author\/dario-ianes-en\/\">Veja a sele\u00e7\u00e3o de t\u00edtulos do Prof. Ianes <\/a><\/p>\n<p>&nbsp;<\/p>\n<h3><\/h3>\n<h3><img loading=\"lazy\" class=\"alignnone size-full wp-image-3948\" src=\"http:\/\/www.erickson.international\/wp-content\/uploads\/2015\/10\/Fabio-Folgheraiter.jpg\" alt=\"Fabio-Folgheraiter\" width=\"131\" height=\"130\" \/><\/h3>\n<h3>Fabio Folgheraiter<\/h3>\n<p>Professor de Metodologia do trabalho social na Universidade Cat\u00f3lica do Sagrado Cora\u00e7\u00e3o de Mil\u00e3o, onde coordena o curso de gradua\u00e7\u00e3o em Servi\u00e7o Social e mestrado em Pol\u00edticas Sociais e servi\u00e7os para a fam\u00edlia, crian\u00e7as e comunidades. \u00c9 co-fundador do Centro Studi Erickson de Trento, onde dirige a s\u00e9rie &#8220;M\u00e9todos e t\u00e9cnicas do trabalho social&#8221; e a revista &#8220;Trabalho Social&#8221; da s\u00e9rie. \u00c9 autor de numerosos estudos sobre Social Work e pol\u00edticas dos Servi\u00e7os Sociais.<br \/>\n<a href=\"http:\/\/www.erickson.international\/en\/author\/fabio-folgheraiter-en\/\">Veja a sele\u00e7\u00e3o de t\u00edtulos do Prof. Folgheraiter<\/a><\/p>\n","protected":false},"excerpt":{"rendered":"<p>Hist\u00f3ria O Centro de Estudos Erickson foi fundado em 1984 por dois psic\u00f3logos, Dario Ianes e Fabio Folgheraiter, e era originalmente um centro para o tratamento e reabilita\u00e7\u00e3o de pessoas com defici\u00eancia mental. O Centro de Estudos tratava de pesquisas, consultoria, forma\u00e7\u00e3o de operadores e gestores de servi\u00e7os sociais e escolares. O in\u00edcio desta atividade [&hellip;]<\/p>\n","protected":false},"author":1,"featured_media":0,"parent":0,"menu_order":0,"comment_status":"closed","ping_status":"closed","template":"page-templates\/page-istituzionale.php","meta":[],"acf":[],"yoast_head":"<!-- This site is optimized with the Yoast SEO plugin v19.6 - https:\/\/yoast.com\/wordpress\/plugins\/seo\/ -->\n<title>PERFIL DA EMPRESA - Erickson International<\/title>\n<meta name=\"robots\" content=\"index, follow, max-snippet:-1, max-image-preview:large, max-video-preview:-1\" \/>\n<link rel=\"canonical\" href=\"https:\/\/www.erickson.international\/pt-br\/perfil-da-empresa\/\" \/>\n<meta name=\"twitter:label1\" content=\"Est. reading time\" \/>\n\t<meta name=\"twitter:data1\" content=\"4 minutes\" \/>\n<script type=\"application\/ld+json\" class=\"yoast-schema-graph\">{\"@context\":\"https:\/\/schema.org\",\"@graph\":[{\"@type\":\"WebPage\",\"@id\":\"https:\/\/www.erickson.international\/pt-br\/perfil-da-empresa\/\",\"url\":\"https:\/\/www.erickson.international\/pt-br\/perfil-da-empresa\/\",\"name\":\"PERFIL DA EMPRESA - Erickson International\",\"isPartOf\":{\"@id\":\"https:\/\/www.erickson.international\/pt-br\/#website\"},\"datePublished\":\"2015-10-06T08:51:27+00:00\",\"dateModified\":\"2016-02-25T10:08:14+00:00\",\"breadcrumb\":{\"@id\":\"https:\/\/www.erickson.international\/pt-br\/perfil-da-empresa\/#breadcrumb\"},\"inLanguage\":\"pt-BR\",\"potentialAction\":[{\"@type\":\"ReadAction\",\"target\":[\"https:\/\/www.erickson.international\/pt-br\/perfil-da-empresa\/\"]}]},{\"@type\":\"BreadcrumbList\",\"@id\":\"https:\/\/www.erickson.international\/pt-br\/perfil-da-empresa\/#breadcrumb\",\"itemListElement\":[{\"@type\":\"ListItem\",\"position\":1,\"name\":\"Home\",\"item\":\"https:\/\/www.erickson.international\/pt-br\/\"},{\"@type\":\"ListItem\",\"position\":2,\"name\":\"PERFIL DA EMPRESA\"}]},{\"@type\":\"WebSite\",\"@id\":\"https:\/\/www.erickson.international\/pt-br\/#website\",\"url\":\"https:\/\/www.erickson.international\/pt-br\/\",\"name\":\"Erickson International\",\"description\":\"Ideas that help\",\"potentialAction\":[{\"@type\":\"SearchAction\",\"target\":{\"@type\":\"EntryPoint\",\"urlTemplate\":\"https:\/\/www.erickson.international\/pt-br\/?s={search_term_string}\"},\"query-input\":\"required name=search_term_string\"}],\"inLanguage\":\"pt-BR\"}]}<\/script>\n<!-- \/ Yoast SEO plugin. -->","yoast_head_json":{"title":"PERFIL DA EMPRESA - Erickson International","robots":{"index":"index","follow":"follow","max-snippet":"max-snippet:-1","max-image-preview":"max-image-preview:large","max-video-preview":"max-video-preview:-1"},"canonical":"https:\/\/www.erickson.international\/pt-br\/perfil-da-empresa\/","twitter_misc":{"Est. reading time":"4 minutes"},"schema":{"@context":"https:\/\/schema.org","@graph":[{"@type":"WebPage","@id":"https:\/\/www.erickson.international\/pt-br\/perfil-da-empresa\/","url":"https:\/\/www.erickson.international\/pt-br\/perfil-da-empresa\/","name":"PERFIL DA EMPRESA - Erickson International","isPartOf":{"@id":"https:\/\/www.erickson.international\/pt-br\/#website"},"datePublished":"2015-10-06T08:51:27+00:00","dateModified":"2016-02-25T10:08:14+00:00","breadcrumb":{"@id":"https:\/\/www.erickson.international\/pt-br\/perfil-da-empresa\/#breadcrumb"},"inLanguage":"pt-BR","potentialAction":[{"@type":"ReadAction","target":["https:\/\/www.erickson.international\/pt-br\/perfil-da-empresa\/"]}]},{"@type":"BreadcrumbList","@id":"https:\/\/www.erickson.international\/pt-br\/perfil-da-empresa\/#breadcrumb","itemListElement":[{"@type":"ListItem","position":1,"name":"Home","item":"https:\/\/www.erickson.international\/pt-br\/"},{"@type":"ListItem","position":2,"name":"PERFIL DA EMPRESA"}]},{"@type":"WebSite","@id":"https:\/\/www.erickson.international\/pt-br\/#website","url":"https:\/\/www.erickson.international\/pt-br\/","name":"Erickson International","description":"Ideas that help","potentialAction":[{"@type":"SearchAction","target":{"@type":"EntryPoint","urlTemplate":"https:\/\/www.erickson.international\/pt-br\/?s={search_term_string}"},"query-input":"required name=search_term_string"}],"inLanguage":"pt-BR"}]}},"_links":{"self":[{"href":"https:\/\/www.erickson.international\/pt-br\/wp-json\/wp\/v2\/pages\/3432"}],"collection":[{"href":"https:\/\/www.erickson.international\/pt-br\/wp-json\/wp\/v2\/pages"}],"about":[{"href":"https:\/\/www.erickson.international\/pt-br\/wp-json\/wp\/v2\/types\/page"}],"author":[{"embeddable":true,"href":"https:\/\/www.erickson.international\/pt-br\/wp-json\/wp\/v2\/users\/1"}],"replies":[{"embeddable":true,"href":"https:\/\/www.erickson.international\/pt-br\/wp-json\/wp\/v2\/comments?post=3432"}],"version-history":[{"count":9,"href":"https:\/\/www.erickson.international\/pt-br\/wp-json\/wp\/v2\/pages\/3432\/revisions"}],"predecessor-version":[{"id":4968,"href":"https:\/\/www.erickson.international\/pt-br\/wp-json\/wp\/v2\/pages\/3432\/revisions\/4968"}],"wp:attachment":[{"href":"https:\/\/www.erickson.international\/pt-br\/wp-json\/wp\/v2\/media?parent=3432"}],"curies":[{"name":"wp","href":"https:\/\/api.w.org\/{rel}","templated":true}]}}