{"id":2869,"date":"2015-08-21T13:58:03","date_gmt":"2015-08-21T13:58:03","guid":{"rendered":"http:\/\/www.erickson.international\/pt-br\/contact-us\/"},"modified":"2016-02-25T10:15:46","modified_gmt":"2016-02-25T10:15:46","slug":"contatos","status":"publish","type":"page","link":"https:\/\/www.erickson.international\/pt-br\/contatos\/","title":{"rendered":"Contatos"},"content":{"rendered":"<p><strong>Edizioni Centro Studi Erickson S.p.A.<\/strong><br \/>\nVia del Pioppeto 24<br \/>\n38121 Trento<br \/>\nItalia<br \/>\nTel.\u00a0+39 0461 950690<br \/>\nFax.\u00a0+39 0461 950698<br \/>\n<a href=\"http:\/\/www.erickson.it\" target=\"_blank\">www.erickson.it<\/a><br \/>\n<a href=\"http:\/\/www.erickson.international\" target=\"_blank\">www.erickson.international<\/a><\/p>\n<p>&nbsp;<\/p>\n<p><strong>P\u200bara quest\u00f5es relativas ao nosso escrit\u00f3rio das Rela\u00e7\u00f5es Exteriores, por gentileza, contatar:<\/strong><\/p>\n<p><img loading=\"lazy\" class=\"alignnone size-full wp-image-2902\" src=\"http:\/\/www.erickson.international\/wp-content\/uploads\/2015\/08\/Valeria_Agliuzzo.jpg\" alt=\"Valeria Agliuzzo\" width=\"200\" height=\"200\" srcset=\"https:\/\/www.erickson.international\/wp-content\/uploads\/2015\/08\/Valeria_Agliuzzo.jpg 200w, https:\/\/www.erickson.international\/wp-content\/uploads\/2015\/08\/Valeria_Agliuzzo-150x150.jpg 150w\" sizes=\"(max-width: 200px) 100vw, 200px\" \/><\/p>\n<p><strong>Valeria Agliuzzo<\/strong> &#8211; para solicitar amostras, informa\u00e7\u00f5es sobre nosso cat\u00e1logo, negocia\u00e7\u00e3o de aquisi\u00e7\u00e3o de direitos de tradu\u00e7\u00e3o das nossas obras, contratos de licen\u00e7a.<br \/>\nE-mail: <a href=\"mailto:valeria.agliuzzo@erickson.it\">valeria.agliuzzo@erickson.it<\/a><\/p>\n<p>&nbsp;<\/p>\n<p><img loading=\"lazy\" class=\"alignnone size-full wp-image-2905\" src=\"http:\/\/www.erickson.international\/wp-content\/uploads\/2015\/08\/Elena_Martinelli.jpg\" alt=\"Elena Martinelli\" width=\"200\" height=\"200\" srcset=\"https:\/\/www.erickson.international\/wp-content\/uploads\/2015\/08\/Elena_Martinelli.jpg 200w, https:\/\/www.erickson.international\/wp-content\/uploads\/2015\/08\/Elena_Martinelli-150x150.jpg 150w\" sizes=\"(max-width: 200px) 100vw, 200px\" \/><\/p>\n<p><strong>Elena Martinelli<\/strong> &#8211; para suas propostas editoriais, procedimento e tempo de avalia\u00e7\u00e3o de seus\u200b t\u00edtulos, negocia\u00e7\u00e3o da venda dos seus t\u00edtulos, gest\u00e3o de contratos.<br \/>\nE-mail: <a href=\"mailto:elena.martinelli@erickson.it\">elena.martinelli@erickson.it<\/a><\/p>\n<p>&nbsp;<\/p>\n<p>Ficamos felizes em trabalhar com voc\u00eas e de nos encarregarmos por seus pedidos. Por gentileza, n\u00e3o hesitem em contatar-nos, ficaremos felizes em responder \u00e0s suas perguntas e dedicar a voc\u00eas a nossa aten\u00e7\u00e3o.<\/p>\n","protected":false},"excerpt":{"rendered":"<p>Edizioni Centro Studi Erickson S.p.A. Via del Pioppeto 24 38121 Trento Italia Tel.\u00a0+39 0461 950690 Fax.\u00a0+39 0461 950698 www.erickson.it www.erickson.international &nbsp; P\u200bara quest\u00f5es relativas ao nosso escrit\u00f3rio das Rela\u00e7\u00f5es Exteriores, por gentileza, contatar: Valeria Agliuzzo &#8211; para solicitar amostras, informa\u00e7\u00f5es sobre nosso cat\u00e1logo, negocia\u00e7\u00e3o de aquisi\u00e7\u00e3o de direitos de tradu\u00e7\u00e3o das nossas obras, contratos de [&hellip;]<\/p>\n","protected":false},"author":1,"featured_media":2901,"parent":0,"menu_order":0,"comment_status":"closed","ping_status":"open","template":"","meta":[],"acf":[],"yoast_head":"<!-- This site is optimized with the Yoast SEO plugin v19.6 - https:\/\/yoast.com\/wordpress\/plugins\/seo\/ -->\n<title>Contatos - Erickson International<\/title>\n<meta name=\"robots\" content=\"index, follow, max-snippet:-1, max-image-preview:large, max-video-preview:-1\" \/>\n<link rel=\"canonical\" href=\"https:\/\/www.erickson.international\/pt-br\/contatos\/\" \/>\n<meta name=\"twitter:label1\" content=\"Est. reading time\" \/>\n\t<meta name=\"twitter:data1\" content=\"1 minute\" \/>\n<script type=\"application\/ld+json\" class=\"yoast-schema-graph\">{\"@context\":\"https:\/\/schema.org\",\"@graph\":[{\"@type\":\"WebPage\",\"@id\":\"https:\/\/www.erickson.international\/pt-br\/contatos\/\",\"url\":\"https:\/\/www.erickson.international\/pt-br\/contatos\/\",\"name\":\"Contatos - Erickson International\",\"isPartOf\":{\"@id\":\"https:\/\/www.erickson.international\/pt-br\/#website\"},\"datePublished\":\"2015-08-21T13:58:03+00:00\",\"dateModified\":\"2016-02-25T10:15:46+00:00\",\"breadcrumb\":{\"@id\":\"https:\/\/www.erickson.international\/pt-br\/contatos\/#breadcrumb\"},\"inLanguage\":\"pt-BR\",\"potentialAction\":[{\"@type\":\"ReadAction\",\"target\":[\"https:\/\/www.erickson.international\/pt-br\/contatos\/\"]}]},{\"@type\":\"BreadcrumbList\",\"@id\":\"https:\/\/www.erickson.international\/pt-br\/contatos\/#breadcrumb\",\"itemListElement\":[{\"@type\":\"ListItem\",\"position\":1,\"name\":\"Home\",\"item\":\"https:\/\/www.erickson.international\/pt-br\/\"},{\"@type\":\"ListItem\",\"position\":2,\"name\":\"Contatos\"}]},{\"@type\":\"WebSite\",\"@id\":\"https:\/\/www.erickson.international\/pt-br\/#website\",\"url\":\"https:\/\/www.erickson.international\/pt-br\/\",\"name\":\"Erickson International\",\"description\":\"Ideas that help\",\"potentialAction\":[{\"@type\":\"SearchAction\",\"target\":{\"@type\":\"EntryPoint\",\"urlTemplate\":\"https:\/\/www.erickson.international\/pt-br\/?s={search_term_string}\"},\"query-input\":\"required name=search_term_string\"}],\"inLanguage\":\"pt-BR\"}]}<\/script>\n<!-- \/ Yoast SEO plugin. -->","yoast_head_json":{"title":"Contatos - Erickson International","robots":{"index":"index","follow":"follow","max-snippet":"max-snippet:-1","max-image-preview":"max-image-preview:large","max-video-preview":"max-video-preview:-1"},"canonical":"https:\/\/www.erickson.international\/pt-br\/contatos\/","twitter_misc":{"Est. reading time":"1 minute"},"schema":{"@context":"https:\/\/schema.org","@graph":[{"@type":"WebPage","@id":"https:\/\/www.erickson.international\/pt-br\/contatos\/","url":"https:\/\/www.erickson.international\/pt-br\/contatos\/","name":"Contatos - Erickson International","isPartOf":{"@id":"https:\/\/www.erickson.international\/pt-br\/#website"},"datePublished":"2015-08-21T13:58:03+00:00","dateModified":"2016-02-25T10:15:46+00:00","breadcrumb":{"@id":"https:\/\/www.erickson.international\/pt-br\/contatos\/#breadcrumb"},"inLanguage":"pt-BR","potentialAction":[{"@type":"ReadAction","target":["https:\/\/www.erickson.international\/pt-br\/contatos\/"]}]},{"@type":"BreadcrumbList","@id":"https:\/\/www.erickson.international\/pt-br\/contatos\/#breadcrumb","itemListElement":[{"@type":"ListItem","position":1,"name":"Home","item":"https:\/\/www.erickson.international\/pt-br\/"},{"@type":"ListItem","position":2,"name":"Contatos"}]},{"@type":"WebSite","@id":"https:\/\/www.erickson.international\/pt-br\/#website","url":"https:\/\/www.erickson.international\/pt-br\/","name":"Erickson International","description":"Ideas that help","potentialAction":[{"@type":"SearchAction","target":{"@type":"EntryPoint","urlTemplate":"https:\/\/www.erickson.international\/pt-br\/?s={search_term_string}"},"query-input":"required name=search_term_string"}],"inLanguage":"pt-BR"}]}},"_links":{"self":[{"href":"https:\/\/www.erickson.international\/pt-br\/wp-json\/wp\/v2\/pages\/2869"}],"collection":[{"href":"https:\/\/www.erickson.international\/pt-br\/wp-json\/wp\/v2\/pages"}],"about":[{"href":"https:\/\/www.erickson.international\/pt-br\/wp-json\/wp\/v2\/types\/page"}],"author":[{"embeddable":true,"href":"https:\/\/www.erickson.international\/pt-br\/wp-json\/wp\/v2\/users\/1"}],"replies":[{"embeddable":true,"href":"https:\/\/www.erickson.international\/pt-br\/wp-json\/wp\/v2\/comments?post=2869"}],"version-history":[{"count":12,"href":"https:\/\/www.erickson.international\/pt-br\/wp-json\/wp\/v2\/pages\/2869\/revisions"}],"predecessor-version":[{"id":4976,"href":"https:\/\/www.erickson.international\/pt-br\/wp-json\/wp\/v2\/pages\/2869\/revisions\/4976"}],"wp:featuredmedia":[{"embeddable":true,"href":"https:\/\/www.erickson.international\/pt-br\/wp-json\/wp\/v2\/media\/2901"}],"wp:attachment":[{"href":"https:\/\/www.erickson.international\/pt-br\/wp-json\/wp\/v2\/media?parent=2869"}],"curies":[{"name":"wp","href":"https:\/\/api.w.org\/{rel}","templated":true}]}}