{"id":2831,"date":"2015-08-17T18:26:09","date_gmt":"2015-08-17T18:26:09","guid":{"rendered":"http:\/\/www.erickson.international\/pt-br\/?page_id=2831"},"modified":"2015-12-01T07:15:36","modified_gmt":"2015-12-01T07:15:36","slug":"quem-somos","status":"publish","type":"page","link":"https:\/\/www.erickson.international\/pt-br\/quem-somos\/","title":{"rendered":"Quem Somos"},"content":{"rendered":"<p><b>Hist\u00f3ria<\/b><\/p>\n<p>O Centro de Estudos Erickson foi fundado em 1984 por dois psic\u00f3logos, Dario Ianes e Fabio Folgheraiter, e era originalmente um centro para o tratamento e reabilita\u00e7\u00e3o de pessoas com defici\u00eancia mental. O Centro de Estudos tratava de pesquisas, consultoria, forma\u00e7\u00e3o de operadores e gestores de servi\u00e7os sociais e escolares. O in\u00edcio desta atividade foi logo ap\u00f3s a promulga\u00e7\u00e3o das leis nacionais italianas que previam a inclus\u00e3o de crian\u00e7as com defici\u00eancia na primeira fase do ensino fundamental e, na medida do poss\u00edvel, no mundo do trabalho. A conseq\u00fc\u00eancia foi que os pedagogos, psic\u00f3logos, educadores profissionais, professores auxiliares e volunt\u00e1rios, \u00e0 \u00e9poca, n\u00e3o tinham cultura espec\u00edfica e instrumentos operacionais adequados para poder enfrentar o novo cen\u00e1rio. O Centro Erickson aceitou este desafio e deu in\u00edcio a um processo de media\u00e7\u00e3o cultural, traduzindo e publicando teorias, documenta\u00e7\u00e3o de experi\u00eancias e metodologias do mundo anglo-sax\u00e3o (Reino Unido e EUA), concentrando-se principalmente em oferecer consultoria t\u00e9cnica e forma\u00e7\u00e3o de operadores. Em ocasi\u00e3o dos primeiros cursos, semin\u00e1rios e confer\u00eancias com palestrantes estrangeiros organizados principalmente pelo Centro de Investiga\u00e7\u00e3o, foi necess\u00e1rio traduzir artigos cient\u00edficos, ferramentas de diagn\u00f3stico, programa\u00e7\u00e3o protocolos e manuais que encontraram ampla difus\u00e3o e hospitalidade excepcional na It\u00e1lia. Assim, nasceu uma publica\u00e7\u00e3o e forma\u00e7\u00e3o que agora, gra\u00e7as principalmente \u00e0 alta qualifica\u00e7\u00e3o t\u00e9cnica, adquiriu uma posi\u00e7\u00e3o importante no contexto nacional.<\/p>\n<p><strong>Nossa miss\u00e3o: Ideias Que Ajudam<\/strong><\/p>\n<p>A miss\u00e3o da Erickson \u00e9 esta: propor ideias, metodologias e instrumentos operacionais para auxiliar quem, atualmente, trabalha com integra\u00e7\u00e3o de pessoas com necessidades especiais, dificuldade de aprendizagem, recupera\u00e7\u00e3o e aux\u00edlio, problem\u00e1ticas da adolesc\u00eancia e sociais.<\/p>\n<p><strong>Erickson hoje<\/strong><br \/>\nGra\u00e7as \u00e0 qualidade e ao valor cient\u00edfico dos seus conte\u00fados, o Centro Studi Erickson tornou-se l\u00edder na It\u00e1lia na publica\u00e7\u00e3o de livros, cria\u00e7\u00e3o de software, iniciativas de forma\u00e7\u00e3o e pesquisa nas \u00e1reas de ensino, educa\u00e7\u00e3o, dificuldades aprendizagem, necessidades educativas especiais, escola e inclus\u00e3o social, psicologia cl\u00ednica e aplicada, trabalho social e pol\u00edticas de bem-estar. Nossas publica\u00e7\u00f5es s\u00e3o bem conhecidas e apreciadas porque associam teorias e metodologias inovadoras para o conselho operacional, os casos de estudos e as boas pr\u00e1ticas.<\/p>\n<p><strong>Nosso cat\u00e1logo<br \/>\n<\/strong>Cat\u00e1logo Erickson cont\u00e9m atualmente uma grande variedade de<strong> livros e revistas especializadas<\/strong> que abordam, al\u00e9m da quest\u00e3o da diversidade, \u00e1reas de did\u00e1tica para recupera\u00e7\u00e3o e apoio das problem\u00e1tica adolescente e jovem, da psicologia (educacional, aplicada, cl\u00ednica) e trabalho social.<br \/>\nAl\u00e9m de t\u00edtulos espec\u00edficos para os profissionais, no cat\u00e1logo h\u00e1 tamb\u00e9m os volumes da s\u00e9rie &#8220;Entender com o cora\u00e7\u00e3o&#8221;, que s\u00e3o voltados ao p\u00fablico para ajud\u00e1-los a compreender e enfrentar de modo \u201cpsicologicamente correto\u201d as situa\u00e7\u00f5es pessoal e relacional da vida cotidiana: educa\u00e7\u00e3o, emo\u00e7\u00f5es, amor, as dificuldades associadas ao crescimento, as necessidades especiais.<\/p>\n<p>Para aproximar at\u00e9 os mais novos a um uso consciente das tecnologias inform\u00e1ticas, o cat\u00e1logo Erickson prop\u00f5e tamb\u00e9m v\u00e1rios <strong>softwares e instrumentos multim\u00eddia<\/strong>, todos utiliz\u00e1veis tamb\u00e9m \u200b\u200bna escola com LIM. Uma solu\u00e7\u00e3o original que permite conciliar a dimens\u00e3o educacional e l\u00fadica.<\/p>\n<p><strong>Este site recolhe uma sele\u00e7\u00e3o dos nossos t\u00edtulos que se adaptam bem aos contextos internacionais.<\/strong><\/p>\n<p><b>Fatos e n\u00fameros<br \/>\n<\/b>\u2022 Mais de <strong>2.000<\/strong> livros no cat\u00e1logo<br \/>\n\u2022 <strong>500<\/strong> t\u00edtulos traduzidos para o exterior<br \/>\n\u2022 <strong>450<\/strong> produtos multim\u00eddia<br \/>\n\u2022 Mais de <strong>130<\/strong> novos livros publicados a cada ano<br \/>\n\u2022 <strong>100<\/strong> cursos de forma\u00e7\u00e3o oferecidos a cada ano<br \/>\n\u2022 Mais de <strong>2.000 autores<\/strong><\/p>\n<p><b>Nosso hist\u00f3rico de lan\u00e7amentos e eventos<\/b><\/p>\n<p><img loading=\"lazy\" class=\"alignnone size-full wp-image-2832\" src=\"http:\/\/www.erickson.international\/wp-content\/uploads\/2015\/08\/Infografica_PORTOGHESE-bianco.jpg\" alt=\"\" width=\"847\" height=\"390\" srcset=\"https:\/\/www.erickson.international\/wp-content\/uploads\/2015\/08\/Infografica_PORTOGHESE-bianco.jpg 847w, https:\/\/www.erickson.international\/wp-content\/uploads\/2015\/08\/Infografica_PORTOGHESE-bianco-300x138.jpg 300w\" sizes=\"(max-width: 847px) 100vw, 847px\" \/><\/p>\n<p><b>Por que o nome<\/b><b> <\/b><b>&#8220;<\/b><b>Erickson&#8221;?<br \/>\n<\/b><strong>Milton H. Erickson<\/strong> (1901-1980) foi um dos personagens mais interessantes da psicoterapia do s\u00e9culo XX. Hipnotizador famoso portador de poliomielite e obrigado a usar cadeira de rodas, testemunhou com a sua vida e seu trabalho que uma pessoa com defici\u00eancia pode ser muito valiosa, tal como e mais do que uma pessoa &#8220;normal&#8221;. Uma fonte de inspira\u00e7\u00e3o cont\u00ednua e um s\u00f3lido ponto de refer\u00eancia para uma editora e um centro de treinamento nascido com a inten\u00e7\u00e3o n\u00e3o s\u00f3 de ajudar as pessoas com defici\u00eancia, mas tamb\u00e9m para inclu\u00ed-los na sala de aula e na vida de todos, dando-lhes a mesma dignidade.<\/p>\n<p><b>Editores<\/b><\/p>\n<table>\n<tbody>\n<tr>\n<td><img loading=\"lazy\" class=\"alignnone size-full wp-image-2914\" style=\"margin-right: 15px;\" src=\"http:\/\/www.erickson.international\/wp-content\/uploads\/2015\/08\/ianes.jpg\" alt=\"Dario Ianes\" width=\"122\" height=\"122\" \/><\/td>\n<td valign=\"top\"><b>Dario Ianes<\/b><\/p>\n<p align=\"justify\">Professor de Pedagogia e Did\u00e1tica Educacional Especial na Universidade de Bolzano, Licenciatura em Ci\u00eancias da Educa\u00e7\u00e3o B\u00e1sica. \u00c9 co-fundador do Centro Studi Erickson de Trento, para a qual cura v\u00e1rias s\u00e9ries, entre as quais os Guias e os Materiais. Autor de v\u00e1rios artigos e livros e diretor da Revista &#8220;Dificuldades de Aprendizagem&#8221;.<\/p>\n<\/td>\n<\/tr>\n<\/tbody>\n<\/table>\n<p>&nbsp;<\/p>\n<table>\n<tbody>\n<tr>\n<td><img loading=\"lazy\" class=\"alignnone size-full wp-image-2917\" style=\"margin-right: 15px;\" src=\"http:\/\/www.erickson.international\/wp-content\/uploads\/2015\/08\/folgheraiter.jpg\" alt=\"Fabio Folgheraiter\" width=\"119\" height=\"121\" \/><\/td>\n<td valign=\"top\"><b>Fabio Folgheraiter<\/b><\/p>\n<p align=\"justify\">Professor de Metodologia do trabalho social na Universidade Cat\u00f3lica do Sagrado Cora\u00e7\u00e3o de Mil\u00e3o, onde coordena o curso de gradua\u00e7\u00e3o em Servi\u00e7o Social e mestrado em Pol\u00edticas Sociais e servi\u00e7os para a fam\u00edlia, crian\u00e7as e comunidades. \u00c9 co-fundador do Centro Studi Erickson de Trento, onde dirige a s\u00e9rie &#8220;M\u00e9todos e t\u00e9cnicas do trabalho social&#8221; e a revista &#8220;Trabalho Social&#8221; da s\u00e9rie. \u00c9 autor de numerosos estudos sobre Social Work e pol\u00edticas dos Servi\u00e7os Sociais.<\/p>\n<\/td>\n<\/tr>\n<\/tbody>\n<\/table>\n","protected":false},"excerpt":{"rendered":"<p>Hist\u00f3ria O Centro de Estudos Erickson foi fundado em 1984 por dois psic\u00f3logos, Dario Ianes e Fabio Folgheraiter, e era originalmente um centro para o tratamento e reabilita\u00e7\u00e3o de pessoas com defici\u00eancia mental. O Centro de Estudos tratava de pesquisas, consultoria, forma\u00e7\u00e3o de operadores e gestores de servi\u00e7os sociais e escolares. O in\u00edcio desta atividade [&hellip;]<\/p>\n","protected":false},"author":1,"featured_media":2901,"parent":0,"menu_order":0,"comment_status":"closed","ping_status":"open","template":"","meta":[],"acf":[],"yoast_head":"<!-- This site is optimized with the Yoast SEO plugin v19.6 - https:\/\/yoast.com\/wordpress\/plugins\/seo\/ -->\n<title>Quem Somos - Erickson International<\/title>\n<meta name=\"robots\" content=\"index, follow, max-snippet:-1, max-image-preview:large, max-video-preview:-1\" \/>\n<link rel=\"canonical\" href=\"https:\/\/www.erickson.international\/pt-br\/quem-somos\/\" \/>\n<meta name=\"twitter:label1\" content=\"Est. reading time\" \/>\n\t<meta name=\"twitter:data1\" content=\"4 minutes\" \/>\n<script type=\"application\/ld+json\" class=\"yoast-schema-graph\">{\"@context\":\"https:\/\/schema.org\",\"@graph\":[{\"@type\":\"WebPage\",\"@id\":\"https:\/\/www.erickson.international\/pt-br\/quem-somos\/\",\"url\":\"https:\/\/www.erickson.international\/pt-br\/quem-somos\/\",\"name\":\"Quem Somos - Erickson International\",\"isPartOf\":{\"@id\":\"https:\/\/www.erickson.international\/pt-br\/#website\"},\"datePublished\":\"2015-08-17T18:26:09+00:00\",\"dateModified\":\"2015-12-01T07:15:36+00:00\",\"breadcrumb\":{\"@id\":\"https:\/\/www.erickson.international\/pt-br\/quem-somos\/#breadcrumb\"},\"inLanguage\":\"pt-BR\",\"potentialAction\":[{\"@type\":\"ReadAction\",\"target\":[\"https:\/\/www.erickson.international\/pt-br\/quem-somos\/\"]}]},{\"@type\":\"BreadcrumbList\",\"@id\":\"https:\/\/www.erickson.international\/pt-br\/quem-somos\/#breadcrumb\",\"itemListElement\":[{\"@type\":\"ListItem\",\"position\":1,\"name\":\"Home\",\"item\":\"https:\/\/www.erickson.international\/pt-br\/\"},{\"@type\":\"ListItem\",\"position\":2,\"name\":\"Quem Somos\"}]},{\"@type\":\"WebSite\",\"@id\":\"https:\/\/www.erickson.international\/pt-br\/#website\",\"url\":\"https:\/\/www.erickson.international\/pt-br\/\",\"name\":\"Erickson International\",\"description\":\"Ideas that help\",\"potentialAction\":[{\"@type\":\"SearchAction\",\"target\":{\"@type\":\"EntryPoint\",\"urlTemplate\":\"https:\/\/www.erickson.international\/pt-br\/?s={search_term_string}\"},\"query-input\":\"required name=search_term_string\"}],\"inLanguage\":\"pt-BR\"}]}<\/script>\n<!-- \/ Yoast SEO plugin. -->","yoast_head_json":{"title":"Quem Somos - Erickson International","robots":{"index":"index","follow":"follow","max-snippet":"max-snippet:-1","max-image-preview":"max-image-preview:large","max-video-preview":"max-video-preview:-1"},"canonical":"https:\/\/www.erickson.international\/pt-br\/quem-somos\/","twitter_misc":{"Est. reading time":"4 minutes"},"schema":{"@context":"https:\/\/schema.org","@graph":[{"@type":"WebPage","@id":"https:\/\/www.erickson.international\/pt-br\/quem-somos\/","url":"https:\/\/www.erickson.international\/pt-br\/quem-somos\/","name":"Quem Somos - Erickson International","isPartOf":{"@id":"https:\/\/www.erickson.international\/pt-br\/#website"},"datePublished":"2015-08-17T18:26:09+00:00","dateModified":"2015-12-01T07:15:36+00:00","breadcrumb":{"@id":"https:\/\/www.erickson.international\/pt-br\/quem-somos\/#breadcrumb"},"inLanguage":"pt-BR","potentialAction":[{"@type":"ReadAction","target":["https:\/\/www.erickson.international\/pt-br\/quem-somos\/"]}]},{"@type":"BreadcrumbList","@id":"https:\/\/www.erickson.international\/pt-br\/quem-somos\/#breadcrumb","itemListElement":[{"@type":"ListItem","position":1,"name":"Home","item":"https:\/\/www.erickson.international\/pt-br\/"},{"@type":"ListItem","position":2,"name":"Quem Somos"}]},{"@type":"WebSite","@id":"https:\/\/www.erickson.international\/pt-br\/#website","url":"https:\/\/www.erickson.international\/pt-br\/","name":"Erickson International","description":"Ideas that help","potentialAction":[{"@type":"SearchAction","target":{"@type":"EntryPoint","urlTemplate":"https:\/\/www.erickson.international\/pt-br\/?s={search_term_string}"},"query-input":"required name=search_term_string"}],"inLanguage":"pt-BR"}]}},"_links":{"self":[{"href":"https:\/\/www.erickson.international\/pt-br\/wp-json\/wp\/v2\/pages\/2831"}],"collection":[{"href":"https:\/\/www.erickson.international\/pt-br\/wp-json\/wp\/v2\/pages"}],"about":[{"href":"https:\/\/www.erickson.international\/pt-br\/wp-json\/wp\/v2\/types\/page"}],"author":[{"embeddable":true,"href":"https:\/\/www.erickson.international\/pt-br\/wp-json\/wp\/v2\/users\/1"}],"replies":[{"embeddable":true,"href":"https:\/\/www.erickson.international\/pt-br\/wp-json\/wp\/v2\/comments?post=2831"}],"version-history":[{"count":15,"href":"https:\/\/www.erickson.international\/pt-br\/wp-json\/wp\/v2\/pages\/2831\/revisions"}],"predecessor-version":[{"id":3431,"href":"https:\/\/www.erickson.international\/pt-br\/wp-json\/wp\/v2\/pages\/2831\/revisions\/3431"}],"wp:featuredmedia":[{"embeddable":true,"href":"https:\/\/www.erickson.international\/pt-br\/wp-json\/wp\/v2\/media\/2901"}],"wp:attachment":[{"href":"https:\/\/www.erickson.international\/pt-br\/wp-json\/wp\/v2\/media?parent=2831"}],"curies":[{"name":"wp","href":"https:\/\/api.w.org\/{rel}","templated":true}]}}