{"id":26533,"date":"2024-04-15T20:03:44","date_gmt":"2024-04-15T20:03:44","guid":{"rendered":"https:\/\/www.erickson.international\/pt-br\/?page_id=26533"},"modified":"2024-04-15T20:03:46","modified_gmt":"2024-04-15T20:03:46","slug":"politica-de-privacidade-para-formulario-de-inscricao-em-newsletter","status":"publish","type":"page","link":"https:\/\/www.erickson.international\/pt-br\/politica-de-privacidade-para-formulario-de-inscricao-em-newsletter\/","title":{"rendered":"POL\u00cdTICA DE PRIVACIDADE PARA FORMUL\u00c1RIO DE INSCRI\u00c7\u00c3O EM NEWSLETTER"},"content":{"rendered":"\n<p><strong>Pol\u00edtica de privacidade para o tratamento de dados pessoais de acordo com o Regulamento Europeu 2016\/679\/UE (GDPR)<\/strong><\/p>\n\n\n\n<p>Os dados pessoais que nos fornecer ao preencher o formul\u00e1rio de inscri\u00e7\u00e3o para o nosso servi\u00e7o de newsletter ser\u00e3o tratados pela nossa empresa, em conformidade com as leis aplic\u00e1veis e as obriga\u00e7\u00f5es de confidencialidade \u00e0s quais sempre aderimos, conforme descrito na pol\u00edtica a seguir.<\/p>\n\n\n\n<p><strong>Identidade do controlador de dados e detalhes de contato<\/strong><\/p>\n\n\n\n<p>O controlador de dados \u00e9 a empresa Edizioni Centro Studi Erickson spa, com sede em Trento, Via del Pioppeto n.24. Eles podem ser contatados a qualquer momento para qualquer exig\u00eancia ou quest\u00e3o relacionada ao tratamento dos seus dados, enviando um e-mail para <a>privacy@erickson.it<\/a><\/p>\n\n\n\n<p><strong>Tipo de dados processados, finalidade do tratamento de dados e enquadramento legal<\/strong><\/p>\n\n\n\n<p>Ao preencher o formul\u00e1rio de inscri\u00e7\u00e3o para o nosso servi\u00e7o de newsletter, coletaremos alguns dos seus dados pessoais, que ser\u00e3o tratados com o objetivo de enviar-lhe newsletters contendo not\u00edcias e promo\u00e7\u00f5es da Erickson.<\/p>\n\n\n\n<p>O tratamento dos seus dados para a finalidade mencionada \u00e9 baseado no seu consentimento.<\/p>\n\n\n\n<p><strong>Destinat\u00e1rios ou categorias de destinat\u00e1rios dos dados pessoais<\/strong><\/p>\n\n\n\n<p>Os dados pessoais mencionados ser\u00e3o processados pelo Controlador de Dados utilizando pessoas autorizadas a tratar os dados (ou seja, empregados pertencentes \u00e0 organiza\u00e7\u00e3o ou terceiros designados como processadores de dados, que desempenham fun\u00e7\u00f5es para o Controlador de Dados, em linha com o tratamento e finalidades mencionadas.<\/p>\n\n\n\n<p>De qualquer forma, n\u00e3o est\u00e1 prevista a divulga\u00e7\u00e3o dos seus dados pessoais.<\/p>\n\n\n\n<p><strong>Per\u00edodo de reten\u00e7\u00e3o de dados pessoais<\/strong><\/p>\n\n\n\n<p>Em conformidade com os princ\u00edpios estabelecidos pelo GDPR, seus dados ser\u00e3o mantidos pelo tempo necess\u00e1rio para os fins pelos quais os dados s\u00e3o coletados e processados.<\/p>\n\n\n\n<p>Os dados necess\u00e1rios para enviar nossas newsletters ser\u00e3o mantidos pelo per\u00edodo em que sua inscri\u00e7\u00e3o no servi\u00e7o de newsletter permanecer ativa ou at\u00e9 que voc\u00ea retire seu consentimento para receb\u00ea-la.<\/p>\n\n\n\n<p><strong>Seus direitos em rela\u00e7\u00e3o aos seus dados pessoais<\/strong><\/p>\n\n\n\n<p>Lembre-se de que, de acordo com a pol\u00edtica espec\u00edfica, a qualquer momento:<\/p>\n\n\n\n<ul><li>Voc\u00ea tem o direito de solicitar acesso aos seus dados pessoais, sua retifica\u00e7\u00e3o ou exclus\u00e3o, ou solicitar a restri\u00e7\u00e3o do tratamento ou se opor ao tratamento, bem como o direito \u00e0 portabilidade dos dados; <\/li><\/ul>\n\n\n\n<p>Voc\u00ea tem o direito de retirar o consentimento para o tratamento e o direito de apresentar uma reclama\u00e7\u00e3o a uma autoridade supervisora (Supervisor de Prote\u00e7\u00e3o de Dados). <\/p>\n\n\n\n<p><strong>Fornecimento opcional ou obrigat\u00f3rio de dados (por lei ou contrato ou para celebrar um contrato) e as consequ\u00eancias da n\u00e3o fornecimento desses dados<\/strong><\/p>\n\n\n\n<p>O fornecimento dos seus dados pessoais \u00e9 opcional, no entanto, se voc\u00ea n\u00e3o fornecer os dados marcados como obrigat\u00f3rios no formul\u00e1rio, voc\u00ea n\u00e3o ser\u00e1 capaz de completar o processo de inscri\u00e7\u00e3o necess\u00e1rio para receber nossa newsletter.<\/p>\n","protected":false},"excerpt":{"rendered":"<p>Pol\u00edtica de privacidade para o tratamento de dados pessoais de acordo com o Regulamento Europeu 2016\/679\/UE (GDPR) Os dados pessoais que nos fornecer ao preencher o formul\u00e1rio de inscri\u00e7\u00e3o para o nosso servi\u00e7o de newsletter ser\u00e3o tratados pela nossa empresa, em conformidade com as leis aplic\u00e1veis e as obriga\u00e7\u00f5es de confidencialidade \u00e0s quais sempre aderimos, [&hellip;]<\/p>\n","protected":false},"author":4,"featured_media":0,"parent":0,"menu_order":0,"comment_status":"closed","ping_status":"closed","template":"","meta":[],"acf":[],"yoast_head":"<!-- This site is optimized with the Yoast SEO plugin v19.6 - https:\/\/yoast.com\/wordpress\/plugins\/seo\/ -->\n<title>POL\u00cdTICA DE PRIVACIDADE PARA FORMUL\u00c1RIO DE INSCRI\u00c7\u00c3O EM NEWSLETTER - Erickson International<\/title>\n<meta name=\"robots\" content=\"index, follow, max-snippet:-1, max-image-preview:large, max-video-preview:-1\" \/>\n<link rel=\"canonical\" href=\"https:\/\/www.erickson.international\/pt-br\/politica-de-privacidade-para-formulario-de-inscricao-em-newsletter\/\" \/>\n<meta name=\"twitter:label1\" content=\"Est. reading time\" \/>\n\t<meta name=\"twitter:data1\" content=\"3 minutes\" \/>\n<script type=\"application\/ld+json\" class=\"yoast-schema-graph\">{\"@context\":\"https:\/\/schema.org\",\"@graph\":[{\"@type\":\"WebPage\",\"@id\":\"https:\/\/www.erickson.international\/pt-br\/politica-de-privacidade-para-formulario-de-inscricao-em-newsletter\/\",\"url\":\"https:\/\/www.erickson.international\/pt-br\/politica-de-privacidade-para-formulario-de-inscricao-em-newsletter\/\",\"name\":\"POL\u00cdTICA DE PRIVACIDADE PARA FORMUL\u00c1RIO DE INSCRI\u00c7\u00c3O EM NEWSLETTER - Erickson International\",\"isPartOf\":{\"@id\":\"https:\/\/www.erickson.international\/pt-br\/#website\"},\"datePublished\":\"2024-04-15T20:03:44+00:00\",\"dateModified\":\"2024-04-15T20:03:46+00:00\",\"breadcrumb\":{\"@id\":\"https:\/\/www.erickson.international\/pt-br\/politica-de-privacidade-para-formulario-de-inscricao-em-newsletter\/#breadcrumb\"},\"inLanguage\":\"pt-BR\",\"potentialAction\":[{\"@type\":\"ReadAction\",\"target\":[\"https:\/\/www.erickson.international\/pt-br\/politica-de-privacidade-para-formulario-de-inscricao-em-newsletter\/\"]}]},{\"@type\":\"BreadcrumbList\",\"@id\":\"https:\/\/www.erickson.international\/pt-br\/politica-de-privacidade-para-formulario-de-inscricao-em-newsletter\/#breadcrumb\",\"itemListElement\":[{\"@type\":\"ListItem\",\"position\":1,\"name\":\"Home\",\"item\":\"https:\/\/www.erickson.international\/pt-br\/\"},{\"@type\":\"ListItem\",\"position\":2,\"name\":\"POL\u00cdTICA DE PRIVACIDADE PARA FORMUL\u00c1RIO DE INSCRI\u00c7\u00c3O EM NEWSLETTER\"}]},{\"@type\":\"WebSite\",\"@id\":\"https:\/\/www.erickson.international\/pt-br\/#website\",\"url\":\"https:\/\/www.erickson.international\/pt-br\/\",\"name\":\"Erickson International\",\"description\":\"Ideas that help\",\"potentialAction\":[{\"@type\":\"SearchAction\",\"target\":{\"@type\":\"EntryPoint\",\"urlTemplate\":\"https:\/\/www.erickson.international\/pt-br\/?s={search_term_string}\"},\"query-input\":\"required name=search_term_string\"}],\"inLanguage\":\"pt-BR\"}]}<\/script>\n<!-- \/ Yoast SEO plugin. -->","yoast_head_json":{"title":"POL\u00cdTICA DE PRIVACIDADE PARA FORMUL\u00c1RIO DE INSCRI\u00c7\u00c3O EM NEWSLETTER - Erickson International","robots":{"index":"index","follow":"follow","max-snippet":"max-snippet:-1","max-image-preview":"max-image-preview:large","max-video-preview":"max-video-preview:-1"},"canonical":"https:\/\/www.erickson.international\/pt-br\/politica-de-privacidade-para-formulario-de-inscricao-em-newsletter\/","twitter_misc":{"Est. reading time":"3 minutes"},"schema":{"@context":"https:\/\/schema.org","@graph":[{"@type":"WebPage","@id":"https:\/\/www.erickson.international\/pt-br\/politica-de-privacidade-para-formulario-de-inscricao-em-newsletter\/","url":"https:\/\/www.erickson.international\/pt-br\/politica-de-privacidade-para-formulario-de-inscricao-em-newsletter\/","name":"POL\u00cdTICA DE PRIVACIDADE PARA FORMUL\u00c1RIO DE INSCRI\u00c7\u00c3O EM NEWSLETTER - Erickson International","isPartOf":{"@id":"https:\/\/www.erickson.international\/pt-br\/#website"},"datePublished":"2024-04-15T20:03:44+00:00","dateModified":"2024-04-15T20:03:46+00:00","breadcrumb":{"@id":"https:\/\/www.erickson.international\/pt-br\/politica-de-privacidade-para-formulario-de-inscricao-em-newsletter\/#breadcrumb"},"inLanguage":"pt-BR","potentialAction":[{"@type":"ReadAction","target":["https:\/\/www.erickson.international\/pt-br\/politica-de-privacidade-para-formulario-de-inscricao-em-newsletter\/"]}]},{"@type":"BreadcrumbList","@id":"https:\/\/www.erickson.international\/pt-br\/politica-de-privacidade-para-formulario-de-inscricao-em-newsletter\/#breadcrumb","itemListElement":[{"@type":"ListItem","position":1,"name":"Home","item":"https:\/\/www.erickson.international\/pt-br\/"},{"@type":"ListItem","position":2,"name":"POL\u00cdTICA DE PRIVACIDADE PARA FORMUL\u00c1RIO DE INSCRI\u00c7\u00c3O EM NEWSLETTER"}]},{"@type":"WebSite","@id":"https:\/\/www.erickson.international\/pt-br\/#website","url":"https:\/\/www.erickson.international\/pt-br\/","name":"Erickson International","description":"Ideas that help","potentialAction":[{"@type":"SearchAction","target":{"@type":"EntryPoint","urlTemplate":"https:\/\/www.erickson.international\/pt-br\/?s={search_term_string}"},"query-input":"required name=search_term_string"}],"inLanguage":"pt-BR"}]}},"_links":{"self":[{"href":"https:\/\/www.erickson.international\/pt-br\/wp-json\/wp\/v2\/pages\/26533"}],"collection":[{"href":"https:\/\/www.erickson.international\/pt-br\/wp-json\/wp\/v2\/pages"}],"about":[{"href":"https:\/\/www.erickson.international\/pt-br\/wp-json\/wp\/v2\/types\/page"}],"author":[{"embeddable":true,"href":"https:\/\/www.erickson.international\/pt-br\/wp-json\/wp\/v2\/users\/4"}],"replies":[{"embeddable":true,"href":"https:\/\/www.erickson.international\/pt-br\/wp-json\/wp\/v2\/comments?post=26533"}],"version-history":[{"count":1,"href":"https:\/\/www.erickson.international\/pt-br\/wp-json\/wp\/v2\/pages\/26533\/revisions"}],"predecessor-version":[{"id":26534,"href":"https:\/\/www.erickson.international\/pt-br\/wp-json\/wp\/v2\/pages\/26533\/revisions\/26534"}],"wp:attachment":[{"href":"https:\/\/www.erickson.international\/pt-br\/wp-json\/wp\/v2\/media?parent=26533"}],"curies":[{"name":"wp","href":"https:\/\/api.w.org\/{rel}","templated":true}]}}