{"id":21812,"date":"2022-05-24T06:44:39","date_gmt":"2022-05-24T06:44:39","guid":{"rendered":"http:\/\/www.erickson.international\/pt-br\/?page_id=21812"},"modified":"2022-05-24T06:52:32","modified_gmt":"2022-05-24T06:52:32","slug":"cookie-policy","status":"publish","type":"page","link":"https:\/\/www.erickson.international\/pt-br\/cookie-policy\/","title":{"rendered":"Cookie policy"},"content":{"rendered":"\n<p><u>O que s\u00e3o cookies?<\/u><\/p>\n\n\n\n<p>Cookies s\u00e3o cadeias de texto que os sites visitados pelo usu\u00e1rio (os chamados &#8220;primeiros&#8221;) ou diferentes sites ou servidores da web (os chamados &#8220;terceiros&#8221;) colocam e armazenam, diretamente (no caso de sites prim\u00e1rios) ou indiretamente, ou seja, atrav\u00e9s deste \u00faltimo (no caso de terceiros) dentro de um dispositivo terminal na disponibilidade do pr\u00f3prio usu\u00e1rio.<\/p>\n\n\n\n<p>Os cookies podem desempenhar v\u00e1rias fun\u00e7\u00f5es, incluindo o monitoramento de sess\u00f5es, armazenamento de informa\u00e7\u00f5es sobre configura\u00e7\u00f5es espec\u00edficas de usu\u00e1rios que acessam o servidor, facilitando o uso de conte\u00fados online, etc. os servi\u00e7os prestados ao comportamento do usu\u00e1rio sujeitos a uma observa\u00e7\u00e3o pr\u00e9via.<\/p>\n\n\n\n<p>Dependendo da fun\u00e7\u00e3o que desempenham, os cookies podem ser classificados essencialmente em:<\/p>\n\n\n\n<p>&#8211; cookies t\u00e9cnicos, utilizados com o \u00fanico prop\u00f3sito de permitir o funcionamento do site;<\/p>\n\n\n\n<p>&#8211; cookies de perfil, utilizados para rastrear a\u00e7\u00f5es espec\u00edficas ou padr\u00f5es comportamentais para assuntos, para criar perfis de usu\u00e1rio e enviar mensagens promocionais de acordo com as prefer\u00eancias expressas pelo usu\u00e1rio na navega\u00e7\u00e3o ou para oferecer ao usu\u00e1rio conte\u00fado personalizado.<\/p>\n\n\n\n<p>Os cookies tamb\u00e9m podem ser usados \u200b\u200bpara avaliar a efic\u00e1cia de um servi\u00e7o oferecido por um site ou para ajudar a analisar seu tr\u00e1fego: neste caso, os cookies usados \u200b\u200bs\u00e3o definidos como os chamados cookies anal\u00edticos.<\/p>\n\n\n\n<p>Sob certas condi\u00e7\u00f5es, incluindo, nomeadamente, a impossibilidade de identificar diretamente o titular dos dados atrav\u00e9s da sua utiliza\u00e7\u00e3o, os cookies anal\u00edticos s\u00e3o equiparados a cookies t\u00e9cnicos em termos das condi\u00e7\u00f5es e obriga\u00e7\u00f5es que legitimam a sua utiliza\u00e7\u00e3o.<\/p>\n\n\n\n<p class=\"has-text-align-center\">***&nbsp;&nbsp; ***&nbsp;&nbsp; ***<\/p>\n\n\n\n<p>Dito isto, este site usa apenas cookies t\u00e9cnicos e cookies anal\u00edticos an\u00f4nimos.<\/p>\n\n\n\n<figure class=\"wp-block-table is-style-stripes\"><table><thead><tr><th>Cookie<\/th><th>Fun\u00e7\u00e3o<\/th><th>Primeira parte ou terceiro<\/th><th>Dura\u00e7\u00e3o<\/th><\/tr><\/thead><tbody><tr><td>_GRECAPTCHA<\/td><td>Google Recaptcha<\/td><td>Terceiro<\/td><td>6 meses<\/td><\/tr><tr><td>PHPSESSID<\/td><td>&#8211;<\/td><td>Primeira parte<\/td><td>Quando a sess\u00e3o de navega\u00e7\u00e3o termina<\/td><\/tr><tr><td>wordpress_logged_in_{hash}<\/td><td>Controle de sess\u00e3o<\/td><td>Primeira parte<\/td><td>2 semanas<\/td><\/tr><tr><td>wordpress_sec_{hash}<\/td><td>Controle de sess\u00e3o<\/td><td>Primeira parte<\/td><td>2 semanas<\/td><\/tr><tr><td>wfwaf-authcookie-{hash}<\/td><td>Firewall do Wordfence para WordPress<\/td><td>Primeira parte<\/td><td>1 dia<\/td><\/tr><\/tbody><\/table><\/figure>\n\n\n\n<p><strong>Cookie analytics<\/strong><\/p>\n\n\n\n<figure class=\"wp-block-table is-style-stripes\"><table><thead><tr><th>Cookie<\/th><th>Fun\u00e7\u00e3o<\/th><th>Primeira parte ou terceiro<\/th><th>Dura\u00e7\u00e3o<\/th><\/tr><\/thead><tbody><tr><td>_ga<\/td><td>Google Analytics<\/td><td>Terceiro<\/td><td>2 anos<\/td><\/tr><tr><td>_ga_FMWR534736<\/td><td>Google Analytics<\/td><td>Terceiro<\/td><td>2 anos<\/td><\/tr><\/tbody><\/table><\/figure>\n\n\n\n<p>Para os cookies t\u00e9cnicos e anal\u00edticos an\u00f3nimos, a base legal do tratamento \u00e9 representada pela necessidade de celebra\u00e7\u00e3o de um contrato do qual o interessado seja parte, relativo \u00e0 utiliza\u00e7\u00e3o do site e dos seus servi\u00e7os (artigo 6.\u00ba, al\u00ednea B) do RGPD); \u00e9 tamb\u00e9m de referir que os cookies anal\u00edticos foram anonimizados e, portanto, n\u00e3o h\u00e1 tratamento de dados atribu\u00edvel a um \u00fanico utilizador.<\/p>\n\n\n\n<p>Pursuant to art. 13 of EU Regulation 2016\/679 (GDPR) it is also specified that the Data Controller with reference to non-third-party cookies is the company Edizioni Centro Studi Erickson S.p.A., with registered office in Trento, via del Pioppeto n. 24, which you can contact for any information at privacy@erickson.it. Each user has the rights referred to in art. 15 and following of the GDPR, including the right to lodge a complaint with the Guarantor Authority for the protection of personal data. The Data Controller has appointed a Personal Data Protection Officer (DPO), who can be contacted by sending an email to <a href=\"mailto:dpo@erickson.it\">dpo@erickson.it<\/a>.<\/p>\n","protected":false},"excerpt":{"rendered":"<p>O que s\u00e3o cookies? Cookies s\u00e3o cadeias de texto que os sites visitados pelo usu\u00e1rio (os chamados &#8220;primeiros&#8221;) ou diferentes sites ou servidores da web (os chamados &#8220;terceiros&#8221;) colocam e armazenam, diretamente (no caso de sites prim\u00e1rios) ou indiretamente, ou seja, atrav\u00e9s deste \u00faltimo (no caso de terceiros) dentro de um dispositivo terminal na disponibilidade [&hellip;]<\/p>\n","protected":false},"author":1,"featured_media":0,"parent":0,"menu_order":0,"comment_status":"closed","ping_status":"closed","template":"","meta":[],"acf":[],"yoast_head":"<!-- This site is optimized with the Yoast SEO plugin v19.6 - https:\/\/yoast.com\/wordpress\/plugins\/seo\/ -->\n<title>Cookie policy - Erickson International<\/title>\n<meta name=\"robots\" content=\"index, follow, max-snippet:-1, max-image-preview:large, max-video-preview:-1\" \/>\n<link rel=\"canonical\" href=\"https:\/\/www.erickson.international\/pt-br\/cookie-policy\/\" \/>\n<meta name=\"twitter:label1\" content=\"Est. reading time\" \/>\n\t<meta name=\"twitter:data1\" content=\"3 minutes\" \/>\n<script type=\"application\/ld+json\" class=\"yoast-schema-graph\">{\"@context\":\"https:\/\/schema.org\",\"@graph\":[{\"@type\":\"WebPage\",\"@id\":\"https:\/\/www.erickson.international\/pt-br\/cookie-policy\/\",\"url\":\"https:\/\/www.erickson.international\/pt-br\/cookie-policy\/\",\"name\":\"Cookie policy - Erickson International\",\"isPartOf\":{\"@id\":\"https:\/\/www.erickson.international\/pt-br\/#website\"},\"datePublished\":\"2022-05-24T06:44:39+00:00\",\"dateModified\":\"2022-05-24T06:52:32+00:00\",\"breadcrumb\":{\"@id\":\"https:\/\/www.erickson.international\/pt-br\/cookie-policy\/#breadcrumb\"},\"inLanguage\":\"pt-BR\",\"potentialAction\":[{\"@type\":\"ReadAction\",\"target\":[\"https:\/\/www.erickson.international\/pt-br\/cookie-policy\/\"]}]},{\"@type\":\"BreadcrumbList\",\"@id\":\"https:\/\/www.erickson.international\/pt-br\/cookie-policy\/#breadcrumb\",\"itemListElement\":[{\"@type\":\"ListItem\",\"position\":1,\"name\":\"Home\",\"item\":\"https:\/\/www.erickson.international\/pt-br\/\"},{\"@type\":\"ListItem\",\"position\":2,\"name\":\"Cookie policy\"}]},{\"@type\":\"WebSite\",\"@id\":\"https:\/\/www.erickson.international\/pt-br\/#website\",\"url\":\"https:\/\/www.erickson.international\/pt-br\/\",\"name\":\"Erickson International\",\"description\":\"Ideas that help\",\"potentialAction\":[{\"@type\":\"SearchAction\",\"target\":{\"@type\":\"EntryPoint\",\"urlTemplate\":\"https:\/\/www.erickson.international\/pt-br\/?s={search_term_string}\"},\"query-input\":\"required name=search_term_string\"}],\"inLanguage\":\"pt-BR\"}]}<\/script>\n<!-- \/ Yoast SEO plugin. -->","yoast_head_json":{"title":"Cookie policy - Erickson International","robots":{"index":"index","follow":"follow","max-snippet":"max-snippet:-1","max-image-preview":"max-image-preview:large","max-video-preview":"max-video-preview:-1"},"canonical":"https:\/\/www.erickson.international\/pt-br\/cookie-policy\/","twitter_misc":{"Est. reading time":"3 minutes"},"schema":{"@context":"https:\/\/schema.org","@graph":[{"@type":"WebPage","@id":"https:\/\/www.erickson.international\/pt-br\/cookie-policy\/","url":"https:\/\/www.erickson.international\/pt-br\/cookie-policy\/","name":"Cookie policy - Erickson International","isPartOf":{"@id":"https:\/\/www.erickson.international\/pt-br\/#website"},"datePublished":"2022-05-24T06:44:39+00:00","dateModified":"2022-05-24T06:52:32+00:00","breadcrumb":{"@id":"https:\/\/www.erickson.international\/pt-br\/cookie-policy\/#breadcrumb"},"inLanguage":"pt-BR","potentialAction":[{"@type":"ReadAction","target":["https:\/\/www.erickson.international\/pt-br\/cookie-policy\/"]}]},{"@type":"BreadcrumbList","@id":"https:\/\/www.erickson.international\/pt-br\/cookie-policy\/#breadcrumb","itemListElement":[{"@type":"ListItem","position":1,"name":"Home","item":"https:\/\/www.erickson.international\/pt-br\/"},{"@type":"ListItem","position":2,"name":"Cookie policy"}]},{"@type":"WebSite","@id":"https:\/\/www.erickson.international\/pt-br\/#website","url":"https:\/\/www.erickson.international\/pt-br\/","name":"Erickson International","description":"Ideas that help","potentialAction":[{"@type":"SearchAction","target":{"@type":"EntryPoint","urlTemplate":"https:\/\/www.erickson.international\/pt-br\/?s={search_term_string}"},"query-input":"required name=search_term_string"}],"inLanguage":"pt-BR"}]}},"_links":{"self":[{"href":"https:\/\/www.erickson.international\/pt-br\/wp-json\/wp\/v2\/pages\/21812"}],"collection":[{"href":"https:\/\/www.erickson.international\/pt-br\/wp-json\/wp\/v2\/pages"}],"about":[{"href":"https:\/\/www.erickson.international\/pt-br\/wp-json\/wp\/v2\/types\/page"}],"author":[{"embeddable":true,"href":"https:\/\/www.erickson.international\/pt-br\/wp-json\/wp\/v2\/users\/1"}],"replies":[{"embeddable":true,"href":"https:\/\/www.erickson.international\/pt-br\/wp-json\/wp\/v2\/comments?post=21812"}],"version-history":[{"count":2,"href":"https:\/\/www.erickson.international\/pt-br\/wp-json\/wp\/v2\/pages\/21812\/revisions"}],"predecessor-version":[{"id":21815,"href":"https:\/\/www.erickson.international\/pt-br\/wp-json\/wp\/v2\/pages\/21812\/revisions\/21815"}],"wp:attachment":[{"href":"https:\/\/www.erickson.international\/pt-br\/wp-json\/wp\/v2\/media?parent=21812"}],"curies":[{"name":"wp","href":"https:\/\/api.w.org\/{rel}","templated":true}]}}