{"id":21002,"date":"2022-03-04T16:50:06","date_gmt":"2022-03-04T16:50:06","guid":{"rendered":"http:\/\/www.erickson.international\/pt-br\/?page_id=21002"},"modified":"2022-03-11T09:18:19","modified_gmt":"2022-03-11T09:18:19","slug":"eventos-feiras","status":"publish","type":"page","link":"https:\/\/www.erickson.international\/pt-br\/eventos-feiras\/","title":{"rendered":"Eventos\/Feiras"},"content":{"rendered":"\n<p> <br><\/p>\n\n\n\n<div class=\"wp-block-media-text alignwide is-stacked-on-mobile\" style=\"grid-template-columns:29% auto\"><figure class=\"wp-block-media-text__media\"><img loading=\"lazy\" width=\"200\" height=\"200\" src=\"http:\/\/www.erickson.international\/wp-content\/uploads\/2022\/03\/logo_Bologna-childrens-book-fair_200x200.jpg\" alt=\"\" class=\"wp-image-21199\" srcset=\"https:\/\/www.erickson.international\/wp-content\/uploads\/2022\/03\/logo_Bologna-childrens-book-fair_200x200.jpg 200w, https:\/\/www.erickson.international\/wp-content\/uploads\/2022\/03\/logo_Bologna-childrens-book-fair_200x200-150x150.jpg 150w\" sizes=\"(max-width: 200px) 100vw, 200px\" \/><\/figure><div class=\"wp-block-media-text__content\">\n<p class=\"has-medium-font-size\"><strong>Bologna Children\u2019s Book Fair<\/strong><\/p>\n\n\n\n<p class=\"has-medium-font-size\">21 &#8211; 24 Mar\u00e7o 2022 <br>Bologna, It\u00e1lia<br><\/p>\n\n\n\n<p>H\u00e1 58 anos a BCBF tem sido O evento na ind\u00fastria editorial infantil. Mais de 1.400 expositores e cerca de 30.000 visitantes profissionais se re\u00fanem ao evento a cada primavera para experimentar o mundo dos livros infantis, ilustra\u00e7\u00e3o e conte\u00fado multim\u00eddia.<\/p>\n\n\n\n<p><a href=\"https:\/\/www.bolognachildrensbookfair.com\" target=\"_blank\" rel=\"noreferrer noopener\" aria-label=\" (si apre in una nuova scheda)\">Mais informa\u00e7\u00f5es<\/a><\/p>\n<\/div><\/div>\n\n\n\n<hr class=\"wp-block-separator\"\/>\n\n\n\n<div class=\"wp-block-media-text alignwide is-stacked-on-mobile\" style=\"grid-template-columns:29% auto\"><figure class=\"wp-block-media-text__media\"><img loading=\"lazy\" width=\"200\" height=\"200\" src=\"http:\/\/www.erickson.international\/wp-content\/uploads\/2022\/03\/logo_London-book-fair_200x200.jpg\" alt=\"\" class=\"wp-image-21193\" srcset=\"https:\/\/www.erickson.international\/wp-content\/uploads\/2022\/03\/logo_London-book-fair_200x200.jpg 200w, https:\/\/www.erickson.international\/wp-content\/uploads\/2022\/03\/logo_London-book-fair_200x200-150x150.jpg 150w\" sizes=\"(max-width: 200px) 100vw, 200px\" \/><\/figure><div class=\"wp-block-media-text__content\">\n<p class=\"has-medium-font-size\"><strong>The London Book Fair <\/strong> <\/p>\n\n\n\n<p class=\"has-medium-font-size\">5 &#8211; 7 Abril 2022 <br>Londres,  Inglaterra<br><\/p>\n\n\n\n<p>A Feira do Livro de Londres \u00e9 o mercado global para os criadores de hist\u00f3rias. As editoras e negociantes. Os profissionais de direitos autorais, os comissionados e os licenciadores globais. Os envolvidos na negocia\u00e7\u00e3o de direitos atrav\u00e9s da impress\u00e3o, \u00e1udio, TV, cinema e canais digitais. <\/p>\n\n\n\n<p><a href=\"https:\/\/www.londonbookfair.co.uk\" target=\"_blank\" rel=\"noreferrer noopener\" aria-label=\" (si apre in una nuova scheda)\">Mais informa\u00e7\u00f5es<\/a><\/p>\n<\/div><\/div>\n\n\n\n<hr class=\"wp-block-separator\"\/>\n","protected":false},"excerpt":{"rendered":"<p>Bologna Children\u2019s Book Fair 21 &#8211; 24 Mar\u00e7o 2022 Bologna, It\u00e1lia H\u00e1 58 anos a BCBF tem sido O evento na ind\u00fastria editorial infantil. Mais de 1.400 expositores e cerca de 30.000 visitantes profissionais se re\u00fanem ao evento a cada primavera para experimentar o mundo dos livros infantis, ilustra\u00e7\u00e3o e conte\u00fado multim\u00eddia. Mais informa\u00e7\u00f5es The [&hellip;]<\/p>\n","protected":false},"author":4,"featured_media":0,"parent":0,"menu_order":0,"comment_status":"closed","ping_status":"closed","template":"page-templates\/page-istituzionale.php","meta":[],"acf":[],"yoast_head":"<!-- This site is optimized with the Yoast SEO plugin v19.6 - https:\/\/yoast.com\/wordpress\/plugins\/seo\/ -->\n<title>Eventos\/Feiras - Erickson International<\/title>\n<meta name=\"robots\" content=\"index, follow, max-snippet:-1, max-image-preview:large, max-video-preview:-1\" \/>\n<link rel=\"canonical\" href=\"https:\/\/www.erickson.international\/pt-br\/eventos-feiras\/\" \/>\n<meta name=\"twitter:label1\" content=\"Est. reading time\" \/>\n\t<meta name=\"twitter:data1\" content=\"1 minute\" \/>\n<script type=\"application\/ld+json\" class=\"yoast-schema-graph\">{\"@context\":\"https:\/\/schema.org\",\"@graph\":[{\"@type\":\"WebPage\",\"@id\":\"https:\/\/www.erickson.international\/pt-br\/eventos-feiras\/\",\"url\":\"https:\/\/www.erickson.international\/pt-br\/eventos-feiras\/\",\"name\":\"Eventos\/Feiras - Erickson International\",\"isPartOf\":{\"@id\":\"https:\/\/www.erickson.international\/pt-br\/#website\"},\"datePublished\":\"2022-03-04T16:50:06+00:00\",\"dateModified\":\"2022-03-11T09:18:19+00:00\",\"breadcrumb\":{\"@id\":\"https:\/\/www.erickson.international\/pt-br\/eventos-feiras\/#breadcrumb\"},\"inLanguage\":\"pt-BR\",\"potentialAction\":[{\"@type\":\"ReadAction\",\"target\":[\"https:\/\/www.erickson.international\/pt-br\/eventos-feiras\/\"]}]},{\"@type\":\"BreadcrumbList\",\"@id\":\"https:\/\/www.erickson.international\/pt-br\/eventos-feiras\/#breadcrumb\",\"itemListElement\":[{\"@type\":\"ListItem\",\"position\":1,\"name\":\"Home\",\"item\":\"https:\/\/www.erickson.international\/pt-br\/\"},{\"@type\":\"ListItem\",\"position\":2,\"name\":\"Eventos\/Feiras\"}]},{\"@type\":\"WebSite\",\"@id\":\"https:\/\/www.erickson.international\/pt-br\/#website\",\"url\":\"https:\/\/www.erickson.international\/pt-br\/\",\"name\":\"Erickson International\",\"description\":\"Ideas that help\",\"potentialAction\":[{\"@type\":\"SearchAction\",\"target\":{\"@type\":\"EntryPoint\",\"urlTemplate\":\"https:\/\/www.erickson.international\/pt-br\/?s={search_term_string}\"},\"query-input\":\"required name=search_term_string\"}],\"inLanguage\":\"pt-BR\"}]}<\/script>\n<!-- \/ Yoast SEO plugin. -->","yoast_head_json":{"title":"Eventos\/Feiras - Erickson International","robots":{"index":"index","follow":"follow","max-snippet":"max-snippet:-1","max-image-preview":"max-image-preview:large","max-video-preview":"max-video-preview:-1"},"canonical":"https:\/\/www.erickson.international\/pt-br\/eventos-feiras\/","twitter_misc":{"Est. reading time":"1 minute"},"schema":{"@context":"https:\/\/schema.org","@graph":[{"@type":"WebPage","@id":"https:\/\/www.erickson.international\/pt-br\/eventos-feiras\/","url":"https:\/\/www.erickson.international\/pt-br\/eventos-feiras\/","name":"Eventos\/Feiras - Erickson International","isPartOf":{"@id":"https:\/\/www.erickson.international\/pt-br\/#website"},"datePublished":"2022-03-04T16:50:06+00:00","dateModified":"2022-03-11T09:18:19+00:00","breadcrumb":{"@id":"https:\/\/www.erickson.international\/pt-br\/eventos-feiras\/#breadcrumb"},"inLanguage":"pt-BR","potentialAction":[{"@type":"ReadAction","target":["https:\/\/www.erickson.international\/pt-br\/eventos-feiras\/"]}]},{"@type":"BreadcrumbList","@id":"https:\/\/www.erickson.international\/pt-br\/eventos-feiras\/#breadcrumb","itemListElement":[{"@type":"ListItem","position":1,"name":"Home","item":"https:\/\/www.erickson.international\/pt-br\/"},{"@type":"ListItem","position":2,"name":"Eventos\/Feiras"}]},{"@type":"WebSite","@id":"https:\/\/www.erickson.international\/pt-br\/#website","url":"https:\/\/www.erickson.international\/pt-br\/","name":"Erickson International","description":"Ideas that help","potentialAction":[{"@type":"SearchAction","target":{"@type":"EntryPoint","urlTemplate":"https:\/\/www.erickson.international\/pt-br\/?s={search_term_string}"},"query-input":"required name=search_term_string"}],"inLanguage":"pt-BR"}]}},"_links":{"self":[{"href":"https:\/\/www.erickson.international\/pt-br\/wp-json\/wp\/v2\/pages\/21002"}],"collection":[{"href":"https:\/\/www.erickson.international\/pt-br\/wp-json\/wp\/v2\/pages"}],"about":[{"href":"https:\/\/www.erickson.international\/pt-br\/wp-json\/wp\/v2\/types\/page"}],"author":[{"embeddable":true,"href":"https:\/\/www.erickson.international\/pt-br\/wp-json\/wp\/v2\/users\/4"}],"replies":[{"embeddable":true,"href":"https:\/\/www.erickson.international\/pt-br\/wp-json\/wp\/v2\/comments?post=21002"}],"version-history":[{"count":9,"href":"https:\/\/www.erickson.international\/pt-br\/wp-json\/wp\/v2\/pages\/21002\/revisions"}],"predecessor-version":[{"id":21211,"href":"https:\/\/www.erickson.international\/pt-br\/wp-json\/wp\/v2\/pages\/21002\/revisions\/21211"}],"wp:attachment":[{"href":"https:\/\/www.erickson.international\/pt-br\/wp-json\/wp\/v2\/media?parent=21002"}],"curies":[{"name":"wp","href":"https:\/\/api.w.org\/{rel}","templated":true}]}}