{"id":20937,"date":"2022-03-03T14:15:37","date_gmt":"2022-03-03T14:15:37","guid":{"rendered":"http:\/\/www.erickson.international\/pt-br\/?page_id=20937"},"modified":"2023-04-05T09:13:57","modified_gmt":"2023-04-05T09:13:57","slug":"home-2022-2","status":"publish","type":"page","link":"https:\/\/www.erickson.international\/pt-br\/","title":{"rendered":"Erickson International"},"content":{"rendered":"\n<div class=\"row\">\n    <div class=\"col-xs-12 col-lg-8 col-lg-offset-2\">    \n        <div class=\"rwd-video\">\n            <figure>\n                <iframe width=\"100%\" src=\"https:\/\/www.youtube-nocookie.com\/embed\/N3gits6c8c0?rel=0&#038;cc_load_policy=1&#038;hl=pt-br&#038;showinfo=0&#038;modestbranding=1&#038;controls=2\" frameborder=\"0\" allowfullscreen=\"\"><\/iframe>\n            <\/figure>\n        <\/div>\n    <\/div>\n<\/div>\n\n\n\n<h1 class=\"has-text-align-center\">ERICKSON INTERNATIONAL<\/h1>\n\n\n\n<p class=\"has-text-align-center has-text-color has-medium-font-size\" style=\"color:#afafaf\">O Centro Studi Erickson tornou-se l\u00edder na It\u00e1lia na publica\u00e7\u00e3o de livros, cria\u00e7\u00e3o de software, iniciativas de forma\u00e7\u00e3o e pesquisa nas \u00e1reas de ensino, educa\u00e7\u00e3o, dificuldades aprendizagem, necessidades educativas especiais, escola e inclus\u00e3o social, psicologia cl\u00ednica e aplicada, trabalho social e pol\u00edticas de bem-estar.<\/p>\n","protected":false},"excerpt":{"rendered":"<p>ERICKSON INTERNATIONAL O Centro Studi Erickson tornou-se l\u00edder na It\u00e1lia na publica\u00e7\u00e3o de livros, cria\u00e7\u00e3o de software, iniciativas de forma\u00e7\u00e3o e pesquisa nas \u00e1reas de ensino, educa\u00e7\u00e3o, dificuldades aprendizagem, necessidades educativas especiais, escola e inclus\u00e3o social, psicologia cl\u00ednica e aplicada, trabalho social e pol\u00edticas de bem-estar.<\/p>\n","protected":false},"author":4,"featured_media":0,"parent":0,"menu_order":0,"comment_status":"closed","ping_status":"closed","template":"","meta":[],"acf":[],"yoast_head":"<!-- This site is optimized with the Yoast SEO plugin v19.6 - https:\/\/yoast.com\/wordpress\/plugins\/seo\/ -->\n<title>Erickson International - Erickson International<\/title>\n<meta name=\"robots\" content=\"index, follow, max-snippet:-1, max-image-preview:large, max-video-preview:-1\" \/>\n<link rel=\"canonical\" href=\"https:\/\/www.erickson.international\/pt-br\/\" \/>\n<meta name=\"twitter:label1\" content=\"Est. reading time\" \/>\n\t<meta name=\"twitter:data1\" content=\"1 minute\" \/>\n<script type=\"application\/ld+json\" class=\"yoast-schema-graph\">{\"@context\":\"https:\/\/schema.org\",\"@graph\":[{\"@type\":\"WebPage\",\"@id\":\"https:\/\/www.erickson.international\/pt-br\/\",\"url\":\"https:\/\/www.erickson.international\/pt-br\/\",\"name\":\"Erickson International - Erickson International\",\"isPartOf\":{\"@id\":\"https:\/\/www.erickson.international\/pt-br\/#website\"},\"datePublished\":\"2022-03-03T14:15:37+00:00\",\"dateModified\":\"2023-04-05T09:13:57+00:00\",\"breadcrumb\":{\"@id\":\"https:\/\/www.erickson.international\/pt-br\/#breadcrumb\"},\"inLanguage\":\"pt-BR\",\"potentialAction\":[{\"@type\":\"ReadAction\",\"target\":[\"https:\/\/www.erickson.international\/pt-br\/\"]}]},{\"@type\":\"BreadcrumbList\",\"@id\":\"https:\/\/www.erickson.international\/pt-br\/#breadcrumb\",\"itemListElement\":[{\"@type\":\"ListItem\",\"position\":1,\"name\":\"Home\",\"item\":\"https:\/\/www.erickson.international\/pt-br\/\"},{\"@type\":\"ListItem\",\"position\":2,\"name\":\"Erickson International\"}]},{\"@type\":\"WebSite\",\"@id\":\"https:\/\/www.erickson.international\/pt-br\/#website\",\"url\":\"https:\/\/www.erickson.international\/pt-br\/\",\"name\":\"Erickson International\",\"description\":\"Ideas that help\",\"potentialAction\":[{\"@type\":\"SearchAction\",\"target\":{\"@type\":\"EntryPoint\",\"urlTemplate\":\"https:\/\/www.erickson.international\/pt-br\/?s={search_term_string}\"},\"query-input\":\"required name=search_term_string\"}],\"inLanguage\":\"pt-BR\"}]}<\/script>\n<!-- \/ Yoast SEO plugin. -->","yoast_head_json":{"title":"Erickson International - Erickson International","robots":{"index":"index","follow":"follow","max-snippet":"max-snippet:-1","max-image-preview":"max-image-preview:large","max-video-preview":"max-video-preview:-1"},"canonical":"https:\/\/www.erickson.international\/pt-br\/","twitter_misc":{"Est. reading time":"1 minute"},"schema":{"@context":"https:\/\/schema.org","@graph":[{"@type":"WebPage","@id":"https:\/\/www.erickson.international\/pt-br\/","url":"https:\/\/www.erickson.international\/pt-br\/","name":"Erickson International - Erickson International","isPartOf":{"@id":"https:\/\/www.erickson.international\/pt-br\/#website"},"datePublished":"2022-03-03T14:15:37+00:00","dateModified":"2023-04-05T09:13:57+00:00","breadcrumb":{"@id":"https:\/\/www.erickson.international\/pt-br\/#breadcrumb"},"inLanguage":"pt-BR","potentialAction":[{"@type":"ReadAction","target":["https:\/\/www.erickson.international\/pt-br\/"]}]},{"@type":"BreadcrumbList","@id":"https:\/\/www.erickson.international\/pt-br\/#breadcrumb","itemListElement":[{"@type":"ListItem","position":1,"name":"Home","item":"https:\/\/www.erickson.international\/pt-br\/"},{"@type":"ListItem","position":2,"name":"Erickson International"}]},{"@type":"WebSite","@id":"https:\/\/www.erickson.international\/pt-br\/#website","url":"https:\/\/www.erickson.international\/pt-br\/","name":"Erickson International","description":"Ideas that help","potentialAction":[{"@type":"SearchAction","target":{"@type":"EntryPoint","urlTemplate":"https:\/\/www.erickson.international\/pt-br\/?s={search_term_string}"},"query-input":"required name=search_term_string"}],"inLanguage":"pt-BR"}]}},"_links":{"self":[{"href":"https:\/\/www.erickson.international\/pt-br\/wp-json\/wp\/v2\/pages\/20937"}],"collection":[{"href":"https:\/\/www.erickson.international\/pt-br\/wp-json\/wp\/v2\/pages"}],"about":[{"href":"https:\/\/www.erickson.international\/pt-br\/wp-json\/wp\/v2\/types\/page"}],"author":[{"embeddable":true,"href":"https:\/\/www.erickson.international\/pt-br\/wp-json\/wp\/v2\/users\/4"}],"replies":[{"embeddable":true,"href":"https:\/\/www.erickson.international\/pt-br\/wp-json\/wp\/v2\/comments?post=20937"}],"version-history":[{"count":17,"href":"https:\/\/www.erickson.international\/pt-br\/wp-json\/wp\/v2\/pages\/20937\/revisions"}],"predecessor-version":[{"id":23869,"href":"https:\/\/www.erickson.international\/pt-br\/wp-json\/wp\/v2\/pages\/20937\/revisions\/23869"}],"wp:attachment":[{"href":"https:\/\/www.erickson.international\/pt-br\/wp-json\/wp\/v2\/media?parent=20937"}],"curies":[{"name":"wp","href":"https:\/\/api.w.org\/{rel}","templated":true}]}}