{"id":13407,"date":"2018-11-15T15:43:45","date_gmt":"2018-11-15T15:43:45","guid":{"rendered":"http:\/\/www.erickson.international\/pt-br\/?page_id=13407"},"modified":"2018-11-15T15:43:45","modified_gmt":"2018-11-15T15:43:45","slug":"joga-quatro-para-se-divertir-com-o-ingles","status":"publish","type":"page","link":"https:\/\/www.erickson.international\/pt-br\/joga-quatro-para-se-divertir-com-o-ingles\/","title":{"rendered":"Joga quatro para se divertir com o ingl\u00eas"},"content":{"rendered":"<div class=\"col-lg-12 col-md-12 col-sm-12 listalibri landingpage\">\n<!-- Bollino --><\/p>\n<div class=\"col-lg-12\"><img src=\"http:\/\/www.erickson.international\/wp-content\/uploads\/2016\/03\/Focus_on_BOLLO.jpg\" alt=\"\" \/><\/div>\n<p><!-- Bollino END --><br \/>\n<!-- Titolo --><\/p>\n<div class=\"col-lg-12\">\n<h1 class=\"maggio23\">Joga quatro para se divertir com o ingl\u00eas<\/h1>\n<\/div>\n<p><!-- Titolo END --><br \/>\n<!-- Highlights --><\/p>\n<div class=\"col-lg-12 linea-landingpage\">\n<hr \/>\n<p><!-- START ROW --><\/p>\n<div class=\"row\">\n<div class=\"col-lg-12 col-md-12 col-sm-12 col-xs-12\">\n<p class=\"maggio23\">A s&eacute;rie Joga quatro, idealizada por Flavio Fogarolo, prop&otilde;e simples jogos de tabuleiro did&aacute;ticos para  ajudar as crian&ccedil;as a <strong>se familiarizarem com algumas primeiras palavras em  ingl&ecirc;s. <\/strong><\/p>\n<p class=\"maggio23\">Cada ficha quadrada representa  uma situa&ccedil;&atilde;o caracterizada por um nome (pessoa, animal, objeto) e por um  adjetivo ou um verbo.<\/p>\n<\/p><\/div>\n<\/div>\n<p><!-- END ROW --><br \/>\n<!-- START ROW --><\/p>\n<div class=\"row\">\n<div class=\"col-lg-12 col-md-12 col-sm-12 col-xs-12\">\n<p class=\"nome-cognome-autore\">Joga quatro &#8211; Ingl\u00eas: nomes e adjetivos<\/p>\n<\/p><\/div>\n<\/p><\/div>\n<p><!-- END ROW --><br \/>\n<!-- START ROW --><\/p>\n<div class=\"row\">\n<div align=\"center\" class=\"col-lg-6 col-md-6 col-sm-12 col-xs-12\"><img src=\"https:\/\/static.erickson.it\/ei\/SiteAssets\/Pagine\/GiocaQuattro\/700_MOK-SCAT_Giocaquattro_inglese_nomi-aggettivi_590-1292-4.jpg\" border=\"0\" class=\"img-responsive\" \/><\/div>\n<div align=\"left\" class=\"col-lg-6 col-md-6 col-sm-12 col-xs-12\">\n<p class=\"maggio23\">Em <strong>Joga  quatro ingl&ecirc;s &ndash; Nomes e adjetivos<\/strong>, os jogadores dever&atilde;o ligar entre si duas  fichas que tenham o mesmo nome, o mesmo adjetivo unindo os lados  correspondentes. &nbsp;<\/p>\n<\/p><\/div>\n<\/p><\/div>\n<p><!-- END ROW --><br \/>\n<!-- START ROW --><\/p>\n<div class=\"row\">\n<div align=\"center\" class=\"col-lg-6 col-md-6 col-sm-12 col-xs-12\"><img src=\"https:\/\/static.erickson.it\/Products\/Newsletter\/2017_04\/giocaquattro_1-3.jpg\" border=\"0\" class=\"img-responsive\" \/><\/div>\n<div align=\"left\" class=\"col-lg-6 col-md-6 col-sm-12 col-xs-12\">\n<p class=\"nome-cognome-autore\">Como funciona<\/p>\n<p class=\"maggio23\">Uma  pe&ccedil;a com desenho ou texto que indica um gato vermelho, <em>The red cat<\/em>, por  exemplo, se encaixa com outra que descreve o sujeito (<em>cat<\/em>), ou tamb&eacute;m um  sujeito diferentes com as mesmas caracter&iacute;sticas (<em>red<\/em>).<\/p>\n<\/p><\/div>\n<\/p><\/div>\n<p><!-- END ROW --><br \/>\n<!-- START ROW --><\/p>\n<div class=\"row\">\n<div align=\"center\" class=\"col-lg-6 col-md-6 col-sm-12 col-xs-12\"><img src=\"https:\/\/static.erickson.it\/Products\/Newsletter\/2017_04\/giocaquattro_1-4.jpg\" border=\"0\" class=\"img-responsive\" \/><\/div>\n<div align=\"left\" class=\"col-lg-6 col-md-6 col-sm-12 col-xs-12\">\n<p class=\"nome-cognome-autore\">A autocorre\u00e7\u00e3o<\/p>\n<p class=\"maggio23\"><strong>Se o encaixe est&aacute; correto, os quadradinhos da borda  colorida coincidem<\/strong> e o refor&ccedil;o &eacute; imediato. As cores de fundo das bordas ajudam  a individualizar os lados a serem aproximados, facilitando a escolha: vermelho  indica o nome (<em>cat<\/em> nesse caso), azul o adjetivo (<em>red<\/em>). <\/p>\n<\/p><\/div>\n<\/p><\/div>\n<p><!-- END ROW --><br \/>\n<!-- START ROW --><\/p>\n<div class=\"row\">\n<div class=\"col-lg-12 col-md-12 col-sm-12 col-xs-12\">\n<p class=\"nome-cognome-autore\">Joga quatro &#8211; Ingl\u00eas: nomes e verbos<\/p>\n<\/p><\/div>\n<\/p><\/div>\n<p><!-- END ROW --><br \/>\n<!-- START ROW --><\/p>\n<div class=\"row\">\n<div align=\"center\" class=\"col-lg-6 col-md-6 col-sm-12 col-xs-12\"><a href=\"http:\/\/www.erickson.international\/en\/catalogue\/foreign-languages\/english\/giocaquattro-english-nouns-and-verbs\/\"><img src=\"https:\/\/static.erickson.it\/ei\/SiteAssets\/Pagine\/GiocaQuattro\/700_MOK-SCAT_Giocaquattro_inglese_nomi-verbi_590-1293-1.jpg\" border=\"0\" class=\"img-responsive\" \/><\/a><\/div>\n<div align=\"left\" class=\"col-lg-6 col-md-6 col-sm-12 col-xs-12\">\n<p class=\"maggio23\">No <strong>Jogaquatro  Ingl&ecirc;s &ndash; Nomes e verbos<\/strong>, os jogadores dever&atilde;o combinar entre si duas cartas  que possuem o mesmo nome, o mesmo verbo unindo os lados correspondentes.<\/p>\n<\/p><\/div>\n<\/p><\/div>\n<p><!-- END ROW --><br \/>\n<!-- START ROW --><\/p>\n<div class=\"row\">\n<div align=\"center\" class=\"col-lg-6 col-md-6 col-sm-12 col-xs-12\"><img src=\"https:\/\/static.erickson.it\/Products\/Newsletter\/2017_04\/giocaquattro_2-3.jpg\" border=\"0\" class=\"img-responsive\" \/><\/div>\n<div align=\"left\" class=\"col-lg-6 col-md-6 col-sm-12 col-xs-12\">\n<p class=\"nome-cognome-autore\">Como funciona<\/p>\n<p class=\"maggio23\">Uma  pe&ccedil;a com desenho ou texto que indica um gato que come, <em>The cat eats<\/em>, por  exemplo, se encaixa com uma outra que representa ou descreve o mesmo sujeito (<em>cat<\/em>),  ou um sujeito diferente que cumpre a mesma a&ccedil;&atilde;o (<em>eats<\/em>).<\/p>\n<\/p><\/div>\n<\/p><\/div>\n<p><!-- END ROW --><br \/>\n<!-- START ROW --><\/p>\n<div class=\"row\">\n<div align=\"center\" class=\"col-lg-6 col-md-6 col-sm-12 col-xs-12\"><img src=\"https:\/\/static.erickson.it\/Products\/Newsletter\/2017_04\/giocaquattro_2-4.jpg\" border=\"0\" class=\"img-responsive\" \/><\/div>\n<div align=\"left\" class=\"col-lg-6 col-md-6 col-sm-12 col-xs-12\">\n<p class=\"nome-cognome-autore\">A autocorre\u00e7\u00e3o<\/p>\n<p class=\"maggio23\"><strong>Se a liga&ccedil;&atilde;o est&aacute; correta, os quadradinhos da borda colorida coincidem<\/strong> e o  refor&ccedil;o &eacute; imediato. As cores de fundo das bordas ajudam a individualizar os  lados a serem aproximados, facilitando a escolha: vermelho indica o nome (<em>cat<\/em> nesse caso), verde o verbo (<em>eats<\/em>).<\/p>\n<\/p><\/div>\n<\/p><\/div>\n<p><!-- END ROW --><br \/>\n<!-- START ROW --><\/p>\n<div class=\"row\">\n<div class=\"col-lg-12 col-md-12 col-sm-12 col-xs-12\">\n<p class=\"nome-cognome-autore\">Os jogos<\/p>\n<p class=\"maggio23\">Esses s\u00e3o todos os jogos que s\u00e3o poss\u00edveis de se fazer com as pe\u00e7as da s\u00e9rie Joga quatro.<\/p>\n<p class=\"maggio23\"><strong>DOMIN\u00d3 CL\u00c1SSICO<\/strong><\/p>\n<p class=\"maggio23\">Repartem-se as pe&ccedil;as entre os jogadores. O objetivo &eacute; adicionar as  pr&oacute;prias pe&ccedil;as &agrave;s duas extremidades da sequ&ecirc;ncia que se forma na mesa.<\/p>\n<p class=\"maggio23\">As pe&ccedil;as podem se encaixar  em todos os lados livres na extremidade das sequ&ecirc;ncias, desde que toque apenas  uma das pe&ccedil;as dispostas no jogo; Quem n&atilde;o possui pe&ccedil;as que possam ser  encaixadas passa a vez. Vence quem terminar primeiro as suas pe&ccedil;as.<\/p>\n<\/p><\/div>\n<\/p><\/div>\n<p><!-- END ROW --><br \/>\n<!-- START ROW --><\/p>\n<div class=\"row\">\n<div align=\"center\" class=\"col-lg-6 col-md-6 col-sm-6 col-xs-6\"><img src=\"https:\/\/static.erickson.it\/ei\/SiteAssets\/Pagine\/GiocaQuattro\/giocaquattro_1-6.jpg\" border=\"0\" class=\"img-responsive\" \/><\/p>\n<p class=\"maggio23\">Ingl\u00eas \u2013 Nomes e adjetivos\n<\/p>\n<\/p><\/div>\n<div align=\"center\" class=\"col-lg-6 col-md-6 col-sm-6 col-xs-6\"><img src=\"https:\/\/static.erickson.it\/ei\/SiteAssets\/Pagine\/GiocaQuattro\/giocaquattro_2-8.jpg\" border=\"0\" class=\"img-responsive\" \/><\/p>\n<p class=\"maggio23\">Ingl\u00eas \u2013 Nomes e verbos<\/p>\n<\/p><\/div>\n<\/p><\/div>\n<p><!-- END ROW --><br \/>\n<!-- START ROW --><\/p>\n<div class=\"row\">\n<div class=\"col-lg-12 col-md-12 col-sm-12 col-xs-12\">\n<p class=\"maggio23\"><strong>DOMIN\u00d3 ABERTO<\/strong><\/p>\n<p class=\"maggio23\">Em rela\u00e7\u00e3o ao domin\u00f3 cl\u00e1ssico, esse jogo \u00e9 mais simples porque as novas pe\u00e7as podem ser aplicadas tamb\u00e9m na posi\u00e7\u00e3o intermedi\u00e1ria, n\u00e3o apenas nos extremos.<\/p>\n<p class=\"maggio23\">As pe&ccedil;as podem se encaixar  com todos os lados livres, e tamb&eacute;m com os intermedi&aacute;rios, desde que toquem  apenas uma das pe&ccedil;as j&aacute; em jogo. Quem n&atilde;o tem pe&ccedil;as que se encaixam passa a vez  (em teoria quase nunca &eacute; necess&aacute;rio pular a vez). Vence aquele que terminar  primeiro com as suas pe&ccedil;as.<\/p>\n<\/p><\/div>\n<\/p><\/div>\n<p><!-- END ROW --><br \/>\n<!-- START ROW --><\/p>\n<div class=\"row\">\n<div align=\"center\" class=\"col-lg-6 col-md-6 col-sm-6 col-xs-6\"><img src=\"https:\/\/static.erickson.it\/ei\/SiteAssets\/Pagine\/GiocaQuattro\/giocaquattro_1-7.jpg\" border=\"0\" class=\"img-responsive\" \/><\/p>\n<p class=\"maggio23\">Ingl\u00eas \u2013 Nomes e adjetivos\n<\/p>\n<\/p><\/div>\n<div align=\"center\" class=\"col-lg-6 col-md-6 col-sm-6 col-xs-6\"><img src=\"https:\/\/static.erickson.it\/ei\/SiteAssets\/Pagine\/GiocaQuattro\/giocaquattro_2-7.jpg\" border=\"0\" class=\"img-responsive\" \/><\/p>\n<p class=\"maggio23\">Ingl\u00eas \u2013 Nomes e verbos<\/p>\n<\/p><\/div>\n<\/p><\/div>\n<p><!-- END ROW --><br \/>\n<!-- START ROW --><\/p>\n<div class=\"row\">\n<div class=\"col-lg-12 col-md-12 col-sm-12 col-xs-12\">\n<p class=\"maggio23\"><strong>SERPENTE<\/strong><\/p>\n<p class=\"maggio23\">O Jogo inicia entregando tr&ecirc;s pe&ccedil;as que devem permanecer escondidas para  cada um e deixando em seguida uma, descoberta, sobre a mesa. As pe&ccedil;as restantes,  encobertas, formam um ma&ccedil;o do qual em seguida se comprar&aacute; aquelas que servem. O  objetivo &eacute; formar uma serpente de 5 pe&ccedil;as: quem a forma, colocando a quinta  carta, captura toda a serpente e a coloca no seu monte.<\/p>\n<p class=\"maggio23\">\t  Cada jogador, na sua vez, coloca uma pe&ccedil;a na mesa. Pode encaix&aacute;-la numa  serpente existente (desde que use apenas umas das cartas j&aacute; em jogo), ou  iniciar uma nova colocando na mesa uma carta que n&atilde;o se encaixa a nenhuma  serpente existente.<\/p>\n<p class=\"maggio23\">\t  Os outros jogadores podem ir conferindo se o jogo funciona mesmo assim: se  descobrem que a pe&ccedil;a pode ser encaixada em uma serpente j&aacute; existente, essa tem  que ser obrigatoriamente encaixada e n&atilde;o pode mais ser substitu&iacute;da.<\/p>\n<p class=\"maggio23\">\t  Cada jogador, depois de ter colocado uma pe&ccedil;a, pega outra do ma&ccedil;o, dessa  forma haver&aacute; sempre tr&ecirc;s pe&ccedil;as &agrave; disposi&ccedil;&atilde;o.<\/p>\n<p class=\"maggio23\">Quando o montante de cartas termina, se vai adiante com as pe&ccedil;as que  cada jogador possui at&eacute; acabar, At&eacute; que estejam todas dispostas na mesa. Vence  o jogador que capturou mais pe&ccedil;as (as serpentes incompletas que permaneceram na  mesa n&atilde;o contam). <\/p>\n<\/p><\/div>\n<\/p><\/div>\n<p><!-- END ROW --><br \/>\n<!-- START ROW --><\/p>\n<div class=\"row\">\n<div align=\"center\" class=\"col-lg-6 col-md-6 col-sm-6 col-xs-6\"><img src=\"https:\/\/static.erickson.it\/ei\/SiteAssets\/Pagine\/GiocaQuattro\/giocaquattro_1-8.jpg\" border=\"0\" class=\"img-responsive\" \/><\/p>\n<p class=\"maggio23\">Ingl\u00eas\u2013 Nomes e adjetivos\n<\/p>\n<\/p><\/div>\n<div align=\"center\" class=\"col-lg-6 col-md-6 col-sm-6 col-xs-6\"><img src=\"https:\/\/static.erickson.it\/ei\/SiteAssets\/Pagine\/GiocaQuattro\/giocaquattro_2-8.jpg\" border=\"0\" class=\"img-responsive\" \/><\/p>\n<p class=\"maggio23\">Ingl\u00eas \u2013 Nomes e verbos<\/p>\n<\/p><\/div>\n<\/p><\/div>\n<p><!-- END ROW -->\n<\/div>\n<\/div>\n","protected":false},"excerpt":{"rendered":"<p>Joga quatro para se divertir com o ingl\u00eas A s&eacute;rie Joga quatro, idealizada por Flavio Fogarolo, prop&otilde;e simples jogos de tabuleiro did&aacute;ticos para ajudar as crian&ccedil;as a se familiarizarem com algumas primeiras palavras em ingl&ecirc;s. Cada ficha quadrada representa uma situa&ccedil;&atilde;o caracterizada por um nome (pessoa, animal, objeto) e por um adjetivo ou um verbo. [&hellip;]<\/p>\n","protected":false},"author":4,"featured_media":0,"parent":0,"menu_order":0,"comment_status":"closed","ping_status":"closed","template":"page-templates\/page-landing2colonne.php","meta":[],"acf":[],"yoast_head":"<!-- This site is optimized with the Yoast SEO plugin v19.6 - https:\/\/yoast.com\/wordpress\/plugins\/seo\/ -->\n<title>Joga quatro para se divertir com o ingl\u00eas - Erickson International<\/title>\n<meta name=\"robots\" content=\"index, follow, max-snippet:-1, max-image-preview:large, max-video-preview:-1\" \/>\n<link rel=\"canonical\" href=\"https:\/\/www.erickson.international\/pt-br\/joga-quatro-para-se-divertir-com-o-ingles\/\" \/>\n<meta name=\"twitter:label1\" content=\"Est. reading time\" \/>\n\t<meta name=\"twitter:data1\" content=\"4 minutes\" \/>\n<script type=\"application\/ld+json\" class=\"yoast-schema-graph\">{\"@context\":\"https:\/\/schema.org\",\"@graph\":[{\"@type\":\"WebPage\",\"@id\":\"https:\/\/www.erickson.international\/pt-br\/joga-quatro-para-se-divertir-com-o-ingles\/\",\"url\":\"https:\/\/www.erickson.international\/pt-br\/joga-quatro-para-se-divertir-com-o-ingles\/\",\"name\":\"Joga quatro para se divertir com o ingl\u00eas - Erickson International\",\"isPartOf\":{\"@id\":\"https:\/\/www.erickson.international\/pt-br\/#website\"},\"datePublished\":\"2018-11-15T15:43:45+00:00\",\"dateModified\":\"2018-11-15T15:43:45+00:00\",\"breadcrumb\":{\"@id\":\"https:\/\/www.erickson.international\/pt-br\/joga-quatro-para-se-divertir-com-o-ingles\/#breadcrumb\"},\"inLanguage\":\"pt-BR\",\"potentialAction\":[{\"@type\":\"ReadAction\",\"target\":[\"https:\/\/www.erickson.international\/pt-br\/joga-quatro-para-se-divertir-com-o-ingles\/\"]}]},{\"@type\":\"BreadcrumbList\",\"@id\":\"https:\/\/www.erickson.international\/pt-br\/joga-quatro-para-se-divertir-com-o-ingles\/#breadcrumb\",\"itemListElement\":[{\"@type\":\"ListItem\",\"position\":1,\"name\":\"Home\",\"item\":\"https:\/\/www.erickson.international\/pt-br\/\"},{\"@type\":\"ListItem\",\"position\":2,\"name\":\"Joga quatro para se divertir com o ingl\u00eas\"}]},{\"@type\":\"WebSite\",\"@id\":\"https:\/\/www.erickson.international\/pt-br\/#website\",\"url\":\"https:\/\/www.erickson.international\/pt-br\/\",\"name\":\"Erickson International\",\"description\":\"Ideas that help\",\"potentialAction\":[{\"@type\":\"SearchAction\",\"target\":{\"@type\":\"EntryPoint\",\"urlTemplate\":\"https:\/\/www.erickson.international\/pt-br\/?s={search_term_string}\"},\"query-input\":\"required name=search_term_string\"}],\"inLanguage\":\"pt-BR\"}]}<\/script>\n<!-- \/ Yoast SEO plugin. -->","yoast_head_json":{"title":"Joga quatro para se divertir com o ingl\u00eas - Erickson International","robots":{"index":"index","follow":"follow","max-snippet":"max-snippet:-1","max-image-preview":"max-image-preview:large","max-video-preview":"max-video-preview:-1"},"canonical":"https:\/\/www.erickson.international\/pt-br\/joga-quatro-para-se-divertir-com-o-ingles\/","twitter_misc":{"Est. reading time":"4 minutes"},"schema":{"@context":"https:\/\/schema.org","@graph":[{"@type":"WebPage","@id":"https:\/\/www.erickson.international\/pt-br\/joga-quatro-para-se-divertir-com-o-ingles\/","url":"https:\/\/www.erickson.international\/pt-br\/joga-quatro-para-se-divertir-com-o-ingles\/","name":"Joga quatro para se divertir com o ingl\u00eas - Erickson International","isPartOf":{"@id":"https:\/\/www.erickson.international\/pt-br\/#website"},"datePublished":"2018-11-15T15:43:45+00:00","dateModified":"2018-11-15T15:43:45+00:00","breadcrumb":{"@id":"https:\/\/www.erickson.international\/pt-br\/joga-quatro-para-se-divertir-com-o-ingles\/#breadcrumb"},"inLanguage":"pt-BR","potentialAction":[{"@type":"ReadAction","target":["https:\/\/www.erickson.international\/pt-br\/joga-quatro-para-se-divertir-com-o-ingles\/"]}]},{"@type":"BreadcrumbList","@id":"https:\/\/www.erickson.international\/pt-br\/joga-quatro-para-se-divertir-com-o-ingles\/#breadcrumb","itemListElement":[{"@type":"ListItem","position":1,"name":"Home","item":"https:\/\/www.erickson.international\/pt-br\/"},{"@type":"ListItem","position":2,"name":"Joga quatro para se divertir com o ingl\u00eas"}]},{"@type":"WebSite","@id":"https:\/\/www.erickson.international\/pt-br\/#website","url":"https:\/\/www.erickson.international\/pt-br\/","name":"Erickson International","description":"Ideas that help","potentialAction":[{"@type":"SearchAction","target":{"@type":"EntryPoint","urlTemplate":"https:\/\/www.erickson.international\/pt-br\/?s={search_term_string}"},"query-input":"required name=search_term_string"}],"inLanguage":"pt-BR"}]}},"_links":{"self":[{"href":"https:\/\/www.erickson.international\/pt-br\/wp-json\/wp\/v2\/pages\/13407"}],"collection":[{"href":"https:\/\/www.erickson.international\/pt-br\/wp-json\/wp\/v2\/pages"}],"about":[{"href":"https:\/\/www.erickson.international\/pt-br\/wp-json\/wp\/v2\/types\/page"}],"author":[{"embeddable":true,"href":"https:\/\/www.erickson.international\/pt-br\/wp-json\/wp\/v2\/users\/4"}],"replies":[{"embeddable":true,"href":"https:\/\/www.erickson.international\/pt-br\/wp-json\/wp\/v2\/comments?post=13407"}],"version-history":[{"count":1,"href":"https:\/\/www.erickson.international\/pt-br\/wp-json\/wp\/v2\/pages\/13407\/revisions"}],"predecessor-version":[{"id":13408,"href":"https:\/\/www.erickson.international\/pt-br\/wp-json\/wp\/v2\/pages\/13407\/revisions\/13408"}],"wp:attachment":[{"href":"https:\/\/www.erickson.international\/pt-br\/wp-json\/wp\/v2\/media?parent=13407"}],"curies":[{"name":"wp","href":"https:\/\/api.w.org\/{rel}","templated":true}]}}