{"id":13392,"date":"2018-11-15T14:11:44","date_gmt":"2018-11-15T14:11:44","guid":{"rendered":"http:\/\/www.erickson.international\/pt-br\/?page_id=13392"},"modified":"2018-11-15T14:13:13","modified_gmt":"2018-11-15T14:13:13","slug":"o-que-fazem-os-animais","status":"publish","type":"page","link":"https:\/\/www.erickson.international\/pt-br\/o-que-fazem-os-animais\/","title":{"rendered":"O que fazem os animais&#8230;"},"content":{"rendered":"<div class=\"col-lg-12 col-md-12 col-sm-12 listalibri landingpage\">\n<!-- Bollino --><\/p>\n<div class=\"col-lg-12\"><img src=\"http:\/\/www.erickson.international\/wp-content\/uploads\/2016\/05\/The_Series_BOLLO.png\" alt=\"\" \/><\/div>\n<p><!-- Bollino END --><br \/>\n<!-- Titolo --><\/p>\n<div class=\"col-lg-12\">\n<h1 class=\"maggio23\">O que fazem os animais&#8230;<\/h1>\n<\/div>\n<p><!-- Titolo END --><br \/>\n<!-- Highlights --><\/p>\n<div class=\"col-lg-12 linea-landingpage\">\n<hr \/>\n<p><!-- START ROW --><\/p>\n<div class=\"row\">\n<div class=\"col-lg-12 col-md-12 col-sm-12 col-xs-12\">\n\t  <img src=\"http:\/\/www.erickson.international\/wp-content\/uploads\/2018\/01\/1000x314_what_do_they_do_Animal.jpg\" border=\"0\" class=\"img-responsive\" \/><\/p>\n<p align=\"center\" class=\"maggio23\"><strong><em>A nova s\u00e9rie de jogos, idealizados por Flavio Fogarolo, para desenvolver as habilidades l\u00f3gicas e a linguagem nas crian\u00e7as de 3 a 5 anos.<\/em><\/strong><\/p>\n<\/p><\/div>\n<\/div>\n<p><!-- END ROW --><\/p>\n<p><!-- START ROW --><\/p>\n<div class=\"row\">\n<div class=\"col-lg-4 col-md-4 col-sm-4 col-xs-4\">\t    <img src=\"https:\/\/static.erickson.it\/Products\/GIOCO_978-88-590-1383-9_X812_Cosa-fanno-gli-animali-della-fattoria\/CopertinaWeb\/210_Cosa-fanno-animali-fattoria.jpg\" border=\"0\" class=\"img-responsive\" \/>\t  <\/div>\n<div class=\"col-lg-4 col-md-4 col-sm-4 col-xs-4\">\t\t    <img src=\"https:\/\/static.erickson.it\/Products\/GIOCO_978-88-590-1384-6_X813_Cosa-fanno-gli-animali-della-foresta\/CopertinaWeb\/210_Cosa-fanno-animali-foresta.jpg\" border=\"0\" class=\"img-responsive\" \/>\t\t  <\/div>\n<div class=\"col-lg-4 col-md-4 col-sm-4 col-xs-4\">\t\t    <img src=\"https:\/\/static.erickson.it\/Products\/GIOCO_978-88-590-1385-3_X814_Cosa-fanno-gli-animali-di-casa\/CopertinaWeb\/210_Cosa-fanno-animali-casa.jpg\" border=\"0\" class=\"img-responsive\" \/>\t\t  <\/div>\n<div class=\"col-lg-12 col-md-12 col-sm-12 col-xs-12\">\n<p class=\"maggio23\"><strong>Simples, divertidos e  envolventes, esses jogos ajudam as crian&ccedil;as<\/strong> a reconhecer e associar animais e a&ccedil;&otilde;es. Adaptam-se &agrave; fase de  desenvolvimento da crian&ccedil;a e estimulam o crescimento propondo atividades de  complexidade crescente que:<\/p>\n<ul class=\"maggio23\" type=\"disc\">\n<li><strong>Estimulam a observa&ccedil;&atilde;o e a       linguagem atrav&eacute;s da produ&ccedil;&atilde;o de frases breves<\/strong>;<\/li>\n<li><strong>Promovem a capacidade de reconhecer e associar animais e a&ccedil;&otilde;es<\/strong>, favorecendo a generaliza&ccedil;&atilde;o dos conceitos. <\/li>\n<\/ul>\n<p class=\"nome-cognome-autore\">As PE\u00c7AS<\/p>\n<p class=\"maggio23\">Cada jogo cont&eacute;m <strong>21  pe&ccedil;as macias de encaixe<\/strong> (em material macio EVA at&oacute;xico e antial&eacute;rgico)  que estimulam o trabalho manual e a habilidade<strong> de associa&ccedil;&atilde;o e  observa&ccedil;&atilde;o<\/strong>. Al&eacute;m do mais, o <strong>sistema de  controle crom&aacute;tico<\/strong> permite que a crian&ccedil;a <strong>avalie  os acertos das jun&ccedil;&otilde;es<\/strong> sem a interven&ccedil;&atilde;o dos pais, favorecendo  sua autonomia.<\/p>\n<p class=\"maggio23\"><strong>PE\u00c7AS CENTRAIS<\/strong><\/p>\n<\/p><\/div>\n<div class=\"col-lg-4 col-md-4 col-sm-4 col-xs-4\">\n\t\t  <img src=\"https:\/\/static.erickson.it\/ei\/SiteAssets\/Pagine\/Cosa-fanno-gli-animali\/Tessera_Singola_CANE.jpg\" border=\"0\" class=\"img-responsive\" \/><\/div>\n<div class=\"col-lg-4 col-md-4 col-sm-4 col-xs-4\">\n\t\t  <img src=\"https:\/\/static.erickson.it\/ei\/SiteAssets\/Pagine\/Cosa-fanno-gli-animali\/Tessera_Singola_CAVALLO.jpg\" border=\"0\" class=\"img-responsive\" \/><\/div>\n<div class=\"col-lg-4 col-md-4 col-sm-4 col-xs-4\">\n\t\t  <img src=\"https:\/\/static.erickson.it\/ei\/SiteAssets\/Pagine\/Cosa-fanno-gli-animali\/Tessera_Singola_LEONE.jpg\" border=\"0\" class=\"img-responsive\" \/><\/div>\n<div class=\"col-lg-12 col-md-12 col-sm-12 col-xs-12\">\n<p class=\"maggio23\">As pe&ccedil;as centrais s&atilde;o <strong>quadradas <\/strong>e <strong>se encaixam com as outras, tanto de  forma horizontal<\/strong> (mesmo animal que cumpre a&ccedil;&otilde;es diferentes) <strong>quanto  vertical<\/strong> (animais diferentes que cumprem a mesma a&ccedil;&atilde;o).<\/p>\n<p class=\"maggio23\">As bordas superiores e  inferiores das pe&ccedil;as se diferem daquelas &agrave; esquerda e a direita pelo tipo de  encaixe e pela tonalidade da cor, de modo a facilitar a individualiza&ccedil;&atilde;o da associa&ccedil;&atilde;o  correta.<\/p>\n<p class=\"maggio23\"><strong>PE\u00c7AS INICIAIS<\/strong><\/p>\n<\/p><\/div>\n<div class=\"col-lg-4 col-md-4 col-sm-4 col-xs-4\">\n\t\t  <img src=\"https:\/\/static.erickson.it\/ei\/SiteAssets\/Pagine\/Cosa-fanno-gli-animali\/Cosa%20Fanno%20gli%20animali_base700px.jpg\" border=\"0\" class=\"img-responsive\" \/><\/div>\n<div class=\"col-lg-4 col-md-4 col-sm-4 col-xs-4\">\n\t\t  <img src=\"https:\/\/static.erickson.it\/ei\/SiteAssets\/Pagine\/Cosa-fanno-gli-animali\/Cosa%20Fanno%20gli%20animali_base700px2.jpg\" border=\"0\" class=\"img-responsive\" \/><\/div>\n<div class=\"col-lg-4 col-md-4 col-sm-4 col-xs-4\">\n\t\t  <img src=\"https:\/\/static.erickson.it\/ei\/SiteAssets\/Pagine\/Cosa-fanno-gli-animali\/Cosa%20Fanno%20gli%20animali_base700px3.jpg\" border=\"0\" class=\"img-responsive\" \/><\/div>\n<div class=\"col-lg-12 col-md-12 col-sm-12 col-xs-12\">\n<p class=\"maggio23\">As pe&ccedil;as da cabe&ccedil;a s&atilde;o <strong>retangulares<\/strong> e possuem <strong>um &uacute;nico lado de liga&ccedil;&atilde;o<\/strong>. Estas introduzem  de forma intuitiva a ideia de in&iacute;cio e fim de uma sequ&ecirc;ncia, tanto para os  animais quanto para as a&ccedil;&otilde;es. <\/p>\n<p class=\"maggio23\">Al&eacute;m disso, as pe&ccedil;as de  cabe&ccedil;a representam diversas vis&otilde;es: as iniciais mostram os animais de frente enquanto  as finais mostram as costas.<\/p>\n<\/p><\/div>\n<\/div>\n<p><!-- END ROW --><br \/>\n<!-- START ROW --><\/p>\n<div class=\"row\">\n<div class=\"col-lg-12\">\n<h1 class=\"maggio23\">Os jogos para os menores<\/h1>\n<\/div>\n<div class=\"col-lg-8 col-md-8 col-sm-6 col-xs-12\">\n<p class=\"nome-cognome-autore\">Utilizando apenas as pe\u00e7as centrais<\/p>\n<p class=\"maggio23\">Apenas com as pe&ccedil;as centrais &eacute; poss&iacute;vel <strong>pedir para  a crian&ccedil;a dizer o que elas representam<\/strong>: ex. a girafa bebe, o le&atilde;o  dorme&hellip;<\/p>\n<p class=\"maggio23\">Com as pe&ccedil;as centrais do mesmo animal (girafa, le&atilde;o,  elefante) &eacute; poss&iacute;vel <strong>construir sequ&ecirc;ncias horizontais de diversas a&ccedil;&otilde;es<\/strong>.<\/p>\n<p class=\"maggio23\">Com  as pe&ccedil;as centrais da mesma a&ccedil;&atilde;o (beber, dormir, saltar) &eacute; poss&iacute;vel <strong>construir  sequ&ecirc;ncias verticais de diversos animais<\/strong>.<\/p>\n<\/div>\n<div class=\"col-lg-4 col-md-4 col-sm-6 col-xs-12\">\n<img src=\"https:\/\/static.erickson.it\/ei\/SiteAssets\/Pagine\/Cosa-fanno-gli-animali\/Cosa%20Fanno%20gli%20animali_base700px5.jpg\" border=\"0\" class=\"img-responsive\" \/>\n<\/div>\n<\/p><\/div>\n<p><!-- END ROW --><br \/>\n<!-- START ROW --><\/p>\n<div class=\"row\">\n<div class=\"col-lg-8 col-md-8 col-sm-6 col-xs-12\">\n<p class=\"nome-cognome-autore\">Utilizando apenas as pe\u00e7as inciais<\/p>\n<p class=\"maggio23\">&Eacute; poss&iacute;vel <strong>Encaixar entre si as duas pe&ccedil;as do mesmo  animal ou da mesma a&ccedil;&atilde;o<\/strong>.<\/p>\n<p class=\"maggio23\">Podem-se  distinguir as pe&ccedil;as que representam os sujeitos diante daqueles que mostram as  costas.\n<\/p>\n<\/div>\n<div class=\"col-lg-4 col-md-4 col-sm-6 col-xs-12\">\n<img src=\"https:\/\/static.erickson.it\/ei\/SiteAssets\/Pagine\/Cosa-fanno-gli-animali\/Cosa%20Fanno%20gli%20animali_base700px6.jpg\" border=\"0\" class=\"img-responsive\" \/>\n<\/div>\n<\/div>\n<p><!-- END ROW --><br \/>\n<!-- START ROW --><\/p>\n<div class=\"row\">\n<div class=\"col-lg-12 col-md-12 col-sm-12 col-xs-12\">\n<p class=\"nome-cognome-autore\">Utilizando tanto as pe\u00e7as centrais quanto as iniciais<\/p>\n<p class=\"maggio23\">Podem-se <strong>encaixar as sequ&ecirc;ncias horizontais, as 3 pe&ccedil;as centrais com  o mesmo animal<\/strong> inserindo no in&iacute;cio e no fim as pe&ccedil;as iniciais  correspondentes. Ex. Le&atilde;o<\/p>\n<p class=\"maggio23\">  Podem-se <strong>encaixar separadamente em sequ&ecirc;ncia vertical as 3 pe&ccedil;as  centrais com a mesma a&ccedil;&atilde;o inserindo <\/strong>no in&iacute;cio e no fim<strong> as pe&ccedil;as de cabe&ccedil;a correspondentes<\/strong>. Ex. Dormem.<\/p>\n<p class=\"maggio23\"> poss&iacute;vel finalmente <strong>compor a tabela completa<\/strong> inserindo as 9 pe&ccedil;as centrais com as liga&ccedil;&otilde;es corretas tanto horizontais quanto  verticais e organizando corretamente tamb&eacute;m as 12 pe&ccedil;as iniciais. <\/p>\n<\/div>\n<div class=\"col-lg-12 col-md-12 col-sm-12 col-xs-12\">\n<img src=\"https:\/\/static.erickson.it\/ei\/SiteAssets\/Pagine\/Cosa-fanno-gli-animali\/Cosa%20Fanno%20gli%20animali_base700px4.jpg\" border=\"0\" class=\"img-responsive\" \/>\n<\/div>\n<\/div>\n<p><!-- END ROW --><\/p>\n<p><!-- START ROW --><\/p>\n<div class=\"row\">\n<div class=\"col-lg-12\">\n<h1 class=\"maggio23\">&#8230; e para os maiores<\/h1>\n<\/div>\n<div class=\"col-lg-8 col-md-8 col-sm-6 col-xs-12\">\n<p class=\"nome-cognome-autore\">Mem\u00f3ria <\/p>\n<p class=\"maggio23\">Com 2 jogadores<\/p>\n<p class=\"maggio23\">Selecionar apenas as 12 pe&ccedil;as de cabe&ccedil;a e disp&ocirc;-las, aleatoriamente,  com a figura escondida, na mesa.<\/p>\n<p class=\"maggio23\">  Na sua vez os <strong>jogadores descobrem dois elementos: se  representam o mesmo animal ou a mesma a&ccedil;&atilde;o, capturam<\/strong> ambos. <\/p>\n<p class=\"maggio23\">Vence  quem no final conseguiu mais pe&ccedil;as. <\/p>\n<\/div>\n<div class=\"col-lg-4 col-md-4 col-sm-6 col-xs-12\">\n<img src=\"https:\/\/static.erickson.it\/ei\/SiteAssets\/Pagine\/Cosa-fanno-gli-animali\/Cosa%20Fanno%20gli%20animali_base700px7.jpg\" border=\"0\" class=\"img-responsive\" \/>\n<\/div>\n<\/p><\/div>\n<p><!-- END ROW --><br \/>\n<!-- START ROW --><\/p>\n<div class=\"row\">\n<div class=\"col-lg-8 col-md-8 col-sm-6 col-xs-12\">\n<p class=\"nome-cognome-autore\">Domin\u00f3<\/p>\n<p class=\"maggio23\">De 2 a 4 jogadores<\/p>\n<p class=\"maggio23\">Cada jogador na sua vez busca <strong>encaixar uma das suas  pe&ccedil;as &agrave;quela da mesa aproximando-a a um dos lados livres<\/strong>.<\/p>\n<p class=\"maggio23\">  A liga&ccedil;&atilde;o deve ser v&aacute;lida: mesmo animal encaixado de lado,  mesma a&ccedil;&atilde;o ligada acima e abaixo.<\/p>\n<p class=\"maggio23\">Vence  o primeiro que conseguir organizar todas as pe&ccedil;as. <\/p>\n<\/div>\n<div class=\"col-lg-4 col-md-4 col-sm-6 col-xs-12\">\n<img src=\"https:\/\/static.erickson.it\/ei\/SiteAssets\/Pagine\/Cosa-fanno-gli-animali\/Cosa%20Fanno%20gli%20animali_base700px8.jpg\" border=\"0\" class=\"img-responsive\" \/>\n<\/div>\n<\/div>\n<p><!-- END ROW --><br \/>\n<!-- START ROW --><\/p>\n<div class=\"row\">\n<div class=\"col-lg-8 col-md-8 col-sm-6 col-xs-12\">\n<p class=\"nome-cognome-autore\">Cobrinha<\/p>\n<p class=\"maggio23\">2 jogadores<\/p>\n<p class=\"maggio23\"><strong>Cada jogador procura encaixar as suas cartas &agrave;quelas  da mesa<\/strong>, aproximando-a a um dos  lados livres. O encaixe deve ser v&aacute;lido: mesmo animal encaixado  de lado, mesmo a&ccedil;&atilde;o ligada acima e abaixo.<\/p>\n<p class=\"maggio23\">  Sucessivamente, por&eacute;m <strong>as  cartas podem ser encaixadas somente nos lados extremos e n&atilde;o nos intermedi&aacute;rios<\/strong>,  de modo a formar uma sequ&ecirc;ncia &uacute;nica, com andamento provavelmente angular (mas  pode ser tamb&eacute;m retil&iacute;neo). Uma cobrinha, justamente.<\/p>\n<p class=\"maggio23\">O objetivo do jogo &eacute; completar a cobrinha, inserindo de um lado uma pe&ccedil;a  inicial, e do outro uma final. <\/p>\n<\/div>\n<div class=\"col-lg-4 col-md-4 col-sm-6 col-xs-12\">\n<img src=\"https:\/\/static.erickson.it\/ei\/SiteAssets\/Pagine\/Cosa-fanno-gli-animali\/Cosa%20Fanno%20gli%20animali_base700px9.jpg\" border=\"0\" class=\"img-responsive\" \/>\n<\/div>\n<\/div>\n<p><!-- END ROW --><\/p>\n<\/div>\n<\/div>\n","protected":false},"excerpt":{"rendered":"<p>O que fazem os animais&#8230; A nova s\u00e9rie de jogos, idealizados por Flavio Fogarolo, para desenvolver as habilidades l\u00f3gicas e a linguagem nas crian\u00e7as de 3 a 5 anos. Simples, divertidos e envolventes, esses jogos ajudam as crian&ccedil;as a reconhecer e associar animais e a&ccedil;&otilde;es. Adaptam-se &agrave; fase de desenvolvimento da crian&ccedil;a e estimulam o [&hellip;]<\/p>\n","protected":false},"author":4,"featured_media":0,"parent":0,"menu_order":0,"comment_status":"closed","ping_status":"closed","template":"page-templates\/page-landing2colonne.php","meta":[],"acf":[],"yoast_head":"<!-- This site is optimized with the Yoast SEO plugin v19.6 - https:\/\/yoast.com\/wordpress\/plugins\/seo\/ -->\n<title>O que fazem os animais... - Erickson International<\/title>\n<meta name=\"robots\" content=\"index, follow, max-snippet:-1, max-image-preview:large, max-video-preview:-1\" \/>\n<link rel=\"canonical\" href=\"https:\/\/www.erickson.international\/pt-br\/o-que-fazem-os-animais\/\" \/>\n<meta name=\"twitter:label1\" content=\"Est. reading time\" \/>\n\t<meta name=\"twitter:data1\" content=\"4 minutes\" \/>\n<script type=\"application\/ld+json\" class=\"yoast-schema-graph\">{\"@context\":\"https:\/\/schema.org\",\"@graph\":[{\"@type\":\"WebPage\",\"@id\":\"https:\/\/www.erickson.international\/pt-br\/o-que-fazem-os-animais\/\",\"url\":\"https:\/\/www.erickson.international\/pt-br\/o-que-fazem-os-animais\/\",\"name\":\"O que fazem os animais... - Erickson International\",\"isPartOf\":{\"@id\":\"https:\/\/www.erickson.international\/pt-br\/#website\"},\"datePublished\":\"2018-11-15T14:11:44+00:00\",\"dateModified\":\"2018-11-15T14:13:13+00:00\",\"breadcrumb\":{\"@id\":\"https:\/\/www.erickson.international\/pt-br\/o-que-fazem-os-animais\/#breadcrumb\"},\"inLanguage\":\"pt-BR\",\"potentialAction\":[{\"@type\":\"ReadAction\",\"target\":[\"https:\/\/www.erickson.international\/pt-br\/o-que-fazem-os-animais\/\"]}]},{\"@type\":\"BreadcrumbList\",\"@id\":\"https:\/\/www.erickson.international\/pt-br\/o-que-fazem-os-animais\/#breadcrumb\",\"itemListElement\":[{\"@type\":\"ListItem\",\"position\":1,\"name\":\"Home\",\"item\":\"https:\/\/www.erickson.international\/pt-br\/\"},{\"@type\":\"ListItem\",\"position\":2,\"name\":\"O que fazem os animais&#8230;\"}]},{\"@type\":\"WebSite\",\"@id\":\"https:\/\/www.erickson.international\/pt-br\/#website\",\"url\":\"https:\/\/www.erickson.international\/pt-br\/\",\"name\":\"Erickson International\",\"description\":\"Ideas that help\",\"potentialAction\":[{\"@type\":\"SearchAction\",\"target\":{\"@type\":\"EntryPoint\",\"urlTemplate\":\"https:\/\/www.erickson.international\/pt-br\/?s={search_term_string}\"},\"query-input\":\"required name=search_term_string\"}],\"inLanguage\":\"pt-BR\"}]}<\/script>\n<!-- \/ Yoast SEO plugin. -->","yoast_head_json":{"title":"O que fazem os animais... - Erickson International","robots":{"index":"index","follow":"follow","max-snippet":"max-snippet:-1","max-image-preview":"max-image-preview:large","max-video-preview":"max-video-preview:-1"},"canonical":"https:\/\/www.erickson.international\/pt-br\/o-que-fazem-os-animais\/","twitter_misc":{"Est. reading time":"4 minutes"},"schema":{"@context":"https:\/\/schema.org","@graph":[{"@type":"WebPage","@id":"https:\/\/www.erickson.international\/pt-br\/o-que-fazem-os-animais\/","url":"https:\/\/www.erickson.international\/pt-br\/o-que-fazem-os-animais\/","name":"O que fazem os animais... - Erickson International","isPartOf":{"@id":"https:\/\/www.erickson.international\/pt-br\/#website"},"datePublished":"2018-11-15T14:11:44+00:00","dateModified":"2018-11-15T14:13:13+00:00","breadcrumb":{"@id":"https:\/\/www.erickson.international\/pt-br\/o-que-fazem-os-animais\/#breadcrumb"},"inLanguage":"pt-BR","potentialAction":[{"@type":"ReadAction","target":["https:\/\/www.erickson.international\/pt-br\/o-que-fazem-os-animais\/"]}]},{"@type":"BreadcrumbList","@id":"https:\/\/www.erickson.international\/pt-br\/o-que-fazem-os-animais\/#breadcrumb","itemListElement":[{"@type":"ListItem","position":1,"name":"Home","item":"https:\/\/www.erickson.international\/pt-br\/"},{"@type":"ListItem","position":2,"name":"O que fazem os animais&#8230;"}]},{"@type":"WebSite","@id":"https:\/\/www.erickson.international\/pt-br\/#website","url":"https:\/\/www.erickson.international\/pt-br\/","name":"Erickson International","description":"Ideas that help","potentialAction":[{"@type":"SearchAction","target":{"@type":"EntryPoint","urlTemplate":"https:\/\/www.erickson.international\/pt-br\/?s={search_term_string}"},"query-input":"required name=search_term_string"}],"inLanguage":"pt-BR"}]}},"_links":{"self":[{"href":"https:\/\/www.erickson.international\/pt-br\/wp-json\/wp\/v2\/pages\/13392"}],"collection":[{"href":"https:\/\/www.erickson.international\/pt-br\/wp-json\/wp\/v2\/pages"}],"about":[{"href":"https:\/\/www.erickson.international\/pt-br\/wp-json\/wp\/v2\/types\/page"}],"author":[{"embeddable":true,"href":"https:\/\/www.erickson.international\/pt-br\/wp-json\/wp\/v2\/users\/4"}],"replies":[{"embeddable":true,"href":"https:\/\/www.erickson.international\/pt-br\/wp-json\/wp\/v2\/comments?post=13392"}],"version-history":[{"count":2,"href":"https:\/\/www.erickson.international\/pt-br\/wp-json\/wp\/v2\/pages\/13392\/revisions"}],"predecessor-version":[{"id":13397,"href":"https:\/\/www.erickson.international\/pt-br\/wp-json\/wp\/v2\/pages\/13392\/revisions\/13397"}],"wp:attachment":[{"href":"https:\/\/www.erickson.international\/pt-br\/wp-json\/wp\/v2\/media?parent=13392"}],"curies":[{"name":"wp","href":"https:\/\/api.w.org\/{rel}","templated":true}]}}