{"id":13386,"date":"2018-11-15T13:52:58","date_gmt":"2018-11-15T13:52:58","guid":{"rendered":"http:\/\/www.erickson.international\/pt-br\/?page_id=13386"},"modified":"2019-02-11T15:37:33","modified_gmt":"2019-02-11T15:37:33","slug":"quem-tem-medo-de-matematica","status":"publish","type":"page","link":"https:\/\/www.erickson.international\/pt-br\/quem-tem-medo-de-matematica\/","title":{"rendered":"Quem tem medo de matem\u00e1tica?"},"content":{"rendered":"<div class=\"col-lg-12 col-md-12 col-sm-12 listalibri landingpage\">\n<!-- Bollino --><\/p>\n<div class=\"col-lg-12\"><img src=\"http:\/\/www.erickson.international\/wp-content\/uploads\/2016\/05\/The_Series_BOLLO.png\" alt=\"\"><\/div>\n<p><!-- Bollino END --><br \/>\n<!-- Titolo --><\/p>\n<div class=\"col-lg-12\">\n<h1 class=\"maggio23\">Quem tem medo de matem\u00e1tica?<\/h1>\n<h4>Uma s\u00e9rie divertida para favorecer a aprendizagem ativa de matem\u00e1tica atrav\u00e9s do jogo e do uso das cores<\/h4>\n<\/div>\n<p><!-- Titolo END --><br \/>\n<!-- Highlights --><\/p>\n<div class=\"col-lg-12 linea-landingpage\">\n<hr>\n<p><!-- START ROW --><\/p>\n<div class=\"row\">\n<div align=\"center\" class=\"col-lg-4 col-md-4 col-sm-12 col-xs-12\"><a href=\"https:\/\/www.erickson.international\/pt-br\/catalogue\/matematica\/numeros-e-calculo\/quem-tem-medo-da-matematica\/\"><img src=\"https:\/\/static.erickson.it\/Products\/LIBRO_978-88-590-1350-1_X769_Chi-ha-paura-della-matematica\/CopertinaWeb\/COP_Chi-ha-paura-della-matematica-1_590-1350-1.jpg\" border=\"0\" class=\"img-responsive\" style=\"max-width:210px\"><br \/>\n<\/a><\/p>\n<p class=\"maggio23\"><a href=\"https:\/\/www.erickson.international\/pt-br\/catalogue\/matematica\/numeros-e-calculo\/quem-tem-medo-da-matematica\/\"><strong>Volume 1 &#8211;<br \/>\nAdi\u00e7\u00e3o e subtra\u00e7\u00e3o at\u00e9 20 <\/strong><\/a><strong><\/strong><\/p>\n<\/div>\n<div align=\"center\" class=\"col-lg-4 col-md-4 col-sm-12 col-xs-12\"><a href=\"https:\/\/www.erickson.international\/pt-br\/catalogue\/matematica\/numeros-e-calculo\/quem-tem-medo-da-matematica-3\/\"><img src=\"https:\/\/static.erickson.it\/Products\/LIBRO_978-88-590-1351-8_X770_Chi-ha-paura-della-matematica-2\/CopertinaWeb\/COP_Chi-ha-paura-della-matematica-2_590-1351-8.jpg\" border=\"0\" class=\"img-responsive\" style=\"max-width:210px\"><br \/>\n<\/a><\/p>\n<p class=\"maggio23\"><a href=\"https:\/\/www.erickson.international\/pt-br\/catalogue\/matematica\/numeros-e-calculo\/quem-tem-medo-da-matematica-3\/\"><strong>Volume 2 &#8211;<br \/>\nAdi\u00e7\u00e3o e subtra\u00e7\u00e3o entre at\u00e9 100<\/strong><\/a><strong><\/strong><\/p>\n<\/div>\n<div align=\"center\" class=\"col-lg-4 col-md-4 col-sm-12 col-xs-12\"><a href=\"https:\/\/www.erickson.international\/pt-br\/catalogue\/matematica\/numeros-e-calculo\/quem-tem-medo-da-matematica-2\/\"><img src=\"https:\/\/static.erickson.it\/Products\/LIBRO_978-88-590-1440-9_X837_Chi-ha-paura-della-matematica-3\/CopertinaWeb\/COP_Chi-ha-paura-della-matematica-3_1440-9.jpg\" border=\"0\" class=\"img-responsive\" style=\"max-width:210px\"><br \/>\n<\/a><\/p>\n<p class=\"maggio23\"><a href=\"https:\/\/www.erickson.international\/pt-br\/catalogue\/matematica\/numeros-e-calculo\/quem-tem-medo-da-matematica-2\/\"><strong>Volume 3 &#8211;<br \/>\nAs tabuadas<\/strong><\/a><strong><\/strong><\/p>\n<\/div>\n<\/div>\n<p><!-- END ROW --><br \/>\n<!-- START ROW --><\/p>\n<div class=\"row\">\n<div class=\"col-lg-12 col-md-12 col-sm-12 col-xs-12\">\n<p class=\"nome-cognome-autore\" style=\"background-color:rgb(105, 46, 138); color:#FFFFFF; text-align:center\"><strong>Quem tem medo de matem\u00e1tica? Volume 1<\/strong><\/p>\n<p class=\"maggio23\">Na companhia do&nbsp; Conde Zac e de seus amigos monstruosos, colorindo  imagens escondidas, caminhos intercalados, morcegos, bruxas e ab\u00f3boras  apavorantes, as crian\u00e7as re\u00fanem uma s\u00e9rie de ind\u00edcios que as levar\u00e3o, no final  de sua aventura, a libertar o castelo dos encantos que o amaldi\u00e7oaram&#8230;<\/p>\n<p>\t\t\t<img src=\"https:\/\/static.erickson.it\/ei\/SiteAssets\/Pagine\/Chi-ha-paura-della-matematica\/Chi-ha-paura-della-matematica-1_2-3.jpg\" border=\"0\" class=\"img-responsive\"><\/p>\n<p class=\"maggio23\">&nbsp;<\/p>\n<p class=\"maggio23\">Gra\u00e7as a uma s\u00e9rie de jogos  e enigmas a serem resolvidos, as acrian\u00e7as se exercitar\u00e3o na adi\u00e7\u00e3o e subtra\u00e7\u00e3o  at\u00e9 20<\/p>\n<\/div>\n<\/div>\n<p><!-- END ROW --><br \/>\n<!-- START ROW --><\/p>\n<div class=\"row\">\n<div align=\"center\" class=\"col-lg-4 col-md-4 col-sm-4 col-xs-12\"><img src=\"https:\/\/static.erickson.it\/ei\/SiteAssets\/Pagine\/Chi-ha-paura-della-matematica\/Chi-ha-paura-della-matematica-1_43.jpg\" border=\"0\" class=\"img-responsive\"><\/div>\n<div align=\"center\" class=\"col-lg-4 col-md-4 col-sm-4 col-xs-12\"><img src=\"https:\/\/static.erickson.it\/ei\/SiteAssets\/Pagine\/Chi-ha-paura-della-matematica\/Chi-ha-paura-della-matematica-1_5.jpg\" border=\"0\" class=\"img-responsive\"><\/div>\n<div align=\"center\" class=\"col-lg-4 col-md-4 col-sm-4 col-xs-12\"><img src=\"https:\/\/static.erickson.it\/ei\/SiteAssets\/Pagine\/Chi-ha-paura-della-matematica\/Chi-ha-paura-della-matematica-1_8.jpg\" border=\"0\" class=\"img-responsive\"><\/div>\n<\/div>\n<p><!-- END ROW --><br \/>\n<!-- START ROW --><\/p>\n<div class=\"row\">\n<div class=\"col-lg-12 col-md-12 col-sm-12 col-xs-12\">\n<p class=\"nome-cognome-autore\" style=\"background-color:rgb(237, 118, 2); color:#FFFFFF; text-align:center\"><strong>Quem tem medo de matem\u00e1tica? Volume 2 <\/strong><\/p>\n<p class=\"maggio23\">Entrando na pir\u00e2mide  eg\u00edpcia da m\u00famia Murdoc, as crian\u00e7as, colorindo imagens escondidas, percursos  interligados, Hier\u00f3glifos e sarc\u00f3fagos, reunir\u00e3o uma s\u00e9rie de ind\u00edcios e os  levar\u00e3o at\u00e9 o fim de sua aventura, a transformar e embelezar as pir\u00e2mides de Murdoc.<\/p>\n<p>\t\t\t<img src=\"https:\/\/static.erickson.it\/ei\/SiteAssets\/Pagine\/Chi-ha-paura-della-matematica\/Chi-ha-paura-della-matematica-2_2-3.jpg\" border=\"0\" class=\"img-responsive\"><\/p>\n<p class=\"maggio23\">&nbsp;<\/p>\n<p class=\"maggio23\">Gra\u00e7as a uma s\u00e9rie de jogos  e enigmas a serem resolvidos, as crian\u00e7as se exercitar\u00e3o na adi\u00e7\u00e3o e subtra\u00e7\u00e3o  at\u00e9 100.<\/p>\n<\/div>\n<\/div>\n<p><!-- END ROW --><br \/>\n<!-- START ROW --><\/p>\n<div class=\"row\">\n<div align=\"center\" class=\"col-lg-4 col-md-4 col-sm-4 col-xs-12\"><img src=\"https:\/\/static.erickson.it\/ei\/SiteAssets\/Pagine\/Chi-ha-paura-della-matematica\/Chi-ha-paura-della-matematica-2_5.jpg\" border=\"0\" class=\"img-responsive\"><\/div>\n<div align=\"center\" class=\"col-lg-4 col-md-4 col-sm-4 col-xs-12\"><img src=\"https:\/\/static.erickson.it\/ei\/SiteAssets\/Pagine\/Chi-ha-paura-della-matematica\/Chi-ha-paura-della-matematica-2_13.jpg\" border=\"0\" class=\"img-responsive\"><\/div>\n<div align=\"center\" class=\"col-lg-4 col-md-4 col-sm-4 col-xs-12\"><img src=\"https:\/\/static.erickson.it\/ei\/SiteAssets\/Pagine\/Chi-ha-paura-della-matematica\/Chi-ha-paura-della-matematica-2_37.jpg\" border=\"0\" class=\"img-responsive\"><\/div>\n<\/div>\n<p><!-- END ROW --><br \/>\n<!-- START ROW --><\/p>\n<div class=\"row\">\n<div class=\"col-lg-12 col-md-12 col-sm-12 col-xs-12\">\n<p class=\"nome-cognome-autore\" style=\"background-color:rgb(0, 139, 158); color:#FFFFFF; text-align:center\"><strong>Quem tem medo de matem\u00e1tica? Volume 3 <\/strong><\/p>\n<p class=\"maggio23\">Entrando na casa da bruxa  Vanessa na floresta negra, as crian\u00e7as, colorindo personagens c\u00f4micos, &nbsp;percursos interligados, morcegos e monstros  assustadores, reunir\u00e3o uma s\u00e9rie de ind\u00edcios os levar\u00e3o a organizar a casa e prepar\u00e1-la  para o casamento da bruxa Vanessa!<\/p>\n<p>\t\t\t<img src=\"https:\/\/static.erickson.it\/ei\/SiteAssets\/Pagine\/Chi-ha-paura-della-matematica\/Mate3-casa.png\" border=\"0\" class=\"img-responsive\"><\/p>\n<p class=\"maggio23\">&nbsp;<\/p>\n<p class=\"maggio23\">Gra\u00e7as a uma s\u00e9rie de jogos  e enigmas a serem resolvidos, as crian\u00e7as se exercitar\u00e3o com a tabuada.<\/p>\n<\/div>\n<\/div>\n<p><!-- END ROW --><br \/>\n<!-- START ROW --><\/p>\n<div class=\"row\">\n<div align=\"center\" class=\"col-lg-4 col-md-4 col-sm-4 col-xs-12\"><img src=\"https:\/\/static.erickson.it\/ei\/SiteAssets\/Pagine\/Chi-ha-paura-della-matematica\/Mate3-1.png\" border=\"0\" class=\"img-responsive\"><\/div>\n<div align=\"center\" class=\"col-lg-4 col-md-4 col-sm-4 col-xs-12\"><img src=\"https:\/\/static.erickson.it\/ei\/SiteAssets\/Pagine\/Chi-ha-paura-della-matematica\/mate3-2.png\" border=\"0\" class=\"img-responsive\"><\/div>\n<div align=\"center\" class=\"col-lg-4 col-md-4 col-sm-4 col-xs-12\"><img src=\"https:\/\/static.erickson.it\/ei\/SiteAssets\/Pagine\/Chi-ha-paura-della-matematica\/mate3-3.png\" border=\"0\" class=\"img-responsive\"><\/div>\n<\/div>\n<p><!-- END ROW --><\/p>\n<\/div>\n<\/div>\n","protected":false},"excerpt":{"rendered":"<p>Quem tem medo de matem\u00e1tica? Uma s\u00e9rie divertida para favorecer a aprendizagem ativa de matem\u00e1tica atrav\u00e9s do jogo e do uso das cores Volume 1 &#8211; Adi\u00e7\u00e3o e subtra\u00e7\u00e3o at\u00e9 20 Volume 2 &#8211; Adi\u00e7\u00e3o e subtra\u00e7\u00e3o entre at\u00e9 100 Volume 3 &#8211; As tabuadas Quem tem medo de matem\u00e1tica? Volume 1 Na companhia do&nbsp; [&hellip;]<\/p>\n","protected":false},"author":4,"featured_media":0,"parent":0,"menu_order":0,"comment_status":"closed","ping_status":"closed","template":"page-templates\/page-landing2colonne.php","meta":[],"acf":[],"yoast_head":"<!-- This site is optimized with the Yoast SEO plugin v19.6 - https:\/\/yoast.com\/wordpress\/plugins\/seo\/ -->\n<title>Quem tem medo de matem\u00e1tica? - Erickson International<\/title>\n<meta name=\"robots\" content=\"index, follow, max-snippet:-1, max-image-preview:large, max-video-preview:-1\" \/>\n<link rel=\"canonical\" href=\"https:\/\/www.erickson.international\/pt-br\/quem-tem-medo-de-matematica\/\" \/>\n<meta name=\"twitter:label1\" content=\"Est. reading time\" \/>\n\t<meta name=\"twitter:data1\" content=\"1 minute\" \/>\n<script type=\"application\/ld+json\" class=\"yoast-schema-graph\">{\"@context\":\"https:\/\/schema.org\",\"@graph\":[{\"@type\":\"WebPage\",\"@id\":\"https:\/\/www.erickson.international\/pt-br\/quem-tem-medo-de-matematica\/\",\"url\":\"https:\/\/www.erickson.international\/pt-br\/quem-tem-medo-de-matematica\/\",\"name\":\"Quem tem medo de matem\u00e1tica? - Erickson International\",\"isPartOf\":{\"@id\":\"https:\/\/www.erickson.international\/pt-br\/#website\"},\"datePublished\":\"2018-11-15T13:52:58+00:00\",\"dateModified\":\"2019-02-11T15:37:33+00:00\",\"breadcrumb\":{\"@id\":\"https:\/\/www.erickson.international\/pt-br\/quem-tem-medo-de-matematica\/#breadcrumb\"},\"inLanguage\":\"pt-BR\",\"potentialAction\":[{\"@type\":\"ReadAction\",\"target\":[\"https:\/\/www.erickson.international\/pt-br\/quem-tem-medo-de-matematica\/\"]}]},{\"@type\":\"BreadcrumbList\",\"@id\":\"https:\/\/www.erickson.international\/pt-br\/quem-tem-medo-de-matematica\/#breadcrumb\",\"itemListElement\":[{\"@type\":\"ListItem\",\"position\":1,\"name\":\"Home\",\"item\":\"https:\/\/www.erickson.international\/pt-br\/\"},{\"@type\":\"ListItem\",\"position\":2,\"name\":\"Quem tem medo de matem\u00e1tica?\"}]},{\"@type\":\"WebSite\",\"@id\":\"https:\/\/www.erickson.international\/pt-br\/#website\",\"url\":\"https:\/\/www.erickson.international\/pt-br\/\",\"name\":\"Erickson International\",\"description\":\"Ideas that help\",\"potentialAction\":[{\"@type\":\"SearchAction\",\"target\":{\"@type\":\"EntryPoint\",\"urlTemplate\":\"https:\/\/www.erickson.international\/pt-br\/?s={search_term_string}\"},\"query-input\":\"required name=search_term_string\"}],\"inLanguage\":\"pt-BR\"}]}<\/script>\n<!-- \/ Yoast SEO plugin. -->","yoast_head_json":{"title":"Quem tem medo de matem\u00e1tica? - Erickson International","robots":{"index":"index","follow":"follow","max-snippet":"max-snippet:-1","max-image-preview":"max-image-preview:large","max-video-preview":"max-video-preview:-1"},"canonical":"https:\/\/www.erickson.international\/pt-br\/quem-tem-medo-de-matematica\/","twitter_misc":{"Est. reading time":"1 minute"},"schema":{"@context":"https:\/\/schema.org","@graph":[{"@type":"WebPage","@id":"https:\/\/www.erickson.international\/pt-br\/quem-tem-medo-de-matematica\/","url":"https:\/\/www.erickson.international\/pt-br\/quem-tem-medo-de-matematica\/","name":"Quem tem medo de matem\u00e1tica? - Erickson International","isPartOf":{"@id":"https:\/\/www.erickson.international\/pt-br\/#website"},"datePublished":"2018-11-15T13:52:58+00:00","dateModified":"2019-02-11T15:37:33+00:00","breadcrumb":{"@id":"https:\/\/www.erickson.international\/pt-br\/quem-tem-medo-de-matematica\/#breadcrumb"},"inLanguage":"pt-BR","potentialAction":[{"@type":"ReadAction","target":["https:\/\/www.erickson.international\/pt-br\/quem-tem-medo-de-matematica\/"]}]},{"@type":"BreadcrumbList","@id":"https:\/\/www.erickson.international\/pt-br\/quem-tem-medo-de-matematica\/#breadcrumb","itemListElement":[{"@type":"ListItem","position":1,"name":"Home","item":"https:\/\/www.erickson.international\/pt-br\/"},{"@type":"ListItem","position":2,"name":"Quem tem medo de matem\u00e1tica?"}]},{"@type":"WebSite","@id":"https:\/\/www.erickson.international\/pt-br\/#website","url":"https:\/\/www.erickson.international\/pt-br\/","name":"Erickson International","description":"Ideas that help","potentialAction":[{"@type":"SearchAction","target":{"@type":"EntryPoint","urlTemplate":"https:\/\/www.erickson.international\/pt-br\/?s={search_term_string}"},"query-input":"required name=search_term_string"}],"inLanguage":"pt-BR"}]}},"_links":{"self":[{"href":"https:\/\/www.erickson.international\/pt-br\/wp-json\/wp\/v2\/pages\/13386"}],"collection":[{"href":"https:\/\/www.erickson.international\/pt-br\/wp-json\/wp\/v2\/pages"}],"about":[{"href":"https:\/\/www.erickson.international\/pt-br\/wp-json\/wp\/v2\/types\/page"}],"author":[{"embeddable":true,"href":"https:\/\/www.erickson.international\/pt-br\/wp-json\/wp\/v2\/users\/4"}],"replies":[{"embeddable":true,"href":"https:\/\/www.erickson.international\/pt-br\/wp-json\/wp\/v2\/comments?post=13386"}],"version-history":[{"count":3,"href":"https:\/\/www.erickson.international\/pt-br\/wp-json\/wp\/v2\/pages\/13386\/revisions"}],"predecessor-version":[{"id":13852,"href":"https:\/\/www.erickson.international\/pt-br\/wp-json\/wp\/v2\/pages\/13386\/revisions\/13852"}],"wp:attachment":[{"href":"https:\/\/www.erickson.international\/pt-br\/wp-json\/wp\/v2\/media?parent=13386"}],"curies":[{"name":"wp","href":"https:\/\/api.w.org\/{rel}","templated":true}]}}