{"id":13374,"date":"2018-11-14T13:14:54","date_gmt":"2018-11-14T13:14:54","guid":{"rendered":"http:\/\/www.erickson.international\/pt-br\/?page_id=13374"},"modified":"2019-02-11T15:19:49","modified_gmt":"2019-02-11T15:19:49","slug":"jogar-para-crescer-tenho-uma-fome-que","status":"publish","type":"page","link":"https:\/\/www.erickson.international\/pt-br\/jogar-para-crescer-tenho-uma-fome-que\/","title":{"rendered":"Jogar para crescer: Tenho uma fome que&#8230;"},"content":{"rendered":"<div class=\"col-lg-12 col-md-12 col-sm-12 listalibri landingpage\">\n<!-- Bollino --><\/p>\n<div class=\"col-lg-12\"><img src=\"http:\/\/www.erickson.international\/wp-content\/uploads\/2016\/03\/Focus_on_BOLLO.jpg\" alt=\"\"><\/div>\n<p><!-- Bollino END --><br \/>\n<!-- Titolo --><\/p>\n<div class=\"col-lg-12\">\n<h1 class=\"maggio23\">Jogar para crescer: Tenho uma fome que&#8230;<\/h1>\n<\/div>\n<p><!-- Titolo END --><br \/>\n<!-- Highlights --><\/p>\n<div class=\"col-lg-12 linea-landingpage\">\n<hr>\n<p><!-- START ROW --><\/p>\n<div class=\"row\">\n<div class=\"col-lg-6 col-md-6 col-sm-12 col-xs-12\">\n<p class=\"maggio23\">Vire a  carta e observe o animal, Mas preste aten\u00e7\u00e3o porque voc\u00ea ver\u00e1 muitos e dever\u00e1  se lembrar de todos. Preste aten\u00e7\u00e3o: um hipop\u00f3tamo, uma baleia, e depois?<br \/>\nA fome \u00e9  tanta, mas o seu verdadeiro objetivo s\u00e3o as doze balas, conquiste o m\u00e1ximo que  puder para atrapalhar o seu advers\u00e1rio!<\/p>\n<\/div>\n<\/div>\n<p><!-- END ROW --><br \/>\n<!-- START ROW --><\/p>\n<div class=\"row\">\n<div align=\"left\" class=\"col-lg-6 col-md-6 col-sm-12 col-xs-12\">\n<p class=\"maggio23\"><strong>TENHO UMA FOME QUE<\/strong> \u00c9 um&nbsp;<strong>jogo da linha \u00abJogar  para crescer\u00bb<\/strong>, idealizada por Gianluca Daffi, especializado em psicologia  do desenvolvimento e professor universit\u00e1rio.<\/p>\n<p class=\"maggio23\">\t\t  Cada jogo  trabalha com uma espec\u00edfica fun\u00e7\u00e3o executiva ou um processo cognitivo com o  objetivo de se desenvolver se divertindo.<\/p>\n<p class=\"maggio23\">\t\t  <strong>TENHO UMA FOME QUE<\/strong>, particularmente,&nbsp;<strong>desenvolve  a mem\u00f3ria de trabalho e aten\u00e7\u00e3o<\/strong>.<\/p>\n<\/div>\n<div align=\"center\" class=\"col-lg-6 col-md-6 col-sm-12 col-xs-12\"><a href=\"https:\/\/www.erickson.international\/pt-br\/catalogue\/psicologiapsiquiatria\/funcoes-executivas\/tenho-uma-fome-que\/\"><img src=\"https:\/\/static.erickson.it\/ei\/SiteAssets\/Pagine\/Giocare-per-crescere-HO-UNA-FAME-CHE\/BOX_Ho-una-fame-che_978-88-590-1414-0.jpg\" border=\"0\" class=\"img-responsive\"><\/a><\/div>\n<\/div>\n<p><!-- END ROW --><br \/>\n<!-- START ROW --><\/p>\n<div class=\"row\">\n<div align=\"left\" class=\"col-lg-12 col-md-12 col-sm-12 col-xs-12\">\n<p class=\"nome-cognome-autore\" style=\"background-color:rgb(56, 135, 178); color:#FFFFFF; text-align:center\">COMO SE JOGA<\/p>\n<\/div>\n<div class=\"col-lg-4 col-md-5 col-sm-12 col-xs-12\">\n\t\t<img src=\"https:\/\/static.erickson.it\/ei\/SiteAssets\/Pagine\/Giocare-per-crescere-HO-UNA-FAME-CHE\/istruzioni%20v1.png\" border=\"0\" class=\"img-responsive\"><\/div>\n<div class=\"col-lg-8 col-md-7 col-sm-12 col-xs-12\">\n<p class=\"nome-cognome-autore\">Prepara\u00e7\u00e3o<\/p>\n<p class=\"maggio23\">Embaralham-se  as 78 cartas e distribuem-se em n\u00fameros iguais entre os jogadores. Se de acordo  com o n\u00famero de jogadores sobrarem cartas, essas dever\u00e3o ser colocadas ao lado  na mesa.<\/p>\n<p>\t\tCada jogador coloca diante de si o ma\u00e7o de  cartas encobertas e coloca no meio da mesa uma moeda \u00abbala\u00bb.<\/p>\n<p class=\"nome-cognome-autore\">In\u00edcio da partida<\/p>\n<p class=\"maggio23\">Sorteia-se o jogador que  iniciar\u00e1 a partida. Este vira uma carta do seu ma\u00e7o colocando-a ao centro da  mesa do lado da moeda \u00abbala\u00bb.<\/p>\n<\/div>\n<\/div>\n<p><!-- END ROW --><\/p>\n<p><!-- START ROW --><\/p>\n<div class=\"row\">\n<div align=\"center\" class=\"col-lg-4 col-md-4 col-sm-4 col-xs-12\">\n<p class=\"maggio23\">\n\t <img src=\"https:\/\/static.erickson.it\/ei\/SiteAssets\/Pagine\/Giocare-per-crescere-HO-UNA-FAME-CHE\/carta%202.png\" border=\"0\" width=\"150\" style=\"width:150px\"><br \/>\n<strong>Se se trata de uma carta \u00abAnimais\u00bb<\/strong> o jogador dever\u00e1 dizer: \u00abTenho uma fome que  comeria\u2026 e o nome do animal presente na carta\u00bb, por exemplo: \u00abEstou com tanta  fome que comeria uma baleia\u00bb<\/p>\n<\/div>\n<div align=\"center\" class=\"col-lg-4 col-md-4 col-sm-4 col-xs-12\">\n<p class=\"maggio23\">\n\t   <img src=\"https:\/\/static.erickson.it\/ei\/SiteAssets\/Pagine\/Giocare-per-crescere-HO-UNA-FAME-CHE\/carta%200.png\" border=\"0\" width=\"150\" style=\"width:150px\"><br \/>\n<strong>Se se trata de uma carta \u00abSons\u00bb, <\/strong>pelo menos na primeira jogada,o jogador dever\u00e1  colocar a carta no fundo do pr\u00f3prio ma\u00e7o e tirar uma nova carta.<\/p>\n<\/div>\n<div align=\"center\" class=\"col-lg-4 col-md-4 col-sm-4 col-xs-12\">\n<p class=\"maggio23\">\n\t   <img src=\"https:\/\/static.erickson.it\/ei\/SiteAssets\/Pagine\/Giocare-per-crescere-HO-UNA-FAME-CHE\/carta%201.png\" border=\"0\" width=\"150\" style=\"width:150px\"><br \/>\n<strong>Se se trata de uma carta \u00abbala\u00bb<\/strong> uma moeda ser\u00e1 adicionada \u00e0quela j\u00e1 presente na  mesa. O jogador dever\u00e1 dizer \u00abTenho uma fome que comeria uma bala\u00bb.<\/p>\n<\/div>\n<\/div>\n<p><!-- END ROW --><\/p>\n<p><!-- START ROW --><\/p>\n<div class=\"row\">\n<div class=\"col-lg-12 col-md-12 col-sm-12 col-xs-12\">\n<p class=\"maggio23\">A vez passa para o jogador  da direita. O jogador 2 vira a primeira carta do seu ma\u00e7o e a coloca virada  para cima sobre a carta extra\u00edda pelo jogador 1. A carta deve cobrir  completamente a anterior.<\/p>\n<\/div>\n<\/div>\n<p><!-- END ROW --><\/p>\n<p><!-- START ROW --><\/p>\n<div class=\"row\">\n<div align=\"center\" class=\"col-lg-4 col-md-4 col-sm-12 col-xs-12\">\n\t\t\t<img src=\"https:\/\/static.erickson.it\/ei\/SiteAssets\/Pagine\/Giocare-per-crescere-HO-UNA-FAME-CHE\/carta%203.jpg\" border=\"0\" width=\"150\" style=\"width:150px\"><\/div>\n<div class=\"col-lg-8 col-md-8 col-sm-12 col-xs-12\">\n<p class=\"maggio23\"><strong>Se se trata de uma carta \u00abAnimais\u00bb<\/strong> dever\u00e1 dizer: \u00abTenho uma fome  que comeria&#8230; o nome do animal tirado e o nome do animal tirado anteriormente\u00bb,  por exemplo: \u00ab Tenho uma fome que comeria um le\u00e3o e uma baleia\u00bb.<\/p>\n<p class=\"maggio23\"><strong>O jogo continua<\/strong> passando a vez para o 3\u00ba jogador. Todas as  cartas permanecem no centro da mesa.<\/p>\n<\/div>\n<\/div>\n<p><!-- END ROW --><\/p>\n<p><!-- START ROW --><\/p>\n<div class=\"row\">\n<div align=\"center\" class=\"col-lg-4 col-md-4 col-sm-12 col-xs-12\">\n\t\t\t<img src=\"https:\/\/static.erickson.it\/ei\/SiteAssets\/Pagine\/Giocare-per-crescere-HO-UNA-FAME-CHE\/carta%201.png\" border=\"0\" width=\"150\" style=\"width:150px\"><\/div>\n<div class=\"col-lg-8 col-md-8 col-sm-12 col-xs-12\">\n<p class=\"maggio23\"><strong>Se se trata de uma carta \u00abbala\u00bb<\/strong> outra moeda \u00e9 colocada ao centro  da mesa e o jogador n\u00e3o dever\u00e1 repetir nenhuma frase.<\/p>\n<p class=\"maggio23\">\t\t\t  Todas as  cartas permanecem no centro da mesa. Ao elencar os animais tamb\u00e9m n\u00e3o se deve  mencionar a bala.<\/p>\n<p class=\"maggio23\"><strong> jogo continua<\/strong> passando a vez para o jogador 3.<\/p>\n<\/div>\n<\/div>\n<p><!-- END ROW --><\/p>\n<p><!-- START ROW --><\/p>\n<div class=\"row\">\n<div align=\"center\" class=\"col-lg-4 col-md-4 col-sm-12 col-xs-12\">\n\t\t\t<img src=\"https:\/\/static.erickson.it\/ei\/SiteAssets\/Pagine\/Giocare-per-crescere-HO-UNA-FAME-CHE\/carta%200.png\" border=\"0\" width=\"150\" style=\"width:150px\"><\/div>\n<div class=\"col-lg-8 col-md-8 col-sm-12 col-xs-12\">\n<p class=\"maggio23\"><strong>Se se trata de uma carta \u00abSons\u00bb<\/strong> o jogador dever\u00e1 fazer o som do  animal representado e repetir em sequ\u00eancia as cartas extra\u00eddas.<\/p>\n<p class=\"maggio23\"><strong>Nesse ponto o jogo para<\/strong>. Verifica-se se o jogador que far\u00e1 o som repetiu a  sequ\u00eancia corretamente, por exemplo: \u00ab Tenho uma fome que comeria um le\u00e3o e uma  baleia \u00bb. Nesse caso, vence todas as balas &nbsp;presentes no centro da mesa e as cartas  animais da pilha central se adicionam ao ma\u00e7o do vencedor.<\/p>\n<p class=\"maggio23\"><strong>Se o jogador erra ao se lembrar do elenco \u00e9  eliminado do jogo <\/strong>e todas as cartas da pilha central s\u00e3o eliminadas do  jogo.<\/p>\n<\/div>\n<div class=\"col-lg-12 col-md-12 col-sm-12 col-xs-12\">\n<p class=\"nome-cognome-autore\">FINAL DA PARTIDA<\/p>\n<p class=\"maggio23\">Vence aquele que conseguir conquistar mais moedas-balas.<\/p>\n<\/div>\n<\/div>\n<p><!-- END ROW --><br \/>\n<!-- START ROW --><\/p>\n<div class=\"row\">\n<div class=\"col-lg-12 col-md-12 col-sm-12 col-xs-12\">\n<p class=\"nome-cognome-autore\" style=\"background-color:rgb(56, 135, 178); color:#FFFFFF; text-align:center\">UM JOGO PARA ESTIMULAR AS FUN\u00c7\u00d5ES EXECUTIVAS<\/p>\n<p>\t<img src=\"http:\/\/www.erickson.international\/wp-content\/uploads\/2017\/02\/INFO_giochi-inglese.jpg\" border=\"0\" class=\"img-responsive\"><\/p>\n<p class=\"nome-cognome-autore\">O Que s\u00e3o as fun\u00e7\u00f5es executivas?<\/p>\n<p class=\"maggio23\">As fun\u00e7\u00f5es executivas s\u00e3o <strong>um conjunto de processos mentais que  supervisionam os nossos pensamentos e comportamentos<\/strong> incorporam diversas  opera\u00e7\u00f5es de base neurol\u00f3gica que servem para dirigir e coordenar as nossas  a\u00e7\u00f5es.<\/p>\n<p>\t\t Em outras palavras, s\u00e3o como tantos gnominhos que, dentro do nosso c\u00e9rebro,  trabalham todos juntos para nos ajudar a finalizar qualquer tarefa que devemos  enfrentar cotidianamente.<\/p>\n<\/div>\n<\/div>\n<p><!-- END ROW --><\/p>\n<p><!-- START ROW --><\/p>\n<div class=\"row\">\n<div align=\"center\" class=\"col-lg-12 col-md-12 col-sm-12 col-xs-12\">\n<p class=\"nome-cognome-autore\" style=\"background-color:rgb(56, 135, 178); color:#FFFFFF; text-align:center; text-transform:uppercase;\">Outros jogos da linha \u00abJogar para crescer\u00bb<\/p>\n<\/div>\n<div align=\"center\" class=\"col-lg-3 col-md-3 col-sm-3 col-xs-12\">\n<p align=\"center\" class=\"maggio23\"><a align=\"center\" href=\"https:\/\/www.erickson.international\/pt-br\/jogar-para-crescer-tinha-um-pirata\/\"><img src=\"https:\/\/static.erickson.it\/ei\/SiteAssets\/Pagine\/Giochi-educativi\/200x200_icone-giochi_Pirati.jpg\" border=\"0\" width=\"100\" style=\"width:100px\"><br \/>\n<strong>Tinha um pirata<\/strong><\/a><\/p>\n<\/div>\n<div align=\"center\" class=\"col-lg-3 col-md-3 col-sm-3 col-xs-12\">\n<p align=\"center\" class=\"maggio23\"><a align=\"center\" href=\"https:\/\/www.erickson.international\/pt-br\/jogar-para-crescer-maos-leves\/\"><img src=\"https:\/\/static.erickson.it\/ei\/SiteAssets\/Pagine\/Giochi-educativi\/200x200_icone-giochi_Manolesta.jpg\" border=\"0\" width=\"100\" style=\"width:100px\"><br \/>\n<strong>M\u00e3os leves<\/strong> <\/a><\/p>\n<\/div>\n<div align=\"center\" class=\"col-lg-3 col-md-3 col-sm-3 col-xs-12\">\n<p align=\"center\" class=\"maggio23\"><a align=\"center\" href=\"https:\/\/www.erickson.international\/pt-br\/jogar-para-crescer-cuidado-com-os-vikings\/\"><img src=\"https:\/\/static.erickson.it\/ei\/SiteAssets\/Pagine\/Giochi-educativi\/200x200_icone-giochi_Vighinghi.jpg\" border=\"0\" width=\"100\" style=\"width:100px\"><br \/>\n<strong>Cuidado com os vikings<\/strong><br \/>\n<\/a><\/p>\n<\/div>\n<div align=\"center\" class=\"col-lg-3 col-md-3 col-sm-3 col-xs-12\">\n<p align=\"center\" class=\"maggio23\"><a align=\"center\" href=\"https:\/\/www.erickson.international\/pt-br\/jogar-para-crescer-tenho-uma-fome-que\/\"><img src=\"https:\/\/static.erickson.it\/ei\/SiteAssets\/Pagine\/Giochi-educativi\/200X200_icone_gioco_hounafameche.jpg\" border=\"0\" width=\"100\" style=\"width:100px\"><br \/>\n<strong>Tenho uma fome que&#8230;<\/strong> <\/a><\/p>\n<\/div>\n<\/div>\n<p><!-- END ROW --><\/p>\n<\/div>\n<\/div>\n","protected":false},"excerpt":{"rendered":"<p>Jogar para crescer: Tenho uma fome que&#8230; Vire a carta e observe o animal, Mas preste aten\u00e7\u00e3o porque voc\u00ea ver\u00e1 muitos e dever\u00e1 se lembrar de todos. Preste aten\u00e7\u00e3o: um hipop\u00f3tamo, uma baleia, e depois? A fome \u00e9 tanta, mas o seu verdadeiro objetivo s\u00e3o as doze balas, conquiste o m\u00e1ximo que puder para atrapalhar [&hellip;]<\/p>\n","protected":false},"author":4,"featured_media":0,"parent":0,"menu_order":0,"comment_status":"closed","ping_status":"closed","template":"page-templates\/page-landing2colonne.php","meta":[],"acf":[],"yoast_head":"<!-- This site is optimized with the Yoast SEO plugin v19.6 - https:\/\/yoast.com\/wordpress\/plugins\/seo\/ -->\n<title>Jogar para crescer: Tenho uma fome que... - Erickson International<\/title>\n<meta name=\"robots\" content=\"index, follow, max-snippet:-1, max-image-preview:large, max-video-preview:-1\" \/>\n<link rel=\"canonical\" href=\"https:\/\/www.erickson.international\/pt-br\/jogar-para-crescer-tenho-uma-fome-que\/\" \/>\n<meta name=\"twitter:label1\" content=\"Est. reading time\" \/>\n\t<meta name=\"twitter:data1\" content=\"3 minutes\" \/>\n<script type=\"application\/ld+json\" class=\"yoast-schema-graph\">{\"@context\":\"https:\/\/schema.org\",\"@graph\":[{\"@type\":\"WebPage\",\"@id\":\"https:\/\/www.erickson.international\/pt-br\/jogar-para-crescer-tenho-uma-fome-que\/\",\"url\":\"https:\/\/www.erickson.international\/pt-br\/jogar-para-crescer-tenho-uma-fome-que\/\",\"name\":\"Jogar para crescer: Tenho uma fome que... - Erickson International\",\"isPartOf\":{\"@id\":\"https:\/\/www.erickson.international\/pt-br\/#website\"},\"datePublished\":\"2018-11-14T13:14:54+00:00\",\"dateModified\":\"2019-02-11T15:19:49+00:00\",\"breadcrumb\":{\"@id\":\"https:\/\/www.erickson.international\/pt-br\/jogar-para-crescer-tenho-uma-fome-que\/#breadcrumb\"},\"inLanguage\":\"pt-BR\",\"potentialAction\":[{\"@type\":\"ReadAction\",\"target\":[\"https:\/\/www.erickson.international\/pt-br\/jogar-para-crescer-tenho-uma-fome-que\/\"]}]},{\"@type\":\"BreadcrumbList\",\"@id\":\"https:\/\/www.erickson.international\/pt-br\/jogar-para-crescer-tenho-uma-fome-que\/#breadcrumb\",\"itemListElement\":[{\"@type\":\"ListItem\",\"position\":1,\"name\":\"Home\",\"item\":\"https:\/\/www.erickson.international\/pt-br\/\"},{\"@type\":\"ListItem\",\"position\":2,\"name\":\"Jogar para crescer: Tenho uma fome que&#8230;\"}]},{\"@type\":\"WebSite\",\"@id\":\"https:\/\/www.erickson.international\/pt-br\/#website\",\"url\":\"https:\/\/www.erickson.international\/pt-br\/\",\"name\":\"Erickson International\",\"description\":\"Ideas that help\",\"potentialAction\":[{\"@type\":\"SearchAction\",\"target\":{\"@type\":\"EntryPoint\",\"urlTemplate\":\"https:\/\/www.erickson.international\/pt-br\/?s={search_term_string}\"},\"query-input\":\"required name=search_term_string\"}],\"inLanguage\":\"pt-BR\"}]}<\/script>\n<!-- \/ Yoast SEO plugin. -->","yoast_head_json":{"title":"Jogar para crescer: Tenho uma fome que... - Erickson International","robots":{"index":"index","follow":"follow","max-snippet":"max-snippet:-1","max-image-preview":"max-image-preview:large","max-video-preview":"max-video-preview:-1"},"canonical":"https:\/\/www.erickson.international\/pt-br\/jogar-para-crescer-tenho-uma-fome-que\/","twitter_misc":{"Est. reading time":"3 minutes"},"schema":{"@context":"https:\/\/schema.org","@graph":[{"@type":"WebPage","@id":"https:\/\/www.erickson.international\/pt-br\/jogar-para-crescer-tenho-uma-fome-que\/","url":"https:\/\/www.erickson.international\/pt-br\/jogar-para-crescer-tenho-uma-fome-que\/","name":"Jogar para crescer: Tenho uma fome que... - Erickson International","isPartOf":{"@id":"https:\/\/www.erickson.international\/pt-br\/#website"},"datePublished":"2018-11-14T13:14:54+00:00","dateModified":"2019-02-11T15:19:49+00:00","breadcrumb":{"@id":"https:\/\/www.erickson.international\/pt-br\/jogar-para-crescer-tenho-uma-fome-que\/#breadcrumb"},"inLanguage":"pt-BR","potentialAction":[{"@type":"ReadAction","target":["https:\/\/www.erickson.international\/pt-br\/jogar-para-crescer-tenho-uma-fome-que\/"]}]},{"@type":"BreadcrumbList","@id":"https:\/\/www.erickson.international\/pt-br\/jogar-para-crescer-tenho-uma-fome-que\/#breadcrumb","itemListElement":[{"@type":"ListItem","position":1,"name":"Home","item":"https:\/\/www.erickson.international\/pt-br\/"},{"@type":"ListItem","position":2,"name":"Jogar para crescer: Tenho uma fome que&#8230;"}]},{"@type":"WebSite","@id":"https:\/\/www.erickson.international\/pt-br\/#website","url":"https:\/\/www.erickson.international\/pt-br\/","name":"Erickson International","description":"Ideas that help","potentialAction":[{"@type":"SearchAction","target":{"@type":"EntryPoint","urlTemplate":"https:\/\/www.erickson.international\/pt-br\/?s={search_term_string}"},"query-input":"required name=search_term_string"}],"inLanguage":"pt-BR"}]}},"_links":{"self":[{"href":"https:\/\/www.erickson.international\/pt-br\/wp-json\/wp\/v2\/pages\/13374"}],"collection":[{"href":"https:\/\/www.erickson.international\/pt-br\/wp-json\/wp\/v2\/pages"}],"about":[{"href":"https:\/\/www.erickson.international\/pt-br\/wp-json\/wp\/v2\/types\/page"}],"author":[{"embeddable":true,"href":"https:\/\/www.erickson.international\/pt-br\/wp-json\/wp\/v2\/users\/4"}],"replies":[{"embeddable":true,"href":"https:\/\/www.erickson.international\/pt-br\/wp-json\/wp\/v2\/comments?post=13374"}],"version-history":[{"count":4,"href":"https:\/\/www.erickson.international\/pt-br\/wp-json\/wp\/v2\/pages\/13374\/revisions"}],"predecessor-version":[{"id":13848,"href":"https:\/\/www.erickson.international\/pt-br\/wp-json\/wp\/v2\/pages\/13374\/revisions\/13848"}],"wp:attachment":[{"href":"https:\/\/www.erickson.international\/pt-br\/wp-json\/wp\/v2\/media?parent=13374"}],"curies":[{"name":"wp","href":"https:\/\/api.w.org\/{rel}","templated":true}]}}