{"id":13371,"date":"2018-11-14T11:57:55","date_gmt":"2018-11-14T11:57:55","guid":{"rendered":"http:\/\/www.erickson.international\/pt-br\/?page_id=13371"},"modified":"2019-02-11T15:06:56","modified_gmt":"2019-02-11T15:06:56","slug":"jogar-para-crescer-tinha-um-pirata","status":"publish","type":"page","link":"https:\/\/www.erickson.international\/pt-br\/jogar-para-crescer-tinha-um-pirata\/","title":{"rendered":"Jogar para crescer: Tinha um pirata"},"content":{"rendered":"<div class=\"col-lg-12 col-md-12 col-sm-12 listalibri landingpage\">\n<!-- Bollino --><\/p>\n<div class=\"col-lg-12\"><img src=\"http:\/\/www.erickson.international\/wp-content\/uploads\/2016\/03\/Focus_on_BOLLO.jpg\" alt=\"\"><\/div>\n<p><!-- Bollino END --><br \/>\n<!-- Titolo --><\/p>\n<div class=\"col-lg-12\">\n<h1 class=\"maggio23\">Jogar para crescer: Tinha um pirata<\/h1>\n<\/div>\n<p><!-- Titolo END --><br \/>\n<!-- Highlights --><\/p>\n<div class=\"col-lg-12 linea-landingpage\">\n<hr>\n<p><!-- START ROW --><\/p>\n<div class=\"row\">\n<div class=\"col-lg-12 col-md-12 col-sm-12 col-xs-12\">\n<p class=\"maggio23\">Havia um  pirata\u2026 sentado num barril de madeira com um peixe verde na cabe\u00e7a.<br \/>\nAssim come\u00e7a um dos tantos desafios desse jogo divertido. Voc\u00ea ouviu com aten\u00e7\u00e3o todos os detalhes?<\/p>\n<p class=\"maggio23\">\t   Saqueando:  re\u00fana r\u00e1pido todas as cartas, supere os seus advers\u00e1rios e construa um totem!<\/p>\n<\/div>\n<\/div>\n<p><!-- END ROW --><br \/>\n<!-- START ROW --><\/p>\n<div class=\"row\">\n<div align=\"left\" class=\"col-lg-6 col-md-6 col-sm-12 col-xs-12\">\n<p class=\"maggio23\">TINHA UM PIRATA \u00e9 um<strong> jogo da linha \u00abjogar  para crescer\u00bb<\/strong>, idealizada por Gianluca Daffi, especialista em psicologia do  desenvolvimento e docente universit\u00e1rio.<\/p>\n<p class=\"maggio23\">Cada jogo  trabalha com uma espec\u00edfica fun\u00e7\u00e3o executiva ou com processo cognitivo com o  objetivo de desenvolv\u00ea-los divertindo.<\/p>\n<p class=\"maggio23\">TINHA UM PIRATA, particularmente, <strong>desenvolve  a mem\u00f3ria de trabalho, a aten\u00e7\u00e3o e a audi\u00e7\u00e3o, o planejamento<\/strong>.<\/p>\n<\/div>\n<div align=\"center\" class=\"col-lg-6 col-md-6 col-sm-12 col-xs-12\"><a href=\"https:\/\/www.erickson.international\/pt-br\/catalogue\/psicologiapsiquiatria\/funcoes-executivas\/tinha-um-pirata\/\"><img src=\"https:\/\/static.erickson.it\/ei\/SiteAssets\/Pagine\/Giocare-per-crescere-C-ERA-UN-PIRATA\/Scatola_Pirati - 350.jpg\" border=\"0\" class=\"img-responsive\"><\/a><\/div>\n<\/div>\n<p><!-- END ROW --><br \/>\n<!-- START ROW --><\/p>\n<div class=\"row\">\n<div class=\"col-lg-12 col-md-12 col-sm-12 col-xs-12\">\n<p class=\"nome-cognome-autore\" style=\"background-color:rgb(56, 135, 178); color:#FFFFFF; text-align:center\">COMO SE JOGA<\/p>\n<p>\t<img src=\"http:\/\/www.erickson.international\/wp-content\/uploads\/2017\/02\/INFO_how-to.jpg\" border=\"0\" class=\"img-responsive\"><\/p>\n<p class=\"maggio23\"><strong>Prepara\u00e7\u00e3o<\/strong><strong> <\/strong><\/p>\n<p class=\"maggio23\">Distribuem-se dispersas na mesa de jogo todas as cartas \u00abObjetos\u00bb descobertas.<br \/>\nColocam-se ao centro da mesa o barril e as 10 cartas \u00abTotem\u00bb cobertas.<br \/>\nDistribui-se para cada jogador uma t\u00e1bua \u00abBandeira\u00bb<\/p>\n<p class=\"maggio23\"><strong>In\u00edcio da partida<\/strong><strong> <\/strong><\/p>\n<ol class=\"maggio23\" start=\"1\" type=\"1\">\n<li>Sorteia-se       o jogador (condutor) que iniciar\u00e1 a partida. Este comprar\u00e1 uma carta       \u00abTotem\u00bb sem mostrar aos advers\u00e1rios e ler\u00e1 ou descrever\u00e1 o totem nela       representado.<\/li>\n<li>Enquanto       o condutor descreve o totem aos outros jogadores n\u00e3o \u00e9 permitido tocar nas       cartas do centro da mesa. Finalizada a leitura\/descri\u00e7\u00e3o o condutor come\u00e7a       o desafio, mantendo coberta a carta \u00abTotem\u00bb.<\/li>\n<li>Cada       jogador dever\u00e1 reunir as cartas necess\u00e1rias \u00e0 reconstru\u00e7\u00e3o do totem.<\/li>\n<li>Cada       jogador dever\u00e1 pegar da mesa uma carta por vez e posicion\u00e1-la na t\u00e1bua \u00abBandeira\u00bb       antes de pegar a pr\u00f3xima carta.<\/li>\n<li>Se       um jogador n\u00e3o encontra a carta necess\u00e1ria para completar o totem, porque       foi j\u00e1 pega por outro jogador, deve deixar o espa\u00e7o vazio na t\u00e1bua \u00abBandeira\u00bb.<\/li>\n<li>Durante       a partida o condutor do jogo pode ler novamente a descri\u00e7\u00e3o do Totem para       ajudar os jogadores.<\/li>\n<li>A       descri\u00e7\u00e3o do Totem inicia-se com o pirata e prossegue elencando na ordem os       objetos de baixo para cima e aqueles de cima para baixo.<\/li>\n<\/ol>\n<p class=\"maggio23\"><strong>Final da partida<\/strong><strong> <\/strong><\/p>\n<p class=\"maggio23\">O primeiro que completar o totem dever\u00e1 pegar o barril e gritar \u00abSaqueando\u00bb.  O condutor que leu\/descreveu o totem virar\u00e1 a carta para conferir a composi\u00e7\u00e3o.  Se estiver correta o jogador ganhar\u00e1 uma pepita.<br \/>\nSe o totem estiver errado o jogador que gritou \u00abSaqueando\u00bb dever\u00e1 pagar  uma multa, colocando duas de suas pepitas no ma\u00e7o inicial. Se o jogador n\u00e3o  possui pepitas acumular\u00e1 a divida que pagar\u00e1 assim que ganh\u00e1-las jogando.<br \/>\nA pepita premiada ser\u00e1 do jogador que colocou o maior n\u00famero de  elementos corretos, mesmo que n\u00e3o tenha completado o totem uma vez que foi  interrompido pelo grito do companheiro. Em caso de empate entre dois ou mais  jogadores cada um deles ter\u00e1 direito a uma pepita. Se ningu\u00e9m completar o totem  se inicia uma nova partida.<\/p>\n<p class=\"maggio23\"><strong>Final do jogo<\/strong><strong> <\/strong><\/p>\n<p class=\"maggio23\">\t\t  Vence quem, terminadas as cartas \u00abTotem\u00bb, reuniu o maior n\u00famero de  pepitas.<\/p>\n<\/div>\n<\/div>\n<p><!-- END ROW --><br \/>\n<!-- START ROW --><\/p>\n<div class=\"row\">\n<div class=\"col-lg-12 col-md-12 col-sm-12 col-xs-12\">\n<p class=\"nome-cognome-autore\" style=\"background-color:rgb(56, 135, 178); color:#FFFFFF; text-align:center\">UM JOGO PARA ESTIMULAR AS FUN\u00c7\u00d5ES EXECUTIVAS<\/p>\n<p>\t<img src=\"http:\/\/www.erickson.international\/wp-content\/uploads\/2017\/02\/INFO_giochi-inglese.jpg\" border=\"0\" class=\"img-responsive\"><\/p>\n<p class=\"nome-cognome-autore\">O que s\u00e3o as fun\u00e7\u00f5es executivas?<\/p>\n<p class=\"maggio23\">As fun\u00e7\u00f5es executivas s\u00e3o <strong>o  conjunto de processos mentais que supervisionam os nossos pensamentos e  comportamentos<\/strong>. Incorporam diversas opera\u00e7\u00f5es da base neurol\u00f3gica que  servem para dirigir e coordenar as nossas a\u00e7\u00f5es.<br \/>\nEm outras palavras s\u00e3o como gnominhos que, dentro do nosso c\u00e9rebro, trabalham  todos juntos para nos ajudar a finalizar qualquer tarefa que devemos enfrentar  cotidianamente.<\/p>\n<\/div>\n<\/div>\n<p><!-- END ROW --><\/p>\n<p><!-- START ROW --><\/p>\n<div class=\"row\">\n<div align=\"center\" class=\"col-lg-12 col-md-12 col-sm-12 col-xs-12\">\n<p class=\"nome-cognome-autore\" style=\"background-color:rgb(56, 135, 178); color:#FFFFFF; text-align:center; text-transform:uppercase;\">Outros jogos da linha \u00abJogar para crescer\u00bb<\/p>\n<\/div>\n<div align=\"center\" class=\"col-lg-3 col-md-3 col-sm-3 col-xs-12\">\n<p align=\"center\" class=\"maggio23\"><a align=\"center\" href=\"https:\/\/www.erickson.international\/pt-br\/jogar-para-crescer-tinha-um-pirata\/\"><img src=\"https:\/\/static.erickson.it\/ei\/SiteAssets\/Pagine\/Giochi-educativi\/200x200_icone-giochi_Pirati.jpg\" border=\"0\" width=\"100\" style=\"width:100px\"><br \/>\n<strong>Tinha um pirata<\/strong><\/a><\/p>\n<\/div>\n<div align=\"center\" class=\"col-lg-3 col-md-3 col-sm-3 col-xs-12\">\n<p align=\"center\" class=\"maggio23\"><a align=\"center\" href=\"https:\/\/www.erickson.international\/pt-br\/jogar-para-crescer-maos-leves\/\"><img src=\"https:\/\/static.erickson.it\/ei\/SiteAssets\/Pagine\/Giochi-educativi\/200x200_icone-giochi_Manolesta.jpg\" border=\"0\" width=\"100\" style=\"width:100px\"><br \/>\n<strong>M\u00e3os leves<\/strong> <\/a><\/p>\n<\/div>\n<div align=\"center\" class=\"col-lg-3 col-md-3 col-sm-3 col-xs-12\">\n<p align=\"center\" class=\"maggio23\"><a align=\"center\" href=\"https:\/\/www.erickson.international\/pt-br\/jogar-para-crescer-cuidado-com-os-vikings\/\"><img src=\"https:\/\/static.erickson.it\/ei\/SiteAssets\/Pagine\/Giochi-educativi\/200x200_icone-giochi_Vighinghi.jpg\" border=\"0\" width=\"100\" style=\"width:100px\"><br \/>\n<strong>Cuidado com os vikings<\/strong><br \/>\n<\/a><\/p>\n<\/div>\n<div align=\"center\" class=\"col-lg-3 col-md-3 col-sm-3 col-xs-12\">\n<p align=\"center\" class=\"maggio23\"><a align=\"center\" href=\"https:\/\/www.erickson.international\/pt-br\/jogar-para-crescer-tenho-uma-fome-que\/\"><img src=\"https:\/\/static.erickson.it\/ei\/SiteAssets\/Pagine\/Giochi-educativi\/200X200_icone_gioco_hounafameche.jpg\" border=\"0\" width=\"100\" style=\"width:100px\"><br \/>\n<strong>Tenho uma fome que&#8230;<\/strong> <\/a><\/p>\n<\/div>\n<\/div>\n<p><!-- END ROW --><\/p>\n<\/div>\n<\/div>\n","protected":false},"excerpt":{"rendered":"<p>Jogar para crescer: Tinha um pirata Havia um pirata\u2026 sentado num barril de madeira com um peixe verde na cabe\u00e7a. Assim come\u00e7a um dos tantos desafios desse jogo divertido. Voc\u00ea ouviu com aten\u00e7\u00e3o todos os detalhes? Saqueando: re\u00fana r\u00e1pido todas as cartas, supere os seus advers\u00e1rios e construa um totem! TINHA UM PIRATA \u00e9 um [&hellip;]<\/p>\n","protected":false},"author":4,"featured_media":0,"parent":0,"menu_order":0,"comment_status":"closed","ping_status":"closed","template":"page-templates\/page-landing2colonne.php","meta":[],"acf":[],"yoast_head":"<!-- This site is optimized with the Yoast SEO plugin v19.6 - https:\/\/yoast.com\/wordpress\/plugins\/seo\/ -->\n<title>Jogar para crescer: Tinha um pirata - Erickson International<\/title>\n<meta name=\"robots\" content=\"index, follow, max-snippet:-1, max-image-preview:large, max-video-preview:-1\" \/>\n<link rel=\"canonical\" href=\"https:\/\/www.erickson.international\/pt-br\/jogar-para-crescer-tinha-um-pirata\/\" \/>\n<meta name=\"twitter:label1\" content=\"Est. reading time\" \/>\n\t<meta name=\"twitter:data1\" content=\"3 minutes\" \/>\n<script type=\"application\/ld+json\" class=\"yoast-schema-graph\">{\"@context\":\"https:\/\/schema.org\",\"@graph\":[{\"@type\":\"WebPage\",\"@id\":\"https:\/\/www.erickson.international\/pt-br\/jogar-para-crescer-tinha-um-pirata\/\",\"url\":\"https:\/\/www.erickson.international\/pt-br\/jogar-para-crescer-tinha-um-pirata\/\",\"name\":\"Jogar para crescer: Tinha um pirata - Erickson International\",\"isPartOf\":{\"@id\":\"https:\/\/www.erickson.international\/pt-br\/#website\"},\"datePublished\":\"2018-11-14T11:57:55+00:00\",\"dateModified\":\"2019-02-11T15:06:56+00:00\",\"breadcrumb\":{\"@id\":\"https:\/\/www.erickson.international\/pt-br\/jogar-para-crescer-tinha-um-pirata\/#breadcrumb\"},\"inLanguage\":\"pt-BR\",\"potentialAction\":[{\"@type\":\"ReadAction\",\"target\":[\"https:\/\/www.erickson.international\/pt-br\/jogar-para-crescer-tinha-um-pirata\/\"]}]},{\"@type\":\"BreadcrumbList\",\"@id\":\"https:\/\/www.erickson.international\/pt-br\/jogar-para-crescer-tinha-um-pirata\/#breadcrumb\",\"itemListElement\":[{\"@type\":\"ListItem\",\"position\":1,\"name\":\"Home\",\"item\":\"https:\/\/www.erickson.international\/pt-br\/\"},{\"@type\":\"ListItem\",\"position\":2,\"name\":\"Jogar para crescer: Tinha um pirata\"}]},{\"@type\":\"WebSite\",\"@id\":\"https:\/\/www.erickson.international\/pt-br\/#website\",\"url\":\"https:\/\/www.erickson.international\/pt-br\/\",\"name\":\"Erickson International\",\"description\":\"Ideas that help\",\"potentialAction\":[{\"@type\":\"SearchAction\",\"target\":{\"@type\":\"EntryPoint\",\"urlTemplate\":\"https:\/\/www.erickson.international\/pt-br\/?s={search_term_string}\"},\"query-input\":\"required name=search_term_string\"}],\"inLanguage\":\"pt-BR\"}]}<\/script>\n<!-- \/ Yoast SEO plugin. -->","yoast_head_json":{"title":"Jogar para crescer: Tinha um pirata - Erickson International","robots":{"index":"index","follow":"follow","max-snippet":"max-snippet:-1","max-image-preview":"max-image-preview:large","max-video-preview":"max-video-preview:-1"},"canonical":"https:\/\/www.erickson.international\/pt-br\/jogar-para-crescer-tinha-um-pirata\/","twitter_misc":{"Est. reading time":"3 minutes"},"schema":{"@context":"https:\/\/schema.org","@graph":[{"@type":"WebPage","@id":"https:\/\/www.erickson.international\/pt-br\/jogar-para-crescer-tinha-um-pirata\/","url":"https:\/\/www.erickson.international\/pt-br\/jogar-para-crescer-tinha-um-pirata\/","name":"Jogar para crescer: Tinha um pirata - Erickson International","isPartOf":{"@id":"https:\/\/www.erickson.international\/pt-br\/#website"},"datePublished":"2018-11-14T11:57:55+00:00","dateModified":"2019-02-11T15:06:56+00:00","breadcrumb":{"@id":"https:\/\/www.erickson.international\/pt-br\/jogar-para-crescer-tinha-um-pirata\/#breadcrumb"},"inLanguage":"pt-BR","potentialAction":[{"@type":"ReadAction","target":["https:\/\/www.erickson.international\/pt-br\/jogar-para-crescer-tinha-um-pirata\/"]}]},{"@type":"BreadcrumbList","@id":"https:\/\/www.erickson.international\/pt-br\/jogar-para-crescer-tinha-um-pirata\/#breadcrumb","itemListElement":[{"@type":"ListItem","position":1,"name":"Home","item":"https:\/\/www.erickson.international\/pt-br\/"},{"@type":"ListItem","position":2,"name":"Jogar para crescer: Tinha um pirata"}]},{"@type":"WebSite","@id":"https:\/\/www.erickson.international\/pt-br\/#website","url":"https:\/\/www.erickson.international\/pt-br\/","name":"Erickson International","description":"Ideas that help","potentialAction":[{"@type":"SearchAction","target":{"@type":"EntryPoint","urlTemplate":"https:\/\/www.erickson.international\/pt-br\/?s={search_term_string}"},"query-input":"required name=search_term_string"}],"inLanguage":"pt-BR"}]}},"_links":{"self":[{"href":"https:\/\/www.erickson.international\/pt-br\/wp-json\/wp\/v2\/pages\/13371"}],"collection":[{"href":"https:\/\/www.erickson.international\/pt-br\/wp-json\/wp\/v2\/pages"}],"about":[{"href":"https:\/\/www.erickson.international\/pt-br\/wp-json\/wp\/v2\/types\/page"}],"author":[{"embeddable":true,"href":"https:\/\/www.erickson.international\/pt-br\/wp-json\/wp\/v2\/users\/4"}],"replies":[{"embeddable":true,"href":"https:\/\/www.erickson.international\/pt-br\/wp-json\/wp\/v2\/comments?post=13371"}],"version-history":[{"count":4,"href":"https:\/\/www.erickson.international\/pt-br\/wp-json\/wp\/v2\/pages\/13371\/revisions"}],"predecessor-version":[{"id":13847,"href":"https:\/\/www.erickson.international\/pt-br\/wp-json\/wp\/v2\/pages\/13371\/revisions\/13847"}],"wp:attachment":[{"href":"https:\/\/www.erickson.international\/pt-br\/wp-json\/wp\/v2\/media?parent=13371"}],"curies":[{"name":"wp","href":"https:\/\/api.w.org\/{rel}","templated":true}]}}