{"id":13368,"date":"2018-11-14T11:18:56","date_gmt":"2018-11-14T11:18:56","guid":{"rendered":"http:\/\/www.erickson.international\/pt-br\/?page_id=13368"},"modified":"2019-02-11T15:20:44","modified_gmt":"2019-02-11T15:20:44","slug":"jogar-para-crescer-cuidado-com-os-vikings","status":"publish","type":"page","link":"https:\/\/www.erickson.international\/pt-br\/jogar-para-crescer-cuidado-com-os-vikings\/","title":{"rendered":"Jogar para crescer: CUIDADO COM OS VIKINGS"},"content":{"rendered":"<div class=\"col-lg-12 col-md-12 col-sm-12 listalibri landingpage\">\n<!-- Bollino --><\/p>\n<div class=\"col-lg-12\"><img src=\"http:\/\/www.erickson.international\/wp-content\/uploads\/2016\/03\/Focus_on_BOLLO.jpg\" alt=\"\"><\/div>\n<p><!-- Bollino END --><br \/>\n<!-- Titolo --><\/p>\n<div class=\"col-lg-12\">\n<h1 class=\"maggio23\">Jogar para crescer: Cuidado com os vikings<\/h1>\n<\/div>\n<p><!-- Titolo END --><br \/>\n<!-- Highlights --><\/p>\n<div class=\"col-lg-12 linea-landingpage\">\n<hr>\n<p><!-- START ROW --><\/p>\n<div class=\"row\">\n<div class=\"col-lg-6 col-md-6 col-sm-12 col-xs-12\">\n<p class=\"maggio23\"><em>Um viking corajoso n\u00e3o pode zarpar sem todos os seus irm\u00e3os a bordo.<br \/>\nNeste desafio ter\u00e1 que ser um atento observador,  usar estrat\u00e9gias inteligentes e n\u00e3o ser enganado pelas grossas barbas Viking.<br \/>\nNavegue rapidamente pelas cartas e selecione  a sua tripula\u00e7\u00e3o!<\/em><\/p>\n<\/div>\n<div align=\"center\" class=\"col-lg-6 col-md-6 col-sm-12 col-xs-12\"><strong><a href=\"https:\/\/www.erickson.international\/pt-br\/catalogue\/psicologiapsiquiatria\/funcoes-executivas\/cuidado-com-os-vikings\/\"><img src=\"https:\/\/static.erickson.it\/ei\/SiteAssets\/Pagine\/Giocare-per-crescere-OCCHIO-AI-VICHINGHI\/mokup_box_vichinghi.jpg\" border=\"0\" class=\"img-responsive\"><\/a><\/strong><\/div>\n<div align=\"left\" class=\"col-lg-12 col-md-12 col-sm-12 col-xs-12\">\n<p class=\"maggio23\"><strong>CUIDADO COM OS VIKINGS<\/strong> \u00e9 um <strong>jogo  da linha<\/strong> \u201c<strong>Jogar para crescer<\/strong>\u201d  criado por Gianluca Daffi, especialista em psicologia da idade evolutiva e  docente universit\u00e1rio. Cada jogo trabalha sobre numa especifica fun\u00e7\u00e3o  executiva ou sobre um processo cognitivo com o objetivo de desenvolv\u00ea-los se  divertindo.&nbsp;<br \/>\n<strong>CUIDADO COM OS VIKINGS<\/strong>, em particular, <strong>desenvolve a aten\u00e7\u00e3o, a mem\u00f3ria de trabalho e o planejamento.<\/strong><\/p>\n<\/div>\n<\/div>\n<p><!-- END ROW --><br \/>\n<!-- START ROW --><\/p>\n<div class=\"row\">\n<div class=\"col-lg-12 col-md-12 col-sm-12 col-xs-12\">\n<p class=\"nome-cognome-autore\" style=\"background-color:rgb(56, 135, 178); color:#FFFFFF; text-align:center\">COMO SE JOGA<\/p>\n<p class=\"maggio23\"><strong>Prepara\u00e7\u00e3o<\/strong><strong> <\/strong><\/p>\n<ol>\n<li>Cada jogador coloca uma prancha \u00e0 sua frente, onde devem ser inseridas  as cartas dos Vikings para recrutar.<\/li>\n<li>Misturar e distribuir as cartas dos Vikings entre os jogadores, em  baralhos iguais. Cada jogador deve ter um baralho coberto na pr\u00f3pria frente e  n\u00e3o pode olhar as cartas at\u00e9 o turno come\u00e7ar.<\/li>\n<li>O primeiro jogador \u00e9 o mais jovem, o qual \u00e9 entregue uma pe\u00e7a de madeira  (o navio Viking)<\/li>\n<\/ol>\n<\/div>\n<div class=\"col-lg-6 col-md-6 col-sm-6 col-xs-12\">\n\t\t\t<img src=\"https:\/\/static.erickson.it\/ei\/SiteAssets\/Pagine\/Giocare-per-crescere-OCCHIO-AI-VICHINGHI\/CARTE1.JPG\" border=\"0\" class=\"img-responsive\"><\/div>\n<div class=\"col-lg-6 col-md-6 col-sm-6 col-xs-12\"><img src=\"https:\/\/static.erickson.it\/ei\/SiteAssets\/Pagine\/Giocare-per-crescere-OCCHIO-AI-VICHINGHI\/CARTE1.JPG\" border=\"0\" class=\"img-responsive\"><\/div>\n<div class=\"col-lg-12 col-md-12 col-sm-12 col-xs-12\">\n<p class=\"maggio23\"><strong>Inicio do jogo<\/strong><\/p>\n<p>Os Vikings g\u00eameos t\u00eam boca, nariz, olhos e  rostos iguais. Todos os outros aspectos podem mudar&#8230;<\/p>\n<ol>\n<li>O primeiro jogador inicia o turno dizendo em voz alta \u201cVAI!\u201d: Neste  momento todos os jogadores olham as cartas do pr\u00f3prio baralho, procurando  rapidamente formar fam\u00edlias de vikings g\u00eameos para serem recrutados.<\/li>\n<li>Quando os jogadores encontram pares ou trio de g\u00eameos, o colocam numa  fileira livre da prancha.<\/li>\n<li>Os vikings s\u00f3 podem subir sobre a prancha somente juntos com um ou dois  g\u00eameos (n\u00e3o \u00e9 poss\u00edvel embarcar Vikings sozinhos, mas apenas pares ou trio de  g\u00eameos).<\/li>\n<li>N\u00e3o \u00e9 permitido construir mais de trio de g\u00eameos por vez. Neste caso, os  jogadores encontram pares ou trio de g\u00eameos, mas n\u00e3o tenham espa\u00e7o livre para  coloc\u00e1-los sobre a prancha, devem deix\u00e1-los no baralho. Uma vez embarcados, os  Vikings n\u00e3o podem mais sair da prancha, a menos que as fam\u00edlias n\u00e3o tenham sido  compostas corretamente.<\/li>\n<li>O turno termina:<\/li>\n<ul>\n<li>Quando o jogador completa pelo menos um trio de g\u00eameos de Vikings e diz  em voz alta \u201cPARE!\u201d<\/li>\n<li>Quando somente o primeiro jogador diz em voz alta \u201cPARE!\u201d<\/li>\n<\/ul>\n<p>Apenas o primeiro jogador pode terminar o  turno quando quiser, mesmo sem completar um trio de g\u00eameos. Os jogadores n\u00e3o  s\u00e3o obrigados a parar o jogo se encontrarem um trio de g\u00eameos, mas podem  continuar a procurar outros pares ou trio de g\u00eameos no baralho se acharem  apropriado.<\/p>\n<li>Quando o turno termina, cada jogador vira seu baralho e o entrega ao  jogador \u00e0 sua esquerda. O primeiro jogador entrega a pe\u00e7a de madeira ao jogador  \u00e0 sua esquerda, que se torna o primeiro jogador do novo turno e poder\u00e1 o inicio  ao turno como o anteriormente.&nbsp;<\/li>\n<li>Uma vez que todos os jogadores tenham sido primeiros jogadores (isto \u00e9,  depois de terem completado a volta) recolhem-se as cartas restantes e, depois  de t\u00ea-las embaralhadas, elas s\u00e3o redistribu\u00eddas para os jogadores.<\/li>\n<\/ol>\n<p class=\"maggio23\"><strong>Fim da partida<\/strong><\/p>\n<p class=\"maggio23\">O primeiro jogador que conseguir formar tr\u00eas  trios de Vikings g\u00eameos diz em voz alta \u201cTODOS RETRUCADOS\u201d e o jogo para: se as  tr\u00eas fam\u00edlias est\u00e3o corretas, o jogador vence o jogo.<\/p>\n<p>\t\t\t\t<img src=\"https:\/\/static.erickson.it\/ei\/SiteAssets\/Pagine\/Giocare-per-crescere-OCCHIO-AI-VICHINGHI\/vichinghi%20esempio.jpg\" border=\"0\" class=\"img-responsive\"><\/p>\n<p class=\"maggio23\">Se o trio de g\u00eameos n\u00e3o estiverem corretos, o  jogador vem eliminado e a rodada termina.<\/p>\n<p class=\"maggio23\">As cartas do jogador eliminado,  incluindo aquelas da prancha, s\u00e3o retiradas, misturadas e distribu\u00eddas para  todos os outros participantes, e o jogo prossegue at\u00e9 encontrar um vencedor.<\/p>\n<\/div>\n<\/div>\n<p><!-- END ROW --><br \/>\n<!-- START ROW --><\/p>\n<div class=\"row\">\n<div class=\"col-lg-12 col-md-12 col-sm-12 col-xs-12\">\n<p class=\"nome-cognome-autore\" style=\"background-color:rgb(56, 135, 178); color:#FFFFFF; text-align:center\">UM JOGO PARA ESTIMULAR AS FUN\u00c7\u00d5ES EXECUTIVAS<\/p>\n<p>\t<img src=\"http:\/\/www.erickson.international\/wp-content\/uploads\/2017\/02\/INFO_giochi-inglese.jpg\" border=\"0\" class=\"img-responsive\"><\/p>\n<p class=\"nome-cognome-autore\">O que s\u00e3o as fun\u00e7\u00f5es executivas?<\/p>\n<p class=\"maggio23\">As fun\u00e7\u00f5es executivas <strong>aquele conjunto de processos mentais que supervisionam os nossos  pensamentos e comportamentos<\/strong>. Incorporam diversas opera\u00e7\u00f5es com base  neurol\u00f3gica que servem para dirigir e coordenar as nossas a\u00e7\u00f5es.<strong><\/strong><br \/>\nEm palavras mais simples, s\u00e3o como muitos  pequenos gnomos que, dentro do nosso c\u00e9rebro, trabalham todos juntos para nos  ajudar a concluir qualquer tarefa com o qual temos que nos confrontar  cotidianamente. <strong><\/strong><\/p>\n<\/div>\n<\/div>\n<p><!-- END ROW --><\/p>\n<p><!-- START ROW --><\/p>\n<div class=\"row\">\n<div align=\"center\" class=\"col-lg-12 col-md-12 col-sm-12 col-xs-12\">\n<p class=\"nome-cognome-autore\" style=\"background-color:rgb(56, 135, 178); color:#FFFFFF; text-align:center; text-transform:uppercase;\">Outros jogos da linha \u00abJogar para crescer\u00bb<\/p>\n<\/div>\n<div align=\"center\" class=\"col-lg-3 col-md-3 col-sm-3 col-xs-12\">\n<p align=\"center\" class=\"maggio23\"><a align=\"center\" href=\"https:\/\/www.erickson.international\/pt-br\/jogar-para-crescer-tinha-um-pirata\/\"><img src=\"https:\/\/static.erickson.it\/ei\/SiteAssets\/Pagine\/Giochi-educativi\/200x200_icone-giochi_Pirati.jpg\" border=\"0\" width=\"100\" style=\"width:100px\"><br \/>\n<strong>Tinha um pirata<\/strong><\/a><\/p>\n<\/div>\n<div align=\"center\" class=\"col-lg-3 col-md-3 col-sm-3 col-xs-12\">\n<p align=\"center\" class=\"maggio23\"><a align=\"center\" href=\"https:\/\/www.erickson.international\/pt-br\/jogar-para-crescer-maos-leves\/\"><img src=\"https:\/\/static.erickson.it\/ei\/SiteAssets\/Pagine\/Giochi-educativi\/200x200_icone-giochi_Manolesta.jpg\" border=\"0\" width=\"100\" style=\"width:100px\"><br \/>\n<strong>M\u00e3os leves<\/strong> <\/a><\/p>\n<\/div>\n<div align=\"center\" class=\"col-lg-3 col-md-3 col-sm-3 col-xs-12\">\n<p align=\"center\" class=\"maggio23\"><a align=\"center\" href=\"https:\/\/www.erickson.international\/pt-br\/jogar-para-crescer-cuidado-com-os-vikings\/\"><img src=\"https:\/\/static.erickson.it\/ei\/SiteAssets\/Pagine\/Giochi-educativi\/200x200_icone-giochi_Vighinghi.jpg\" border=\"0\" width=\"100\" style=\"width:100px\"><br \/>\n<strong>Cuidado com os vikings<\/strong><br \/>\n<\/a><\/p>\n<\/div>\n<div align=\"center\" class=\"col-lg-3 col-md-3 col-sm-3 col-xs-12\">\n<p align=\"center\" class=\"maggio23\"><a align=\"center\" href=\"https:\/\/www.erickson.international\/pt-br\/jogar-para-crescer-tenho-uma-fome-que\/\"><img src=\"https:\/\/static.erickson.it\/ei\/SiteAssets\/Pagine\/Giochi-educativi\/200X200_icone_gioco_hounafameche.jpg\" border=\"0\" width=\"100\" style=\"width:100px\"><br \/>\n<strong>Tenho uma fome que&#8230;<\/strong> <\/a><\/p>\n<\/div>\n<\/div>\n<p><!-- END ROW --><\/p>\n<\/div>\n<\/div>\n","protected":false},"excerpt":{"rendered":"<p>Jogar para crescer: Cuidado com os vikings Um viking corajoso n\u00e3o pode zarpar sem todos os seus irm\u00e3os a bordo. Neste desafio ter\u00e1 que ser um atento observador, usar estrat\u00e9gias inteligentes e n\u00e3o ser enganado pelas grossas barbas Viking. Navegue rapidamente pelas cartas e selecione a sua tripula\u00e7\u00e3o! CUIDADO COM OS VIKINGS \u00e9 um jogo [&hellip;]<\/p>\n","protected":false},"author":4,"featured_media":0,"parent":0,"menu_order":0,"comment_status":"closed","ping_status":"closed","template":"page-templates\/page-landing2colonne.php","meta":[],"acf":[],"yoast_head":"<!-- This site is optimized with the Yoast SEO plugin v19.6 - https:\/\/yoast.com\/wordpress\/plugins\/seo\/ -->\n<title>Jogar para crescer: CUIDADO COM OS VIKINGS - Erickson International<\/title>\n<meta name=\"robots\" content=\"index, follow, max-snippet:-1, max-image-preview:large, max-video-preview:-1\" \/>\n<link rel=\"canonical\" href=\"https:\/\/www.erickson.international\/pt-br\/jogar-para-crescer-cuidado-com-os-vikings\/\" \/>\n<meta name=\"twitter:label1\" content=\"Est. reading time\" \/>\n\t<meta name=\"twitter:data1\" content=\"4 minutes\" \/>\n<script type=\"application\/ld+json\" class=\"yoast-schema-graph\">{\"@context\":\"https:\/\/schema.org\",\"@graph\":[{\"@type\":\"WebPage\",\"@id\":\"https:\/\/www.erickson.international\/pt-br\/jogar-para-crescer-cuidado-com-os-vikings\/\",\"url\":\"https:\/\/www.erickson.international\/pt-br\/jogar-para-crescer-cuidado-com-os-vikings\/\",\"name\":\"Jogar para crescer: CUIDADO COM OS VIKINGS - Erickson International\",\"isPartOf\":{\"@id\":\"https:\/\/www.erickson.international\/pt-br\/#website\"},\"datePublished\":\"2018-11-14T11:18:56+00:00\",\"dateModified\":\"2019-02-11T15:20:44+00:00\",\"breadcrumb\":{\"@id\":\"https:\/\/www.erickson.international\/pt-br\/jogar-para-crescer-cuidado-com-os-vikings\/#breadcrumb\"},\"inLanguage\":\"pt-BR\",\"potentialAction\":[{\"@type\":\"ReadAction\",\"target\":[\"https:\/\/www.erickson.international\/pt-br\/jogar-para-crescer-cuidado-com-os-vikings\/\"]}]},{\"@type\":\"BreadcrumbList\",\"@id\":\"https:\/\/www.erickson.international\/pt-br\/jogar-para-crescer-cuidado-com-os-vikings\/#breadcrumb\",\"itemListElement\":[{\"@type\":\"ListItem\",\"position\":1,\"name\":\"Home\",\"item\":\"https:\/\/www.erickson.international\/pt-br\/\"},{\"@type\":\"ListItem\",\"position\":2,\"name\":\"Jogar para crescer: CUIDADO COM OS VIKINGS\"}]},{\"@type\":\"WebSite\",\"@id\":\"https:\/\/www.erickson.international\/pt-br\/#website\",\"url\":\"https:\/\/www.erickson.international\/pt-br\/\",\"name\":\"Erickson International\",\"description\":\"Ideas that help\",\"potentialAction\":[{\"@type\":\"SearchAction\",\"target\":{\"@type\":\"EntryPoint\",\"urlTemplate\":\"https:\/\/www.erickson.international\/pt-br\/?s={search_term_string}\"},\"query-input\":\"required name=search_term_string\"}],\"inLanguage\":\"pt-BR\"}]}<\/script>\n<!-- \/ Yoast SEO plugin. -->","yoast_head_json":{"title":"Jogar para crescer: CUIDADO COM OS VIKINGS - Erickson International","robots":{"index":"index","follow":"follow","max-snippet":"max-snippet:-1","max-image-preview":"max-image-preview:large","max-video-preview":"max-video-preview:-1"},"canonical":"https:\/\/www.erickson.international\/pt-br\/jogar-para-crescer-cuidado-com-os-vikings\/","twitter_misc":{"Est. reading time":"4 minutes"},"schema":{"@context":"https:\/\/schema.org","@graph":[{"@type":"WebPage","@id":"https:\/\/www.erickson.international\/pt-br\/jogar-para-crescer-cuidado-com-os-vikings\/","url":"https:\/\/www.erickson.international\/pt-br\/jogar-para-crescer-cuidado-com-os-vikings\/","name":"Jogar para crescer: CUIDADO COM OS VIKINGS - Erickson International","isPartOf":{"@id":"https:\/\/www.erickson.international\/pt-br\/#website"},"datePublished":"2018-11-14T11:18:56+00:00","dateModified":"2019-02-11T15:20:44+00:00","breadcrumb":{"@id":"https:\/\/www.erickson.international\/pt-br\/jogar-para-crescer-cuidado-com-os-vikings\/#breadcrumb"},"inLanguage":"pt-BR","potentialAction":[{"@type":"ReadAction","target":["https:\/\/www.erickson.international\/pt-br\/jogar-para-crescer-cuidado-com-os-vikings\/"]}]},{"@type":"BreadcrumbList","@id":"https:\/\/www.erickson.international\/pt-br\/jogar-para-crescer-cuidado-com-os-vikings\/#breadcrumb","itemListElement":[{"@type":"ListItem","position":1,"name":"Home","item":"https:\/\/www.erickson.international\/pt-br\/"},{"@type":"ListItem","position":2,"name":"Jogar para crescer: CUIDADO COM OS VIKINGS"}]},{"@type":"WebSite","@id":"https:\/\/www.erickson.international\/pt-br\/#website","url":"https:\/\/www.erickson.international\/pt-br\/","name":"Erickson International","description":"Ideas that help","potentialAction":[{"@type":"SearchAction","target":{"@type":"EntryPoint","urlTemplate":"https:\/\/www.erickson.international\/pt-br\/?s={search_term_string}"},"query-input":"required name=search_term_string"}],"inLanguage":"pt-BR"}]}},"_links":{"self":[{"href":"https:\/\/www.erickson.international\/pt-br\/wp-json\/wp\/v2\/pages\/13368"}],"collection":[{"href":"https:\/\/www.erickson.international\/pt-br\/wp-json\/wp\/v2\/pages"}],"about":[{"href":"https:\/\/www.erickson.international\/pt-br\/wp-json\/wp\/v2\/types\/page"}],"author":[{"embeddable":true,"href":"https:\/\/www.erickson.international\/pt-br\/wp-json\/wp\/v2\/users\/4"}],"replies":[{"embeddable":true,"href":"https:\/\/www.erickson.international\/pt-br\/wp-json\/wp\/v2\/comments?post=13368"}],"version-history":[{"count":4,"href":"https:\/\/www.erickson.international\/pt-br\/wp-json\/wp\/v2\/pages\/13368\/revisions"}],"predecessor-version":[{"id":13850,"href":"https:\/\/www.erickson.international\/pt-br\/wp-json\/wp\/v2\/pages\/13368\/revisions\/13850"}],"wp:attachment":[{"href":"https:\/\/www.erickson.international\/pt-br\/wp-json\/wp\/v2\/media?parent=13368"}],"curies":[{"name":"wp","href":"https:\/\/api.w.org\/{rel}","templated":true}]}}