{"id":13365,"date":"2018-11-14T10:43:32","date_gmt":"2018-11-14T10:43:32","guid":{"rendered":"http:\/\/www.erickson.international\/pt-br\/?page_id=13365"},"modified":"2019-02-11T15:20:22","modified_gmt":"2019-02-11T15:20:22","slug":"jogar-para-crescer-maos-leves","status":"publish","type":"page","link":"https:\/\/www.erickson.international\/pt-br\/jogar-para-crescer-maos-leves\/","title":{"rendered":"Jogar para crescer: M\u00e3os leves"},"content":{"rendered":"<div class=\"col-lg-12 col-md-12 col-sm-12 listalibri landingpage\">\n<!-- Bollino --><\/p>\n<div class=\"col-lg-12\"><img src=\"http:\/\/www.erickson.international\/wp-content\/uploads\/2016\/03\/Focus_on_BOLLO.jpg\" alt=\"\"><\/div>\n<p><!-- Bollino END --><br \/>\n<!-- Titolo --><\/p>\n<div class=\"col-lg-12\">\n<h1 class=\"maggio23\">Jogar para crescer: M\u00e3os leves<\/h1>\n<\/div>\n<p><!-- Titolo END --><br \/>\n<!-- Highlights --><\/p>\n<div class=\"col-lg-12 linea-landingpage\">\n<hr>\n<p><!-- START ROW --><\/p>\n<div class=\"row\">\n<div class=\"col-lg-12 col-md-12 col-sm-12 col-xs-12\">\n<p class=\"maggio23\">Fique atento e concentrado. Deve ser um \u00f3timo  observador.<br \/>\nVire as cartas e, depois de ter feito um  r\u00e1pido c\u00e1lculo, decida como se mover procurando ser o mais r\u00e1pido poss\u00edvel e  mais h\u00e1bil que o seu advers\u00e1rio.<br \/>\nSer\u00e1 voc\u00ea que levar\u00e1 para casa o maior pr\u00eamio?<\/p>\n<\/div>\n<\/div>\n<p><!-- END ROW --><br \/>\n<!-- START ROW --><\/p>\n<div class=\"row\">\n<div align=\"left\" class=\"col-lg-6 col-md-6 col-sm-12 col-xs-12\">\n<p class=\"maggio23\"><strong>M\u00c3OS LEVES<\/strong> \u00e9 um <strong>jogo  da linha<\/strong> \u201c<strong>Jogar para crescer<\/strong>\u201d  criado por Gianluca Daffi, especialista em psicologia da idade evolutiva e  docente universit\u00e1rio.<br \/>\nCada jogo trabalha sobre uma especifica  fun\u00e7\u00e3o executiva ou sobre um processo cognitivo com o objetivo de  desenvolv\u00ea-los se divertindo.&nbsp;<br \/>\n<strong>M\u00c3OS LEVES<\/strong>, em particular, <strong>desenvolve a aten\u00e7\u00e3o, o autocontrole, a habilidade de calcular, a  velocidade da rea\u00e7\u00e3o aos est\u00edmulos.<\/strong><\/p>\n<\/div>\n<div align=\"center\" class=\"col-lg-6 col-md-6 col-sm-12 col-xs-12\"><a href=\"https:\/\/www.erickson.international\/pt-br\/catalogue\/psicologiapsiquiatria\/funcoes-executivas\/maos-leves\/\"><img src=\"https:\/\/static.erickson.it\/ei\/SiteAssets\/Pagine\/Giocare-per-crescere-MANOLESTA\/Scatola_Manolesta%20-%20350.jpg\" border=\"0\" class=\"img-responsive\"><\/a><\/div>\n<\/div>\n<p><!-- END ROW --><br \/>\n<!-- START ROW --><\/p>\n<div class=\"row\">\n<div class=\"col-lg-12 col-md-12 col-sm-12 col-xs-12\">\n<p class=\"nome-cognome-autore\" style=\"background-color:rgb(56, 135, 178); color:#FFFFFF; text-align:center\">COMO SE JOGA<\/p>\n<p class=\"maggio23\"><strong>Prepara\u00e7\u00e3o<\/strong><strong> <\/strong><br \/>\nDistribuir as cartas fazendo com que cada jogador tenha o mesmo n\u00famero de cartas \u201cgestos\u201d e de cartas \u201cn\u00fameros\u201d e distribuir igualmente as pedrinhas entre todos os jogadores.<\/p>\n<p><img src=\"https:\/\/static.erickson.it\/ei\/SiteAssets\/Pagine\/Giocare-per-crescere-MANOLESTA\/omini_manolestra.jpg\" border=\"0\" class=\"img-responsive\"><\/p>\n<p class=\"maggio23\">Cada jogador posiciona os 2 baralhos na sua frente na mesa, como mostra na figura acima.<\/p>\n<p class=\"maggio23\"><strong>Inicio do jogo<\/strong><\/p>\n<p class=\"maggio23\">No come\u00e7o cada jogar vira ao mesmo tempo uma carta de cada baralho, se encontra de frente a uma carta de \u201cgestos\u201d e uma carta de \u201cn\u00fameros\u201d. Nesse momento dever\u00e1 decidir qual gesto fazer e quantas vezes.<\/p>\n<p class=\"maggio23\"><strong>Qual gesto? Observe as cartas \u201cgestos\u201d<\/strong><\/p>\n<p>\t\t\t\t<img src=\"https:\/\/static.erickson.it\/ei\/SiteAssets\/Pagine\/Giocare-per-crescere-MANOLESTA\/Esempio_A_Manolesta.jpg\" border=\"0\" class=\"img-responsive\"><\/p>\n<p class=\"maggio23\">Se as cartas dos dois jogadores apresentam o <strong>mesmo gesto<\/strong>, o <strong>gesto representado nas cartas deve-se realizar<\/strong>: bater palmas diante  de si mesmo.<\/p>\n<p>\t\t\t\t<img src=\"https:\/\/static.erickson.it\/ei\/SiteAssets\/Pagine\/Giocare-per-crescere-MANOLESTA\/Esempio_B_Manolesta.jpg\" border=\"0\" class=\"img-responsive\"><\/p>\n<p class=\"maggio23\">Se as cartas dos dois jogadores s\u00e3o <strong>diferentes<\/strong>, o <strong>gesto n\u00e3o representado nas cartas deve-se realizar<\/strong>: bater palmas acima  da cabe\u00e7a.<\/p>\n<p class=\"maggio23\"><strong>Quantas vezes? Observe as cartas \u201cn\u00fameros\u201d <\/strong><\/p>\n<p>\t\t  <img src=\"https:\/\/static.erickson.it\/ei\/SiteAssets\/Pagine\/Giocare-per-crescere-MANOLESTA\/Quante_volte_Manolesta.jpg\" border=\"0\" class=\"img-responsive\"><\/p>\n<p class=\"maggio23\">Se as cartas dos dois jogadores s\u00e3o da <strong>mesma cor<\/strong> eles devem <strong>somar os n\u00fameros<\/strong> presentes nas cartas.<\/p>\n<p>\t\t  <img src=\"https:\/\/static.erickson.it\/ei\/SiteAssets\/Pagine\/Giocare-per-crescere-MANOLESTA\/Quante_volte_Manolesta%20-%20Copia.jpg\" border=\"0\" class=\"img-responsive\"><\/p>\n<p class=\"maggio23\">Se as cartas dos dois jogadores s\u00e3o de <strong>cores diferentes<\/strong> se dever\u00e1 <strong>subtrair o n\u00famero menor com o n\u00famero maior<\/strong>.  Caso o resultado seja zero, ser\u00e1 preciso gritar \u201c<strong>M\u00e3os leves<\/strong>\u201d e n\u00e3o representar os gestos.<\/p>\n<p class=\"maggio23\">\t\t    O primeiro jogador que fazer o gesto certo no  n\u00famero certo de vezes (ou, no caso do zero, que gritar \u201cM\u00e3os leves\u201d por  primeiro) ganha uma pedrinha do seu advers\u00e1rio. Se ambos os jogadores estiverem  errados, o desafio continua virando novas cartas; as cartas usadas ser\u00e3o  colocadas na borda da mesa.<\/p>\n<p class=\"maggio23\"><strong>Final da jogo<\/strong><\/p>\n<p class=\"maggio23\">Ganha quem ter\u00e1 roubado todas as pedrinhas do  seu advers\u00e1rio ou quem \u2013 terminado as cartas \u2013 tiver mais pedrinhas.<\/p>\n<\/div>\n<\/div>\n<p><!-- END ROW --><br \/>\n<!-- START ROW --><\/p>\n<div class=\"row\">\n<div class=\"col-lg-12 col-md-12 col-sm-12 col-xs-12\">\n<p class=\"nome-cognome-autore\" style=\"background-color:rgb(56, 135, 178); color:#FFFFFF; text-align:center\">UM JOGO PARA ESTIMULAR AS FUN\u00c7\u00d5ES EXECUTIVAS<\/p>\n<p>\t<img src=\"http:\/\/www.erickson.international\/wp-content\/uploads\/2017\/02\/INFO_giochi-inglese.jpg\" border=\"0\" class=\"img-responsive\"><\/p>\n<p class=\"nome-cognome-autore\">O que s\u00e3o as fun\u00e7\u00f5es executivas?<\/p>\n<p class=\"maggio23\">As fun\u00e7\u00f5es executivas <strong>aquele conjunto de processos mentais que supervisionam os nossos  pensamentos e comportamentos<\/strong>. Incorporam diversas opera\u00e7\u00f5es com base neurol\u00f3gica  que servem para dirigir e coordenar as nossas a\u00e7\u00f5es.<br \/>\nEm palavras mais simples, s\u00e3o como muitos pequenos  gnomos que, dentro do nosso c\u00e9rebro, trabalham todos juntos para nos ajudar a  concluir qualquer tarefa com o&nbsp; qual  temos que nos confrontar cotidianamente.<\/p>\n<\/div>\n<\/div>\n<p><!-- END ROW --><\/p>\n<p><!-- START ROW --><\/p>\n<div class=\"row\">\n<div align=\"center\" class=\"col-lg-12 col-md-12 col-sm-12 col-xs-12\">\n<p class=\"nome-cognome-autore\" style=\"background-color:rgb(56, 135, 178); color:#FFFFFF; text-align:center; text-transform:uppercase;\">Outros jogos da linha \u00abJogar para crescer\u00bb<\/p>\n<\/div>\n<div align=\"center\" class=\"col-lg-3 col-md-3 col-sm-3 col-xs-12\">\n<p align=\"center\" class=\"maggio23\"><a align=\"center\" href=\"https:\/\/www.erickson.international\/pt-br\/jogar-para-crescer-tinha-um-pirata\/\"><img src=\"https:\/\/static.erickson.it\/ei\/SiteAssets\/Pagine\/Giochi-educativi\/200x200_icone-giochi_Pirati.jpg\" border=\"0\" width=\"100\" style=\"width:100px\"><br \/>\n<strong>Tinha um pirata<\/strong><\/a><\/p>\n<\/div>\n<div align=\"center\" class=\"col-lg-3 col-md-3 col-sm-3 col-xs-12\">\n<p align=\"center\" class=\"maggio23\"><a align=\"center\" href=\"https:\/\/www.erickson.international\/pt-br\/jogar-para-crescer-maos-leves\/\"><img src=\"https:\/\/static.erickson.it\/ei\/SiteAssets\/Pagine\/Giochi-educativi\/200x200_icone-giochi_Manolesta.jpg\" border=\"0\" width=\"100\" style=\"width:100px\"><br \/>\n<strong>M\u00e3os leves<\/strong> <\/a><\/p>\n<\/div>\n<div align=\"center\" class=\"col-lg-3 col-md-3 col-sm-3 col-xs-12\">\n<p align=\"center\" class=\"maggio23\"><a align=\"center\" href=\"https:\/\/www.erickson.international\/pt-br\/jogar-para-crescer-cuidado-com-os-vikings\/\"><img src=\"https:\/\/static.erickson.it\/ei\/SiteAssets\/Pagine\/Giochi-educativi\/200x200_icone-giochi_Vighinghi.jpg\" border=\"0\" width=\"100\" style=\"width:100px\"><br \/>\n<strong>Cuidado com os vikings<\/strong><br \/>\n<\/a><\/p>\n<\/div>\n<div align=\"center\" class=\"col-lg-3 col-md-3 col-sm-3 col-xs-12\">\n<p align=\"center\" class=\"maggio23\"><a align=\"center\" href=\"https:\/\/www.erickson.international\/pt-br\/jogar-para-crescer-tenho-uma-fome-que\/\"><img src=\"https:\/\/static.erickson.it\/ei\/SiteAssets\/Pagine\/Giochi-educativi\/200X200_icone_gioco_hounafameche.jpg\" border=\"0\" width=\"100\" style=\"width:100px\"><br \/>\n<strong>Tenho uma fome que&#8230;<\/strong> <\/a><\/p>\n<\/div>\n<\/div>\n<p><!-- END ROW --><\/p>\n<\/div>\n<\/div>\n","protected":false},"excerpt":{"rendered":"<p>Jogar para crescer: M\u00e3os leves Fique atento e concentrado. Deve ser um \u00f3timo observador. Vire as cartas e, depois de ter feito um r\u00e1pido c\u00e1lculo, decida como se mover procurando ser o mais r\u00e1pido poss\u00edvel e mais h\u00e1bil que o seu advers\u00e1rio. Ser\u00e1 voc\u00ea que levar\u00e1 para casa o maior pr\u00eamio? M\u00c3OS LEVES \u00e9 um [&hellip;]<\/p>\n","protected":false},"author":4,"featured_media":0,"parent":0,"menu_order":0,"comment_status":"closed","ping_status":"closed","template":"page-templates\/page-landing2colonne.php","meta":[],"acf":[],"yoast_head":"<!-- This site is optimized with the Yoast SEO plugin v19.6 - https:\/\/yoast.com\/wordpress\/plugins\/seo\/ -->\n<title>Jogar para crescer: M\u00e3os leves - Erickson International<\/title>\n<meta name=\"robots\" content=\"index, follow, max-snippet:-1, max-image-preview:large, max-video-preview:-1\" \/>\n<link rel=\"canonical\" href=\"https:\/\/www.erickson.international\/pt-br\/jogar-para-crescer-maos-leves\/\" \/>\n<meta name=\"twitter:label1\" content=\"Est. reading time\" \/>\n\t<meta name=\"twitter:data1\" content=\"3 minutes\" \/>\n<script type=\"application\/ld+json\" class=\"yoast-schema-graph\">{\"@context\":\"https:\/\/schema.org\",\"@graph\":[{\"@type\":\"WebPage\",\"@id\":\"https:\/\/www.erickson.international\/pt-br\/jogar-para-crescer-maos-leves\/\",\"url\":\"https:\/\/www.erickson.international\/pt-br\/jogar-para-crescer-maos-leves\/\",\"name\":\"Jogar para crescer: M\u00e3os leves - Erickson International\",\"isPartOf\":{\"@id\":\"https:\/\/www.erickson.international\/pt-br\/#website\"},\"datePublished\":\"2018-11-14T10:43:32+00:00\",\"dateModified\":\"2019-02-11T15:20:22+00:00\",\"breadcrumb\":{\"@id\":\"https:\/\/www.erickson.international\/pt-br\/jogar-para-crescer-maos-leves\/#breadcrumb\"},\"inLanguage\":\"pt-BR\",\"potentialAction\":[{\"@type\":\"ReadAction\",\"target\":[\"https:\/\/www.erickson.international\/pt-br\/jogar-para-crescer-maos-leves\/\"]}]},{\"@type\":\"BreadcrumbList\",\"@id\":\"https:\/\/www.erickson.international\/pt-br\/jogar-para-crescer-maos-leves\/#breadcrumb\",\"itemListElement\":[{\"@type\":\"ListItem\",\"position\":1,\"name\":\"Home\",\"item\":\"https:\/\/www.erickson.international\/pt-br\/\"},{\"@type\":\"ListItem\",\"position\":2,\"name\":\"Jogar para crescer: M\u00e3os leves\"}]},{\"@type\":\"WebSite\",\"@id\":\"https:\/\/www.erickson.international\/pt-br\/#website\",\"url\":\"https:\/\/www.erickson.international\/pt-br\/\",\"name\":\"Erickson International\",\"description\":\"Ideas that help\",\"potentialAction\":[{\"@type\":\"SearchAction\",\"target\":{\"@type\":\"EntryPoint\",\"urlTemplate\":\"https:\/\/www.erickson.international\/pt-br\/?s={search_term_string}\"},\"query-input\":\"required name=search_term_string\"}],\"inLanguage\":\"pt-BR\"}]}<\/script>\n<!-- \/ Yoast SEO plugin. -->","yoast_head_json":{"title":"Jogar para crescer: M\u00e3os leves - Erickson International","robots":{"index":"index","follow":"follow","max-snippet":"max-snippet:-1","max-image-preview":"max-image-preview:large","max-video-preview":"max-video-preview:-1"},"canonical":"https:\/\/www.erickson.international\/pt-br\/jogar-para-crescer-maos-leves\/","twitter_misc":{"Est. reading time":"3 minutes"},"schema":{"@context":"https:\/\/schema.org","@graph":[{"@type":"WebPage","@id":"https:\/\/www.erickson.international\/pt-br\/jogar-para-crescer-maos-leves\/","url":"https:\/\/www.erickson.international\/pt-br\/jogar-para-crescer-maos-leves\/","name":"Jogar para crescer: M\u00e3os leves - Erickson International","isPartOf":{"@id":"https:\/\/www.erickson.international\/pt-br\/#website"},"datePublished":"2018-11-14T10:43:32+00:00","dateModified":"2019-02-11T15:20:22+00:00","breadcrumb":{"@id":"https:\/\/www.erickson.international\/pt-br\/jogar-para-crescer-maos-leves\/#breadcrumb"},"inLanguage":"pt-BR","potentialAction":[{"@type":"ReadAction","target":["https:\/\/www.erickson.international\/pt-br\/jogar-para-crescer-maos-leves\/"]}]},{"@type":"BreadcrumbList","@id":"https:\/\/www.erickson.international\/pt-br\/jogar-para-crescer-maos-leves\/#breadcrumb","itemListElement":[{"@type":"ListItem","position":1,"name":"Home","item":"https:\/\/www.erickson.international\/pt-br\/"},{"@type":"ListItem","position":2,"name":"Jogar para crescer: M\u00e3os leves"}]},{"@type":"WebSite","@id":"https:\/\/www.erickson.international\/pt-br\/#website","url":"https:\/\/www.erickson.international\/pt-br\/","name":"Erickson International","description":"Ideas that help","potentialAction":[{"@type":"SearchAction","target":{"@type":"EntryPoint","urlTemplate":"https:\/\/www.erickson.international\/pt-br\/?s={search_term_string}"},"query-input":"required name=search_term_string"}],"inLanguage":"pt-BR"}]}},"_links":{"self":[{"href":"https:\/\/www.erickson.international\/pt-br\/wp-json\/wp\/v2\/pages\/13365"}],"collection":[{"href":"https:\/\/www.erickson.international\/pt-br\/wp-json\/wp\/v2\/pages"}],"about":[{"href":"https:\/\/www.erickson.international\/pt-br\/wp-json\/wp\/v2\/types\/page"}],"author":[{"embeddable":true,"href":"https:\/\/www.erickson.international\/pt-br\/wp-json\/wp\/v2\/users\/4"}],"replies":[{"embeddable":true,"href":"https:\/\/www.erickson.international\/pt-br\/wp-json\/wp\/v2\/comments?post=13365"}],"version-history":[{"count":4,"href":"https:\/\/www.erickson.international\/pt-br\/wp-json\/wp\/v2\/pages\/13365\/revisions"}],"predecessor-version":[{"id":13849,"href":"https:\/\/www.erickson.international\/pt-br\/wp-json\/wp\/v2\/pages\/13365\/revisions\/13849"}],"wp:attachment":[{"href":"https:\/\/www.erickson.international\/pt-br\/wp-json\/wp\/v2\/media?parent=13365"}],"curies":[{"name":"wp","href":"https:\/\/api.w.org\/{rel}","templated":true}]}}