{"id":13361,"date":"2018-11-14T09:38:06","date_gmt":"2018-11-14T09:38:06","guid":{"rendered":"http:\/\/www.erickson.international\/pt-br\/?page_id=13361"},"modified":"2018-11-14T09:38:28","modified_gmt":"2018-11-14T09:38:28","slug":"as-mil-e-uma-historias","status":"publish","type":"page","link":"https:\/\/www.erickson.international\/pt-br\/as-mil-e-uma-historias\/","title":{"rendered":"As mil e uma hist\u00f3rias"},"content":{"rendered":"<div class=\"col-lg-12 col-md-12 col-sm-12 listalibri landingpage\">\n<!-- Bollino --><\/p>\n<div class=\"col-lg-12\"><img src=\"http:\/\/www.erickson.international\/wp-content\/uploads\/2016\/03\/Focus_on_BOLLO.jpg\" alt=\"\" \/><\/div>\n<p><!-- Bollino END --><br \/>\n<!-- Titolo --><\/p>\n<div class=\"col-lg-12\">\n<h1 class=\"maggio23\">As mil e uma hist\u00f3rias<\/h1>\n<\/div>\n<p><!-- Titolo END --><br \/>\n<!-- Highlights --><\/p>\n<div class=\"col-lg-12 linea-landingpage\">\n<hr \/>\n<p><!-- START ROW --><\/p>\n<div class=\"row\">\n<div class=\"col-lg-12 col-md-12 col-sm-12 col-xs-12\">\n<p align=\"center\" class=\"maggio23\"><em>Uma pedra lan\u00e7ada em um lago faz surgir ondas conc\u00eantricas que se ampliam em sua superf\u00edcie, envolvendo em seu movimento, a diferentes dist\u00e2ncias, com diferentes efeitos, o l\u00edrio aqu\u00e1tico e a cana, o barquinho de papel e a boia do pescador.<br \/>\n\t  Gianni Rodari<\/em><\/p>\n<p class=\"nome-cognome-autore\">CONTAR, INVENTAR E IMAGINAR<\/p>\n<p class=\"maggio23\">Criada e ilustrada por Giulia Orecchia, uma  das mais famosas ilustradoras italianas, <strong>AS  MIL E UMA HIST&Oacute;RIAS &eacute; uma simples caixa que tem o poder de dar vida a universos  inteiros<\/strong>, gra&ccedil;as aos materiais que estimulam a criatividade e a fantasia. <\/p>\n<p class=\"nome-cognome-autore\">Com AS MIL E UMA HIST\u00d3RIAS as crian\u00e7as:<\/p>\n<ul class=\"maggio23\">\n<li>Podem <strong>inventar<\/strong> infinitas  hist&oacute;rias<\/li>\n<li>Desenvolvem <strong>a linguagem<\/strong> e as <strong>habilidades narrativas<\/strong> sejam em casa ou  na escola<\/li>\n<li>Desafiam-se entre eles para atingir a <strong>fantasia<\/strong><\/li>\n<li>Colaboram juntos para dar vida a <strong>uma  &uacute;nica hist&oacute;ria<\/strong>.<\/li>\n<\/ul>\n<p class=\"maggio23\">Quando o \u00fanico limite \u00e9 a fantasia, tudo se torna poss\u00edvel: os menores ser\u00e3o capazes de vencer os grandes e os professores desafiam seus alunos&#8230;<\/p>\n<\/p><\/div>\n<\/div>\n<p><!-- END ROW --><\/p>\n<p><!-- START ROW --><\/p>\n<div class=\"row\">\n<div class=\"col-lg-12 col-md-12 col-sm-12 col-xs-12\">\n<p align=\"center\" class=\"nome-cognome-autore\">OS JOGOS DA CAIXA<\/p>\n<\/p><\/div>\n<\/div>\n<p><!-- END ROW --><br \/>\n<!-- START ROW --><\/p>\n<div class=\"row\">\n<div align=\"center\" class=\"col-lg-6 col-md-6 col-sm-6 col-xs-12\"><img src=\"https:\/\/static.erickson.it\/ei\/SiteAssets\/Pagine\/Le-mille-e-una-storia\/le%20mille%20e%20una%20storia-01.png\" border=\"0\" class=\"img-responsive\" \/><\/div>\n<div align=\"center\" class=\"col-lg-6 col-md-6 col-sm-6 col-xs-12\">\n<p class=\"nome-cognome-autore\">O BINGO DAS HIST\u00d3RIAS <\/p>\n<p class=\"maggio23\">Com este jogo voc&ecirc;s <strong>colocaram em rela&ccedil;&atilde;o tr&ecirc;s elementos aleat&oacute;rios para contar uma  hist&oacute;ria.<\/strong><\/p>\n<p class=\"maggio23\">\t      As combina&ccedil;&otilde;es surpresas levar&atilde;o voc&ecirc;s a  imaginar sempre novas rela&ccedil;&otilde;es e aventuras.<\/p>\n<p class=\"maggio23\">\t      Voc&ecirc;s contar&atilde;o que os piratas com um foguete  espacial chegam &agrave; lua para comer uma pizza e depois&#8230; <\/p>\n<\/p><\/div>\n<\/div>\n<p><!-- END ROW --><br \/>\n<!-- START ROW --><\/p>\n<div class=\"row\">\n<div align=\"center\" class=\"col-lg-6 col-md-6 col-sm-6 col-xs-12\">\n<p class=\"nome-cognome-autore\">OS MAPAS<\/p>\n<p class=\"maggio23\">Com este jogo <strong>voc&ecirc;s viajar&atilde;o em um mundo imagin&aacute;rio<\/strong> tendo em considera&ccedil;&atilde;o os  aspectos das ambienta&ccedil;&otilde;es de um conto.<\/p>\n<p class=\"maggio23\">\t      As imagens levar&atilde;o voc&ecirc;s em lugares para ser  explorados, descobrir&atilde;o sempre percursos sempre diversos e presen&ccedil;as  escondidas.<\/p>\n<\/p><\/div>\n<div align=\"center\" class=\"col-lg-6 col-md-6 col-sm-6 col-xs-12\"><img src=\"https:\/\/static.erickson.it\/ei\/SiteAssets\/Pagine\/Le-mille-e-una-storia\/le%20mille%20e%20una%20storia-02.png\" border=\"0\" class=\"img-responsive\" \/><\/div>\n<\/div>\n<p><!-- END ROW --><br \/>\n<!-- START ROW --><\/p>\n<div class=\"row\">\n<div align=\"center\" class=\"col-lg-6 col-md-6 col-sm-6 col-xs-12\"><img src=\"https:\/\/static.erickson.it\/ei\/SiteAssets\/Pagine\/Le-mille-e-una-storia\/le%20mille%20e%20una%20storia-03.png\" border=\"0\" class=\"img-responsive\" \/><\/div>\n<div align=\"center\" class=\"col-lg-6 col-md-6 col-sm-6 col-xs-12\">\n<p class=\"nome-cognome-autore\">AS CARTAS<\/p>\n<p class=\"maggio23\">As cartas deste jogo s&atilde;o misteriosas porque <strong>os significados devem ser procurados e  podem ser multiplicados. <\/strong><\/p>\n<p class=\"maggio23\">\t      Podem-se imaginar personagens e eventos,  concentrando-se, principalmente, nas sensa&ccedil;&otilde;es e nas emo&ccedil;&otilde;es. <\/p>\n<\/p><\/div>\n<\/div>\n<p><!-- END ROW --><\/p>\n<\/div>\n<\/div>\n","protected":false},"excerpt":{"rendered":"<p>As mil e uma hist\u00f3rias Uma pedra lan\u00e7ada em um lago faz surgir ondas conc\u00eantricas que se ampliam em sua superf\u00edcie, envolvendo em seu movimento, a diferentes dist\u00e2ncias, com diferentes efeitos, o l\u00edrio aqu\u00e1tico e a cana, o barquinho de papel e a boia do pescador. Gianni Rodari CONTAR, INVENTAR E IMAGINAR Criada e ilustrada [&hellip;]<\/p>\n","protected":false},"author":4,"featured_media":0,"parent":0,"menu_order":0,"comment_status":"closed","ping_status":"closed","template":"page-templates\/page-landing2colonne.php","meta":[],"acf":[],"yoast_head":"<!-- This site is optimized with the Yoast SEO plugin v19.6 - https:\/\/yoast.com\/wordpress\/plugins\/seo\/ -->\n<title>As mil e uma hist\u00f3rias - Erickson International<\/title>\n<meta name=\"robots\" content=\"index, follow, max-snippet:-1, max-image-preview:large, max-video-preview:-1\" \/>\n<link rel=\"canonical\" href=\"https:\/\/www.erickson.international\/pt-br\/as-mil-e-uma-historias\/\" \/>\n<meta name=\"twitter:label1\" content=\"Est. reading time\" \/>\n\t<meta name=\"twitter:data1\" content=\"2 minutes\" \/>\n<script type=\"application\/ld+json\" class=\"yoast-schema-graph\">{\"@context\":\"https:\/\/schema.org\",\"@graph\":[{\"@type\":\"WebPage\",\"@id\":\"https:\/\/www.erickson.international\/pt-br\/as-mil-e-uma-historias\/\",\"url\":\"https:\/\/www.erickson.international\/pt-br\/as-mil-e-uma-historias\/\",\"name\":\"As mil e uma hist\u00f3rias - Erickson International\",\"isPartOf\":{\"@id\":\"https:\/\/www.erickson.international\/pt-br\/#website\"},\"datePublished\":\"2018-11-14T09:38:06+00:00\",\"dateModified\":\"2018-11-14T09:38:28+00:00\",\"breadcrumb\":{\"@id\":\"https:\/\/www.erickson.international\/pt-br\/as-mil-e-uma-historias\/#breadcrumb\"},\"inLanguage\":\"pt-BR\",\"potentialAction\":[{\"@type\":\"ReadAction\",\"target\":[\"https:\/\/www.erickson.international\/pt-br\/as-mil-e-uma-historias\/\"]}]},{\"@type\":\"BreadcrumbList\",\"@id\":\"https:\/\/www.erickson.international\/pt-br\/as-mil-e-uma-historias\/#breadcrumb\",\"itemListElement\":[{\"@type\":\"ListItem\",\"position\":1,\"name\":\"Home\",\"item\":\"https:\/\/www.erickson.international\/pt-br\/\"},{\"@type\":\"ListItem\",\"position\":2,\"name\":\"As mil e uma hist\u00f3rias\"}]},{\"@type\":\"WebSite\",\"@id\":\"https:\/\/www.erickson.international\/pt-br\/#website\",\"url\":\"https:\/\/www.erickson.international\/pt-br\/\",\"name\":\"Erickson International\",\"description\":\"Ideas that help\",\"potentialAction\":[{\"@type\":\"SearchAction\",\"target\":{\"@type\":\"EntryPoint\",\"urlTemplate\":\"https:\/\/www.erickson.international\/pt-br\/?s={search_term_string}\"},\"query-input\":\"required name=search_term_string\"}],\"inLanguage\":\"pt-BR\"}]}<\/script>\n<!-- \/ Yoast SEO plugin. -->","yoast_head_json":{"title":"As mil e uma hist\u00f3rias - Erickson International","robots":{"index":"index","follow":"follow","max-snippet":"max-snippet:-1","max-image-preview":"max-image-preview:large","max-video-preview":"max-video-preview:-1"},"canonical":"https:\/\/www.erickson.international\/pt-br\/as-mil-e-uma-historias\/","twitter_misc":{"Est. reading time":"2 minutes"},"schema":{"@context":"https:\/\/schema.org","@graph":[{"@type":"WebPage","@id":"https:\/\/www.erickson.international\/pt-br\/as-mil-e-uma-historias\/","url":"https:\/\/www.erickson.international\/pt-br\/as-mil-e-uma-historias\/","name":"As mil e uma hist\u00f3rias - Erickson International","isPartOf":{"@id":"https:\/\/www.erickson.international\/pt-br\/#website"},"datePublished":"2018-11-14T09:38:06+00:00","dateModified":"2018-11-14T09:38:28+00:00","breadcrumb":{"@id":"https:\/\/www.erickson.international\/pt-br\/as-mil-e-uma-historias\/#breadcrumb"},"inLanguage":"pt-BR","potentialAction":[{"@type":"ReadAction","target":["https:\/\/www.erickson.international\/pt-br\/as-mil-e-uma-historias\/"]}]},{"@type":"BreadcrumbList","@id":"https:\/\/www.erickson.international\/pt-br\/as-mil-e-uma-historias\/#breadcrumb","itemListElement":[{"@type":"ListItem","position":1,"name":"Home","item":"https:\/\/www.erickson.international\/pt-br\/"},{"@type":"ListItem","position":2,"name":"As mil e uma hist\u00f3rias"}]},{"@type":"WebSite","@id":"https:\/\/www.erickson.international\/pt-br\/#website","url":"https:\/\/www.erickson.international\/pt-br\/","name":"Erickson International","description":"Ideas that help","potentialAction":[{"@type":"SearchAction","target":{"@type":"EntryPoint","urlTemplate":"https:\/\/www.erickson.international\/pt-br\/?s={search_term_string}"},"query-input":"required name=search_term_string"}],"inLanguage":"pt-BR"}]}},"_links":{"self":[{"href":"https:\/\/www.erickson.international\/pt-br\/wp-json\/wp\/v2\/pages\/13361"}],"collection":[{"href":"https:\/\/www.erickson.international\/pt-br\/wp-json\/wp\/v2\/pages"}],"about":[{"href":"https:\/\/www.erickson.international\/pt-br\/wp-json\/wp\/v2\/types\/page"}],"author":[{"embeddable":true,"href":"https:\/\/www.erickson.international\/pt-br\/wp-json\/wp\/v2\/users\/4"}],"replies":[{"embeddable":true,"href":"https:\/\/www.erickson.international\/pt-br\/wp-json\/wp\/v2\/comments?post=13361"}],"version-history":[{"count":2,"href":"https:\/\/www.erickson.international\/pt-br\/wp-json\/wp\/v2\/pages\/13361\/revisions"}],"predecessor-version":[{"id":21164,"href":"https:\/\/www.erickson.international\/pt-br\/wp-json\/wp\/v2\/pages\/13361\/revisions\/21164"}],"wp:attachment":[{"href":"https:\/\/www.erickson.international\/pt-br\/wp-json\/wp\/v2\/media?parent=13361"}],"curies":[{"name":"wp","href":"https:\/\/api.w.org\/{rel}","templated":true}]}}