{"id":13358,"date":"2018-11-14T09:14:09","date_gmt":"2018-11-14T09:14:09","guid":{"rendered":"http:\/\/www.erickson.international\/pt-br\/?page_id=13358"},"modified":"2018-11-14T09:14:09","modified_gmt":"2018-11-14T09:14:09","slug":"a-maleta-de-matematica-da-professora-larissa","status":"publish","type":"page","link":"https:\/\/www.erickson.international\/pt-br\/a-maleta-de-matematica-da-professora-larissa\/","title":{"rendered":"A maleta de matem\u00e1tica da professora Larissa"},"content":{"rendered":"<div class=\"col-lg-12 col-md-12 col-sm-12 listalibri landingpage\">\n<!-- Bollino --><\/p>\n<div class=\"col-lg-12\"><img src=\"http:\/\/www.erickson.international\/wp-content\/uploads\/2016\/03\/Focus_on_BOLLO.jpg\" alt=\"\" \/><\/div>\n<p><!-- Bollino END --><br \/>\n<!-- Titolo --><\/p>\n<div class=\"col-lg-12\">\n<h1 class=\"maggio23\">A maleta de matem\u00e1tica da professora Larissa<\/h1>\n<\/div>\n<p><!-- Titolo END --><br \/>\n<!-- Highlights --><\/p>\n<div class=\"col-lg-12 linea-landingpage\">\n<hr \/>\n<p><!-- START ROW --><\/p>\n<div class=\"row\">\n<div align=\"left\" class=\"col-lg-6 col-md-6 col-sm-12 col-xs-12\">\n<p class=\"maggio23\"><strong>10 baralhos de cartas para as turmas de primeiro e segundo ano do ensino fundamental para aprender brincando. <\/strong><\/p>\n<p class=\"maggio23\"><em>Lara Carnovali \u2013 a famos\u00edssima professora e blogueira conhecida na internet e nas suas redes sociais como \u201ca professora Larissa\u201d \u2013 Ela criou uma nova maleta para aproximar gradativamente meninas e meninos \u00e0 matem\u00e1tica.  <\/em><\/p>\n<p class=\"maggio23\">Dedicada &agrave;s crian&ccedil;as das turmas de primeiro e  segundo ano do ensino fundamental,<strong> A  maleta de matem&aacute;tica da professora Larissa <\/strong>prop&otilde;e muitos jogos e atividades  que tem o prop&oacute;sito de envolver e divertir trabalhando os assuntos matem&aacute;ticos. <\/p>\n<p>Neste caso, a matem\u00e1tica se transforma em algo interessante e fascinante.<\/p>\n<\/p><\/div>\n<div align=\"center\" class=\"col-lg-6 col-md-6 col-sm-12 col-xs-12\"><a href=\"http:\/\/www.erickson.international\/en\/catalogue\/mathematics\/numbers-and-calculation\/teacher-larissas-mathematics-briefcase\/\"><img src=\"https:\/\/static.erickson.it\/ei\/SiteAssets\/Pagine\/La-valigetta-di-matematica-della-maestra-Larissa\/valigetta_mate.jpg\" border=\"0\" class=\"img-responsive\" \/><\/a><\/div>\n<\/p><\/div>\n<p><!-- END ROW --><br \/>\n<!-- START ROW --><\/p>\n<div class=\"row\">\n<div class=\"col-lg-12 col-md-12 col-sm-12 col-xs-12\">\n<p class=\"maggio23\">A maleta de matem&aacute;tica da professora Larissa  cont&eacute;m <strong>10 baralhos de cartas<\/strong>, cada  um composto por <strong>55 cartas, dois cartazes<\/strong> com <strong>dados <\/strong>e <strong>pe&ccedil;as <\/strong>para realizar mais de 30 atividades que cobrem os objetivos  did&aacute;ticos mais importantes no &acirc;mbito matem&aacute;tico para <strong>as turmas de primeiro e segundo ano de ensino fundamental.<\/strong><\/p>\n<\/p><\/div>\n<\/div>\n<p><!-- END ROW --><br \/>\n<!-- START ROW --><\/p>\n<div class=\"row\">\n<div class=\"col-lg-12 col-md-12 col-sm-12 col-xs-12\">\n<p class=\"nome-cognome-autore\">OS JOGOS DA MALETA: DIVERTIDOS, INTRIGANTES E SEMPRE NOVOS<\/p>\n<p class=\"maggio23\">Os baralhos de cartas  presentes na maleta <strong>n&atilde;o devem ser  considerados apenas como um instrumento did&aacute;tico<\/strong> para usar em classe. Sendo,  antes de tudo jogos, e como tais, <strong>podem  muito bem ser utilizados em casa<\/strong> como atividade de consolida&ccedil;&atilde;o das  aprendizagens ou simplesmente por lazer e prazer. <\/p>\n<p class=\"maggio23\">\t    Alguns jogos preveem a participa&ccedil;&atilde;o de <strong>apenas dois jogadores<\/strong>, outros de um <strong>grupo mais amplo<\/strong> de crian&ccedil;as, outros  s&atilde;o <strong>jogos de paci&ecirc;ncia.<\/strong><\/p>\n<\/p><\/div>\n<\/div>\n<p><!-- END ROW --><br \/>\n<!-- START ROW --><\/p>\n<div class=\"row\">\n<div align=\"center\" class=\"col-lg-6 col-md-6 col-sm-6 col-xs-6\"><img src=\"https:\/\/static.erickson.it\/ei\/SiteAssets\/Pagine\/La-valigetta-di-matematica-della-maestra-Larissa\/400x350_carte_maestra_larissa_Matematica.jpg\" border=\"0\" class=\"img-responsive\" \/><\/p>\n<p class=\"nome-cognome-autore\">MAIS OU MENOS<\/p>\n<p class=\"maggio23\">Adi\u00e7\u00f5es e subtra\u00e7\u00f5es at\u00e9 o 12\n<\/p>\n<\/p><\/div>\n<div align=\"center\" class=\"col-lg-6 col-md-6 col-sm-6 col-xs-6\"><img src=\"https:\/\/static.erickson.it\/ei\/SiteAssets\/Pagine\/La-valigetta-di-matematica-della-maestra-Larissa\/400x350_carte_maestra_larissa_Matematica2.jpg\" border=\"0\" class=\"img-responsive\" \/><\/p>\n<p class=\"nome-cognome-autore\">MOVE O TUFO<\/p>\n<p class=\"maggio23\">C\u00e1lculos mentais at\u00e9 o 50 <\/p>\n<\/p><\/div>\n<\/p><\/div>\n<p><!-- END ROW --><br \/>\n<!-- START ROW --><\/p>\n<div class=\"row\">\n<div align=\"center\" class=\"col-lg-6 col-md-6 col-sm-6 col-xs-6\"><img src=\"https:\/\/static.erickson.it\/ei\/SiteAssets\/Pagine\/La-valigetta-di-matematica-della-maestra-Larissa\/400x350_carte_maestra_larissa_Matematica4.jpg\" border=\"0\" class=\"img-responsive\" \/><\/p>\n<p class=\"nome-cognome-autore\">TABUADAS MONSTRUOSAS<\/p>\n<p class=\"maggio23\">Tabuadas e associa\u00e7\u00f5es l\u00f3gicas<\/p>\n<\/p><\/div>\n<div align=\"center\" class=\"col-lg-6 col-md-6 col-sm-6 col-xs-6\"><img src=\"https:\/\/static.erickson.it\/ei\/SiteAssets\/Pagine\/La-valigetta-di-matematica-della-maestra-Larissa\/400x350_carte_maestra_larissa_Matematica5.jpg\" border=\"0\" class=\"img-responsive\" \/><\/p>\n<p class=\"nome-cognome-autore\">OPERA\u00c7\u00d5ES SABOROSAS<\/p>\n<p class=\"maggio23\">As 4 opera\u00e7\u00f5es e associa\u00e7\u00f5es l\u00f3gicas\n<\/p>\n<\/p><\/div>\n<\/p><\/div>\n<p><!-- END ROW --><br \/>\n<!-- START ROW --><\/p>\n<div class=\"row\">\n<div align=\"center\" class=\"col-lg-6 col-md-6 col-sm-6 col-xs-6\"><img src=\"https:\/\/static.erickson.it\/ei\/SiteAssets\/Pagine\/La-valigetta-di-matematica-della-maestra-Larissa\/400x350_carte_maestra_larissa_Matematica7.jpg\" border=\"0\" class=\"img-responsive\" \/><\/p>\n<p class=\"nome-cognome-autore\">TODOS EM FILA!<\/p>\n<p class=\"maggio23\">A posi\u00e7\u00e3o dos objetos no espa\u00e7o<\/p>\n<\/p><\/div>\n<div align=\"center\" class=\"col-lg-6 col-md-6 col-sm-6 col-xs-6\"><img src=\"https:\/\/static.erickson.it\/ei\/SiteAssets\/Pagine\/La-valigetta-di-matematica-della-maestra-Larissa\/400x350_carte_maestra_larissa_Matematica8.jpg\" border=\"0\" class=\"img-responsive\" \/><\/p>\n<p class=\"nome-cognome-autore\">UM DOMIN\u00d3&#8230; MAIS OU MENOS<\/p>\n<p class=\"maggio23\">Adi\u00e7\u00f5es e subtra\u00e7\u00f5es at\u00e9 o 20\n<\/p>\n<\/p><\/div>\n<\/p><\/div>\n<p><!-- END ROW --><br \/>\n<!-- START ROW --><\/p>\n<div class=\"row\">\n<div align=\"center\" class=\"col-lg-6 col-md-6 col-sm-6 col-xs-6\"><img src=\"https:\/\/static.erickson.it\/ei\/SiteAssets\/Pagine\/La-valigetta-di-matematica-della-maestra-Larissa\/400x350_carte_maestra_larissa_Matematica9.jpg\" border=\"0\" class=\"img-responsive\" \/><\/p>\n<p class=\"nome-cognome-autore\">\u00c9 HORA DE JOGAR<\/p>\n<p class=\"maggio23\">Conhecer e reconhecer as horas\n<\/p>\n<\/p><\/div>\n<div align=\"center\" class=\"col-lg-6 col-md-6 col-sm-6 col-xs-6\"><img src=\"https:\/\/static.erickson.it\/ei\/SiteAssets\/Pagine\/La-valigetta-di-matematica-della-maestra-Larissa\/400x350_carte_maestra_larissa_Matematica10.jpg\" border=\"0\" class=\"img-responsive\" \/><\/p>\n<p class=\"nome-cognome-autore\">ESTAMOS EM FORMA<\/p>\n<p class=\"maggio23\">As principais formas geom\u00e9tricas\n<\/p>\n<\/p><\/div>\n<\/p><\/div>\n<p><!-- END ROW --><\/p>\n<p><!-- START ROW --><\/p>\n<div class=\"row\">\n<div align=\"center\" class=\"col-lg-6 col-md-6 col-sm-6 col-xs-6\"><img src=\"https:\/\/static.erickson.it\/ei\/SiteAssets\/Pagine\/La-valigetta-di-matematica-della-maestra-Larissa\/400x350_carte_maestra_larissa_Matematica3.jpg\" border=\"0\" class=\"img-responsive\" \/><\/p>\n<p class=\"nome-cognome-autore\">UMA MEM\u00d3RIA DE FERRO<\/p>\n<p class=\"maggio23\">As representa\u00e7\u00f5es dos n\u00fameros\n<\/p>\n<\/p><\/div>\n<div align=\"center\" class=\"col-lg-6 col-md-6 col-sm-6 col-xs-6\"><img src=\"https:\/\/static.erickson.it\/ei\/SiteAssets\/Pagine\/La-valigetta-di-matematica-della-maestra-Larissa\/400x350_carte_maestra_larissa_Matematica6.jpg\" border=\"0\" class=\"img-responsive\" \/><\/p>\n<p class=\"nome-cognome-autore\">UMA PIZZA GOSTOS\u00cdSSIMA <\/p>\n<p class=\"maggio23\">Reconhecer as partes de um todo\n<\/p>\n<\/p><\/div>\n<\/p><\/div>\n<p><!-- END ROW --><br \/>\n<!-- START ROW --><\/p>\n<div class=\"row\">\n<div align=\"center\" class=\"col-lg-6 col-md-6 col-sm-6 col-xs-6\"><img src=\"https:\/\/static.erickson.it\/ei\/SiteAssets\/Pagine\/La-valigetta-di-matematica-della-maestra-Larissa\/400x400_carte_maestra_larissa_Matematica11.jpg\" border=\"0\" class=\"img-responsive\" \/><\/p>\n<p class=\"nome-cognome-autore\">OS N\u00daMEROS DOS PLANETAS<\/p>\n<p class=\"maggio23\">C\u00e1lculos com diferentes opera\u00e7\u00f5es\n<\/p>\n<\/p><\/div>\n<div align=\"center\" class=\"col-lg-6 col-md-6 col-sm-6 col-xs-6\"><img src=\"https:\/\/static.erickson.it\/ei\/SiteAssets\/Pagine\/La-valigetta-di-matematica-della-maestra-Larissa\/400x400_carte_maestra_larissa_Matematica12.jpg\" border=\"0\" class=\"img-responsive\" \/><\/p>\n<p class=\"nome-cognome-autore\">AS TABUADAS DO LAGO<\/p>\n<p class=\"maggio23\">As tabuadas e o seus resultados\n<\/p>\n<\/p><\/div>\n<\/p><\/div>\n<p><!-- END ROW --><br \/>\n<!-- START ROW --><\/p>\n<div class=\"row\">\n<div class=\"col-lg-12 col-md-12 col-sm-12 col-xs-12\">\n<p class=\"nome-cognome-autore\">COMO USAR OS BARALHOS?<\/p>\n<p class=\"maggio23\"><strong>O professor<\/strong> que prop&otilde;e a classe o jogo com as cartas dos  baralhos que tem numerosas possibilidades para organizar a atividade. <strong>Por exemplo<\/strong>, pode:<\/p>\n<ul class=\"maggio23\">\n<li>Prev&ecirc; <strong>uma hora por semana de  &ldquo;brinquedoteca did&aacute;tica&rdquo;,<\/strong> na qual as crian&ccedil;as podem escolher livremente os  jogos para fazer, dividir em grupos autonomamente e jogar. Nesse caso os  baralhos s&atilde;o utilizados mais como instrumento de revis&atilde;o e consolida&ccedil;&atilde;o do que  aprendizagem. <\/li>\n<li><strong>Inserir os jogos de cartas dentro da sala de  aula,<\/strong> acompanhando-os a outras atividades com os mesmos objetivos, que as crian&ccedil;as  possam escolher de maneira independente. <\/li>\n<li><strong>Propor os jogos nos momentos livres n&atilde;o  estruturados<\/strong>,  como o intervalo ou ap&oacute;s dele, deixando sempre para as crian&ccedil;as a escolha de  jogar ou n&atilde;o. <\/li>\n<li>Utilizar a maleta com os baralhos como um <strong>&uacute;til &ldquo;preenchi tempo&rdquo;,<\/strong> para envolver uma revis&atilde;o l&uacute;dica aquelas  crian&ccedil;as que terminam as atividades did&aacute;ticas antes dos outros. Alguns jogos  s&atilde;o concebidos, por esse motivo mesmo, como os jogos de paci&ecirc;ncia que possuem  autocorre&ccedil;&atilde;o ao qual qualquer crian&ccedil;a pode utilizar com autonomia. <\/li>\n<\/ul><\/div>\n<\/div>\n<p><!-- END ROW --><br \/>\n<!-- START ROW --><\/p>\n<div class=\"row\">\n<div class=\"col-lg-12 col-md-12 col-sm-12 col-xs-12\">\n<p class=\"nome-cognome-autore\">ALGUNS CONSELHOS ANTES DE JOGAR<\/p>\n<ul  class=\"maggio23\">\n<li>Cada baralho cont&eacute;m algumas cartas vazias, a serem extra&iacute;das antes do  uso: &eacute; poss&iacute;vel personaliz&aacute;-las com outras ilustra&ccedil;&otilde;es, n&uacute;meros e\/ou opera&ccedil;&otilde;es,  ou us&aacute;-las no lugar de cartas perdidas. <\/li>\n<li>&Eacute; aconselh&aacute;vel que as crian&ccedil;as se familiarizem com as cartas antes de come&ccedil;ar  as atividades.<\/li>\n<li>Em alguns jogos n&atilde;o &eacute; especificado a ordem na qual cada participante  far&aacute; seu turno. A possibilidade de decis&atilde;o permite personalizar o jogo com base  nas exig&ecirc;ncias individuais.<strong><\/strong><\/li>\n<\/ul><\/div>\n<\/div>\n<p><!-- END ROW -->\n<\/div>\n<\/div>\n","protected":false},"excerpt":{"rendered":"<p>A maleta de matem\u00e1tica da professora Larissa 10 baralhos de cartas para as turmas de primeiro e segundo ano do ensino fundamental para aprender brincando. Lara Carnovali \u2013 a famos\u00edssima professora e blogueira conhecida na internet e nas suas redes sociais como \u201ca professora Larissa\u201d \u2013 Ela criou uma nova maleta para aproximar gradativamente meninas [&hellip;]<\/p>\n","protected":false},"author":4,"featured_media":0,"parent":0,"menu_order":0,"comment_status":"closed","ping_status":"closed","template":"page-templates\/page-landing2colonne.php","meta":[],"acf":[],"yoast_head":"<!-- This site is optimized with the Yoast SEO plugin v19.6 - https:\/\/yoast.com\/wordpress\/plugins\/seo\/ -->\n<title>A maleta de matem\u00e1tica da professora Larissa - Erickson International<\/title>\n<meta name=\"robots\" content=\"index, follow, max-snippet:-1, max-image-preview:large, max-video-preview:-1\" \/>\n<link rel=\"canonical\" href=\"https:\/\/www.erickson.international\/pt-br\/a-maleta-de-matematica-da-professora-larissa\/\" \/>\n<meta name=\"twitter:label1\" content=\"Est. reading time\" \/>\n\t<meta name=\"twitter:data1\" content=\"4 minutes\" \/>\n<script type=\"application\/ld+json\" class=\"yoast-schema-graph\">{\"@context\":\"https:\/\/schema.org\",\"@graph\":[{\"@type\":\"WebPage\",\"@id\":\"https:\/\/www.erickson.international\/pt-br\/a-maleta-de-matematica-da-professora-larissa\/\",\"url\":\"https:\/\/www.erickson.international\/pt-br\/a-maleta-de-matematica-da-professora-larissa\/\",\"name\":\"A maleta de matem\u00e1tica da professora Larissa - Erickson International\",\"isPartOf\":{\"@id\":\"https:\/\/www.erickson.international\/pt-br\/#website\"},\"datePublished\":\"2018-11-14T09:14:09+00:00\",\"dateModified\":\"2018-11-14T09:14:09+00:00\",\"breadcrumb\":{\"@id\":\"https:\/\/www.erickson.international\/pt-br\/a-maleta-de-matematica-da-professora-larissa\/#breadcrumb\"},\"inLanguage\":\"pt-BR\",\"potentialAction\":[{\"@type\":\"ReadAction\",\"target\":[\"https:\/\/www.erickson.international\/pt-br\/a-maleta-de-matematica-da-professora-larissa\/\"]}]},{\"@type\":\"BreadcrumbList\",\"@id\":\"https:\/\/www.erickson.international\/pt-br\/a-maleta-de-matematica-da-professora-larissa\/#breadcrumb\",\"itemListElement\":[{\"@type\":\"ListItem\",\"position\":1,\"name\":\"Home\",\"item\":\"https:\/\/www.erickson.international\/pt-br\/\"},{\"@type\":\"ListItem\",\"position\":2,\"name\":\"A maleta de matem\u00e1tica da professora Larissa\"}]},{\"@type\":\"WebSite\",\"@id\":\"https:\/\/www.erickson.international\/pt-br\/#website\",\"url\":\"https:\/\/www.erickson.international\/pt-br\/\",\"name\":\"Erickson International\",\"description\":\"Ideas that help\",\"potentialAction\":[{\"@type\":\"SearchAction\",\"target\":{\"@type\":\"EntryPoint\",\"urlTemplate\":\"https:\/\/www.erickson.international\/pt-br\/?s={search_term_string}\"},\"query-input\":\"required name=search_term_string\"}],\"inLanguage\":\"pt-BR\"}]}<\/script>\n<!-- \/ Yoast SEO plugin. -->","yoast_head_json":{"title":"A maleta de matem\u00e1tica da professora Larissa - Erickson International","robots":{"index":"index","follow":"follow","max-snippet":"max-snippet:-1","max-image-preview":"max-image-preview:large","max-video-preview":"max-video-preview:-1"},"canonical":"https:\/\/www.erickson.international\/pt-br\/a-maleta-de-matematica-da-professora-larissa\/","twitter_misc":{"Est. reading time":"4 minutes"},"schema":{"@context":"https:\/\/schema.org","@graph":[{"@type":"WebPage","@id":"https:\/\/www.erickson.international\/pt-br\/a-maleta-de-matematica-da-professora-larissa\/","url":"https:\/\/www.erickson.international\/pt-br\/a-maleta-de-matematica-da-professora-larissa\/","name":"A maleta de matem\u00e1tica da professora Larissa - Erickson International","isPartOf":{"@id":"https:\/\/www.erickson.international\/pt-br\/#website"},"datePublished":"2018-11-14T09:14:09+00:00","dateModified":"2018-11-14T09:14:09+00:00","breadcrumb":{"@id":"https:\/\/www.erickson.international\/pt-br\/a-maleta-de-matematica-da-professora-larissa\/#breadcrumb"},"inLanguage":"pt-BR","potentialAction":[{"@type":"ReadAction","target":["https:\/\/www.erickson.international\/pt-br\/a-maleta-de-matematica-da-professora-larissa\/"]}]},{"@type":"BreadcrumbList","@id":"https:\/\/www.erickson.international\/pt-br\/a-maleta-de-matematica-da-professora-larissa\/#breadcrumb","itemListElement":[{"@type":"ListItem","position":1,"name":"Home","item":"https:\/\/www.erickson.international\/pt-br\/"},{"@type":"ListItem","position":2,"name":"A maleta de matem\u00e1tica da professora Larissa"}]},{"@type":"WebSite","@id":"https:\/\/www.erickson.international\/pt-br\/#website","url":"https:\/\/www.erickson.international\/pt-br\/","name":"Erickson International","description":"Ideas that help","potentialAction":[{"@type":"SearchAction","target":{"@type":"EntryPoint","urlTemplate":"https:\/\/www.erickson.international\/pt-br\/?s={search_term_string}"},"query-input":"required name=search_term_string"}],"inLanguage":"pt-BR"}]}},"_links":{"self":[{"href":"https:\/\/www.erickson.international\/pt-br\/wp-json\/wp\/v2\/pages\/13358"}],"collection":[{"href":"https:\/\/www.erickson.international\/pt-br\/wp-json\/wp\/v2\/pages"}],"about":[{"href":"https:\/\/www.erickson.international\/pt-br\/wp-json\/wp\/v2\/types\/page"}],"author":[{"embeddable":true,"href":"https:\/\/www.erickson.international\/pt-br\/wp-json\/wp\/v2\/users\/4"}],"replies":[{"embeddable":true,"href":"https:\/\/www.erickson.international\/pt-br\/wp-json\/wp\/v2\/comments?post=13358"}],"version-history":[{"count":1,"href":"https:\/\/www.erickson.international\/pt-br\/wp-json\/wp\/v2\/pages\/13358\/revisions"}],"predecessor-version":[{"id":13359,"href":"https:\/\/www.erickson.international\/pt-br\/wp-json\/wp\/v2\/pages\/13358\/revisions\/13359"}],"wp:attachment":[{"href":"https:\/\/www.erickson.international\/pt-br\/wp-json\/wp\/v2\/media?parent=13358"}],"curies":[{"name":"wp","href":"https:\/\/api.w.org\/{rel}","templated":true}]}}