{"id":13314,"date":"2018-11-13T13:29:03","date_gmt":"2018-11-13T13:29:03","guid":{"rendered":"http:\/\/www.erickson.international\/pt-br\/?page_id=13314"},"modified":"2018-11-13T13:29:03","modified_gmt":"2018-11-13T13:29:03","slug":"italiano-no-segundo-ano-do-ensino-fundamental-com-o-metodo-analogico","status":"publish","type":"page","link":"https:\/\/www.erickson.international\/pt-br\/italiano-no-segundo-ano-do-ensino-fundamental-com-o-metodo-analogico\/","title":{"rendered":"Italiano no segundo ano do ensino fundamental com o m\u00e9todo anal\u00f3gico"},"content":{"rendered":"<div class=\"col-lg-12 col-md-12 col-sm-12 listalibri landingpage\">\n<!-- Bollino --><\/p>\n<div class=\"col-lg-12\"><img src=\"http:\/\/www.erickson.international\/wp-content\/uploads\/2016\/03\/Focus_on_BOLLO.jpg\" alt=\"\" \/><\/div>\n<p><!-- Bollino END --><br \/>\n<!-- Titolo --><\/p>\n<div class=\"col-lg-12\">\n<h1 class=\"maggio23\">Italiano no segundo ano do ensino fundamental com o m\u00e9todo anal\u00f3gico<\/h1>\n<p class=\"maggio23\"><strong>Ler para o prazer de ler e escrever para o prazer de escrever<\/strong><\/p>\n<\/div>\n<p><!-- Titolo END --><br \/>\n<!-- Highlights --><\/p>\n<div class=\"col-lg-12 linea-landingpage\">\n<hr \/>\n<p><!-- START ROW --><\/p>\n<div class=\"row\">\n<div class=\"col-lg-6 col-md-6 col-sm-12 col-xs-12\">\n<p class=\"maggio23\"><em>\u201dAprender a amar a leitura, a escrever bem e corretamente e a criar contos que falam da pr\u00f3pria vida \u00e9, em s\u00edntese, o programa de italiano do segundo ano do ensino fundamental. As atividades desenvolvidas de forma tranquila, uma por vez, ser\u00e3o em seguida harmonizadas pela mente da crian\u00e7a, a qual se descobrir\u00e1 competente quase sem se dar conta\u201d. <\/em><\/p>\n<p class=\"maggio23\" style=\"text-align:right;\"><em>Camillo Bortolato<\/em><\/p>\n<\/p><\/div>\n<div class=\"col-lg-6 col-md-6 col-sm-12 col-xs-12\">\n\t<img src=\"https:\/\/static.erickson.it\/ei\/SiteAssets\/Pagine\/Italiano-in-seconda-con-il-metodo-analogico\/gatto.jpg\"  border=\"0\" class=\"img-responsive\" \/>\n\t<\/div>\n<\/div>\n<p><!-- END ROW --><br \/>\n<!-- START ROW --><\/p>\n<div class=\"row\">\n<div align=\"left\" class=\"col-lg-12 col-md-12 col-sm-12 col-xs-12\">\n<p  class=\"maggio23\">&laquo;Italiano no segundo ano do ensino fundamental com o m\u00e9todo anal\u00f3gico&raquo; \u00e9 um box que cont\u00e9m todas as ferramentas da leitura e da escrita no segundo ano do ensino fundamental: o livro de leitura \u201c20 hist\u00f3ria mais luna\u201d, o caderninho da escrita para escrever corretamente, criar e fazer as primeiras experi\u00eancias de an\u00e1lises gramaticais, 8 fitas para fortalecer as aprendizagens e um porta fitas para expor as mesmas fitas; uma canetinha apag\u00e1vel para escrever numa pel\u00edcula transparente e, por fim, um guia ao uso do kit para professores e parentes.<\/p>\n<\/div>\n<div align=\"center\" class=\"col-lg-12 col-md-12 col-sm-12 col-xs-12\">\n<p><img src=\"https:\/\/static.erickson.it\/ei\/SiteAssets\/Pagine\/Italiano-in-seconda-con-il-metodo-analogico\/700x100_italiano_in_seconda_con_il_metodo_analogico.jpg\"  border=\"0\" class=\"img-responsive\" \/><\/p>\n<p>&nbsp;<\/p>\n<\/p><\/div>\n<\/p><\/div>\n<p><!-- END ROW --><br \/>\n<!-- START ROW --><\/p>\n<div class=\"row\">\n<div class=\"col-lg-12 col-md-12 col-sm-12 col-xs-12\">\n<p class=\"nome-cognome-autore\" style=\"background-color:#fcc101; color:#FFFFFF; text-align:center; text-transform:uppercase\"  >Eis aqui todos os instrumentos do box:<\/p>\n<p class=\"nome-cognome-autore\">O LIVRO DE LEITURA \u201c20 HIST\u00d3RIAS MAIS LUNA\u201d<\/p>\n<p class=\"maggio23\">&Eacute; o livro de leitura comum para a turma toda, para compartilhar os  acontecimentos narrativos que falam especialmente de emo&ccedil;&otilde;es, com o bom senso  fundamental, a respeito dos livros de leitura habituais, de evitar a  fragmenta&ccedil;&atilde;o e o uso instrumental dos contos do texto.<\/p>\n<p class=\"maggio23\">&Eacute; composto por <strong>20 contos  retomados, principalmente, pela tradi&ccedil;&atilde;o popular,<\/strong> precedido por <strong>uma hist&oacute;ria mais longa, subdividida em 23  cap&iacute;tulos,<\/strong> que tem como protagonista a gata Luna. <strong>No total, 43 hist&oacute;rias e epis&oacute;dios <\/strong>para considerar com outras  tantas unidades de aprendizagem.<\/p>\n<p class=\"maggio23\"><img src=\"https:\/\/static.erickson.it\/ei\/SiteAssets\/Pagine\/Italiano-in-seconda-con-il-metodo-analogico\/pagine-luna.jpg\" border=\"0\" class=\"img-responsive\" \/>\t\t<\/p>\n<p class=\"maggio23\">&Eacute; a <strong>hist&oacute;ria principal <\/strong>que  abre o livro de leitura. &Eacute; retomada a hist&oacute;ria do Robin Pitti, a qual come&ccedil;ou  na pr&eacute;-escola com a &ldquo;Pequena hist&oacute;ria de Pitti&rdquo; e continuada em sala de aula  com &ldquo;As esta&ccedil;&otilde;es de Pitti&rdquo; (todas as hist&oacute;rias dispon&iacute;veis tamb&eacute;m de forma  independente).<\/p>\n<p class=\"maggio23\"><strong>No fim de cada cap&iacute;tulo da  hist&oacute;ria, h&aacute; como proposta algumas simples tarefas, <\/strong>como completar alguns desenhos ou marcar passagens particulares do conto  (descri&ccedil;&otilde;es, di&aacute;logos, sentimentos, ecc.)<\/p>\n<p>\t\t    <img src=\"https:\/\/static.erickson.it\/ei\/SiteAssets\/Pagine\/Italiano-in-seconda-con-il-metodo-analogico\/pagine-storie.jpg\" border=\"0\" class=\"img-responsive\" \/><\/p>\n<p class=\"maggio23\"><strong>20 hist&oacute;ria retomadas da  tradi&ccedil;&atilde;o popular, <\/strong>que quase sempre come&ccedil;am com  a f&oacute;rmula &ldquo;Era uma vez&rdquo;. Uma introdu&ccedil;&atilde;o ritual, a qual conduz o leitor fora do  tempo, no mundo dos arqu&eacute;tipos pertencentes a todos. Cada hist&oacute;ria com duas  tarefas: &ldquo;<strong>Leia e conta a hist&oacute;ria em  alta voz<\/strong>&rdquo; e &ldquo;<strong>Quanto voc&ecirc; gostou  desta hist&oacute;ria?<\/strong>&rdquo;. Neste ponto, tamb&eacute;m, n&atilde;o h&aacute; quest&otilde;es de compreens&atilde;o, pois  o pedido de contar a hist&oacute;ria oralmente resume todas elas.<\/p>\n<p class=\"maggio23\">&nbsp;<\/p>\n<p class=\"nome-cognome-autore\">O CADERNINHO DA ESCRITA<\/p>\n<p class=\"maggio23\">Depois do momento da leitura, na qual se apreciam as hist\u00f3rias inventadas pelos outros, passa-se ao momento da escrita, onde se aprende a escrever as pr\u00f3prias hist\u00f3rias. O trabalho no caderninho est\u00e1 subdividido em tr\u00eas fases, dedicadas, respectivamente, \u00e0 letra, \u00e0 composi\u00e7\u00e3o e \u00e0 corre\u00e7\u00e3o ortogr\u00e1fica e gramatical.<\/p>\n<p class=\"maggio23\"><strong><em>Escrever bem<\/em><\/strong><\/p>\n<p class=\"maggio23\">Na primeira parte do caderninho se prop&otilde;e um <strong>trabalho na escrita cursiva<\/strong>, &uacute;til para as crian&ccedil;as que mostram  algumas lacunas ou que enfrentam pela primeira vez, no segundo ano do ensino  fundamental, este tipo de letra.<br \/>\n\t\t  Come&ccedil;a-se com <strong>exerc&iacute;cios de  simples c&oacute;pia<\/strong>, onde o aluno n&atilde;o tem outro empenho mental se n&atilde;o o  prosseguir demorado entre as linhas do caderno, para considerar como bin&aacute;rios  do trem.<\/p>\n<p>\t\t\t\t<img src=\"https:\/\/static.erickson.it\/ei\/SiteAssets\/Pagine\/Italiano-in-seconda-con-il-metodo-analogico\/scrivere-bene.jpg\" border=\"0\" class=\"img-responsive\" \/><\/p>\n<p class=\"maggio23\"><strong><em>Criar<\/em><\/strong><\/p>\n<p class=\"maggio23\">Depois ter se dedicado por algumas semanas ao cuidado da letra, passa-se  &agrave; <strong>composi&ccedil;&atilde;o dos pensamentos e contos<\/strong>.  A novidade da abordagem anal&oacute;gica consiste em <strong>apresentar modelos textuais <\/strong>e n&atilde;o explica&ccedil;&otilde;es te&oacute;ricas. Ent&atilde;o por  outra vez, novamente, <strong>uma aprendizagem  por emula&ccedil;&atilde;o <\/strong>e de forma cursiva, a partir do momento que &eacute; a letra em que  se escreve.<\/p>\n<p>\t\t\t\t<img src=\"https:\/\/static.erickson.it\/ei\/SiteAssets\/Pagine\/Italiano-in-seconda-con-il-metodo-analogico\/comporre.jpg\" border=\"0\" class=\"img-responsive\" \/><\/p>\n<p class=\"maggio23\"><strong><em>Gram\u00e1tica<\/em><\/strong><\/p>\n<p class=\"maggio23\">A terceira se&ccedil;&atilde;o do caderninho &eacute; dedicada, em primeiro lugar, a <strong>refor&ccedil;ar a corre&ccedil;&atilde;o ortogr&aacute;fica <\/strong>e  depois a se aproximar &agrave;s <strong>primeiras  experi&ecirc;ncias de an&aacute;lise gramatical.<\/strong><br \/>\n\t\t          Para a parte ortogr&aacute;fica, as regras ser&atilde;o sempre percebidas, ou melhor,  intu&iacute;das, &ldquo;ao longo do caminho&rdquo;, ou seja, quando for necess&aacute;rio. Logo, n&atilde;o  antes do come&ccedil;o, quando ainda n&atilde;o se enxerga ainda a necessidade.<br \/>\n\t\t          Ao fim da se&ccedil;&atilde;o s&atilde;o propostas atividades onde o aluno procura os erros  no texto da mesma forma de um professor. Isto porque a ideia &eacute; de descobrir os  erros dos outros multiplica a aten&ccedil;&atilde;o.<\/p>\n<p><img src=\"https:\/\/static.erickson.it\/ei\/SiteAssets\/Pagine\/Italiano-in-seconda-con-il-metodo-analogico\/grammatica.jpg\" border=\"0\" class=\"img-responsive\" \/>\t    <\/p>\n<p>&nbsp;<\/p>\n<p class=\"nome-cognome-autore\">AS OITO FITAS<\/p>\n<p class=\"maggio23\">As oito fitas representam o <strong>dep&oacute;sito  das aprendizagens<\/strong> e s&atilde;o o ponto de onde partir e ao mesmo tempo aquele em  que se chega, pois no m&eacute;todo anal&oacute;gico se parte do fim, ou seja, da  contempla&ccedil;&atilde;o do trabalho para fazer.<\/p>\n<p class=\"maggio23\"><strong><em>Eis aqui como utilizar as 8 fitas <\/em><\/strong><\/p>\n<p class=\"maggio23\"><strong>Fita 1: Letra\/Formas de animais<\/strong><\/p>\n<ul class=\"maggio23\">\n<li>Refor&ccedil;ar com a canetinha as  letras e as palavras todas de uma vez.<\/li>\n<li>Refor&ccedil;ar as formas dos  animais, &uacute;teis para adquirir modelos processuais de desenho<\/li>\n<\/ul>\n<p>\t\t  <img src=\"https:\/\/static.erickson.it\/ei\/SiteAssets\/Pagine\/Italiano-in-seconda-con-il-metodo-analogico\/strisce.jpg\" border=\"0\" class=\"img-responsive\" \/><br \/>\n\t\t  <img src=\"https:\/\/static.erickson.it\/ei\/SiteAssets\/Pagine\/Italiano-in-seconda-con-il-metodo-analogico\/strisce2.jpg\" border=\"0\" class=\"img-responsive\" \/><\/p>\n<p class=\"maggio23\">&nbsp;<\/p>\n<p class=\"maggio23\"><strong>Fita 2: Teclado do cursivo\/ Escrever na forma cursiva<\/strong><\/p>\n<ul class=\"maggio23\">\n<li>Pronunciar o nome das  imagens na faixa inferior e &ldquo;digita-lo&rdquo; com o dedo no teclado. &Eacute; uma atividade  que permite de refor&ccedil;ar o uso de digramas e trigramas.<\/li>\n<li>Refor&ccedil;ar as palavras que  cont&ecirc;m sons dif&iacute;ceis para fixa-las na mem&oacute;ria.<\/li>\n<\/ul>\n<p>\t\t  <img src=\"https:\/\/static.erickson.it\/ei\/SiteAssets\/Pagine\/Italiano-in-seconda-con-il-metodo-analogico\/strisce3.jpg\" border=\"0\" class=\"img-responsive\" \/><br \/>\n\t\t  <img src=\"https:\/\/static.erickson.it\/ei\/SiteAssets\/Pagine\/Italiano-in-seconda-con-il-metodo-analogico\/strisce4.jpg\" border=\"0\" class=\"img-responsive\" \/><\/p>\n<p class=\"maggio23\">&nbsp;<\/p>\n<p class=\"maggio23\"><strong>Fita 3: Ortografia na hora<\/strong><\/p>\n<ul class=\"maggio23\">\n<li>Refor&ccedil;ar todas as dificuldades  ortogr&aacute;ficas por meio de uma atividade coral de leitura que dura alguns  minutos.<\/li>\n<\/ul>\n<p>\t\t  <img src=\"https:\/\/static.erickson.it\/ei\/SiteAssets\/Pagine\/Italiano-in-seconda-con-il-metodo-analogico\/strisce.jpg\" border=\"0\" class=\"img-responsive\" \/><br \/>\n\t\t  <img src=\"https:\/\/static.erickson.it\/ei\/SiteAssets\/Pagine\/Italiano-in-seconda-con-il-metodo-analogico\/strisce6.jpg\" border=\"0\" class=\"img-responsive\" \/><\/p>\n<p class=\"maggio23\">&nbsp;<\/p>\n<p class=\"maggio23\"><strong>Fita 4: O ap\u00f3strofe\/ O acento <\/strong><\/p>\n<ul class=\"maggio23\">\n<li>Estudar todas as  dificuldades numa vez s&oacute; e repeti-las em dias diferentes.<\/li>\n<\/ul>\n<p>\t\t  <img src=\"https:\/\/static.erickson.it\/ei\/SiteAssets\/Pagine\/Italiano-in-seconda-con-il-metodo-analogico\/strisce7.jpg\" border=\"0\" class=\"img-responsive\" \/><br \/>\n\t\t  <img src=\"https:\/\/static.erickson.it\/ei\/SiteAssets\/Pagine\/Italiano-in-seconda-con-il-metodo-analogico\/strisce8.jpg\" border=\"0\" class=\"img-responsive\" \/><\/p>\n<p class=\"maggio23\">&nbsp;<\/p>\n<p class=\"maggio23\"><strong>Fita 5: Criar<\/strong><\/p>\n<ul class=\"maggio23\">\n<li>Examinar toda a fita em  ambos os lados respondendo a eventuais quest&otilde;es das crian&ccedil;as com alguns  exemplos de frases<\/li>\n<\/ul>\n<p>\t\t  <img src=\"https:\/\/static.erickson.it\/ei\/SiteAssets\/Pagine\/Italiano-in-seconda-con-il-metodo-analogico\/strisce9.jpg\" border=\"0\" class=\"img-responsive\" \/><br \/>\n\t\t  <img src=\"https:\/\/static.erickson.it\/ei\/SiteAssets\/Pagine\/Italiano-in-seconda-con-il-metodo-analogico\/strisce10.jpg\" border=\"0\" class=\"img-responsive\" \/><\/p>\n<p class=\"maggio23\">&nbsp;<\/p>\n<p class=\"maggio23\"><strong>Fita 6: Narrar e descrever<\/strong><\/p>\n<ul class=\"maggio23\">\n<li>Ler simplesmente todo mundo  junto, ou singularmente, toda a fita, explicando que a descri&ccedil;&atilde;o nas hist&oacute;rias  corresponde em pausar o percurso narrativo.<\/li>\n<li>Deixar liberdade &agrave;  espontaneidade considerando que se trata de input iniciais que ser&atilde;o em seguida  desenvolvidos<\/li>\n<\/ul>\n<p>\t\t  <img src=\"https:\/\/static.erickson.it\/ei\/SiteAssets\/Pagine\/Italiano-in-seconda-con-il-metodo-analogico\/strisce11.jpg\" border=\"0\" class=\"img-responsive\" \/><br \/>\n\t\t  <img src=\"https:\/\/static.erickson.it\/ei\/SiteAssets\/Pagine\/Italiano-in-seconda-con-il-metodo-analogico\/strisce12.jpg\" border=\"0\" class=\"img-responsive\" \/><\/p>\n<p class=\"maggio23\">&nbsp;<\/p>\n<p class=\"maggio23\"><strong>Fita 7: Gram\u00e1tica na hora<\/strong><\/p>\n<ul class=\"maggio23\">\n<li>No primeiro dia se executa a  tarefa em ambos os lados, depois se apagar.<\/li>\n<li>Repetir o exerc&iacute;cio em  outros dias.<\/li>\n<li>Empenhar oralmente as  crian&ccedil;as e encontrar o vaso certo para outras palavras indicadas pelo  professor.<\/li>\n<li>Esclarecer &agrave; turma que este  jogo com os vasos &eacute; somente um come&ccedil;o e que, em seguida, ser&aacute; aprofundado,  tornando-se ainda mais legal.<\/li>\n<\/ul>\n<p>\t\t  <img src=\"https:\/\/static.erickson.it\/ei\/SiteAssets\/Pagine\/Italiano-in-seconda-con-il-metodo-analogico\/strisce13.jpg\" border=\"0\" class=\"img-responsive\" \/><br \/>\n\t\t  <img src=\"https:\/\/static.erickson.it\/ei\/SiteAssets\/Pagine\/Italiano-in-seconda-con-il-metodo-analogico\/strisce14.jpg\" border=\"0\" class=\"img-responsive\" \/><\/p>\n<p class=\"maggio23\">&nbsp;<\/p>\n<p class=\"maggio23\"><strong>Fita 8: Question\u00e1rio final <\/strong><\/p>\n<ul class=\"maggio23\">\n<li>Fazer o exerc&iacute;cio numa vez,  mais vezes, at&eacute; o alcance da compet&ecirc;ncia completa. No caso de dificuldade,  recorrer &agrave;s fitas anteriores (em espec&iacute;fico &agrave; fita 3).<\/li>\n<\/ul>\n<p>\t\t  <img src=\"https:\/\/static.erickson.it\/ei\/SiteAssets\/Pagine\/Italiano-in-seconda-con-il-metodo-analogico\/strisce15.jpg\" border=\"0\" class=\"img-responsive\" \/><br \/>\n\t\t  <img src=\"https:\/\/static.erickson.it\/ei\/SiteAssets\/Pagine\/Italiano-in-seconda-con-il-metodo-analogico\/strisce16.jpg\" border=\"0\" class=\"img-responsive\" \/><\/p>\n<p class=\"maggio23\">&nbsp;<\/p>\n<p class=\"maggio23\"><strong><em>Fitas para canhotos<\/em><\/strong><\/p>\n<p class=\"maggio23\">Para as crian&ccedil;as que  encontram objetivas dificuldades em prosseguir a escrever com a canetinha &agrave;  direita sem apagar o que eles j&aacute; escreveram, uma solu&ccedil;&atilde;o &ndash; por meio do  professor ou do parente &#8211;&nbsp; poderia ser a  de reescrever algumas fitas no sentido vertical, posicionando verticalmente o  porta fitas tamb&eacute;m.<\/p>\n<\/p><\/div>\n<\/div>\n<p><!-- END ROW -->\n<\/div>\n<\/div>\n","protected":false},"excerpt":{"rendered":"<p>Italiano no segundo ano do ensino fundamental com o m\u00e9todo anal\u00f3gico Ler para o prazer de ler e escrever para o prazer de escrever \u201dAprender a amar a leitura, a escrever bem e corretamente e a criar contos que falam da pr\u00f3pria vida \u00e9, em s\u00edntese, o programa de italiano do segundo ano do ensino [&hellip;]<\/p>\n","protected":false},"author":4,"featured_media":0,"parent":0,"menu_order":0,"comment_status":"closed","ping_status":"closed","template":"page-templates\/page-landing2colonne.php","meta":[],"acf":[],"yoast_head":"<!-- This site is optimized with the Yoast SEO plugin v19.6 - https:\/\/yoast.com\/wordpress\/plugins\/seo\/ -->\n<title>Italiano no segundo ano do ensino fundamental com o m\u00e9todo anal\u00f3gico - Erickson International<\/title>\n<meta name=\"robots\" content=\"index, follow, max-snippet:-1, max-image-preview:large, max-video-preview:-1\" \/>\n<link rel=\"canonical\" href=\"https:\/\/www.erickson.international\/pt-br\/italiano-no-segundo-ano-do-ensino-fundamental-com-o-metodo-analogico\/\" \/>\n<meta name=\"twitter:label1\" content=\"Est. reading time\" \/>\n\t<meta name=\"twitter:data1\" content=\"7 minutes\" \/>\n<script type=\"application\/ld+json\" class=\"yoast-schema-graph\">{\"@context\":\"https:\/\/schema.org\",\"@graph\":[{\"@type\":\"WebPage\",\"@id\":\"https:\/\/www.erickson.international\/pt-br\/italiano-no-segundo-ano-do-ensino-fundamental-com-o-metodo-analogico\/\",\"url\":\"https:\/\/www.erickson.international\/pt-br\/italiano-no-segundo-ano-do-ensino-fundamental-com-o-metodo-analogico\/\",\"name\":\"Italiano no segundo ano do ensino fundamental com o m\u00e9todo anal\u00f3gico - Erickson International\",\"isPartOf\":{\"@id\":\"https:\/\/www.erickson.international\/pt-br\/#website\"},\"datePublished\":\"2018-11-13T13:29:03+00:00\",\"dateModified\":\"2018-11-13T13:29:03+00:00\",\"breadcrumb\":{\"@id\":\"https:\/\/www.erickson.international\/pt-br\/italiano-no-segundo-ano-do-ensino-fundamental-com-o-metodo-analogico\/#breadcrumb\"},\"inLanguage\":\"pt-BR\",\"potentialAction\":[{\"@type\":\"ReadAction\",\"target\":[\"https:\/\/www.erickson.international\/pt-br\/italiano-no-segundo-ano-do-ensino-fundamental-com-o-metodo-analogico\/\"]}]},{\"@type\":\"BreadcrumbList\",\"@id\":\"https:\/\/www.erickson.international\/pt-br\/italiano-no-segundo-ano-do-ensino-fundamental-com-o-metodo-analogico\/#breadcrumb\",\"itemListElement\":[{\"@type\":\"ListItem\",\"position\":1,\"name\":\"Home\",\"item\":\"https:\/\/www.erickson.international\/pt-br\/\"},{\"@type\":\"ListItem\",\"position\":2,\"name\":\"Italiano no segundo ano do ensino fundamental com o m\u00e9todo anal\u00f3gico\"}]},{\"@type\":\"WebSite\",\"@id\":\"https:\/\/www.erickson.international\/pt-br\/#website\",\"url\":\"https:\/\/www.erickson.international\/pt-br\/\",\"name\":\"Erickson International\",\"description\":\"Ideas that help\",\"potentialAction\":[{\"@type\":\"SearchAction\",\"target\":{\"@type\":\"EntryPoint\",\"urlTemplate\":\"https:\/\/www.erickson.international\/pt-br\/?s={search_term_string}\"},\"query-input\":\"required name=search_term_string\"}],\"inLanguage\":\"pt-BR\"}]}<\/script>\n<!-- \/ Yoast SEO plugin. -->","yoast_head_json":{"title":"Italiano no segundo ano do ensino fundamental com o m\u00e9todo anal\u00f3gico - Erickson International","robots":{"index":"index","follow":"follow","max-snippet":"max-snippet:-1","max-image-preview":"max-image-preview:large","max-video-preview":"max-video-preview:-1"},"canonical":"https:\/\/www.erickson.international\/pt-br\/italiano-no-segundo-ano-do-ensino-fundamental-com-o-metodo-analogico\/","twitter_misc":{"Est. reading time":"7 minutes"},"schema":{"@context":"https:\/\/schema.org","@graph":[{"@type":"WebPage","@id":"https:\/\/www.erickson.international\/pt-br\/italiano-no-segundo-ano-do-ensino-fundamental-com-o-metodo-analogico\/","url":"https:\/\/www.erickson.international\/pt-br\/italiano-no-segundo-ano-do-ensino-fundamental-com-o-metodo-analogico\/","name":"Italiano no segundo ano do ensino fundamental com o m\u00e9todo anal\u00f3gico - Erickson International","isPartOf":{"@id":"https:\/\/www.erickson.international\/pt-br\/#website"},"datePublished":"2018-11-13T13:29:03+00:00","dateModified":"2018-11-13T13:29:03+00:00","breadcrumb":{"@id":"https:\/\/www.erickson.international\/pt-br\/italiano-no-segundo-ano-do-ensino-fundamental-com-o-metodo-analogico\/#breadcrumb"},"inLanguage":"pt-BR","potentialAction":[{"@type":"ReadAction","target":["https:\/\/www.erickson.international\/pt-br\/italiano-no-segundo-ano-do-ensino-fundamental-com-o-metodo-analogico\/"]}]},{"@type":"BreadcrumbList","@id":"https:\/\/www.erickson.international\/pt-br\/italiano-no-segundo-ano-do-ensino-fundamental-com-o-metodo-analogico\/#breadcrumb","itemListElement":[{"@type":"ListItem","position":1,"name":"Home","item":"https:\/\/www.erickson.international\/pt-br\/"},{"@type":"ListItem","position":2,"name":"Italiano no segundo ano do ensino fundamental com o m\u00e9todo anal\u00f3gico"}]},{"@type":"WebSite","@id":"https:\/\/www.erickson.international\/pt-br\/#website","url":"https:\/\/www.erickson.international\/pt-br\/","name":"Erickson International","description":"Ideas that help","potentialAction":[{"@type":"SearchAction","target":{"@type":"EntryPoint","urlTemplate":"https:\/\/www.erickson.international\/pt-br\/?s={search_term_string}"},"query-input":"required name=search_term_string"}],"inLanguage":"pt-BR"}]}},"_links":{"self":[{"href":"https:\/\/www.erickson.international\/pt-br\/wp-json\/wp\/v2\/pages\/13314"}],"collection":[{"href":"https:\/\/www.erickson.international\/pt-br\/wp-json\/wp\/v2\/pages"}],"about":[{"href":"https:\/\/www.erickson.international\/pt-br\/wp-json\/wp\/v2\/types\/page"}],"author":[{"embeddable":true,"href":"https:\/\/www.erickson.international\/pt-br\/wp-json\/wp\/v2\/users\/4"}],"replies":[{"embeddable":true,"href":"https:\/\/www.erickson.international\/pt-br\/wp-json\/wp\/v2\/comments?post=13314"}],"version-history":[{"count":1,"href":"https:\/\/www.erickson.international\/pt-br\/wp-json\/wp\/v2\/pages\/13314\/revisions"}],"predecessor-version":[{"id":13315,"href":"https:\/\/www.erickson.international\/pt-br\/wp-json\/wp\/v2\/pages\/13314\/revisions\/13315"}],"wp:attachment":[{"href":"https:\/\/www.erickson.international\/pt-br\/wp-json\/wp\/v2\/media?parent=13314"}],"curies":[{"name":"wp","href":"https:\/\/api.w.org\/{rel}","templated":true}]}}