{"id":13220,"date":"2018-11-09T15:01:46","date_gmt":"2018-11-09T15:01:46","guid":{"rendered":"http:\/\/www.erickson.international\/pt-br\/?page_id=13220"},"modified":"2019-02-11T15:41:53","modified_gmt":"2019-02-11T15:41:53","slug":"como-aprender-e-estudar-melhor-com-os-lapbooks","status":"publish","type":"page","link":"https:\/\/www.erickson.international\/pt-br\/como-aprender-e-estudar-melhor-com-os-lapbooks\/","title":{"rendered":"Como aprender e estudar melhor com os lapbooks"},"content":{"rendered":"<div class=\"col-lg-12 col-md-12 col-sm-12 listalibri landingpage\">\n<p><!-- Bollino --><\/p>\n<div class=\"col-lg-12\"><img src=\"http:\/\/www.erickson.international\/wp-content\/uploads\/2016\/03\/Focus_on_BOLLO.jpg\" alt=\"\"><\/div>\n<p><!-- Bollino END --><\/p>\n<p><!-- Titolo --><\/p>\n<div class=\"col-lg-12\">\n<h1 class=\"maggio23\">Como aprender e estudar melhor com os lapbooks<\/h1>\n<\/div>\n<p><!-- Titolo END --><\/p>\n<p><!-- Highlights --><\/p>\n<div class=\"col-lg-12 linea-landingpage\">\n<hr>\n<p><!-- START ROW --><\/p>\n<div class=\"row\">\n<div class=\"col-lg-12 col-md-12 col-sm-12 col-xs-12\">\n<p class=\"nome-cognome-autore\">O que \u00e9 um lapbook?<\/p>\n<p class=\"maggio23\">Um lapbook \u00e9 uma agrega\u00e7\u00e3o din\u00e2mica e criativa dos conte\u00fados. Apresenta-se como pastinha que pode ter v\u00e1rias dimens\u00f5es, conforme o uso e a necessidade. Dentro deste est\u00e3o recolhidas, em diferentes minibooks ou templates, as informa\u00e7\u00f5es essenciais e espec\u00edficas a respeito do assunto escolhido.<\/p>\n<p class=\"maggio23\">O objetivo final \u00e9 o de realizar um mapa tridimensional e interativo do que foi estudado e aprendido, por meio de um trabalho concreto e personalizado.<\/p>\n<\/div>\n<\/div>\n<p><!-- END ROW --><\/p>\n<p><!-- START ROW --><\/p>\n<div class=\"row\">\n<div class=\"col-lg-12 col-md-12 col-sm-12 col-xs-12\">\n<p class=\"nome-cognome-autore\">O meu primeiro lapbook<\/p>\n<\/div>\n<div class=\"col-lg-3 col-md-5 col-sm-8 col-xs-8\"><a href=\"https:\/\/www.erickson.international\/pt-br\/catalogue\/educacao-e-didatica-metodos-e-teorias\/metodologias-instrumentos-e-aplicacoes\/meu-primeiro-lapbook\/\"><img src=\"https:\/\/static.erickson.it\/Products\/LIBRO_978-88-590-1055-5_X544_Il-mio-primo-lapbook\/CopertinaWeb\/COP_Il-mio-primo-lapbook_590-1055-5.jpg\" alt=\"\" border=\"0\"><\/a><\/div>\n<div class=\"col-lg-9 col-md-7 col-sm-12 col-xs-12\">\n<p class=\"maggio23\">Este livro n\u00e3o apresenta lapbooks prontos, mas recolhe <strong>todos os instrumentos necess\u00e1rios para  pensar, projetar e criar infinitos lapbooks originais e pessoais.<\/strong><\/p>\n<p class=\"maggio23\"><strong>O volume prop\u00f5e:<\/strong><\/p>\n<ul class=\"maggio23\">\n<li>Exemplos de lapbooks<\/li>\n<li>As instru\u00e7\u00f5es para realiza-los<\/li>\n<li>Esquemas templates para ser reproduzidos ou copiados e recortados<\/li>\n<\/ul>\n<\/div>\n<\/div>\n<p><!-- END ROW --><\/p>\n<p><!-- START ROW --><\/p>\n<div class=\"row\">\n<div class=\"col-lg-12 col-md-12 col-sm-12 col-xs-12\">\n<p class=\"nome-cognome-autore\">Aprendo com os lapbook | Matem\u00e1tica e Ci\u00eancia | Terceiro ano do ensino fundamental<\/p>\n<\/div>\n<div class=\"col-lg-3 col-md-5 col-sm-8 col-xs-8\"><a href=\"https:\/\/www.erickson.international\/pt-br\/catalogue\/historiageografiaciencias\/ciencias\/aprendo-com-os-lapbooks-matematica-ciencia\/\"><img src=\"https:\/\/static.erickson.it\/Products\/LIBRO_978-88-590-1270-2_X659_Imparo-con-i-lapbook-Matematica-e-scienze\/CopertinaWeb\/COP_Imparo-con-i-lapbook-cl3_MATEMATICA-1.jpg\" alt=\"\" border=\"0\"><\/a><\/div>\n<div class=\"col-lg-9 col-md-7 col-sm-12 col-xs-12\">\n<p class=\"maggio23\">Recolhe todas as indica\u00e7\u00f5es e os materiais para permitir \u00e0  crian\u00e7a de construir com autonomia <strong>3  lapbooks de tipologias diferentes<\/strong> sobre os argumentos principais do  programa <strong>de matem\u00e1tica e ci\u00eancia do  terceiro ano do ensino fundamental.<\/strong><\/p>\n<p class=\"maggio23\">Eis os argumentos dos lapbooks:<\/p>\n<ul class=\"maggio23\">\n<li>As quatro opera\u00e7\u00f5es<\/li>\n<li>As unidades de medida<\/li>\n<li>Do n\u00facleo \u00e0 exosfera<\/li>\n<\/ul>\n<\/div>\n<\/div>\n<p><!-- END ROW --><\/p>\n<p><!-- START ROW --><\/p>\n<div class=\"row\">\n<div class=\"col-lg-12 col-md-12 col-sm-12 col-xs-12\">\n<p class=\"nome-cognome-autore\">Aprendo com os lapbook | Italiano, Hist\u00f3ria e Geografia | Terceiro ano do ensino fundamental<\/p>\n<\/div>\n<div class=\"col-lg-3 col-md-5 col-sm-8 col-xs-8\"><a href=\"https:\/\/www.erickson.international\/pt-br\/catalogue\/leitura-e-escrita\/producao-de-texto-e-escrita-criativa\/aprendo-com-os-lapbooks-italiano-historia-geografia\/\"><img src=\"https:\/\/static.erickson.it\/Products\/LIBRO_978-88-590-1269-6_X658_Imparo-con-i-lapbook-Italiano-storia-geografia\/CopertinaWeb\/COP_Imparo-con-i-lapbook-cl-3_ITALIANO.jpg\" alt=\"\" border=\"0\"><\/a><\/div>\n<div class=\"col-lg-9 col-md-7 col-sm-12 col-xs-12\">\n<p class=\"maggio23\">Recolhe todas as indica\u00e7\u00f5es e os materiais para permitir \u00e0  crian\u00e7a de construir com autonomia <strong>4  lapbooks de tipologias diferentes<\/strong> sobre os argumentos principais do  programa <strong>de italiano, hist\u00f3ria e  geografia do terceiro ano do ensino fundamental.<\/strong><\/p>\n<p class=\"maggio23\"><strong>Eis os argumentos dos  lapbooks:<\/strong><\/p>\n<ul class=\"maggio23\">\n<li>A f\u00e1bula<\/li>\n<li>A frase m\u00ednima<\/li>\n<li>Do Big Bang ao ser humano<\/li>\n<li>O clima e os ambientes<\/li>\n<\/ul>\n<\/div>\n<\/div>\n<p><!-- END ROW --><\/p>\n<p><!-- START ROW --><\/p>\n<div class=\"row\">\n<div class=\"col-lg-12 col-md-12 col-sm-12 col-xs-12\">\n<p class=\"nome-cognome-autore\">Aprendo com os lapbook | Matem\u00e1tica e Ci\u00eancias naturais | Quarto ano do ensino fundamental<\/p>\n<\/div>\n<div class=\"col-lg-3 col-md-5 col-sm-8 col-xs-8\"><a href=\"https:\/\/www.erickson.international\/pt-br\/catalogue\/historiageografiaciencias\/ciencias\/aprendo-com-os-lapbooks-matematica-e-ciencia\/\"><img src=\"https:\/\/static.erickson.it\/Products\/LIBRO_978-88-590-1400-3_X792_Imparo-con-i-lapbook-Classe-4-Matematica-e-scienze\/CopertinaWeb\/COP_Imparo-con-i-lapbook_MATE_Classe4.jpg\" alt=\"\" border=\"0\"><\/a><\/div>\n<div class=\"col-lg-9 col-md-7 col-sm-12 col-xs-12\">\n<p class=\"maggio23\">Recolhe todas as indica\u00e7\u00f5es e os materiais para permitir \u00e0  crian\u00e7a de construir com autonomia <strong>3  lapbooks de tipologias diferentes<\/strong> sobre os argumentos principais do  programa <strong>de matem\u00e1tica e ci\u00eancia do quarto  ano do ensino fundamental.<\/strong><\/p>\n<p class=\"maggio23\"><strong>Eis os argumentos dos  lapbooks:<\/strong><\/p>\n<ul class=\"maggio23\">\n<li>As fra\u00e7\u00f5es<strong><\/strong><\/li>\n<li>O euro<strong><\/strong><\/li>\n<li>Os seres vivos<strong><\/strong><\/li>\n<\/ul>\n<\/div>\n<\/div>\n<p><!-- END ROW --><\/p>\n<p><!-- START ROW --><\/p>\n<div class=\"row\">\n<div class=\"col-lg-12 col-md-12 col-sm-12 col-xs-12\">\n<p class=\"nome-cognome-autore\">Aprendo com os lapbook | Italiano, Hist\u00f3ria e Geografia | Quarto ano do ensino fundamental<\/p>\n<\/div>\n<div class=\"col-lg-3 col-md-5 col-sm-8 col-xs-8\"><a href=\"https:\/\/www.erickson.international\/pt-br\/catalogue\/leitura-e-escrita\/producao-de-texto-e-escrita-criativa\/aprendo-com-os-lapbook-italiano-historia-e-geografia-2\/\"><img src=\"https:\/\/static.erickson.it\/Products\/LIBRO_978-88-590-1399-0_X791_Imparo-con-i-lapbook-Classe-4-Italiano-storia-e-geografia\/CopertinaWeb\/COP_Imparo-con-i-lapbook_ITA_Classe4.jpg\" alt=\"\" border=\"0\"><\/a><\/div>\n<div class=\"col-lg-9 col-md-7 col-sm-12 col-xs-12\">\n<p class=\"maggio23\">Recolhe todas as indica\u00e7\u00f5es e os materiais para permitir \u00e0  crian\u00e7a de construir com autonomia <strong>4  lapbooks de tipologias diferentes<\/strong> sobre os argumentos principais do  programa <strong>de italiano, hist\u00f3ria e  geografia do quarto ano do ensino fundamental.<\/strong><\/p>\n<p class=\"maggio23\"><strong>Eis os argumentos dos  lapbooks:<\/strong><\/p>\n<ul class=\"maggio23\">\n<li>Os g\u00eaneros liter\u00e1rios<strong><\/strong><\/li>\n<li>As tipologias textuais<strong><\/strong><\/li>\n<li>Os eg\u00edpcios antigos<strong><\/strong><\/li>\n<li>A orienta\u00e7\u00e3o e as cartas geogr\u00e1ficas<strong><\/strong><\/li>\n<\/ul>\n<\/div>\n<\/div>\n<p><!-- END ROW --><br \/>\n<!-- START ROW --><\/p>\n<div class=\"row\">\n<div class=\"col-lg-12 col-md-12 col-sm-12 col-xs-12\">\n<p class=\"nome-cognome-autore\">Aprendo com os lapbook | Matem\u00e1tica e Ci\u00eancias naturais | Quinto ano do ensino fundamental<\/p>\n<\/div>\n<div class=\"col-lg-3 col-md-5 col-sm-8 col-xs-8\"><a href=\"https:\/\/www.erickson.international\/pt-br\/catalogue\/historiageografiaciencias\/ciencias\/aprendo-com-os-lapbooks-matematica-e-ciencia\/\"><img src=\"https:\/\/static.erickson.it\/Products\/LIBRO_978-88-590-1629-8_X967_Imparo-con-i-lapbook-Classe-quinta-Matematica-e-scienze\/CopertinaWeb\/COP_Imparo-con-i-lapbook-Classe-5-Matematica_590-1629-8.jpg\" alt=\"\" border=\"0\"><\/a><\/div>\n<div class=\"col-lg-9 col-md-7 col-sm-12 col-xs-12\">\n<p class=\"maggio23\">Recolhe todas as indica\u00e7\u00f5es e os materiais para permitir \u00e0  crian\u00e7a de construir com autonomia <strong>3  lapbooks de tipologias diferentes<\/strong> sobre os argumentos principais do  programa <strong>de matem\u00e1tica e ci\u00eancia do quinto  ano do ensino fundamental.<\/strong><\/p>\n<p class=\"maggio23\"><strong>Eis os argumentos dos  lapbooks:<\/strong><\/p>\n<ul class=\"maggio23\">\n<li>Regras de matem\u00e1tica<\/li>\n<li>A geometria<\/li>\n<li>As fontes de energia<\/li>\n<\/ul>\n<\/div>\n<\/div>\n<p><!-- END ROW --><\/p>\n<p><!-- START ROW --><\/p>\n<div class=\"row\">\n<div class=\"col-lg-12 col-md-12 col-sm-12 col-xs-12\">\n<p class=\"nome-cognome-autore\">Aprendo com os lapbook | Italiano, Hist\u00f3ria e Geografia | Quinto ano do ensino fundamental<\/p>\n<\/div>\n<div class=\"col-lg-3 col-md-5 col-sm-8 col-xs-8\"><a href=\"https:\/\/www.erickson.international\/pt-br\/catalogue\/matematica\/numeros-e-calculo\/aprendo-com-os-lapbooks-matematica-e-ciencia-2\/\"><img src=\"https:\/\/static.erickson.it\/Products\/LIBRO_978-88-590-1628-1_X966_Imparo-con-i-lapbook-Classe-quinta-Italiano-storia-e-geografia\/CopertinaWeb\/COP_Imparo-con-i-lapbook-Classe-5-Italiano_590-1628-1.jpg\" alt=\"\" border=\"0\"><\/a><\/div>\n<div class=\"col-lg-9 col-md-7 col-sm-12 col-xs-12\">\n<p class=\"maggio23\">Recolhe todas as indica\u00e7\u00f5es e os materiais para permitir \u00e0  crian\u00e7a de construir com autonomia <strong>4  lapbooks de tipologias diferentes<\/strong> sobre os argumentos principais do  programa <strong>de italiano, hist\u00f3ria e  geografia do quinto ano do ensino fundamental.<\/strong><\/p>\n<p class=\"maggio23\"><strong>Eis os argumentos dos  lapbooks:<\/strong><\/p>\n<ul class=\"maggio23\">\n<li>A an\u00e1lise gramatical<strong><\/strong><\/li>\n<li>A an\u00e1lise l\u00f3gica<strong><\/strong><\/li>\n<li>Deuses e her\u00f3is gregos<strong><\/strong><\/li>\n<li>Os Romanos<strong><\/strong><\/li>\n<li>A It\u00e1lia<\/li>\n<\/ul>\n<\/div>\n<\/div>\n<p><!-- END ROW --><\/p>\n<p><!-- START ROW --><\/p>\n<div class=\"row\">\n<div class=\"col-lg-12 col-md-12 col-sm-12 col-xs-12\">\n<p class=\"maggio23\">&nbsp;<\/p>\n<hr>\n<p class=\"maggio23\">O lapbook \u00e9 um instrumento din\u00e2mico e cativante, que pode ser  pensado como <strong>um mapa conceitual  tridimensional que se constr\u00f3i de forma cont\u00ednua avan\u00e7ando para outro assunto<\/strong> durante as aulas ou como ferramenta de s\u00edntese, a qual se realiza uma vez  completado o tratamento de uma tem\u00e1tica.<\/p>\n<p class=\"maggio23\">O lapbook torna-se caderno (onde recolhe as anota\u00e7\u00f5es), livro  de texto (onde aprofunda e encontra informa\u00e7\u00f5es) e instrumento avaliativo com o  qual avaliar uma grande variedade de habilidades: em pesquisa, em projeto, em  s\u00edntese, gr\u00e1ficas, etc.<\/p>\n<p class=\"maggio23\">\u00c9 importante que o docente ensine a construir o lapbook e n\u00e3o  se limite a fornec\u00ea-los j\u00e1 prontos para recort\u00e1-los e col\u00e1-los: dar ao aluno o  material j\u00e1 elaborado diminui muito o valor.<\/p>\n<p class=\"maggio23\">O percurso de introdu\u00e7\u00e3o \u00e0 sua utiliza\u00e7\u00e3o deve ser amplo e  prever, depois de uma primeira fase de aproxima\u00e7\u00e3o, uma fase onde os alunos  aprendem a analisar o que conhecem e o que devem aprofundar, aprendem a  projetar, a escolher os templates, a sintetizar os conte\u00fados de forma aut\u00f4noma  e pessoal, a escolher as imagens, as cores e as fontes.<\/p>\n<\/div>\n<\/div>\n<p><!-- END ROW --><\/p>\n<p><!-- START ROW --><\/p>\n<div class=\"row\">\n<div class=\"col-lg-12 col-md-12 col-sm-12 col-xs-12\">\n<p class=\"nome-cognome-autore\">As fichas de projeto<\/p>\n<p class=\"maggio23\">Para criar um lapbook elaboramos uma <strong>ficha de projeto, <\/strong>a qual ajuda a pessoa envolvida nessa fase  (professor, estudante, parentes) a seguir os passos na ordem certa.<\/p>\n<p class=\"maggio23\">A ficha de projeto <strong>permitir\u00e1  de planejar a atividade<\/strong> sem pular as passagens, auxiliando em focar a aten\u00e7\u00e3o  nas partes fundamentais do projeto.<\/p>\n<p class=\"maggio23\">Vamos ver no detalhe <strong>como  \u00e9 estruturada<\/strong> e como utilizar a ficha de projeto.<\/p>\n<p class=\"maggio23\">A <strong>ficha A<\/strong> apresenta na parte de cima o espa\u00e7o para escrever o t\u00edtulo, o argumento e o  autor do lapbook; na parte de baixo, em uma tabela, o espa\u00e7o para marcar o tipo  de pastinha escolhido e recolher as informa\u00e7\u00f5es a serem aprofundadas nos  primeiros tr\u00eas minibooks. Na coluna de direita \u00e8 poss\u00edvel colar como lembrete a  imagem da tipologia de template que se entende realizar (recortando a imagem da  ficha C) e indicar a refer\u00eancia do quadro onde copiar ou fazer c\u00f3pia a base do  template escolhido.<\/p>\n<\/div>\n<div class=\"col-lg-6 col-md-6 col-sm-12 col-xs-12\"><img src=\"https:\/\/static.erickson.it\/ei\/SiteAssets\/Pagine\/Come-imparare-e-studiare-meglio-con-i-lapbook\/Schede-di-progettazione-A.jpg\" alt=\"\"><\/div>\n<\/div>\n<p><!-- END ROW --><\/p>\n<p><!-- START ROW --><\/p>\n<div class=\"row\">\n<div class=\"col-lg-12 col-md-12 col-sm-12 col-xs-12\">\n<p class=\"maggio23\" p=\"\">A <strong>ficha B<\/strong> possui o  espa\u00e7o encima para escrever o t\u00edtulo do lapbook e o nome do autor e quatros  espa\u00e7os para indicar os argumentos e os quadros dos outros minibook que devem  ser realizados. No caso em que precisem de mais template ser\u00e1 s\u00f3 preciso  imprimir mais c\u00f3pias dessa ficha.<\/p>\n<\/div>\n<div class=\"col-lg-6 col-md-6 col-sm-12 col-xs-12\"><img src=\"https:\/\/static.erickson.it\/ei\/SiteAssets\/Pagine\/Come-imparare-e-studiare-meglio-con-i-lapbook\/Schede-di-progettazione-B.jpg\" alt=\"\"><\/div>\n<\/div>\n<p><!-- END ROW --><\/p>\n<p><!-- START ROW --><\/p>\n<div class=\"row\">\n<div class=\"col-lg-12 col-md-12 col-sm-12 col-xs-12\">\n<p class=\"maggio23\">A <strong>ficha C<\/strong> cont\u00e9m  mais c\u00f3pias \u00edcones dos templates presentes no livro. Ser\u00e1 necess\u00e1rio fazer  c\u00f3pia dessa p\u00e1gina para poder recortar os \u00edcones e, em seguida, col\u00e1-las na  terceira coluna das fichas A e B, de modo que haja um memorando gr\u00e1fico do que  se tem a inten\u00e7\u00e3o de realizar.<\/p>\n<\/div>\n<div class=\"col-lg-6 col-md-6 col-sm-12 col-xs-12\"><img src=\"https:\/\/static.erickson.it\/ei\/SiteAssets\/Pagine\/Come-imparare-e-studiare-meglio-con-i-lapbook\/Schede-di-progettazione-C.jpg\" alt=\"\"><\/div>\n<\/div>\n<p><!-- END ROW --><\/p>\n<p><!-- START ROW --><\/p>\n<div class=\"row\">\n<div class=\"col-lg-12 col-md-12 col-sm-12 col-xs-12\">\n<p class=\"nome-cognome-autore\">Por que fazer lapbook na escola?<\/p>\n<p class=\"maggio23\">A realiza\u00e7\u00e3o de lapbook na sala de aula apresenta numerosas  vantagens, os quais podem ser postos em tr\u00eas principais planos:<\/p>\n<ul class=\"maggio23\">\n<li>Motiva\u00e7\u00e3o e aspectos emotivo-afetivos: os alunos se sentem  maiormente motivados a estudar quando est\u00e3o envolvidos no processo de  aprendizagem<\/li>\n<li>Aprendizagens escolares e desenvolvimento das habilidades do  estudo: o aluno guiado no uso cr\u00edtico do instrumento lapbook \u00e9 um aluno que  aprende a construir o pr\u00f3prio m\u00e9todo de estudo<\/li>\n<li>Coopera\u00e7\u00e3o e inclus\u00e3o: o lapbook se aplica perfeitamente \u00e0  did\u00e1tica em grupos cooperativos, porque por meio do confronto entre pares o  aluno desenvolve mais facilmente as capacidades cr\u00edticas para realiza-lo.<\/li>\n<\/ul>\n<\/div>\n<\/div>\n<p><!-- END ROW --><\/p>\n<\/div>\n<\/div>\n","protected":false},"excerpt":{"rendered":"<p>Como aprender e estudar melhor com os lapbooks O que \u00e9 um lapbook? Um lapbook \u00e9 uma agrega\u00e7\u00e3o din\u00e2mica e criativa dos conte\u00fados. Apresenta-se como pastinha que pode ter v\u00e1rias dimens\u00f5es, conforme o uso e a necessidade. Dentro deste est\u00e3o recolhidas, em diferentes minibooks ou templates, as informa\u00e7\u00f5es essenciais e espec\u00edficas a respeito do assunto [&hellip;]<\/p>\n","protected":false},"author":4,"featured_media":0,"parent":0,"menu_order":0,"comment_status":"closed","ping_status":"closed","template":"","meta":[],"acf":[],"yoast_head":"<!-- This site is optimized with the Yoast SEO plugin v19.6 - https:\/\/yoast.com\/wordpress\/plugins\/seo\/ -->\n<title>Como aprender e estudar melhor com os lapbooks - Erickson International<\/title>\n<meta name=\"robots\" content=\"index, follow, max-snippet:-1, max-image-preview:large, max-video-preview:-1\" \/>\n<link rel=\"canonical\" href=\"https:\/\/www.erickson.international\/pt-br\/como-aprender-e-estudar-melhor-com-os-lapbooks\/\" \/>\n<meta name=\"twitter:label1\" content=\"Est. reading time\" \/>\n\t<meta name=\"twitter:data1\" content=\"6 minutes\" \/>\n<script type=\"application\/ld+json\" class=\"yoast-schema-graph\">{\"@context\":\"https:\/\/schema.org\",\"@graph\":[{\"@type\":\"WebPage\",\"@id\":\"https:\/\/www.erickson.international\/pt-br\/como-aprender-e-estudar-melhor-com-os-lapbooks\/\",\"url\":\"https:\/\/www.erickson.international\/pt-br\/como-aprender-e-estudar-melhor-com-os-lapbooks\/\",\"name\":\"Como aprender e estudar melhor com os lapbooks - Erickson International\",\"isPartOf\":{\"@id\":\"https:\/\/www.erickson.international\/pt-br\/#website\"},\"datePublished\":\"2018-11-09T15:01:46+00:00\",\"dateModified\":\"2019-02-11T15:41:53+00:00\",\"breadcrumb\":{\"@id\":\"https:\/\/www.erickson.international\/pt-br\/como-aprender-e-estudar-melhor-com-os-lapbooks\/#breadcrumb\"},\"inLanguage\":\"pt-BR\",\"potentialAction\":[{\"@type\":\"ReadAction\",\"target\":[\"https:\/\/www.erickson.international\/pt-br\/como-aprender-e-estudar-melhor-com-os-lapbooks\/\"]}]},{\"@type\":\"BreadcrumbList\",\"@id\":\"https:\/\/www.erickson.international\/pt-br\/como-aprender-e-estudar-melhor-com-os-lapbooks\/#breadcrumb\",\"itemListElement\":[{\"@type\":\"ListItem\",\"position\":1,\"name\":\"Home\",\"item\":\"https:\/\/www.erickson.international\/pt-br\/\"},{\"@type\":\"ListItem\",\"position\":2,\"name\":\"Como aprender e estudar melhor com os lapbooks\"}]},{\"@type\":\"WebSite\",\"@id\":\"https:\/\/www.erickson.international\/pt-br\/#website\",\"url\":\"https:\/\/www.erickson.international\/pt-br\/\",\"name\":\"Erickson International\",\"description\":\"Ideas that help\",\"potentialAction\":[{\"@type\":\"SearchAction\",\"target\":{\"@type\":\"EntryPoint\",\"urlTemplate\":\"https:\/\/www.erickson.international\/pt-br\/?s={search_term_string}\"},\"query-input\":\"required name=search_term_string\"}],\"inLanguage\":\"pt-BR\"}]}<\/script>\n<!-- \/ Yoast SEO plugin. -->","yoast_head_json":{"title":"Como aprender e estudar melhor com os lapbooks - Erickson International","robots":{"index":"index","follow":"follow","max-snippet":"max-snippet:-1","max-image-preview":"max-image-preview:large","max-video-preview":"max-video-preview:-1"},"canonical":"https:\/\/www.erickson.international\/pt-br\/como-aprender-e-estudar-melhor-com-os-lapbooks\/","twitter_misc":{"Est. reading time":"6 minutes"},"schema":{"@context":"https:\/\/schema.org","@graph":[{"@type":"WebPage","@id":"https:\/\/www.erickson.international\/pt-br\/como-aprender-e-estudar-melhor-com-os-lapbooks\/","url":"https:\/\/www.erickson.international\/pt-br\/como-aprender-e-estudar-melhor-com-os-lapbooks\/","name":"Como aprender e estudar melhor com os lapbooks - Erickson International","isPartOf":{"@id":"https:\/\/www.erickson.international\/pt-br\/#website"},"datePublished":"2018-11-09T15:01:46+00:00","dateModified":"2019-02-11T15:41:53+00:00","breadcrumb":{"@id":"https:\/\/www.erickson.international\/pt-br\/como-aprender-e-estudar-melhor-com-os-lapbooks\/#breadcrumb"},"inLanguage":"pt-BR","potentialAction":[{"@type":"ReadAction","target":["https:\/\/www.erickson.international\/pt-br\/como-aprender-e-estudar-melhor-com-os-lapbooks\/"]}]},{"@type":"BreadcrumbList","@id":"https:\/\/www.erickson.international\/pt-br\/como-aprender-e-estudar-melhor-com-os-lapbooks\/#breadcrumb","itemListElement":[{"@type":"ListItem","position":1,"name":"Home","item":"https:\/\/www.erickson.international\/pt-br\/"},{"@type":"ListItem","position":2,"name":"Como aprender e estudar melhor com os lapbooks"}]},{"@type":"WebSite","@id":"https:\/\/www.erickson.international\/pt-br\/#website","url":"https:\/\/www.erickson.international\/pt-br\/","name":"Erickson International","description":"Ideas that help","potentialAction":[{"@type":"SearchAction","target":{"@type":"EntryPoint","urlTemplate":"https:\/\/www.erickson.international\/pt-br\/?s={search_term_string}"},"query-input":"required name=search_term_string"}],"inLanguage":"pt-BR"}]}},"_links":{"self":[{"href":"https:\/\/www.erickson.international\/pt-br\/wp-json\/wp\/v2\/pages\/13220"}],"collection":[{"href":"https:\/\/www.erickson.international\/pt-br\/wp-json\/wp\/v2\/pages"}],"about":[{"href":"https:\/\/www.erickson.international\/pt-br\/wp-json\/wp\/v2\/types\/page"}],"author":[{"embeddable":true,"href":"https:\/\/www.erickson.international\/pt-br\/wp-json\/wp\/v2\/users\/4"}],"replies":[{"embeddable":true,"href":"https:\/\/www.erickson.international\/pt-br\/wp-json\/wp\/v2\/comments?post=13220"}],"version-history":[{"count":2,"href":"https:\/\/www.erickson.international\/pt-br\/wp-json\/wp\/v2\/pages\/13220\/revisions"}],"predecessor-version":[{"id":13853,"href":"https:\/\/www.erickson.international\/pt-br\/wp-json\/wp\/v2\/pages\/13220\/revisions\/13853"}],"wp:attachment":[{"href":"https:\/\/www.erickson.international\/pt-br\/wp-json\/wp\/v2\/media?parent=13220"}],"curies":[{"name":"wp","href":"https:\/\/api.w.org\/{rel}","templated":true}]}}