{"id":13042,"date":"2018-11-09T08:52:55","date_gmt":"2018-11-09T08:52:55","guid":{"rendered":"http:\/\/www.erickson.international\/pt-br\/?page_id=13042"},"modified":"2018-11-09T08:53:53","modified_gmt":"2018-11-09T08:53:53","slug":"aprendo-com-o-videomodeling","status":"publish","type":"page","link":"https:\/\/www.erickson.international\/pt-br\/aprendo-com-o-videomodeling\/","title":{"rendered":"APRENDO COM O VIDEOMODELING"},"content":{"rendered":"<div class=\"col-lg-12 col-md-12 col-sm-12 listalibri landingpage\">\n<p><!-- Bollino --><\/p>\n<div class=\"col-lg-12\"><img src=\"http:\/\/www.erickson.international\/wp-content\/uploads\/2016\/03\/Focus_on_BOLLO.jpg\" alt=\"\" \/><\/div>\n<p><!-- Bollino END --><br \/>\n<!-- Titolo --><\/p>\n<div class=\"col-lg-12\">\n<h1 class=\"maggio23\">APRENDO COM O VIDEOMODELING<\/h1>\n<p class=\"maggio23\"><em>Um novo software pensado para todos os profissionais que seguem crian\u00e7as com dist\u00farbios do espectro do autismo e as fam\u00edlias dessas crian\u00e7as.<\/em><\/p>\n<\/div>\n<p><!-- Titolo END --><br \/>\n<!-- Highlights --><\/p>\n<div class=\"col-lg-12 linea-landingpage\">\n<hr \/>\n<p><!-- START ROW --><\/p>\n<div class=\"row\">\n<div class=\"col-lg-12 col-md-12 col-sm-12 col-xs-12\"><img src=\"http:\/\/www.erickson.international\/wp-content\/uploads\/2018\/04\/Videomodelling-eng.jpg\" alt=\"\" \/><\/div>\n<div class=\"col-lg-12 col-md-12 col-sm-12 col-xs-12\">\n<p class=\"nome-cognome-autore\">O que \u00e9 o videomodeling?<\/p>\n<p class=\"maggio23\">O v\u00eddeomodeling \u00e9 <strong>um m\u00e9todo de ensino baseado na aprendizagem por imita\u00e7\u00e3o<\/strong> onde se aprende observando um modelo que no v\u00eddeo mostra a correta modalidade com a qual se p\u00f5e na pr\u00e1tica um dado comportamento ou uma precisa sequ\u00eancia de a\u00e7\u00f5es, seguindo a metodologia ABA.<\/p>\n<p class=\"nome-cognome-autore\">Em que consiste?<\/p>\n<p class=\"maggio23\">Tecnicamente, o v\u00eddeomodeling <strong>prev\u00ea a administra\u00e7\u00e3o ao sujeito interessado as demonstra\u00e7\u00f5es gravadas em v\u00eddeo de poucos minutos, nas quais \u00e9 precisamente cumprida uma determinada a\u00e7\u00e3o target, <\/strong>com o consequente pedido de reproduzir quanto consultado. Os modelos empregados nas grava\u00e7\u00f5es v\u00eddeo deveriam ser, preferivelmente, coet\u00e2neos, para favorecer a identifica\u00e7\u00e3o, ou na melhor familiares, educadores, ou adultos que estejam conhecidos pelo sujeito.<\/p>\n<p class=\"nome-cognome-autore\">Quais as principais habilidades que podem ser aprendidas com o v\u00eddeomodeling?<\/p>\n<ul class=\"maggio23\">\n<li>Habilidades sociais<\/li>\n<li>Comportamentos motores<\/li>\n<li>Autonomias funcionais<\/li>\n<li>Habilidades de jogo<\/li>\n<li>Habilidades de trabalho e comunicativas<\/li>\n<li>Auto-regula\u00e7\u00e3o emotivo-cognitiva<\/li>\n<\/ul>\n<\/div>\n<\/div>\n<p><!-- START ROW --><\/p>\n<div class=\"row\">\n<div class=\"col-lg-12 col-md-12 col-sm-12 col-xs-12\">\n<p class=\"nome-cognome-autore\">APRENDO COM O V\u00cdDEOMODELING<\/p>\n<p class=\"maggio23\">Criado por Andreina Costa e Eleonora Fiorot, com a supervis\u00e3o de ODF Lab da Universidade de Trento, <strong>Aprendo com o v\u00eddeomodeling<\/strong> <strong>\u00e9 um software operacional que prop\u00f5e uma s\u00e9rie de percursos de ensino e de refor\u00e7o das principais habilidades relativas \u00e0s autonomias pessoais, dom\u00e9sticas e sociais.<\/strong><\/p>\n<\/div>\n<div class=\"col-lg-6 col-md-6 col-sm-12 col-xs-12\"><img src=\"https:\/\/static.erickson.it\/ei\/SiteAssets\/Pagine\/Imparo-con-il-Videomodeling\/1.png\" \/><\/div>\n<div class=\"col-lg-6 col-md-6 col-sm-12 col-xs-12\"><img src=\"https:\/\/static.erickson.it\/ei\/SiteAssets\/Pagine\/Imparo-con-il-Videomodeling\/2.png\" \/><\/div>\n<div class=\"col-lg-12 col-md-12 col-sm-12 col-xs-12\">\n<p class=\"maggio23\"><strong>O programa se direciona principalmente aos profissionais <\/strong>que se ocupam dos dist\u00farbios do espectro autista e da defici\u00eancia do crescimento, <strong>mas pode ser um v\u00e1lido instrumento, tamb\u00e9m, para a fam\u00edlia<\/strong> e para todas aquelas figuras que colaboram com a crian\u00e7a ou o jovem com dificuldade.<\/p>\n<p class=\"maggio23\">Com este prop\u00f3sito, <strong>\u00e9 poss\u00edvel utilizar o software em duas modalidades distintas segundo o utente<\/strong>: (a) &#8220;Fam\u00edlia&#8221; e (b) &#8220;profissional&#8221;. A primeira est\u00e1 estritamente ligada \u00e0 segunda, utilizada pelo especialista, para criar mesmo uma continuidade entre os encontros individuais e as atividades dom\u00e9sticas.<\/p>\n<p class=\"maggio23\">O consumidor prim\u00e1rio do software, logo, n\u00e3o \u00e9 a crian\u00e7a\/ o jovem, mas, ao contr\u00e1rio, \u00e9 o adulto que identificou o d\u00e9ficit e usar\u00e1 o software para administrar provas de refor\u00e7o e verificar a efic\u00e1cia da assimila\u00e7\u00e3o.<\/p>\n<\/div>\n<div class=\"col-lg-6 col-md-6 col-sm-12 col-xs-12\">\n<p class=\"nome-cognome-autore\">O MENU PRINCIPAL<\/p>\n<p class=\"maggio23\">O menu principal \u00e9 o cora\u00e7\u00e3o operacional do software e \u00e9 igual em ambas as \u00e1reas (&#8220;\u00c1rea profissional&#8221; e &#8220;\u00c1rea fam\u00edlia&#8221;).<\/p>\n<p class=\"maggio23\">Apresenta tr\u00eas se\u00e7\u00f5es principais com funcionalidade diferentes: &#8220;V\u00eddeo&#8221;, &#8220;Lugares&#8221; e &#8220;Desempenho&#8221;.<\/p>\n<\/div>\n<div class=\"col-lg-6 col-md-6 col-sm-12 col-xs-12\"><img src=\"https:\/\/static.erickson.it\/ei\/SiteAssets\/Pagine\/Imparo-con-il-Videomodeling\/3.png\" \/><\/div>\n<\/div>\n<p><!-- START ROW --><\/p>\n<div class=\"row\">\n<div class=\"col-lg-6 col-md-6 col-sm-12 col-xs-12\">\n<p class=\"nome-cognome-autore\">OS V\u00cdDEOS<\/p>\n<p class=\"maggio23\">A se\u00e7\u00e3o &#8220;V\u00eddeo&#8221; \u00e9 a \u00e1rea destinada \u00e0 vis\u00e3o e \u00e0 gest\u00e3o dos v\u00eddeos para a aprendizagem. <strong>Cont\u00e9m os instrumentos de v\u00eddeo elaborados para aplicar o percurso de &#8220;modelagem&#8221; (modeling) <\/strong>e permite ao indiv\u00edduo com defici\u00eancia do crescimento de aprender por imita\u00e7\u00e3o, por meio de um processo de observa\u00e7\u00e3o repetida da correta modalidade em que deve ser cumprido um comportamento.<\/p>\n<p class=\"maggio23\"><strong>Os v\u00eddeos pr\u00e9-definidos se diferenciam por idade<\/strong>, dividida em tr\u00eas faixas target 5 anos, 9-10 anos e 15-16 anos e, tamb\u00e9m, <strong>pelo tipo de autonomia que tratam<\/strong> (pessoal, dom\u00e9stica ou social).<\/p>\n<\/div>\n<div class=\"col-lg-6 col-md-6 col-sm-12 col-xs-12\"><img src=\"https:\/\/static.erickson.it\/ei\/SiteAssets\/Pagine\/Imparo-con-il-Videomodeling\/4.png\" \/><\/div>\n<\/div>\n<p><!-- END ROW --><br \/>\n<!-- START ROW --><\/p>\n<div class=\"row\">\n<div class=\"col-lg-12 col-md-12 col-sm-12 col-xs-12\">\n<div style=\"overflow-x: auto;\">\n<table style=\"border: 1px solid #d50e15; border-collapse: collapse;\" width=\"100%\">\n<tbody>\n<tr style=\"background-color: #d50e15; color: #ffffff;\">\n<td style=\"padding: 2px; border: 1px solid #d50e15;\" width=\"9%\"><\/td>\n<td style=\"padding: 2px; border: 1px solid #d50e15;\" width=\"41%\">\n<div align=\"center\"><strong>Autonomias pessoais <\/strong><\/div>\n<\/td>\n<td style=\"padding: 2px; border: 1px solid #d50e15;\" width=\"30%\">\n<div align=\"center\"><strong>Autonomias sociais <\/strong><\/div>\n<\/td>\n<td style=\"padding: 2px; border: 1px solid #d50e15;\" width=\"20%\">\n<div align=\"center\"><strong>Autonomias dom\u00e9sticas<\/strong><\/div>\n<\/td>\n<\/tr>\n<tr>\n<td style=\"padding: 2px; border: 1px solid #d50e15; background-color: #d50e15; color: #ffffff;\">\n<div align=\"center\"><strong>5<br \/>\nanos<\/strong><\/div>\n<\/td>\n<td style=\"padding: 2px; border: 1px solid #d50e15;\">\u2022 Ir ao banheiro<br \/>\n\u2022 Lavar-se as m\u00e3os<br \/>\n\u2022 P\u00f4r os sapatos com velcro<br \/>\n\u2022 Tirar os sapatos com velcro<\/td>\n<td style=\"padding: 2px; border: 1px solid #d50e15;\">\u2022 Jogar com a bola no ch\u00e3o<\/td>\n<td style=\"padding: 2px; border: 1px solid #d50e15;\"><\/td>\n<\/tr>\n<tr>\n<td style=\"padding: 2px; border: 1px solid #d50e15; background-color: #d50e15; color: #ffffff;\">\n<div align=\"center\"><strong>9-10<br \/>\nanos<\/strong><\/div>\n<\/td>\n<td style=\"padding: 2px; border: 1px solid #d50e15;\">\u2022 Ir ao banheiro<br \/>\n\u2022 Lavar-se os dentes<br \/>\n\u2022 Lavar-se o rosto<br \/>\n\u2022 Lavar-se as m\u00e3os<br \/>\n\u2022 P\u00f4r as meias<br \/>\n\u2022 P\u00f4r o casaco com aux\u00edlio<br \/>\n\u2022 P\u00f4r os sapatos com velcro<br \/>\n\u2022 P\u00f4r os sapatos com cadar\u00e7o<br \/>\n\u2022 Arrumar a mochila<br \/>\n\u2022 Tirar o casaco<br \/>\n\u2022 Tirar os sapatos com velcro<\/td>\n<td style=\"padding: 2px; border: 1px solid #d50e15;\">\u2022 Atravessar a rua com o sem\u00e1foro<br \/>\n\u2022 Atravessar a rua nas faixas de pedestre<\/td>\n<td style=\"padding: 2px; border: 1px solid #d50e15;\">\u2022 Arrumar<br \/>\n\u2022 Arrumar a cama<br \/>\n\u2022 Usar a m\u00e1quina de lavar lou\u00e7a<\/td>\n<\/tr>\n<tr>\n<td style=\"padding: 2px; border: 1px solid #d50e15; background-color: #d50e15; color: #ffffff;\">\n<div align=\"center\"><strong>15-16<br \/>\nanos<\/strong><\/div>\n<\/td>\n<td style=\"padding: 2px; border: 1px solid #d50e15;\">\u2022 Despir-se<br \/>\n\u2022 Vestir-se<\/td>\n<td style=\"padding: 2px; border: 1px solid #d50e15;\">\u2022 Comprar pela m\u00e1quina de venda autom\u00e1tica<br \/>\n\u2022 Presentar-se<br \/>\n\u2022 Presentar-se e brincar<\/td>\n<td style=\"padding: 2px; border: 1px solid #d50e15;\"><\/td>\n<\/tr>\n<\/tbody>\n<\/table>\n<\/div>\n<\/div>\n<\/div>\n<p><!-- END ROW --><\/p>\n<p><!-- START ROW --><\/p>\n<div class=\"row\">\n<div class=\"col-lg-6 col-md-6 col-sm-12 col-xs-12\">\n<p class=\"nome-cognome-autore\">OS LUGARES<\/p>\n<p class=\"maggio23\">Nesta \u00e1rea <strong>os utentes podem colocar as fotos dos ambientes onde a crian\u00e7a vive e interage<\/strong> como, por exemplo, os dom\u00e9sticos, escolares, p\u00fablicos, e nestes podem criar liga\u00e7\u00f5es por meio de s\u00edmbolo com os v\u00eddeos.<strong> Estes v\u00eddeos reintroduzem a a\u00e7\u00e3o de atuar naquele contexto com a inten\u00e7\u00e3o de criar uma associa\u00e7\u00e3o intuitiva entre lugares e a\u00e7\u00f5es <\/strong>e permitem uma maior personaliza\u00e7\u00e3o do aplicativo.<\/p>\n<\/div>\n<div class=\"col-lg-6 col-md-6 col-sm-12 col-xs-12\"><img src=\"https:\/\/static.erickson.it\/ei\/SiteAssets\/Pagine\/Imparo-con-il-Videomodeling\/5.png\" \/><\/div>\n<\/div>\n<p><!-- START ROW --><\/p>\n<div class=\"row\">\n<div class=\"col-lg-6 col-md-6 col-sm-12 col-xs-12\">\n<p class=\"nome-cognome-autore\">O DESEMPENHO<\/p>\n<p class=\"maggio23\">A \u00e1rea &#8220;Desempenho&#8221; \u00e9 <strong>cogitada para intensificar a liga\u00e7\u00e3o entre a fam\u00edlia e o profissional, <\/strong>com o fim de garantir em ambos um feedback sobre os progressos realizados pela crian\u00e7a.<\/p>\n<p class=\"maggio23\">A se\u00e7\u00e3o est\u00e1 subdividida em duas partes: &#8220;Comunica\u00e7\u00f5es&#8221;, destinada \u00e0 troca de informa\u00e7\u00f5es entre dispositivos conectados, e &#8220;Estat\u00edsticas&#8221;, para acompanhar a aprendizagem dos comportamentos.<\/p>\n<\/div>\n<div class=\"col-lg-6 col-md-6 col-sm-12 col-xs-12\"><img src=\"https:\/\/static.erickson.it\/ei\/SiteAssets\/Pagine\/Imparo-con-il-Videomodeling\/6.png\" \/><\/div>\n<\/div>\n<p><!-- START ROW --><\/p>\n<\/div>\n<\/div>\n","protected":false},"excerpt":{"rendered":"<p>APRENDO COM O VIDEOMODELING Um novo software pensado para todos os profissionais que seguem crian\u00e7as com dist\u00farbios do espectro do autismo e as fam\u00edlias dessas crian\u00e7as. O que \u00e9 o videomodeling? O v\u00eddeomodeling \u00e9 um m\u00e9todo de ensino baseado na aprendizagem por imita\u00e7\u00e3o onde se aprende observando um modelo que no v\u00eddeo mostra a correta [&hellip;]<\/p>\n","protected":false},"author":4,"featured_media":0,"parent":0,"menu_order":0,"comment_status":"closed","ping_status":"closed","template":"page-templates\/page-landing2colonne.php","meta":[],"acf":[],"yoast_head":"<!-- This site is optimized with the Yoast SEO plugin v19.6 - https:\/\/yoast.com\/wordpress\/plugins\/seo\/ -->\n<title>APRENDO COM O VIDEOMODELING - Erickson International<\/title>\n<meta name=\"robots\" content=\"index, follow, max-snippet:-1, max-image-preview:large, max-video-preview:-1\" \/>\n<link rel=\"canonical\" href=\"https:\/\/www.erickson.international\/pt-br\/aprendo-com-o-videomodeling\/\" \/>\n<meta name=\"twitter:label1\" content=\"Est. reading time\" \/>\n\t<meta name=\"twitter:data1\" content=\"4 minutes\" \/>\n<script type=\"application\/ld+json\" class=\"yoast-schema-graph\">{\"@context\":\"https:\/\/schema.org\",\"@graph\":[{\"@type\":\"WebPage\",\"@id\":\"https:\/\/www.erickson.international\/pt-br\/aprendo-com-o-videomodeling\/\",\"url\":\"https:\/\/www.erickson.international\/pt-br\/aprendo-com-o-videomodeling\/\",\"name\":\"APRENDO COM O VIDEOMODELING - Erickson International\",\"isPartOf\":{\"@id\":\"https:\/\/www.erickson.international\/pt-br\/#website\"},\"datePublished\":\"2018-11-09T08:52:55+00:00\",\"dateModified\":\"2018-11-09T08:53:53+00:00\",\"breadcrumb\":{\"@id\":\"https:\/\/www.erickson.international\/pt-br\/aprendo-com-o-videomodeling\/#breadcrumb\"},\"inLanguage\":\"pt-BR\",\"potentialAction\":[{\"@type\":\"ReadAction\",\"target\":[\"https:\/\/www.erickson.international\/pt-br\/aprendo-com-o-videomodeling\/\"]}]},{\"@type\":\"BreadcrumbList\",\"@id\":\"https:\/\/www.erickson.international\/pt-br\/aprendo-com-o-videomodeling\/#breadcrumb\",\"itemListElement\":[{\"@type\":\"ListItem\",\"position\":1,\"name\":\"Home\",\"item\":\"https:\/\/www.erickson.international\/pt-br\/\"},{\"@type\":\"ListItem\",\"position\":2,\"name\":\"APRENDO COM O VIDEOMODELING\"}]},{\"@type\":\"WebSite\",\"@id\":\"https:\/\/www.erickson.international\/pt-br\/#website\",\"url\":\"https:\/\/www.erickson.international\/pt-br\/\",\"name\":\"Erickson International\",\"description\":\"Ideas that help\",\"potentialAction\":[{\"@type\":\"SearchAction\",\"target\":{\"@type\":\"EntryPoint\",\"urlTemplate\":\"https:\/\/www.erickson.international\/pt-br\/?s={search_term_string}\"},\"query-input\":\"required name=search_term_string\"}],\"inLanguage\":\"pt-BR\"}]}<\/script>\n<!-- \/ Yoast SEO plugin. -->","yoast_head_json":{"title":"APRENDO COM O VIDEOMODELING - Erickson International","robots":{"index":"index","follow":"follow","max-snippet":"max-snippet:-1","max-image-preview":"max-image-preview:large","max-video-preview":"max-video-preview:-1"},"canonical":"https:\/\/www.erickson.international\/pt-br\/aprendo-com-o-videomodeling\/","twitter_misc":{"Est. reading time":"4 minutes"},"schema":{"@context":"https:\/\/schema.org","@graph":[{"@type":"WebPage","@id":"https:\/\/www.erickson.international\/pt-br\/aprendo-com-o-videomodeling\/","url":"https:\/\/www.erickson.international\/pt-br\/aprendo-com-o-videomodeling\/","name":"APRENDO COM O VIDEOMODELING - Erickson International","isPartOf":{"@id":"https:\/\/www.erickson.international\/pt-br\/#website"},"datePublished":"2018-11-09T08:52:55+00:00","dateModified":"2018-11-09T08:53:53+00:00","breadcrumb":{"@id":"https:\/\/www.erickson.international\/pt-br\/aprendo-com-o-videomodeling\/#breadcrumb"},"inLanguage":"pt-BR","potentialAction":[{"@type":"ReadAction","target":["https:\/\/www.erickson.international\/pt-br\/aprendo-com-o-videomodeling\/"]}]},{"@type":"BreadcrumbList","@id":"https:\/\/www.erickson.international\/pt-br\/aprendo-com-o-videomodeling\/#breadcrumb","itemListElement":[{"@type":"ListItem","position":1,"name":"Home","item":"https:\/\/www.erickson.international\/pt-br\/"},{"@type":"ListItem","position":2,"name":"APRENDO COM O VIDEOMODELING"}]},{"@type":"WebSite","@id":"https:\/\/www.erickson.international\/pt-br\/#website","url":"https:\/\/www.erickson.international\/pt-br\/","name":"Erickson International","description":"Ideas that help","potentialAction":[{"@type":"SearchAction","target":{"@type":"EntryPoint","urlTemplate":"https:\/\/www.erickson.international\/pt-br\/?s={search_term_string}"},"query-input":"required name=search_term_string"}],"inLanguage":"pt-BR"}]}},"_links":{"self":[{"href":"https:\/\/www.erickson.international\/pt-br\/wp-json\/wp\/v2\/pages\/13042"}],"collection":[{"href":"https:\/\/www.erickson.international\/pt-br\/wp-json\/wp\/v2\/pages"}],"about":[{"href":"https:\/\/www.erickson.international\/pt-br\/wp-json\/wp\/v2\/types\/page"}],"author":[{"embeddable":true,"href":"https:\/\/www.erickson.international\/pt-br\/wp-json\/wp\/v2\/users\/4"}],"replies":[{"embeddable":true,"href":"https:\/\/www.erickson.international\/pt-br\/wp-json\/wp\/v2\/comments?post=13042"}],"version-history":[{"count":2,"href":"https:\/\/www.erickson.international\/pt-br\/wp-json\/wp\/v2\/pages\/13042\/revisions"}],"predecessor-version":[{"id":13047,"href":"https:\/\/www.erickson.international\/pt-br\/wp-json\/wp\/v2\/pages\/13042\/revisions\/13047"}],"wp:attachment":[{"href":"https:\/\/www.erickson.international\/pt-br\/wp-json\/wp\/v2\/media?parent=13042"}],"curies":[{"name":"wp","href":"https:\/\/api.w.org\/{rel}","templated":true}]}}