{"id":9554,"date":"2017-04-07T15:31:27","date_gmt":"2017-04-07T15:31:27","guid":{"rendered":"http:\/\/www.erickson.international\/en\/?page_id=9554"},"modified":"2017-05-05T12:41:54","modified_gmt":"2017-05-05T12:41:54","slug":"es-amistad-amor-sexo-hablemos-de-eso","status":"publish","type":"page","link":"https:\/\/www.erickson.international\/en\/es-amistad-amor-sexo-hablemos-de-eso\/","title":{"rendered":"ES &#8211; Amistad, amor, sexo: hablemos de eso"},"content":{"rendered":"<div class=\"col-lg-12 col-md-12 col-sm-12 listalibri landingpage\">\n<p><!-- Bollino --><\/p>\n<div class=\"col-lg-12\"><img src=\"http:\/\/www.erickson.international\/wp-content\/uploads\/2016\/03\/Focus_on_BOLLO.jpg\" alt=\"\" \/><\/div>\n<p><!-- Bollino END --><\/p>\n<p><!-- Titolo --><\/p>\n<div class=\"col-lg-12\">\n<h1 class=\"maggio23\">Amistad, amor, sexo: hablemos de eso <\/h1>\n<\/div>\n<p><!-- Titolo END --><\/p>\n<p><!-- Highlights --><\/p>\n<div class=\"col-lg-12 linea-landingpage\">\n<hr \/>\n<p><!-- START ROW --><\/p>\n<div class=\"row\">\n<div class=\"col-lg-12 col-md-12 col-sm-12 col-xs-12\">\n<p class=\"maggio23\">&nbsp;<\/p>\n<p>  <a href=\"http:\/\/www.erickson.international\/wp-content\/uploads\/2017\/04\/Amistad-amor-sexo-hablemos-de-eso_590-1046-3.pdf\" target=\"_blank\"><img src=\"http:\/\/www.erickson.international\/wp-content\/uploads\/2017\/04\/Cop_amistad.png\" alt=\"\" border=\"0\" \/><\/a><\/div>\n<div class=\"col-lg-12 col-md-12 col-sm-12 col-xs-12\">\n<p class=\"maggio23\">Producto: Libro<br \/>\nFormato: 29,7&#215;21<br \/>\nP\u00e1ginas: 110 p\u00e1ginas en colores + gu\u00eda para los educatores y los padres (12 p\u00e1ginas)<br \/>\nISBN: 9788859010463<br \/>\nFecha de publicaci\u00f3n: diciembre de 2015<br \/>\n<a href=\"http:\/\/www.erickson.international\/wp-content\/uploads\/2017\/04\/Amistad-amor-sexo-hablemos-de-eso_590-1046-3.pdf\" target=\"_blank\">Hojea unas p\u00e1ginas &raquo;<\/a>\n<\/p>\n<\/div>\n<div class=\"col-lg-12 col-md-12 col-sm-12 col-xs-12\">\n<p class=\"nome-cognome-autore\">RESUMEN:<\/p>\n<p class=\"maggio23\">Este volumen nace de la experiencia de los cursos de educaci\u00f3n para la autonom\u00eda de la Asociaci\u00f3n Italiana Personas Down (AIPD). <br \/>\nEl libro ofrece un programa educativo sobre las emociones, las relaciones y la sexualidad, y se dirige tanto a adolescentes con discapacidad intelectual como a todos los j\u00f3venes que experimentan en su cuerpo los cambios de las etapas de crecimiento y viven las primeras relaciones de amistad y de amor. Con la adolescencia, de hecho, la afectividad y la sexualidad se convierten en aspectos esenciales de sus ser, y solo entendiendo c\u00f3mo son y afrontando adecuatamente las situaciones, podr\u00e1n ponerlas en pr\u00e1tica, crecer como personas y ganar en autonom\u00eda.\n<\/p>\n<p class=\"maggio23\">\t  El volumen est\u00e1 escrito en lectura altamente comprensible y propone reflexiones, actividades y relatos que le permiten a los adolescentes aprender a:<br \/>\n\t&bull; conocerse a uno mismo<br \/>\n&bull; conocer a los dem\u00e1s<br \/>\n&bull; conocer sus propias emociones<br \/>\n&bull; conocer sus propios cuerpos<\/p>\n<p class=\"nome-cognome-autore\">CONTENIDOS:<\/p>\n<p class=\"maggio23\">&bull; C\u00f3mo son los hombres y las mujeres<br \/>\n&bull; Hacer el amor<br \/>\n&bull; Tocar y ser tocados: cu\u00e1ndo y con qui\u00e9n hacerlo<br \/>\n&bull; Amor y amistad<br \/>\n&bull; Las relaciones entre chicos y chicas<br \/>\n&bull; La pareja y el matrimonio<br \/>\n&bull; Las preguntas de B\u00e1rbara y David\n<\/p>\n<\/p><\/div>\n<\/div>\n<p><!-- button ROW --><\/p>\n<div class=\"row\">\n<div class=\"col-lg-3 col-md-1 col-sm-12 col-xs-12\">\n<\/div>\n<div align=\"center\" style=\"margin:auto\" class=\"col-lg-6 col-md-10 col-sm-12 col-xs-12\">\n<a class=\"btn communication-and-language best-selling-btn\" style=\"font-size: 14px; text-transform: uppercase; background-color:#d50e15; max-width:100%\" href=\"mailto:valeria.agliuzzo@erickson.it'\">Recibir informaciones o realizar un pedido<\/a>\n<\/div>\n<div class=\"col-lg-3 col-md-1 col-sm-12 col-xs-12\">\n<\/div>\n<\/div>\n<p><!-- end button ROW --><\/p>\n<div class=\"row\">\n<div class=\"col-lg-12 col-md-12 col-sm-12 col-xs-12\">\n<p class=\"maggio23\"><em>Amistad, amor, sexo: hablemos de eso<\/em> es el quinto volumen de la colecci\u00f3n <strong>Laboratorios para la autonom\u00eda<\/strong>. <br \/>\n  En 2013, Erickson en colaboraci\u00f3n con la Asociaci\u00f3n Italiana Personas Down (AIPD) y Anna Contardi, public\u00f3 esta colecci\u00f3n editorial, cuyos libros ofrecen materiales, actividades y ejercicios que tienen el objetivo de ense\u00f1ar las basis de la autonom\u00eda a las personas con S\u00edndrome de Down.  Los dem\u00e1s t\u00edtulos de la colecci\u00f3n son:\t<\/p>\n<\/p><\/div>\n<\/div>\n<p><!-- END ROW --><\/p>\n<p><!-- START ROW --><\/p>\n<div class=\"row\">\n<div class=\"col-lg-3 col-md-5 col-sm-8 col-xs-8\">\n<p class=\"maggio23\">&nbsp;<\/p>\n<p>  <img src=\"https:\/\/static.erickson.it\/ei\/SiteAssets\/Pagine\/Collana-Laboratori-per-le-autonomie\/Coltelli-e-fornelli.jpg\" alt=\"\" border=\"0\" \/><\/div>\n<div class=\"col-lg-9 col-md-7 col-sm-12 col-xs-12\">\n<p class=\"nome-cognome-autore\">CUCHILLOS Y HORNILLOS, recetas y consejos desde la compra hasta el plato. <\/p>\n<p class=\"maggio23\">Un <strong>recetario ilustrado<\/strong>, acompa\u00f1ado por un breve manual para los educatores y los padres, que contiene 24 recetas redactadas siguiendo criterios de \u201calta comprensibilidad\u201d y divididas en 3 secciones: primeros platos (10 recetas), segundos platos (10 recetas) y postres (4 recetas). Cada una de estas secciones est\u00e1 a su vez dividida en recetas f\u00e1ciles y recetas m\u00e1s dif\u00edciles. <\/p>\n<\/p><\/div>\n<\/div>\n<p><!-- END ROW --><\/p>\n<p><!-- START ROW --><\/p>\n<div class=\"row\">\n<div class=\"col-lg-3 col-md-5 col-sm-8 col-xs-8\">\n<p class=\"maggio23\">&nbsp;<\/p>\n<p>  <img src=\"https:\/\/static.erickson.it\/ei\/SiteAssets\/Pagine\/Collana-Laboratori-per-le-autonomie\/Da-soli-in-citta.jpg\" alt=\"\" border=\"0\" \/><\/div>\n<div class=\"col-lg-9 col-md-7 col-sm-12 col-xs-12\">\n<p class=\"nome-cognome-autore\">EN CIUDAD SIN MAM\u00c1 Y PAP\u00c1, en las calles entre orientaci\u00f3n, cruces y medios de transporte<\/p>\n<p class=\"maggio23\">Este volumen se enfoca en los aspectos relativos a <strong>las calles<\/strong> y a los <strong>desplazamientos a pie<\/strong> o con los transportes p\u00fablicos. El libro propone reflexiones y simulaciones sobre lo que hay que conocer y sobre el comportamiento que hay que seguir cuando nos movemos solos.<\/p>\n<\/p><\/div>\n<\/div>\n<p><!-- END ROW --><\/p>\n<p><!-- START ROW --><\/p>\n<div class=\"row\">\n<div class=\"col-lg-3 col-md-5 col-sm-8 col-xs-8\">\n<p class=\"maggio23\">&nbsp;<\/p>\n<p>  <img src=\"https:\/\/static.erickson.it\/ei\/SiteAssets\/Pagine\/Collana-Laboratori-per-le-autonomie\/Valigia-e-biglietto-6137-739-4.jpg\" alt=\"\" border=\"0\" \/><\/div>\n<div class=\"col-lg-9 col-md-7 col-sm-12 col-xs-12\">\n<p class=\"nome-cognome-autore\">MALETA Y BILLETE: UN VIAJE PERFECTO, consejos e instrumentos para organizar las vacaciones<\/p>\n<p class=\"maggio23\">Viajar significa ser capaces de hacer muchas cosas antes, durante y despu\u00e9s de la partida: la maleta, las reservas, la <strong>gesti\u00f3n del viaje<\/strong>, la estancia y la vuelta a casa. Gracias a los instrumentos y a los consejos de Giacomo, Laura, Moira y Nicol\u00f2, los viajadores inexpertos podr\u00e1n convertirse en verdaderos protagonistas en la organizaci\u00f3n de su propio viaje.<\/p>\n<\/p><\/div>\n<\/div>\n<p><!-- END ROW --><\/p>\n<p><!-- START ROW --><\/p>\n<div class=\"row\">\n<div class=\"col-lg-3 col-md-5 col-sm-8 col-xs-8\">\n<p class=\"maggio23\">&nbsp;<\/p>\n<p>  <img src=\"https:\/\/static.erickson.it\/ei\/SiteAssets\/Pagine\/Collana-Laboratori-per-le-autonomie\/Fare-spese-senza-sorprese-590-0046-4.jpg\" alt=\"\" border=\"0\" \/><\/div>\n<div class=\"col-lg-9 col-md-7 col-sm-12 col-xs-12\">\n<p class=\"nome-cognome-autore\">IR DE COMPRAS SIN SORPRESAS, consejos e instrumentos para aprender a gestionar el dinero<\/p>\n<p class=\"maggio23\">Un recorrido educativo para aprender a <strong>usar el dinero de manera responsable<\/strong>: conocer el dinero y reconocer las diferentes denominaciones de billetes y monedas, gestionarlo de manera responsable, d\u00f3nde gastarlo, c\u00f3mo portarse en las tiendas y c\u00f3mo ahorrar.<\/p>\n<\/p><\/div>\n<\/div>\n<p><!-- END ROW --><\/p>\n<p><!-- START ROW --><\/p>\n<div class=\"row\">\n<div class=\"col-lg-3 col-md-5 col-sm-8 col-xs-8\">\n<p class=\"maggio23\">&nbsp;<\/p>\n<p>  <img src=\"https:\/\/static.erickson.it\/ei\/SiteAssets\/Pagine\/Collana-Laboratori-per-le-autonomie\/COP_Musica-film-e-pizzeria_590-0752-4.jpg\" alt=\"\" border=\"0\" \/><\/div>\n<div class=\"col-lg-9 col-md-7 col-sm-12 col-xs-12\">\n<p class=\"nome-cognome-autore\">M\u00daSICA, PELI Y PIZZER\u00cdA: DIVERTIRSE EN COMPA\u00d1\u00cdA, ideas y consejos para aprender a gestionar el tiempo libre<\/p>\n<p class=\"maggio23\">Gracias a los consejos de Ginevra, Edoardo, Camilla y Lorenzo, los chicos podr\u00e1n aprender, paso a paso, a organizar una salida con los amigos y a encontrar a sus compa\u00f1eros para experimentar cosas nuevas, compartir los intereses e <strong>instaurar relaciones de amistad<\/strong>. <\/p>\n<\/div>\n<\/div>\n<p><!-- END ROW --><\/p>\n<\/div>\n<\/div>\n","protected":false},"excerpt":{"rendered":"<p>Amistad, amor, sexo: hablemos de eso &nbsp; Producto: Libro Formato: 29,7&#215;21 P\u00e1ginas: 110 p\u00e1ginas en colores + gu\u00eda para los educatores y los padres (12 p\u00e1ginas) ISBN: 9788859010463 Fecha de publicaci\u00f3n: diciembre de 2015 Hojea unas p\u00e1ginas &raquo; RESUMEN: Este volumen nace de la experiencia de los cursos de educaci\u00f3n para la autonom\u00eda de la [&hellip;]<\/p>\n","protected":false},"author":4,"featured_media":0,"parent":0,"menu_order":0,"comment_status":"closed","ping_status":"closed","template":"page-templates\/page-landing2colonne.php","meta":[],"acf":[],"yoast_head":"<!-- This site is optimized with the Yoast SEO plugin v19.6 - https:\/\/yoast.com\/wordpress\/plugins\/seo\/ -->\n<title>ES - Amistad, amor, sexo: hablemos de eso - Erickson International<\/title>\n<meta name=\"robots\" content=\"index, follow, max-snippet:-1, max-image-preview:large, max-video-preview:-1\" \/>\n<link rel=\"canonical\" href=\"https:\/\/www.erickson.international\/en\/es-amistad-amor-sexo-hablemos-de-eso\/\" \/>\n<meta name=\"twitter:label1\" content=\"Est. reading time\" \/>\n\t<meta name=\"twitter:data1\" content=\"3 minutes\" \/>\n<script type=\"application\/ld+json\" class=\"yoast-schema-graph\">{\"@context\":\"https:\/\/schema.org\",\"@graph\":[{\"@type\":\"WebPage\",\"@id\":\"https:\/\/www.erickson.international\/en\/es-amistad-amor-sexo-hablemos-de-eso\/\",\"url\":\"https:\/\/www.erickson.international\/en\/es-amistad-amor-sexo-hablemos-de-eso\/\",\"name\":\"ES - Amistad, amor, sexo: hablemos de eso - Erickson International\",\"isPartOf\":{\"@id\":\"https:\/\/www.erickson.international\/pt-br\/#website\"},\"datePublished\":\"2017-04-07T15:31:27+00:00\",\"dateModified\":\"2017-05-05T12:41:54+00:00\",\"breadcrumb\":{\"@id\":\"https:\/\/www.erickson.international\/en\/es-amistad-amor-sexo-hablemos-de-eso\/#breadcrumb\"},\"inLanguage\":\"en-US\",\"potentialAction\":[{\"@type\":\"ReadAction\",\"target\":[\"https:\/\/www.erickson.international\/en\/es-amistad-amor-sexo-hablemos-de-eso\/\"]}]},{\"@type\":\"BreadcrumbList\",\"@id\":\"https:\/\/www.erickson.international\/en\/es-amistad-amor-sexo-hablemos-de-eso\/#breadcrumb\",\"itemListElement\":[{\"@type\":\"ListItem\",\"position\":1,\"name\":\"Home\",\"item\":\"https:\/\/www.erickson.international\/en\/\"},{\"@type\":\"ListItem\",\"position\":2,\"name\":\"ES &#8211; Amistad, amor, sexo: hablemos de eso\"}]},{\"@type\":\"WebSite\",\"@id\":\"https:\/\/www.erickson.international\/pt-br\/#website\",\"url\":\"https:\/\/www.erickson.international\/pt-br\/\",\"name\":\"Erickson International\",\"description\":\"Ideas that help\",\"potentialAction\":[{\"@type\":\"SearchAction\",\"target\":{\"@type\":\"EntryPoint\",\"urlTemplate\":\"https:\/\/www.erickson.international\/pt-br\/?s={search_term_string}\"},\"query-input\":\"required name=search_term_string\"}],\"inLanguage\":\"en-US\"}]}<\/script>\n<!-- \/ Yoast SEO plugin. -->","yoast_head_json":{"title":"ES - Amistad, amor, sexo: hablemos de eso - Erickson International","robots":{"index":"index","follow":"follow","max-snippet":"max-snippet:-1","max-image-preview":"max-image-preview:large","max-video-preview":"max-video-preview:-1"},"canonical":"https:\/\/www.erickson.international\/en\/es-amistad-amor-sexo-hablemos-de-eso\/","twitter_misc":{"Est. reading time":"3 minutes"},"schema":{"@context":"https:\/\/schema.org","@graph":[{"@type":"WebPage","@id":"https:\/\/www.erickson.international\/en\/es-amistad-amor-sexo-hablemos-de-eso\/","url":"https:\/\/www.erickson.international\/en\/es-amistad-amor-sexo-hablemos-de-eso\/","name":"ES - Amistad, amor, sexo: hablemos de eso - Erickson International","isPartOf":{"@id":"https:\/\/www.erickson.international\/pt-br\/#website"},"datePublished":"2017-04-07T15:31:27+00:00","dateModified":"2017-05-05T12:41:54+00:00","breadcrumb":{"@id":"https:\/\/www.erickson.international\/en\/es-amistad-amor-sexo-hablemos-de-eso\/#breadcrumb"},"inLanguage":"en-US","potentialAction":[{"@type":"ReadAction","target":["https:\/\/www.erickson.international\/en\/es-amistad-amor-sexo-hablemos-de-eso\/"]}]},{"@type":"BreadcrumbList","@id":"https:\/\/www.erickson.international\/en\/es-amistad-amor-sexo-hablemos-de-eso\/#breadcrumb","itemListElement":[{"@type":"ListItem","position":1,"name":"Home","item":"https:\/\/www.erickson.international\/en\/"},{"@type":"ListItem","position":2,"name":"ES &#8211; Amistad, amor, sexo: hablemos de eso"}]},{"@type":"WebSite","@id":"https:\/\/www.erickson.international\/pt-br\/#website","url":"https:\/\/www.erickson.international\/pt-br\/","name":"Erickson International","description":"Ideas that help","potentialAction":[{"@type":"SearchAction","target":{"@type":"EntryPoint","urlTemplate":"https:\/\/www.erickson.international\/pt-br\/?s={search_term_string}"},"query-input":"required name=search_term_string"}],"inLanguage":"en-US"}]}},"_links":{"self":[{"href":"https:\/\/www.erickson.international\/en\/wp-json\/wp\/v2\/pages\/9554"}],"collection":[{"href":"https:\/\/www.erickson.international\/en\/wp-json\/wp\/v2\/pages"}],"about":[{"href":"https:\/\/www.erickson.international\/en\/wp-json\/wp\/v2\/types\/page"}],"author":[{"embeddable":true,"href":"https:\/\/www.erickson.international\/en\/wp-json\/wp\/v2\/users\/4"}],"replies":[{"embeddable":true,"href":"https:\/\/www.erickson.international\/en\/wp-json\/wp\/v2\/comments?post=9554"}],"version-history":[{"count":11,"href":"https:\/\/www.erickson.international\/en\/wp-json\/wp\/v2\/pages\/9554\/revisions"}],"predecessor-version":[{"id":9673,"href":"https:\/\/www.erickson.international\/en\/wp-json\/wp\/v2\/pages\/9554\/revisions\/9673"}],"wp:attachment":[{"href":"https:\/\/www.erickson.international\/en\/wp-json\/wp\/v2\/media?parent=9554"}],"curies":[{"name":"wp","href":"https:\/\/api.w.org\/{rel}","templated":true}]}}