{"id":23207,"date":"2023-01-03T13:51:17","date_gmt":"2023-01-03T13:51:17","guid":{"rendered":"https:\/\/www.erickson.international\/en\/?page_id=23207"},"modified":"2025-05-16T11:26:11","modified_gmt":"2025-05-16T11:26:11","slug":"you-are-memory","status":"publish","type":"page","link":"https:\/\/www.erickson.international\/en\/you-are-memory\/","title":{"rendered":"You are memory"},"content":{"rendered":"<div class=\"landingpage\">\n<!-- Bollino --><\/p>\n<div class=\"col-lg-12\"><img src=\"http:\/\/www.erickson.international\/wp-content\/uploads\/2016\/03\/Focus_on_BOLLO.jpg\" alt=\"\"><\/div>\n<p><!-- Bollino END --><br \/>\n<!-- Titolo --><\/p>\n<div class=\"col-lg-12\">\n<h1 class=\"maggio23\">You are memory<\/h1>\n<p class=\"maggio23\"><strong>Memorial didactics: lessons on Judaism and the Shoah in primary school<\/strong><\/p>\n<\/div>\n<p><!-- Titolo END --><br \/>\n<!-- Highlights --><\/p>\n<div class=\"col-lg-12 linea-landingpage\">\n<hr>\n<p><!-- START ROW --><\/p>\n<div class=\"row\">\n<div class=\"col-lg-12 col-md-12 col-sm-12 col-xs-12\"><img src=\"https:\/\/www.erickson.international\/wp-content\/uploads\/2023\/01\/BASE_1000_tu_sei_memoria.jpg\" border=\"0\" class=\"img-responsive\"><\/div>\n<div class=\"col-lg-12 col-md-12 col-sm-12 col-xs-12\">\n<p class=\"maggio23\">&nbsp;<\/p>\n<p class=\"maggio23\" style=\"text-align: center;\"><em>\u00ab For didactic memory it is necessary to contextualize the Holocaust within a continuous path, understanding that that precise moment, so often depicted in books and movies, is the terminal point of a journey of hate, propaganda, violence and racist politics. \u00bb<\/em> &#8211; (Matteo Corradini)<\/p>\n<\/div>\n<\/div>\n<p><!-- END ROW --><\/p>\n<p><!-- START ROW --><\/p>\n<div class=\"row\">\n<div class=\"col-lg-12 col-md-12 col-sm-12 col-xs-12\">\n<p class=\"nome-cognome-autore\" style=\"text-transform: uppercase\">The volume<\/p>\n<p style=\"maggio23\">The book offers a <strong>journey of discovery of memory<\/strong> divided into <strong>5 stages and 20 activities<\/strong> complete with <strong>theoretical and practical tools to talk about memory and the Shoah in primary school<\/strong>. <strong>It offers methodological indications<\/strong>, stimulating the personal openness of teachers towards these topics, and <strong>numerous operational proposals <\/strong>to involve the classes in interesting practical paths.<\/p>\n<\/div>\n<\/div>\n<p><!-- END ROW --><\/p>\n<p><!-- START ROW  --><\/p>\n<div class=\"row\">\n<div class=\"col-lg-12 col-md-12 col-sm-12 col-xs-12\">\n<p class=\"nome-cognome-autore\" style=\"text-transform: uppercase\">Targets<\/p>\n<p style=\"maggio23\">The activities proposed in this<strong> memory teaching manual<\/strong> are designed for <strong>students to have meaningful and formative experiences, and for their &#8220;remembrance&#8221; to be sensible and engaging.<\/strong><\/p>\n<p style=\"maggio23\">Each stage of the process corresponds to general objectives, just as each single activity has specific objectives. The course is designed to <strong>train the teachers themselves<\/strong> and all those who wish to accompany students in an authentic and profound educational relationship.<\/p>\n<p class=\"maggio23\"><a href=\"https:\/\/www.erickson.international\/en\/catalogue\/historygeographyscience\/history-geography\/you-are-memory\/\">Find out more! <\/a><\/p>\n<\/div>\n<\/div>\n<p><!-- END ROW --><\/p>\n<p><!-- START ROW --><\/p>\n<div class=\"row\">\n<div class=\"col-lg-12 col-md-12 col-sm-12 col-xs-12\">\n<p class=\"nome-cognome-autore\" style=\"text-transform: uppercase\">Volume structure<\/p>\n<p style=\"maggio23\">The course is <strong>divided into 5 stages<\/strong>. Each stage contains various <strong>proposals for further study, research, expression, and workshops: <\/strong>from the exploration of Jewish culture to the mechanisms of prejudice and marginalization implemented by the Nazi and fascist regimes, up to the start and completion of the extermination of millions of people.&nbsp; At the end of the course, another <strong>20 independent activities<\/strong>, to be included in a broader framework.<\/p>\n<p style=\"maggio23\"><strong>The volume offers:<\/strong><\/p>\n<\/div>\n<div class=\"col-lg-6 col-md-6 col-sm-12 col-xs-12\">\n\t\t<img src=\"https:\/\/www.erickson.international\/wp-content\/uploads\/2023\/01\/BASE_1000_2_Tu_sei_memoria.jpg\" border=\"0\" class=\"img-responsive\"><\/p>\n<p style=\"maggio23\">The description of the <strong>method <\/strong>and <strong>programme <\/strong>proposed by the author for teaching the memory of the Holocaust.<\/p>\n<\/div>\n<div class=\"col-lg-6 col-md-6 col-sm-12 col-xs-12\">\n\t\t<img src=\"https:\/\/www.erickson.international\/wp-content\/uploads\/2023\/01\/BASE_1000_3_Tu_sei_memoria.jpg\" border=\"0\" class=\"img-responsive\"><\/p>\n<p style=\"maggio23\">Reflections on the <strong>meaning <\/strong>and <strong>value <\/strong>of memory with the aim of helping us to become memories of the past ourselves.<\/p>\n<\/div>\n<div class=\"col-lg-612 col-md-12 col-sm-12 col-xs-12\">\n\t\t<img src=\"https:\/\/www.erickson.international\/wp-content\/uploads\/2023\/01\/BASE_1000_4_Tu_sei_memoria.jpg\" border=\"0\" class=\"img-responsive\"><\/p>\n<p style=\"maggio23\">A section with <strong>20 activities<\/strong> to be proposed in class to talk about:<\/p>\n<ul style=\"maggio23\">\n<li>Jewish identity and culture<\/li>\n<li>persecutions and prejudices<\/li>\n<li>the first phase of extermination<\/li>\n<li>the years following the Shoah<\/li>\n<\/ul>\n<\/div>\n<\/div>\n<p><!-- END ROW --><\/p>\n<p><!-- START ROW  --><\/p>\n<div class=\"row\">\n<div class=\"col-lg-12 col-md-12 col-sm-12 col-xs-12\">\n<p class=\"maggio23\"><strong>Leaf through some selected pages from the book that have been translated into English to facilitate your evaluation:<\/strong><\/p>\n<div style=\"position:relative;padding-top:max(60%,326px);height:0;width:100%\"><iframe sandbox=\"allow-top-navigation allow-top-navigation-by-user-activation allow-downloads allow-scripts allow-same-origin allow-popups allow-modals allow-popups-to-escape-sandbox\" allowfullscreen=\"true\" style=\"position:absolute;border:none;width:100%;height:100%;left:0;right:0;top:0;bottom:0;\" src=\"https:\/\/e.issuu.com\/embed.html?backgroundColor=%232C9385&amp;backgroundColorFullscreen=%232C9385&amp;d=you_are_memory&amp;hideIssuuLogo=true&amp;hideShareButton=true&amp;u=edizionierickson\"><\/iframe><\/div>\n<\/div>\n<\/div>\n<p><!-- END ROW --><\/p>\n<p><!-- START ROW --><\/p>\n<div class=\"row\">\n<div class=\"col-lg-12 col-md-12 col-sm-12 col-xs-12\">\n<p class=\"nome-cognome-autore\">THE AUTHORS<\/p>\n<p class=\"maggio23\"><strong>Matteo Corradini<\/strong> is a Hebraist and a writer. He prepares musical readings, theatrical productions, and memorial teaching projects. A recipient of the Andersen Award 2018, he is one of the curators of the \u2018writer city festival\u2019 (Cuneo). Since 2003 he has been researching the Terez\u00edn ghetto, recovering stories, objects and musical instruments, and is one of the founders of the Institut terez\u00ednsk\u00fdch skladatel\u016f (Terez\u00edn Composers Institute) in Prague.<\/p>\n<\/div>\n<\/div>\n<p><!-- END ROW --><\/p>\n<p><!-- START ROW --><\/p>\n<div class=\"row\" style=\"background-color:#F2F3F7\">\n<div class=\"col-lg-12 col-md-12 col-sm-12 col-xs-12\" align=\"center\" style=\"background-color:#F2F3F7\">\n<p class=\"maggio23\" align=\"center\">&nbsp;<\/p>\n<p class=\"maggio23\" align=\"center\"><strong>Discover the volume for<\/strong> <a href=\"https:\/\/www.erickson.international\/en\/we-are-memory\/\"><strong>LOWER SECONDARY SCHOOL<\/strong><\/a><\/p>\n<div align=\"center\" class=\"col-lg-12 col-md-12 col-sm-12 col-xs-12\" style=\"background-color:#F2F3F7\"><a href=\"https:\/\/www.erickson.international\/en\/we-are-memory\/\"><img src=\"https:\/\/www.erickson.international\/wp-content\/uploads\/2025\/01\/BASE_1000_Noi_siamo_memoria_CTA-1.jpg\" border=\"0\" style=\"max-width:600px\" width=\"600px\"><\/a><\/div>\n<p align=\"center\" class=\"maggio23\">&nbsp;<\/p>\n<\/div>\n<\/div>\n<p><!-- END ROW --><\/p>\n<\/div>\n<\/div>\n","protected":false},"excerpt":{"rendered":"<p>You are memory Memorial didactics: lessons on Judaism and the Shoah in primary school &nbsp; \u00ab For didactic memory it is necessary to contextualize the Holocaust within a continuous path, understanding that that precise moment, so often depicted in books and movies, is the terminal point of a journey of hate, propaganda, violence and racist [&hellip;]<\/p>\n","protected":false},"author":4,"featured_media":0,"parent":0,"menu_order":0,"comment_status":"closed","ping_status":"closed","template":"page-templates\/page-landing2colonne.php","meta":[],"acf":[],"yoast_head":"<!-- This site is optimized with the Yoast SEO plugin v19.6 - https:\/\/yoast.com\/wordpress\/plugins\/seo\/ -->\n<title>You are memory - Erickson International<\/title>\n<meta name=\"robots\" content=\"index, follow, max-snippet:-1, max-image-preview:large, max-video-preview:-1\" \/>\n<link rel=\"canonical\" href=\"https:\/\/www.erickson.international\/en\/you-are-memory\/\" \/>\n<meta name=\"twitter:label1\" content=\"Est. reading time\" \/>\n\t<meta name=\"twitter:data1\" content=\"4 minutes\" \/>\n<script type=\"application\/ld+json\" class=\"yoast-schema-graph\">{\"@context\":\"https:\/\/schema.org\",\"@graph\":[{\"@type\":\"WebPage\",\"@id\":\"https:\/\/www.erickson.international\/en\/you-are-memory\/\",\"url\":\"https:\/\/www.erickson.international\/en\/you-are-memory\/\",\"name\":\"You are memory - Erickson International\",\"isPartOf\":{\"@id\":\"https:\/\/www.erickson.international\/pt-br\/#website\"},\"datePublished\":\"2023-01-03T13:51:17+00:00\",\"dateModified\":\"2025-05-16T11:26:11+00:00\",\"breadcrumb\":{\"@id\":\"https:\/\/www.erickson.international\/en\/you-are-memory\/#breadcrumb\"},\"inLanguage\":\"en-US\",\"potentialAction\":[{\"@type\":\"ReadAction\",\"target\":[\"https:\/\/www.erickson.international\/en\/you-are-memory\/\"]}]},{\"@type\":\"BreadcrumbList\",\"@id\":\"https:\/\/www.erickson.international\/en\/you-are-memory\/#breadcrumb\",\"itemListElement\":[{\"@type\":\"ListItem\",\"position\":1,\"name\":\"Home\",\"item\":\"https:\/\/www.erickson.international\/en\/\"},{\"@type\":\"ListItem\",\"position\":2,\"name\":\"You are memory\"}]},{\"@type\":\"WebSite\",\"@id\":\"https:\/\/www.erickson.international\/pt-br\/#website\",\"url\":\"https:\/\/www.erickson.international\/pt-br\/\",\"name\":\"Erickson International\",\"description\":\"Ideas that help\",\"potentialAction\":[{\"@type\":\"SearchAction\",\"target\":{\"@type\":\"EntryPoint\",\"urlTemplate\":\"https:\/\/www.erickson.international\/pt-br\/?s={search_term_string}\"},\"query-input\":\"required name=search_term_string\"}],\"inLanguage\":\"en-US\"}]}<\/script>\n<!-- \/ Yoast SEO plugin. -->","yoast_head_json":{"title":"You are memory - Erickson International","robots":{"index":"index","follow":"follow","max-snippet":"max-snippet:-1","max-image-preview":"max-image-preview:large","max-video-preview":"max-video-preview:-1"},"canonical":"https:\/\/www.erickson.international\/en\/you-are-memory\/","twitter_misc":{"Est. reading time":"4 minutes"},"schema":{"@context":"https:\/\/schema.org","@graph":[{"@type":"WebPage","@id":"https:\/\/www.erickson.international\/en\/you-are-memory\/","url":"https:\/\/www.erickson.international\/en\/you-are-memory\/","name":"You are memory - Erickson International","isPartOf":{"@id":"https:\/\/www.erickson.international\/pt-br\/#website"},"datePublished":"2023-01-03T13:51:17+00:00","dateModified":"2025-05-16T11:26:11+00:00","breadcrumb":{"@id":"https:\/\/www.erickson.international\/en\/you-are-memory\/#breadcrumb"},"inLanguage":"en-US","potentialAction":[{"@type":"ReadAction","target":["https:\/\/www.erickson.international\/en\/you-are-memory\/"]}]},{"@type":"BreadcrumbList","@id":"https:\/\/www.erickson.international\/en\/you-are-memory\/#breadcrumb","itemListElement":[{"@type":"ListItem","position":1,"name":"Home","item":"https:\/\/www.erickson.international\/en\/"},{"@type":"ListItem","position":2,"name":"You are memory"}]},{"@type":"WebSite","@id":"https:\/\/www.erickson.international\/pt-br\/#website","url":"https:\/\/www.erickson.international\/pt-br\/","name":"Erickson International","description":"Ideas that help","potentialAction":[{"@type":"SearchAction","target":{"@type":"EntryPoint","urlTemplate":"https:\/\/www.erickson.international\/pt-br\/?s={search_term_string}"},"query-input":"required name=search_term_string"}],"inLanguage":"en-US"}]}},"_links":{"self":[{"href":"https:\/\/www.erickson.international\/en\/wp-json\/wp\/v2\/pages\/23207"}],"collection":[{"href":"https:\/\/www.erickson.international\/en\/wp-json\/wp\/v2\/pages"}],"about":[{"href":"https:\/\/www.erickson.international\/en\/wp-json\/wp\/v2\/types\/page"}],"author":[{"embeddable":true,"href":"https:\/\/www.erickson.international\/en\/wp-json\/wp\/v2\/users\/4"}],"replies":[{"embeddable":true,"href":"https:\/\/www.erickson.international\/en\/wp-json\/wp\/v2\/comments?post=23207"}],"version-history":[{"count":10,"href":"https:\/\/www.erickson.international\/en\/wp-json\/wp\/v2\/pages\/23207\/revisions"}],"predecessor-version":[{"id":29377,"href":"https:\/\/www.erickson.international\/en\/wp-json\/wp\/v2\/pages\/23207\/revisions\/29377"}],"wp:attachment":[{"href":"https:\/\/www.erickson.international\/en\/wp-json\/wp\/v2\/media?parent=23207"}],"curies":[{"name":"wp","href":"https:\/\/api.w.org\/{rel}","templated":true}]}}